{"id":7882,"date":"2020-07-02T18:16:24","date_gmt":"2020-07-02T14:16:24","guid":{"rendered":"https:\/\/rendezvousdubai.com\/?post_type=product&#038;p=7882"},"modified":"2025-08-30T17:56:35","modified_gmt":"2025-08-30T13:56:35","slug":"yacht-majesty-60ft","status":"publish","type":"product","link":"https:\/\/rendezvous-dubai.com\/fr\/produit\/yacht-majesty-60ft\/","title":{"rendered":"60 FT YACHT MAJESTY 25P"},"content":{"rendered":"<p>Les espaces spacieux sont nombreux sur la terrasse ensoleill\u00e9e permetant de profiter de toutes les superbes vues et monuments tout au long de votre croisi\u00e8re. Capacit\u00e9 d&#8217;accueil jusqu&#8217;\u00e0 32 personnes dans un pur confort.<\/p>\n","protected":false},"excerpt":{"rendered":"<p>Les espaces spacieux sont nombreux sur la terrasse ensoleill\u00e9e permetant de profiter de toutes les superbes vues et monuments tout au long de votre croisi\u00e8re. Capacit\u00e9 d&#8217;accueil jusqu&#8217;\u00e0 32 personnes dans un pur confort.<\/p>\n","protected":false},"featured_media":7898,"comment_status":"open","ping_status":"closed","template":"","meta":{"_joinchat":{"message_send":"*Hello {SITE} !*\nI need more information about the {PRODUCT}..."}},"product_brand":[],"product_cat":[336],"product_tag":[214,338,340,337,339,313],"class_list":{"0":"post-7882","1":"product","2":"type-product","3":"status-publish","4":"has-post-thumbnail","6":"product_cat-yachts","7":"product_tag-atlantis-fr","8":"product_tag-barbecue-fr","9":"product_tag-cruise-fr","10":"product_tag-dubai-yacht-fr","11":"product_tag-marina-fr","12":"product_tag-palm-jumeirah-fr","13":"holiday_type-children","14":"holiday_type-discovery","15":"holiday_type-family","16":"holiday_type-guided-tours","17":"holiday_type-short-breaks","18":"destination-uae","19":"activity_level-challenging","21":"first","22":"instock","23":"virtual","24":"sold-individually","25":"purchasable","26":"product-type-booking"},"yoast_head":"<!-- This site is optimized with the Yoast SEO plugin v25.8 - https:\/\/yoast.com\/wordpress\/plugins\/seo\/ -->\n<title>Book Now | 60 FT YACHT MAJESTY 25P - RENDEZVOUS DUBAI<\/title>\n<meta name=\"description\" content=\"Les espaces spacieux sont nombreux sur la terrasse ensoleill\u00e9e permetant de profiter de toutes les superbes vues et monuments tout au long de votre croisi\u00e8re. Capacit\u00e9 d&#039;accueil jusqu&#039;\u00e0 32 personnes dans un pur confort.\" \/>\n<meta name=\"robots\" content=\"index, follow, max-snippet:-1, max-image-preview:large, max-video-preview:-1\" \/>\n<link rel=\"canonical\" href=\"https:\/\/rendezvous-dubai.com\/fr\/produit\/yacht-majesty-60ft\/\" \/>\n<meta property=\"og:locale\" content=\"fr_FR\" \/>\n<meta property=\"og:type\" content=\"article\" \/>\n<meta property=\"og:title\" content=\"Book Now | 60 FT YACHT MAJESTY 25P - RENDEZVOUS DUBAI\" \/>\n<meta property=\"og:description\" content=\"Les espaces spacieux sont nombreux sur la terrasse ensoleill\u00e9e permetant de profiter de toutes les superbes vues et monuments tout au long de votre croisi\u00e8re. Capacit\u00e9 d&#039;accueil jusqu&#039;\u00e0 32 personnes dans un pur confort.\" \/>\n<meta property=\"og:url\" content=\"https:\/\/rendezvous-dubai.com\/fr\/produit\/yacht-majesty-60ft\/\" \/>\n<meta property=\"og:site_name\" content=\"RENDEZVOUS DUBAI\" \/>\n<meta property=\"article:publisher\" content=\"https:\/\/www.facebook.com\/rendezvousdubai\" \/>\n<meta property=\"article:modified_time\" content=\"2025-08-30T13:56:35+00:00\" \/>\n<meta property=\"og:image\" content=\"https:\/\/rendezvous-dubai.com\/wp-content\/uploads\/2020\/07\/a6892160-0833-428d-be4a-516a0ab6c18a.jpg\" \/>\n\t<meta property=\"og:image:width\" content=\"800\" \/>\n\t<meta property=\"og:image:height\" content=\"533\" \/>\n\t<meta property=\"og:image:type\" content=\"image\/jpeg\" \/>\n<meta name=\"twitter:card\" content=\"summary_large_image\" \/>\n<meta name=\"twitter:label1\" content=\"Est. reading time\" \/>\n\t<meta name=\"twitter:data1\" content=\"1 minute\" \/>\n<script type=\"application\/ld+json\" class=\"yoast-schema-graph\">{\"@context\":\"https:\/\/schema.org\",\"@graph\":[{\"@type\":\"WebPage\",\"@id\":\"https:\/\/rendezvous-dubai.com\/fr\/produit\/yacht-majesty-60ft\/\",\"url\":\"https:\/\/rendezvous-dubai.com\/fr\/produit\/yacht-majesty-60ft\/\",\"name\":\"Book Now | 60 FT YACHT MAJESTY 25P - RENDEZVOUS DUBAI\",\"isPartOf\":{\"@id\":\"https:\/\/rendezvous-dubai.com\/fr\/#website\"},\"primaryImageOfPage\":{\"@id\":\"https:\/\/rendezvous-dubai.com\/fr\/produit\/yacht-majesty-60ft\/#primaryimage\"},\"image\":{\"@id\":\"https:\/\/rendezvous-dubai.com\/fr\/produit\/yacht-majesty-60ft\/#primaryimage\"},\"thumbnailUrl\":\"https:\/\/rendezvous-dubai.com\/wp-content\/uploads\/2020\/07\/a6892160-0833-428d-be4a-516a0ab6c18a.jpg\",\"datePublished\":\"2020-07-02T14:16:24+00:00\",\"dateModified\":\"2025-08-30T13:56:35+00:00\",\"description\":\"Les espaces spacieux sont nombreux sur la terrasse ensoleill\u00e9e permetant de profiter de toutes les superbes vues et monuments tout au long de votre croisi\u00e8re. Capacit\u00e9 d'accueil jusqu'\u00e0 32 personnes dans un pur confort.\",\"breadcrumb\":{\"@id\":\"https:\/\/rendezvous-dubai.com\/fr\/produit\/yacht-majesty-60ft\/#breadcrumb\"},\"inLanguage\":\"fr-FR\",\"potentialAction\":[{\"@type\":\"ReadAction\",\"target\":[\"https:\/\/rendezvous-dubai.com\/fr\/produit\/yacht-majesty-60ft\/\"]}]},{\"@type\":\"ImageObject\",\"inLanguage\":\"fr-FR\",\"@id\":\"https:\/\/rendezvous-dubai.com\/fr\/produit\/yacht-majesty-60ft\/#primaryimage\",\"url\":\"https:\/\/rendezvous-dubai.com\/wp-content\/uploads\/2020\/07\/a6892160-0833-428d-be4a-516a0ab6c18a.jpg\",\"contentUrl\":\"https:\/\/rendezvous-dubai.com\/wp-content\/uploads\/2020\/07\/a6892160-0833-428d-be4a-516a0ab6c18a.jpg\",\"width\":800,\"height\":533,\"caption\":\"60 FT YACHT MAJESTY 25 PERS\"},{\"@type\":\"BreadcrumbList\",\"@id\":\"https:\/\/rendezvous-dubai.com\/fr\/produit\/yacht-majesty-60ft\/#breadcrumb\",\"itemListElement\":[{\"@type\":\"ListItem\",\"position\":1,\"name\":\"Home\",\"item\":\"https:\/\/rendezvous-dubai.com\/fr\/\"},{\"@type\":\"ListItem\",\"position\":2,\"name\":\"Shop\",\"item\":\"https:\/\/rendezvous-dubai.com\/shop\/\"},{\"@type\":\"ListItem\",\"position\":3,\"name\":\"60 FT YACHT MAJESTY 25P\"}]},{\"@type\":\"WebSite\",\"@id\":\"https:\/\/rendezvous-dubai.com\/fr\/#website\",\"url\":\"https:\/\/rendezvous-dubai.com\/fr\/\",\"name\":\"RENDEZVOUS DUBAI\",\"description\":\"Your Event Organizer\",\"publisher\":{\"@id\":\"https:\/\/rendezvous-dubai.com\/fr\/#organization\"},\"potentialAction\":[{\"@type\":\"SearchAction\",\"target\":{\"@type\":\"EntryPoint\",\"urlTemplate\":\"https:\/\/rendezvous-dubai.com\/fr\/?s={search_term_string}\"},\"query-input\":{\"@type\":\"PropertyValueSpecification\",\"valueRequired\":true,\"valueName\":\"search_term_string\"}}],\"inLanguage\":\"fr-FR\"},{\"@type\":\"Organization\",\"@id\":\"https:\/\/rendezvous-dubai.com\/fr\/#organization\",\"name\":\"RENDEZVOUS DUBAI\",\"url\":\"https:\/\/rendezvous-dubai.com\/fr\/\",\"logo\":{\"@type\":\"ImageObject\",\"inLanguage\":\"fr-FR\",\"@id\":\"https:\/\/rendezvous-dubai.com\/fr\/#\/schema\/logo\/image\/\",\"url\":\"https:\/\/i0.wp.com\/rendezvous-dubai.com\/wp-content\/uploads\/2020\/05\/Logo-RDV-Dubai.png?fit=1426%2C1422&ssl=1\",\"contentUrl\":\"https:\/\/i0.wp.com\/rendezvous-dubai.com\/wp-content\/uploads\/2020\/05\/Logo-RDV-Dubai.png?fit=1426%2C1422&ssl=1\",\"width\":1426,\"height\":1422,\"caption\":\"RENDEZVOUS DUBAI\"},\"image\":{\"@id\":\"https:\/\/rendezvous-dubai.com\/fr\/#\/schema\/logo\/image\/\"},\"sameAs\":[\"https:\/\/www.facebook.com\/rendezvousdubai\",\"https:\/\/www.instagram.com\/rendezvousdubai\/\",\"https:\/\/www.youtube.com\/@rendezvousdubai\"]}]}<\/script>\n<!-- \/ Yoast SEO plugin. -->","yoast_head_json":{"title":"Book Now | 60 FT YACHT MAJESTY 25P - RENDEZVOUS DUBAI","description":"Les espaces spacieux sont nombreux sur la terrasse ensoleill\u00e9e permetant de profiter de toutes les superbes vues et monuments tout au long de votre croisi\u00e8re. Capacit\u00e9 d'accueil jusqu'\u00e0 32 personnes dans un pur confort.","robots":{"index":"index","follow":"follow","max-snippet":"max-snippet:-1","max-image-preview":"max-image-preview:large","max-video-preview":"max-video-preview:-1"},"canonical":"https:\/\/rendezvous-dubai.com\/fr\/produit\/yacht-majesty-60ft\/","og_locale":"fr_FR","og_type":"article","og_title":"Book Now | 60 FT YACHT MAJESTY 25P - RENDEZVOUS DUBAI","og_description":"Les espaces spacieux sont nombreux sur la terrasse ensoleill\u00e9e permetant de profiter de toutes les superbes vues et monuments tout au long de votre croisi\u00e8re. Capacit\u00e9 d'accueil jusqu'\u00e0 32 personnes dans un pur confort.","og_url":"https:\/\/rendezvous-dubai.com\/fr\/produit\/yacht-majesty-60ft\/","og_site_name":"RENDEZVOUS DUBAI","article_publisher":"https:\/\/www.facebook.com\/rendezvousdubai","article_modified_time":"2025-08-30T13:56:35+00:00","og_image":[{"width":800,"height":533,"url":"https:\/\/rendezvous-dubai.com\/wp-content\/uploads\/2020\/07\/a6892160-0833-428d-be4a-516a0ab6c18a.jpg","type":"image\/jpeg"}],"twitter_card":"summary_large_image","twitter_misc":{"Est. reading time":"1 minute"},"schema":{"@context":"https:\/\/schema.org","@graph":[{"@type":"WebPage","@id":"https:\/\/rendezvous-dubai.com\/fr\/produit\/yacht-majesty-60ft\/","url":"https:\/\/rendezvous-dubai.com\/fr\/produit\/yacht-majesty-60ft\/","name":"Book Now | 60 FT YACHT MAJESTY 25P - RENDEZVOUS DUBAI","isPartOf":{"@id":"https:\/\/rendezvous-dubai.com\/fr\/#website"},"primaryImageOfPage":{"@id":"https:\/\/rendezvous-dubai.com\/fr\/produit\/yacht-majesty-60ft\/#primaryimage"},"image":{"@id":"https:\/\/rendezvous-dubai.com\/fr\/produit\/yacht-majesty-60ft\/#primaryimage"},"thumbnailUrl":"https:\/\/rendezvous-dubai.com\/wp-content\/uploads\/2020\/07\/a6892160-0833-428d-be4a-516a0ab6c18a.jpg","datePublished":"2020-07-02T14:16:24+00:00","dateModified":"2025-08-30T13:56:35+00:00","description":"Les espaces spacieux sont nombreux sur la terrasse ensoleill\u00e9e permetant de profiter de toutes les superbes vues et monuments tout au long de votre croisi\u00e8re. Capacit\u00e9 d'accueil jusqu'\u00e0 32 personnes dans un pur confort.","breadcrumb":{"@id":"https:\/\/rendezvous-dubai.com\/fr\/produit\/yacht-majesty-60ft\/#breadcrumb"},"inLanguage":"fr-FR","potentialAction":[{"@type":"ReadAction","target":["https:\/\/rendezvous-dubai.com\/fr\/produit\/yacht-majesty-60ft\/"]}]},{"@type":"ImageObject","inLanguage":"fr-FR","@id":"https:\/\/rendezvous-dubai.com\/fr\/produit\/yacht-majesty-60ft\/#primaryimage","url":"https:\/\/rendezvous-dubai.com\/wp-content\/uploads\/2020\/07\/a6892160-0833-428d-be4a-516a0ab6c18a.jpg","contentUrl":"https:\/\/rendezvous-dubai.com\/wp-content\/uploads\/2020\/07\/a6892160-0833-428d-be4a-516a0ab6c18a.jpg","width":800,"height":533,"caption":"60 FT YACHT MAJESTY 25 PERS"},{"@type":"BreadcrumbList","@id":"https:\/\/rendezvous-dubai.com\/fr\/produit\/yacht-majesty-60ft\/#breadcrumb","itemListElement":[{"@type":"ListItem","position":1,"name":"Home","item":"https:\/\/rendezvous-dubai.com\/fr\/"},{"@type":"ListItem","position":2,"name":"Shop","item":"https:\/\/rendezvous-dubai.com\/shop\/"},{"@type":"ListItem","position":3,"name":"60 FT YACHT MAJESTY 25P"}]},{"@type":"WebSite","@id":"https:\/\/rendezvous-dubai.com\/fr\/#website","url":"https:\/\/rendezvous-dubai.com\/fr\/","name":"RENDEZVOUS DUBAI","description":"Your Event Organizer","publisher":{"@id":"https:\/\/rendezvous-dubai.com\/fr\/#organization"},"potentialAction":[{"@type":"SearchAction","target":{"@type":"EntryPoint","urlTemplate":"https:\/\/rendezvous-dubai.com\/fr\/?s={search_term_string}"},"query-input":{"@type":"PropertyValueSpecification","valueRequired":true,"valueName":"search_term_string"}}],"inLanguage":"fr-FR"},{"@type":"Organization","@id":"https:\/\/rendezvous-dubai.com\/fr\/#organization","name":"RENDEZVOUS DUBAI","url":"https:\/\/rendezvous-dubai.com\/fr\/","logo":{"@type":"ImageObject","inLanguage":"fr-FR","@id":"https:\/\/rendezvous-dubai.com\/fr\/#\/schema\/logo\/image\/","url":"https:\/\/i0.wp.com\/rendezvous-dubai.com\/wp-content\/uploads\/2020\/05\/Logo-RDV-Dubai.png?fit=1426%2C1422&ssl=1","contentUrl":"https:\/\/i0.wp.com\/rendezvous-dubai.com\/wp-content\/uploads\/2020\/05\/Logo-RDV-Dubai.png?fit=1426%2C1422&ssl=1","width":1426,"height":1422,"caption":"RENDEZVOUS DUBAI"},"image":{"@id":"https:\/\/rendezvous-dubai.com\/fr\/#\/schema\/logo\/image\/"},"sameAs":["https:\/\/www.facebook.com\/rendezvousdubai","https:\/\/www.instagram.com\/rendezvousdubai\/","https:\/\/www.youtube.com\/@rendezvousdubai"]}]}},"jetpack_sharing_enabled":true,"_links":{"self":[{"href":"https:\/\/rendezvous-dubai.com\/fr\/wp-json\/wp\/v2\/product\/7882","targetHints":{"allow":["GET"]}}],"collection":[{"href":"https:\/\/rendezvous-dubai.com\/fr\/wp-json\/wp\/v2\/product"}],"about":[{"href":"https:\/\/rendezvous-dubai.com\/fr\/wp-json\/wp\/v2\/types\/product"}],"replies":[{"embeddable":true,"href":"https:\/\/rendezvous-dubai.com\/fr\/wp-json\/wp\/v2\/comments?post=7882"}],"wp:featuredmedia":[{"embeddable":true,"href":"https:\/\/rendezvous-dubai.com\/fr\/wp-json\/wp\/v2\/media\/7898"}],"wp:attachment":[{"href":"https:\/\/rendezvous-dubai.com\/fr\/wp-json\/wp\/v2\/media?parent=7882"}],"wp:term":[{"taxonomy":"product_brand","embeddable":true,"href":"https:\/\/rendezvous-dubai.com\/fr\/wp-json\/wp\/v2\/product_brand?post=7882"},{"taxonomy":"product_cat","embeddable":true,"href":"https:\/\/rendezvous-dubai.com\/fr\/wp-json\/wp\/v2\/product_cat?post=7882"},{"taxonomy":"product_tag","embeddable":true,"href":"https:\/\/rendezvous-dubai.com\/fr\/wp-json\/wp\/v2\/product_tag?post=7882"}],"curies":[{"name":"wp","href":"https:\/\/api.w.org\/{rel}","templated":true}]}}