{"id":7842,"date":"2020-06-29T14:09:36","date_gmt":"2020-06-30T13:06:26","guid":{"rendered":"https:\/\/rendezvousdubai.com\/product\/85-pieds-yacht-40-pax\/"},"modified":"2025-08-30T17:53:33","modified_gmt":"2025-08-30T13:53:33","slug":"yacht-gulf-90ft","status":"publish","type":"product","link":"https:\/\/rendezvous-dubai.com\/fr\/produit\/yacht-gulf-90ft\/","title":{"rendered":"90 FT YACHT GULF 45P"},"content":{"rendered":"<p>Avec une longueur de 90 pieds ce yacht a un faisceau large qui donne au bateau un espace \u00e9norme et plus de volume. Capacit\u00e9 d&#8217;accueil jusqu&#8217;\u00e0 45 personnes dans un pur confort.<\/p>\n","protected":false},"excerpt":{"rendered":"<p>Avec une longueur de 90 pieds ce yacht a un faisceau large qui donne au bateau un espace \u00e9norme et plus de volume. Capacit\u00e9 d&#8217;accueil jusqu&#8217;\u00e0 45 personnes dans un pur confort.<\/p>\n","protected":false},"featured_media":7619,"comment_status":"open","ping_status":"closed","template":"","meta":{"_joinchat":{"message_send":"*Hello {SITE} !*\nI need more information about the {PRODUCT}..."}},"product_brand":[],"product_cat":[336],"product_tag":[214,338,340,337,339,313],"class_list":{"0":"post-7842","1":"product","2":"type-product","3":"status-publish","4":"has-post-thumbnail","6":"product_cat-yachts","7":"product_tag-atlantis-fr","8":"product_tag-barbecue-fr","9":"product_tag-cruise-fr","10":"product_tag-dubai-yacht-fr","11":"product_tag-marina-fr","12":"product_tag-palm-jumeirah-fr","13":"holiday_type-children","14":"holiday_type-discovery","15":"holiday_type-family","16":"holiday_type-guided-tours","17":"holiday_type-short-breaks","18":"destination-uae","19":"activity_level-leisurely","21":"first","22":"instock","23":"virtual","24":"sold-individually","25":"purchasable","26":"product-type-booking"},"yoast_head":"<!-- This site is optimized with the Yoast SEO plugin v25.8 - https:\/\/yoast.com\/wordpress\/plugins\/seo\/ -->\n<title>Book Now | 90 FT YACHT GULF 45P - RENDEZVOUS DUBAI<\/title>\n<meta name=\"description\" content=\"Avec une longueur de 90 pieds ce yacht a un faisceau large qui donne au bateau un espace \u00e9norme et plus de volume. Capacit\u00e9 d&#039;accueil jusqu&#039;\u00e0 45 personnes dans un pur confort.\" \/>\n<meta name=\"robots\" content=\"index, follow, max-snippet:-1, max-image-preview:large, max-video-preview:-1\" \/>\n<link rel=\"canonical\" href=\"https:\/\/rendezvous-dubai.com\/fr\/produit\/yacht-gulf-90ft\/\" \/>\n<meta property=\"og:locale\" content=\"fr_FR\" \/>\n<meta property=\"og:type\" content=\"article\" \/>\n<meta property=\"og:title\" content=\"Book Now | 90 FT YACHT GULF 45P - RENDEZVOUS DUBAI\" \/>\n<meta property=\"og:description\" content=\"Avec une longueur de 90 pieds ce yacht a un faisceau large qui donne au bateau un espace \u00e9norme et plus de volume. Capacit\u00e9 d&#039;accueil jusqu&#039;\u00e0 45 personnes dans un pur confort.\" \/>\n<meta property=\"og:url\" content=\"https:\/\/rendezvous-dubai.com\/fr\/produit\/yacht-gulf-90ft\/\" \/>\n<meta property=\"og:site_name\" content=\"RENDEZVOUS DUBAI\" \/>\n<meta property=\"article:publisher\" content=\"https:\/\/www.facebook.com\/rendezvousdubai\" \/>\n<meta property=\"article:modified_time\" content=\"2025-08-30T13:53:33+00:00\" \/>\n<meta property=\"og:image\" content=\"https:\/\/rendezvous-dubai.com\/wp-content\/uploads\/2020\/06\/151845826775ft-1.png\" \/>\n\t<meta property=\"og:image:width\" content=\"1424\" \/>\n\t<meta property=\"og:image:height\" content=\"824\" \/>\n\t<meta property=\"og:image:type\" content=\"image\/png\" \/>\n<meta name=\"twitter:card\" content=\"summary_large_image\" \/>\n<meta name=\"twitter:label1\" content=\"Est. reading time\" \/>\n\t<meta name=\"twitter:data1\" content=\"1 minute\" \/>\n<script type=\"application\/ld+json\" class=\"yoast-schema-graph\">{\"@context\":\"https:\/\/schema.org\",\"@graph\":[{\"@type\":\"WebPage\",\"@id\":\"https:\/\/rendezvous-dubai.com\/fr\/produit\/yacht-gulf-90ft\/\",\"url\":\"https:\/\/rendezvous-dubai.com\/fr\/produit\/yacht-gulf-90ft\/\",\"name\":\"Book Now | 90 FT YACHT GULF 45P - RENDEZVOUS DUBAI\",\"isPartOf\":{\"@id\":\"https:\/\/rendezvous-dubai.com\/fr\/#website\"},\"primaryImageOfPage\":{\"@id\":\"https:\/\/rendezvous-dubai.com\/fr\/produit\/yacht-gulf-90ft\/#primaryimage\"},\"image\":{\"@id\":\"https:\/\/rendezvous-dubai.com\/fr\/produit\/yacht-gulf-90ft\/#primaryimage\"},\"thumbnailUrl\":\"https:\/\/rendezvous-dubai.com\/wp-content\/uploads\/2020\/06\/151845826775ft-1.png\",\"datePublished\":\"2020-06-30T13:06:26+00:00\",\"dateModified\":\"2025-08-30T13:53:33+00:00\",\"description\":\"Avec une longueur de 90 pieds ce yacht a un faisceau large qui donne au bateau un espace \u00e9norme et plus de volume. Capacit\u00e9 d'accueil jusqu'\u00e0 45 personnes dans un pur confort.\",\"breadcrumb\":{\"@id\":\"https:\/\/rendezvous-dubai.com\/fr\/produit\/yacht-gulf-90ft\/#breadcrumb\"},\"inLanguage\":\"fr-FR\",\"potentialAction\":[{\"@type\":\"ReadAction\",\"target\":[\"https:\/\/rendezvous-dubai.com\/fr\/produit\/yacht-gulf-90ft\/\"]}]},{\"@type\":\"ImageObject\",\"inLanguage\":\"fr-FR\",\"@id\":\"https:\/\/rendezvous-dubai.com\/fr\/produit\/yacht-gulf-90ft\/#primaryimage\",\"url\":\"https:\/\/rendezvous-dubai.com\/wp-content\/uploads\/2020\/06\/151845826775ft-1.png\",\"contentUrl\":\"https:\/\/rendezvous-dubai.com\/wp-content\/uploads\/2020\/06\/151845826775ft-1.png\",\"width\":1424,\"height\":824,\"caption\":\"90 FT YACHT GULF 45 PERS\"},{\"@type\":\"BreadcrumbList\",\"@id\":\"https:\/\/rendezvous-dubai.com\/fr\/produit\/yacht-gulf-90ft\/#breadcrumb\",\"itemListElement\":[{\"@type\":\"ListItem\",\"position\":1,\"name\":\"Home\",\"item\":\"https:\/\/rendezvous-dubai.com\/fr\/\"},{\"@type\":\"ListItem\",\"position\":2,\"name\":\"Shop\",\"item\":\"https:\/\/rendezvous-dubai.com\/shop\/\"},{\"@type\":\"ListItem\",\"position\":3,\"name\":\"90 FT YACHT GULF 45P\"}]},{\"@type\":\"WebSite\",\"@id\":\"https:\/\/rendezvous-dubai.com\/fr\/#website\",\"url\":\"https:\/\/rendezvous-dubai.com\/fr\/\",\"name\":\"RENDEZVOUS DUBAI\",\"description\":\"Your Event Organizer\",\"publisher\":{\"@id\":\"https:\/\/rendezvous-dubai.com\/fr\/#organization\"},\"potentialAction\":[{\"@type\":\"SearchAction\",\"target\":{\"@type\":\"EntryPoint\",\"urlTemplate\":\"https:\/\/rendezvous-dubai.com\/fr\/?s={search_term_string}\"},\"query-input\":{\"@type\":\"PropertyValueSpecification\",\"valueRequired\":true,\"valueName\":\"search_term_string\"}}],\"inLanguage\":\"fr-FR\"},{\"@type\":\"Organization\",\"@id\":\"https:\/\/rendezvous-dubai.com\/fr\/#organization\",\"name\":\"RENDEZVOUS DUBAI\",\"url\":\"https:\/\/rendezvous-dubai.com\/fr\/\",\"logo\":{\"@type\":\"ImageObject\",\"inLanguage\":\"fr-FR\",\"@id\":\"https:\/\/rendezvous-dubai.com\/fr\/#\/schema\/logo\/image\/\",\"url\":\"https:\/\/i0.wp.com\/rendezvous-dubai.com\/wp-content\/uploads\/2020\/05\/Logo-RDV-Dubai.png?fit=1426%2C1422&ssl=1\",\"contentUrl\":\"https:\/\/i0.wp.com\/rendezvous-dubai.com\/wp-content\/uploads\/2020\/05\/Logo-RDV-Dubai.png?fit=1426%2C1422&ssl=1\",\"width\":1426,\"height\":1422,\"caption\":\"RENDEZVOUS DUBAI\"},\"image\":{\"@id\":\"https:\/\/rendezvous-dubai.com\/fr\/#\/schema\/logo\/image\/\"},\"sameAs\":[\"https:\/\/www.facebook.com\/rendezvousdubai\",\"https:\/\/www.instagram.com\/rendezvousdubai\/\",\"https:\/\/www.youtube.com\/@rendezvousdubai\"]}]}<\/script>\n<!-- \/ Yoast SEO plugin. -->","yoast_head_json":{"title":"Book Now | 90 FT YACHT GULF 45P - RENDEZVOUS DUBAI","description":"Avec une longueur de 90 pieds ce yacht a un faisceau large qui donne au bateau un espace \u00e9norme et plus de volume. Capacit\u00e9 d'accueil jusqu'\u00e0 45 personnes dans un pur confort.","robots":{"index":"index","follow":"follow","max-snippet":"max-snippet:-1","max-image-preview":"max-image-preview:large","max-video-preview":"max-video-preview:-1"},"canonical":"https:\/\/rendezvous-dubai.com\/fr\/produit\/yacht-gulf-90ft\/","og_locale":"fr_FR","og_type":"article","og_title":"Book Now | 90 FT YACHT GULF 45P - RENDEZVOUS DUBAI","og_description":"Avec une longueur de 90 pieds ce yacht a un faisceau large qui donne au bateau un espace \u00e9norme et plus de volume. Capacit\u00e9 d'accueil jusqu'\u00e0 45 personnes dans un pur confort.","og_url":"https:\/\/rendezvous-dubai.com\/fr\/produit\/yacht-gulf-90ft\/","og_site_name":"RENDEZVOUS DUBAI","article_publisher":"https:\/\/www.facebook.com\/rendezvousdubai","article_modified_time":"2025-08-30T13:53:33+00:00","og_image":[{"width":1424,"height":824,"url":"https:\/\/rendezvous-dubai.com\/wp-content\/uploads\/2020\/06\/151845826775ft-1.png","type":"image\/png"}],"twitter_card":"summary_large_image","twitter_misc":{"Est. reading time":"1 minute"},"schema":{"@context":"https:\/\/schema.org","@graph":[{"@type":"WebPage","@id":"https:\/\/rendezvous-dubai.com\/fr\/produit\/yacht-gulf-90ft\/","url":"https:\/\/rendezvous-dubai.com\/fr\/produit\/yacht-gulf-90ft\/","name":"Book Now | 90 FT YACHT GULF 45P - RENDEZVOUS DUBAI","isPartOf":{"@id":"https:\/\/rendezvous-dubai.com\/fr\/#website"},"primaryImageOfPage":{"@id":"https:\/\/rendezvous-dubai.com\/fr\/produit\/yacht-gulf-90ft\/#primaryimage"},"image":{"@id":"https:\/\/rendezvous-dubai.com\/fr\/produit\/yacht-gulf-90ft\/#primaryimage"},"thumbnailUrl":"https:\/\/rendezvous-dubai.com\/wp-content\/uploads\/2020\/06\/151845826775ft-1.png","datePublished":"2020-06-30T13:06:26+00:00","dateModified":"2025-08-30T13:53:33+00:00","description":"Avec une longueur de 90 pieds ce yacht a un faisceau large qui donne au bateau un espace \u00e9norme et plus de volume. Capacit\u00e9 d'accueil jusqu'\u00e0 45 personnes dans un pur confort.","breadcrumb":{"@id":"https:\/\/rendezvous-dubai.com\/fr\/produit\/yacht-gulf-90ft\/#breadcrumb"},"inLanguage":"fr-FR","potentialAction":[{"@type":"ReadAction","target":["https:\/\/rendezvous-dubai.com\/fr\/produit\/yacht-gulf-90ft\/"]}]},{"@type":"ImageObject","inLanguage":"fr-FR","@id":"https:\/\/rendezvous-dubai.com\/fr\/produit\/yacht-gulf-90ft\/#primaryimage","url":"https:\/\/rendezvous-dubai.com\/wp-content\/uploads\/2020\/06\/151845826775ft-1.png","contentUrl":"https:\/\/rendezvous-dubai.com\/wp-content\/uploads\/2020\/06\/151845826775ft-1.png","width":1424,"height":824,"caption":"90 FT YACHT GULF 45 PERS"},{"@type":"BreadcrumbList","@id":"https:\/\/rendezvous-dubai.com\/fr\/produit\/yacht-gulf-90ft\/#breadcrumb","itemListElement":[{"@type":"ListItem","position":1,"name":"Home","item":"https:\/\/rendezvous-dubai.com\/fr\/"},{"@type":"ListItem","position":2,"name":"Shop","item":"https:\/\/rendezvous-dubai.com\/shop\/"},{"@type":"ListItem","position":3,"name":"90 FT YACHT GULF 45P"}]},{"@type":"WebSite","@id":"https:\/\/rendezvous-dubai.com\/fr\/#website","url":"https:\/\/rendezvous-dubai.com\/fr\/","name":"RENDEZVOUS DUBAI","description":"Your Event Organizer","publisher":{"@id":"https:\/\/rendezvous-dubai.com\/fr\/#organization"},"potentialAction":[{"@type":"SearchAction","target":{"@type":"EntryPoint","urlTemplate":"https:\/\/rendezvous-dubai.com\/fr\/?s={search_term_string}"},"query-input":{"@type":"PropertyValueSpecification","valueRequired":true,"valueName":"search_term_string"}}],"inLanguage":"fr-FR"},{"@type":"Organization","@id":"https:\/\/rendezvous-dubai.com\/fr\/#organization","name":"RENDEZVOUS DUBAI","url":"https:\/\/rendezvous-dubai.com\/fr\/","logo":{"@type":"ImageObject","inLanguage":"fr-FR","@id":"https:\/\/rendezvous-dubai.com\/fr\/#\/schema\/logo\/image\/","url":"https:\/\/i0.wp.com\/rendezvous-dubai.com\/wp-content\/uploads\/2020\/05\/Logo-RDV-Dubai.png?fit=1426%2C1422&ssl=1","contentUrl":"https:\/\/i0.wp.com\/rendezvous-dubai.com\/wp-content\/uploads\/2020\/05\/Logo-RDV-Dubai.png?fit=1426%2C1422&ssl=1","width":1426,"height":1422,"caption":"RENDEZVOUS DUBAI"},"image":{"@id":"https:\/\/rendezvous-dubai.com\/fr\/#\/schema\/logo\/image\/"},"sameAs":["https:\/\/www.facebook.com\/rendezvousdubai","https:\/\/www.instagram.com\/rendezvousdubai\/","https:\/\/www.youtube.com\/@rendezvousdubai"]}]}},"jetpack_sharing_enabled":true,"_links":{"self":[{"href":"https:\/\/rendezvous-dubai.com\/fr\/wp-json\/wp\/v2\/product\/7842","targetHints":{"allow":["GET"]}}],"collection":[{"href":"https:\/\/rendezvous-dubai.com\/fr\/wp-json\/wp\/v2\/product"}],"about":[{"href":"https:\/\/rendezvous-dubai.com\/fr\/wp-json\/wp\/v2\/types\/product"}],"replies":[{"embeddable":true,"href":"https:\/\/rendezvous-dubai.com\/fr\/wp-json\/wp\/v2\/comments?post=7842"}],"wp:featuredmedia":[{"embeddable":true,"href":"https:\/\/rendezvous-dubai.com\/fr\/wp-json\/wp\/v2\/media\/7619"}],"wp:attachment":[{"href":"https:\/\/rendezvous-dubai.com\/fr\/wp-json\/wp\/v2\/media?parent=7842"}],"wp:term":[{"taxonomy":"product_brand","embeddable":true,"href":"https:\/\/rendezvous-dubai.com\/fr\/wp-json\/wp\/v2\/product_brand?post=7842"},{"taxonomy":"product_cat","embeddable":true,"href":"https:\/\/rendezvous-dubai.com\/fr\/wp-json\/wp\/v2\/product_cat?post=7842"},{"taxonomy":"product_tag","embeddable":true,"href":"https:\/\/rendezvous-dubai.com\/fr\/wp-json\/wp\/v2\/product_tag?post=7842"}],"curies":[{"name":"wp","href":"https:\/\/api.w.org\/{rel}","templated":true}]}}