{"id":7099,"date":"2020-05-24T04:56:47","date_gmt":"2020-06-06T09:11:44","guid":{"rendered":"https:\/\/rendezvousdubai.com\/product\/desert-combo\/"},"modified":"2023-02-08T18:08:02","modified_gmt":"2023-02-08T14:08:02","slug":"desert-combo","status":"publish","type":"product","link":"https:\/\/rendezvous-dubai.com\/fr\/produit\/desert-combo\/","title":{"rendered":"DESERT COMBO"},"content":{"rendered":"<p>Ce safari est une balade en 4X4 dans le d\u00e9sert comprenant une session quad ou buggy, accompagn\u00e9 d&#8217;un guide et en petit groupe. Nous vous invitons \u00e0 visiter le d\u00e9sert unique des EAU dans un v\u00e9hicule 4&#215;4. Au cours de cette activit\u00e9, un chauffeur viendra vous chercher \u00e0 votre h\u00f4tel pour vous conduire aux portes du d\u00e9sert.<\/p>\n","protected":false},"excerpt":{"rendered":"<p>Ce safari est une balade en 4X4 dans le d\u00e9sert comprenant une session quad ou buggy, accompagn\u00e9 d&#8217;un guide et en petit groupe. Nous vous invitons \u00e0 visiter le d\u00e9sert unique des EAU dans un v\u00e9hicule 4&#215;4. Au cours de cette activit\u00e9, un chauffeur viendra vous chercher \u00e0 votre h\u00f4tel pour vous conduire aux portes [&hellip;]<\/p>\n","protected":false},"featured_media":6658,"comment_status":"open","ping_status":"closed","template":"","meta":{"_joinchat":{"message_send":"*Hello {SITE} !*\nI need more information about the {PRODUCT}..."}},"product_brand":[],"product_cat":[320],"product_tag":[208,237,287,249,306,274],"class_list":{"0":"post-7099","1":"product","2":"type-product","3":"status-publish","4":"has-post-thumbnail","6":"product_cat-desert","7":"product_tag-4x4-desert-safari-fr","8":"product_tag-camel-fr","9":"product_tag-dubai-desert-fr","10":"product_tag-henna-tattoo-fr","11":"product_tag-quad-fr","12":"product_tag-yamaha-fr","13":"holiday_type-children","14":"holiday_type-culture","15":"holiday_type-discovery","16":"holiday_type-family","17":"holiday_type-guided-tours","18":"holiday_type-history","19":"destination-uae","20":"activity_level-challenging","22":"first","23":"instock","24":"virtual","25":"sold-individually","26":"purchasable","27":"product-type-booking"},"yoast_head":"<!-- This site is optimized with the Yoast SEO plugin v25.8 - https:\/\/yoast.com\/wordpress\/plugins\/seo\/ -->\n<title>Book Now | DESERT COMBO - RENDEZVOUS DUBAI<\/title>\n<meta name=\"description\" content=\"Ce safari est une balade en 4X4 dans le d\u00e9sert comprenant une session quad ou buggy, accompagn\u00e9 d&#039;un guide et en petit groupe. Nous vous invitons \u00e0 visiter le d\u00e9sert unique des EAU dans un v\u00e9hicule 4x4. Au cours de cette activit\u00e9, un chauffeur viendra vous chercher \u00e0 votre h\u00f4tel pour vous conduire aux portes du d\u00e9sert.\" \/>\n<meta name=\"robots\" content=\"index, follow, max-snippet:-1, max-image-preview:large, max-video-preview:-1\" \/>\n<link rel=\"canonical\" href=\"https:\/\/rendezvous-dubai.com\/fr\/produit\/desert-combo\/\" \/>\n<meta property=\"og:locale\" content=\"fr_FR\" \/>\n<meta property=\"og:type\" content=\"article\" \/>\n<meta property=\"og:title\" content=\"Book Now | DESERT COMBO - RENDEZVOUS DUBAI\" \/>\n<meta property=\"og:description\" content=\"Ce safari est une balade en 4X4 dans le d\u00e9sert comprenant une session quad ou buggy, accompagn\u00e9 d&#039;un guide et en petit groupe. Nous vous invitons \u00e0 visiter le d\u00e9sert unique des EAU dans un v\u00e9hicule 4x4. Au cours de cette activit\u00e9, un chauffeur viendra vous chercher \u00e0 votre h\u00f4tel pour vous conduire aux portes du d\u00e9sert.\" \/>\n<meta property=\"og:url\" content=\"https:\/\/rendezvous-dubai.com\/fr\/produit\/desert-combo\/\" \/>\n<meta property=\"og:site_name\" content=\"RENDEZVOUS DUBAI\" \/>\n<meta property=\"article:publisher\" content=\"https:\/\/www.facebook.com\/rendezvousdubai\" \/>\n<meta property=\"article:modified_time\" content=\"2023-02-08T14:08:02+00:00\" \/>\n<meta property=\"og:image\" content=\"https:\/\/rendezvous-dubai.com\/wp-content\/uploads\/2020\/05\/05.jpg\" \/>\n\t<meta property=\"og:image:width\" content=\"669\" \/>\n\t<meta property=\"og:image:height\" content=\"446\" \/>\n\t<meta property=\"og:image:type\" content=\"image\/jpeg\" \/>\n<meta name=\"twitter:card\" content=\"summary_large_image\" \/>\n<meta name=\"twitter:label1\" content=\"Est. reading time\" \/>\n\t<meta name=\"twitter:data1\" content=\"1 minute\" \/>\n<script type=\"application\/ld+json\" class=\"yoast-schema-graph\">{\"@context\":\"https:\/\/schema.org\",\"@graph\":[{\"@type\":\"WebPage\",\"@id\":\"https:\/\/rendezvous-dubai.com\/fr\/produit\/desert-combo\/\",\"url\":\"https:\/\/rendezvous-dubai.com\/fr\/produit\/desert-combo\/\",\"name\":\"Book Now | DESERT COMBO - RENDEZVOUS DUBAI\",\"isPartOf\":{\"@id\":\"https:\/\/rendezvous-dubai.com\/fr\/#website\"},\"primaryImageOfPage\":{\"@id\":\"https:\/\/rendezvous-dubai.com\/fr\/produit\/desert-combo\/#primaryimage\"},\"image\":{\"@id\":\"https:\/\/rendezvous-dubai.com\/fr\/produit\/desert-combo\/#primaryimage\"},\"thumbnailUrl\":\"https:\/\/rendezvous-dubai.com\/wp-content\/uploads\/2020\/05\/05.jpg\",\"datePublished\":\"2020-06-06T09:11:44+00:00\",\"dateModified\":\"2023-02-08T14:08:02+00:00\",\"description\":\"Ce safari est une balade en 4X4 dans le d\u00e9sert comprenant une session quad ou buggy, accompagn\u00e9 d'un guide et en petit groupe. Nous vous invitons \u00e0 visiter le d\u00e9sert unique des EAU dans un v\u00e9hicule 4x4. Au cours de cette activit\u00e9, un chauffeur viendra vous chercher \u00e0 votre h\u00f4tel pour vous conduire aux portes du d\u00e9sert.\",\"breadcrumb\":{\"@id\":\"https:\/\/rendezvous-dubai.com\/fr\/produit\/desert-combo\/#breadcrumb\"},\"inLanguage\":\"fr-FR\",\"potentialAction\":[{\"@type\":\"ReadAction\",\"target\":[\"https:\/\/rendezvous-dubai.com\/fr\/produit\/desert-combo\/\"]}]},{\"@type\":\"ImageObject\",\"inLanguage\":\"fr-FR\",\"@id\":\"https:\/\/rendezvous-dubai.com\/fr\/produit\/desert-combo\/#primaryimage\",\"url\":\"https:\/\/rendezvous-dubai.com\/wp-content\/uploads\/2020\/05\/05.jpg\",\"contentUrl\":\"https:\/\/rendezvous-dubai.com\/wp-content\/uploads\/2020\/05\/05.jpg\",\"width\":669,\"height\":446,\"caption\":\"Combo Desert Safari 4x4 et Quad Dubai\"},{\"@type\":\"BreadcrumbList\",\"@id\":\"https:\/\/rendezvous-dubai.com\/fr\/produit\/desert-combo\/#breadcrumb\",\"itemListElement\":[{\"@type\":\"ListItem\",\"position\":1,\"name\":\"Home\",\"item\":\"https:\/\/rendezvous-dubai.com\/fr\/\"},{\"@type\":\"ListItem\",\"position\":2,\"name\":\"Shop\",\"item\":\"https:\/\/rendezvous-dubai.com\/shop\/\"},{\"@type\":\"ListItem\",\"position\":3,\"name\":\"DESERT COMBO\"}]},{\"@type\":\"WebSite\",\"@id\":\"https:\/\/rendezvous-dubai.com\/fr\/#website\",\"url\":\"https:\/\/rendezvous-dubai.com\/fr\/\",\"name\":\"RENDEZVOUS DUBAI\",\"description\":\"Your Event Organizer\",\"publisher\":{\"@id\":\"https:\/\/rendezvous-dubai.com\/fr\/#organization\"},\"potentialAction\":[{\"@type\":\"SearchAction\",\"target\":{\"@type\":\"EntryPoint\",\"urlTemplate\":\"https:\/\/rendezvous-dubai.com\/fr\/?s={search_term_string}\"},\"query-input\":{\"@type\":\"PropertyValueSpecification\",\"valueRequired\":true,\"valueName\":\"search_term_string\"}}],\"inLanguage\":\"fr-FR\"},{\"@type\":\"Organization\",\"@id\":\"https:\/\/rendezvous-dubai.com\/fr\/#organization\",\"name\":\"RENDEZVOUS DUBAI\",\"url\":\"https:\/\/rendezvous-dubai.com\/fr\/\",\"logo\":{\"@type\":\"ImageObject\",\"inLanguage\":\"fr-FR\",\"@id\":\"https:\/\/rendezvous-dubai.com\/fr\/#\/schema\/logo\/image\/\",\"url\":\"https:\/\/i0.wp.com\/rendezvous-dubai.com\/wp-content\/uploads\/2020\/05\/Logo-RDV-Dubai.png?fit=1426%2C1422&ssl=1\",\"contentUrl\":\"https:\/\/i0.wp.com\/rendezvous-dubai.com\/wp-content\/uploads\/2020\/05\/Logo-RDV-Dubai.png?fit=1426%2C1422&ssl=1\",\"width\":1426,\"height\":1422,\"caption\":\"RENDEZVOUS DUBAI\"},\"image\":{\"@id\":\"https:\/\/rendezvous-dubai.com\/fr\/#\/schema\/logo\/image\/\"},\"sameAs\":[\"https:\/\/www.facebook.com\/rendezvousdubai\",\"https:\/\/www.instagram.com\/rendezvousdubai\/\",\"https:\/\/www.youtube.com\/@rendezvousdubai\"]}]}<\/script>\n<!-- \/ Yoast SEO plugin. -->","yoast_head_json":{"title":"Book Now | DESERT COMBO - RENDEZVOUS DUBAI","description":"Ce safari est une balade en 4X4 dans le d\u00e9sert comprenant une session quad ou buggy, accompagn\u00e9 d'un guide et en petit groupe. Nous vous invitons \u00e0 visiter le d\u00e9sert unique des EAU dans un v\u00e9hicule 4x4. Au cours de cette activit\u00e9, un chauffeur viendra vous chercher \u00e0 votre h\u00f4tel pour vous conduire aux portes du d\u00e9sert.","robots":{"index":"index","follow":"follow","max-snippet":"max-snippet:-1","max-image-preview":"max-image-preview:large","max-video-preview":"max-video-preview:-1"},"canonical":"https:\/\/rendezvous-dubai.com\/fr\/produit\/desert-combo\/","og_locale":"fr_FR","og_type":"article","og_title":"Book Now | DESERT COMBO - RENDEZVOUS DUBAI","og_description":"Ce safari est une balade en 4X4 dans le d\u00e9sert comprenant une session quad ou buggy, accompagn\u00e9 d'un guide et en petit groupe. Nous vous invitons \u00e0 visiter le d\u00e9sert unique des EAU dans un v\u00e9hicule 4x4. Au cours de cette activit\u00e9, un chauffeur viendra vous chercher \u00e0 votre h\u00f4tel pour vous conduire aux portes du d\u00e9sert.","og_url":"https:\/\/rendezvous-dubai.com\/fr\/produit\/desert-combo\/","og_site_name":"RENDEZVOUS DUBAI","article_publisher":"https:\/\/www.facebook.com\/rendezvousdubai","article_modified_time":"2023-02-08T14:08:02+00:00","og_image":[{"width":669,"height":446,"url":"https:\/\/rendezvous-dubai.com\/wp-content\/uploads\/2020\/05\/05.jpg","type":"image\/jpeg"}],"twitter_card":"summary_large_image","twitter_misc":{"Est. reading time":"1 minute"},"schema":{"@context":"https:\/\/schema.org","@graph":[{"@type":"WebPage","@id":"https:\/\/rendezvous-dubai.com\/fr\/produit\/desert-combo\/","url":"https:\/\/rendezvous-dubai.com\/fr\/produit\/desert-combo\/","name":"Book Now | DESERT COMBO - RENDEZVOUS DUBAI","isPartOf":{"@id":"https:\/\/rendezvous-dubai.com\/fr\/#website"},"primaryImageOfPage":{"@id":"https:\/\/rendezvous-dubai.com\/fr\/produit\/desert-combo\/#primaryimage"},"image":{"@id":"https:\/\/rendezvous-dubai.com\/fr\/produit\/desert-combo\/#primaryimage"},"thumbnailUrl":"https:\/\/rendezvous-dubai.com\/wp-content\/uploads\/2020\/05\/05.jpg","datePublished":"2020-06-06T09:11:44+00:00","dateModified":"2023-02-08T14:08:02+00:00","description":"Ce safari est une balade en 4X4 dans le d\u00e9sert comprenant une session quad ou buggy, accompagn\u00e9 d'un guide et en petit groupe. Nous vous invitons \u00e0 visiter le d\u00e9sert unique des EAU dans un v\u00e9hicule 4x4. Au cours de cette activit\u00e9, un chauffeur viendra vous chercher \u00e0 votre h\u00f4tel pour vous conduire aux portes du d\u00e9sert.","breadcrumb":{"@id":"https:\/\/rendezvous-dubai.com\/fr\/produit\/desert-combo\/#breadcrumb"},"inLanguage":"fr-FR","potentialAction":[{"@type":"ReadAction","target":["https:\/\/rendezvous-dubai.com\/fr\/produit\/desert-combo\/"]}]},{"@type":"ImageObject","inLanguage":"fr-FR","@id":"https:\/\/rendezvous-dubai.com\/fr\/produit\/desert-combo\/#primaryimage","url":"https:\/\/rendezvous-dubai.com\/wp-content\/uploads\/2020\/05\/05.jpg","contentUrl":"https:\/\/rendezvous-dubai.com\/wp-content\/uploads\/2020\/05\/05.jpg","width":669,"height":446,"caption":"Combo Desert Safari 4x4 et Quad Dubai"},{"@type":"BreadcrumbList","@id":"https:\/\/rendezvous-dubai.com\/fr\/produit\/desert-combo\/#breadcrumb","itemListElement":[{"@type":"ListItem","position":1,"name":"Home","item":"https:\/\/rendezvous-dubai.com\/fr\/"},{"@type":"ListItem","position":2,"name":"Shop","item":"https:\/\/rendezvous-dubai.com\/shop\/"},{"@type":"ListItem","position":3,"name":"DESERT COMBO"}]},{"@type":"WebSite","@id":"https:\/\/rendezvous-dubai.com\/fr\/#website","url":"https:\/\/rendezvous-dubai.com\/fr\/","name":"RENDEZVOUS DUBAI","description":"Your Event Organizer","publisher":{"@id":"https:\/\/rendezvous-dubai.com\/fr\/#organization"},"potentialAction":[{"@type":"SearchAction","target":{"@type":"EntryPoint","urlTemplate":"https:\/\/rendezvous-dubai.com\/fr\/?s={search_term_string}"},"query-input":{"@type":"PropertyValueSpecification","valueRequired":true,"valueName":"search_term_string"}}],"inLanguage":"fr-FR"},{"@type":"Organization","@id":"https:\/\/rendezvous-dubai.com\/fr\/#organization","name":"RENDEZVOUS DUBAI","url":"https:\/\/rendezvous-dubai.com\/fr\/","logo":{"@type":"ImageObject","inLanguage":"fr-FR","@id":"https:\/\/rendezvous-dubai.com\/fr\/#\/schema\/logo\/image\/","url":"https:\/\/i0.wp.com\/rendezvous-dubai.com\/wp-content\/uploads\/2020\/05\/Logo-RDV-Dubai.png?fit=1426%2C1422&ssl=1","contentUrl":"https:\/\/i0.wp.com\/rendezvous-dubai.com\/wp-content\/uploads\/2020\/05\/Logo-RDV-Dubai.png?fit=1426%2C1422&ssl=1","width":1426,"height":1422,"caption":"RENDEZVOUS DUBAI"},"image":{"@id":"https:\/\/rendezvous-dubai.com\/fr\/#\/schema\/logo\/image\/"},"sameAs":["https:\/\/www.facebook.com\/rendezvousdubai","https:\/\/www.instagram.com\/rendezvousdubai\/","https:\/\/www.youtube.com\/@rendezvousdubai"]}]}},"jetpack_sharing_enabled":true,"_links":{"self":[{"href":"https:\/\/rendezvous-dubai.com\/fr\/wp-json\/wp\/v2\/product\/7099","targetHints":{"allow":["GET"]}}],"collection":[{"href":"https:\/\/rendezvous-dubai.com\/fr\/wp-json\/wp\/v2\/product"}],"about":[{"href":"https:\/\/rendezvous-dubai.com\/fr\/wp-json\/wp\/v2\/types\/product"}],"replies":[{"embeddable":true,"href":"https:\/\/rendezvous-dubai.com\/fr\/wp-json\/wp\/v2\/comments?post=7099"}],"wp:featuredmedia":[{"embeddable":true,"href":"https:\/\/rendezvous-dubai.com\/fr\/wp-json\/wp\/v2\/media\/6658"}],"wp:attachment":[{"href":"https:\/\/rendezvous-dubai.com\/fr\/wp-json\/wp\/v2\/media?parent=7099"}],"wp:term":[{"taxonomy":"product_brand","embeddable":true,"href":"https:\/\/rendezvous-dubai.com\/fr\/wp-json\/wp\/v2\/product_brand?post=7099"},{"taxonomy":"product_cat","embeddable":true,"href":"https:\/\/rendezvous-dubai.com\/fr\/wp-json\/wp\/v2\/product_cat?post=7099"},{"taxonomy":"product_tag","embeddable":true,"href":"https:\/\/rendezvous-dubai.com\/fr\/wp-json\/wp\/v2\/product_tag?post=7099"}],"curies":[{"name":"wp","href":"https:\/\/api.w.org\/{rel}","templated":true}]}}