{"id":7049,"date":"2020-05-15T23:24:51","date_gmt":"2020-06-05T15:11:40","guid":{"rendered":"https:\/\/rendezvousdubai.com\/product\/abu-dhabi-mosquee\/"},"modified":"2025-08-30T19:35:09","modified_gmt":"2025-08-30T15:35:09","slug":"abu-dhabi-mosquee","status":"publish","type":"product","link":"https:\/\/rendezvous-dubai.com\/fr\/produit\/abu-dhabi-mosquee\/","title":{"rendered":"MOSQUEE ABU DHABI"},"content":{"rendered":"<p>Visitez la majestueuse Grande Mosqu\u00e9e Sheikh Zayed qui est l&#8217;un des monuments populaires de la ville d&#8217;Abu Dhabi. Admirez la structure en marbre blanc de la mosqu\u00e9e compos\u00e9e de 82 coupoles, lustres et motifs \u00e0 fleurs.<\/p>\n","protected":false},"excerpt":{"rendered":"<p>Visitez la majestueuse Grande Mosqu\u00e9e Sheikh Zayed qui est l&#8217;un des monuments populaires de la ville d&#8217;Abu Dhabi. Admirez la structure en marbre blanc de la mosqu\u00e9e compos\u00e9e de 82 coupoles, lustres et motifs \u00e0 fleurs.<\/p>\n","protected":false},"featured_media":6494,"comment_status":"open","ping_status":"closed","template":"","meta":{"_joinchat":{"message_send":"*Hello {SITE} !*\nI need more information about the {PRODUCT}..."}},"product_brand":[],"product_cat":[322],"product_tag":[211,300],"class_list":{"0":"post-7049","1":"product","2":"type-product","3":"status-publish","4":"has-post-thumbnail","6":"product_cat-discover","7":"product_tag-abu-dhabi-mosque-fr","8":"product_tag-sheikh-zayed-mosque-fr","9":"holiday_type-children","10":"holiday_type-culture","11":"holiday_type-discovery","12":"holiday_type-family","13":"holiday_type-guided-tours","14":"holiday_type-history","15":"holiday_type-short-breaks","16":"destination-uae","17":"activity_level-leisurely","19":"first","20":"instock","21":"featured","22":"virtual","23":"sold-individually","24":"purchasable","25":"product-type-booking"},"yoast_head":"<!-- This site is optimized with the Yoast SEO plugin v25.8 - https:\/\/yoast.com\/wordpress\/plugins\/seo\/ -->\n<title>Book Now | MOSQUEE ABU DHABI - RENDEZVOUS DUBAI<\/title>\n<meta name=\"description\" content=\"Visitez la majestueuse Grande Mosqu\u00e9e Sheikh Zayed qui est l&#039;un des monuments populaires de la ville d&#039;Abu Dhabi. Admirez la structure en marbre blanc de la mosqu\u00e9e compos\u00e9e de 82 coupoles, lustres et motifs \u00e0 fleurs.\" \/>\n<meta name=\"robots\" content=\"index, follow, max-snippet:-1, max-image-preview:large, max-video-preview:-1\" \/>\n<link rel=\"canonical\" href=\"https:\/\/rendezvous-dubai.com\/fr\/produit\/abu-dhabi-mosquee\/\" \/>\n<meta property=\"og:locale\" content=\"fr_FR\" \/>\n<meta property=\"og:type\" content=\"article\" \/>\n<meta property=\"og:title\" content=\"Book Now | MOSQUEE ABU DHABI - RENDEZVOUS DUBAI\" \/>\n<meta property=\"og:description\" content=\"Visitez la majestueuse Grande Mosqu\u00e9e Sheikh Zayed qui est l&#039;un des monuments populaires de la ville d&#039;Abu Dhabi. Admirez la structure en marbre blanc de la mosqu\u00e9e compos\u00e9e de 82 coupoles, lustres et motifs \u00e0 fleurs.\" \/>\n<meta property=\"og:url\" content=\"https:\/\/rendezvous-dubai.com\/fr\/produit\/abu-dhabi-mosquee\/\" \/>\n<meta property=\"og:site_name\" content=\"RENDEZVOUS DUBAI\" \/>\n<meta property=\"article:publisher\" content=\"https:\/\/www.facebook.com\/rendezvousdubai\" \/>\n<meta property=\"article:modified_time\" content=\"2025-08-30T15:35:09+00:00\" \/>\n<meta property=\"og:image\" content=\"https:\/\/rendezvous-dubai.com\/wp-content\/uploads\/2020\/05\/Sheikh_Zayed_Mosque_view.jpg\" \/>\n\t<meta property=\"og:image:width\" content=\"900\" \/>\n\t<meta property=\"og:image:height\" content=\"900\" \/>\n\t<meta property=\"og:image:type\" content=\"image\/jpeg\" \/>\n<meta name=\"twitter:card\" content=\"summary_large_image\" \/>\n<meta name=\"twitter:label1\" content=\"Est. reading time\" \/>\n\t<meta name=\"twitter:data1\" content=\"1 minute\" \/>\n<script type=\"application\/ld+json\" class=\"yoast-schema-graph\">{\"@context\":\"https:\/\/schema.org\",\"@graph\":[{\"@type\":\"WebPage\",\"@id\":\"https:\/\/rendezvous-dubai.com\/fr\/produit\/abu-dhabi-mosquee\/\",\"url\":\"https:\/\/rendezvous-dubai.com\/fr\/produit\/abu-dhabi-mosquee\/\",\"name\":\"Book Now | MOSQUEE ABU DHABI - RENDEZVOUS DUBAI\",\"isPartOf\":{\"@id\":\"https:\/\/rendezvous-dubai.com\/fr\/#website\"},\"primaryImageOfPage\":{\"@id\":\"https:\/\/rendezvous-dubai.com\/fr\/produit\/abu-dhabi-mosquee\/#primaryimage\"},\"image\":{\"@id\":\"https:\/\/rendezvous-dubai.com\/fr\/produit\/abu-dhabi-mosquee\/#primaryimage\"},\"thumbnailUrl\":\"https:\/\/rendezvous-dubai.com\/wp-content\/uploads\/2020\/05\/Sheikh_Zayed_Mosque_view.jpg\",\"datePublished\":\"2020-06-05T15:11:40+00:00\",\"dateModified\":\"2025-08-30T15:35:09+00:00\",\"description\":\"Visitez la majestueuse Grande Mosqu\u00e9e Sheikh Zayed qui est l'un des monuments populaires de la ville d'Abu Dhabi. Admirez la structure en marbre blanc de la mosqu\u00e9e compos\u00e9e de 82 coupoles, lustres et motifs \u00e0 fleurs.\",\"breadcrumb\":{\"@id\":\"https:\/\/rendezvous-dubai.com\/fr\/produit\/abu-dhabi-mosquee\/#breadcrumb\"},\"inLanguage\":\"fr-FR\",\"potentialAction\":[{\"@type\":\"ReadAction\",\"target\":[\"https:\/\/rendezvous-dubai.com\/fr\/produit\/abu-dhabi-mosquee\/\"]}]},{\"@type\":\"ImageObject\",\"inLanguage\":\"fr-FR\",\"@id\":\"https:\/\/rendezvous-dubai.com\/fr\/produit\/abu-dhabi-mosquee\/#primaryimage\",\"url\":\"https:\/\/rendezvous-dubai.com\/wp-content\/uploads\/2020\/05\/Sheikh_Zayed_Mosque_view.jpg\",\"contentUrl\":\"https:\/\/rendezvous-dubai.com\/wp-content\/uploads\/2020\/05\/Sheikh_Zayed_Mosque_view.jpg\",\"width\":900,\"height\":900,\"caption\":\"Sheikh Zayed Mosqu\u00e9e Abu Dhabi\"},{\"@type\":\"BreadcrumbList\",\"@id\":\"https:\/\/rendezvous-dubai.com\/fr\/produit\/abu-dhabi-mosquee\/#breadcrumb\",\"itemListElement\":[{\"@type\":\"ListItem\",\"position\":1,\"name\":\"Home\",\"item\":\"https:\/\/rendezvous-dubai.com\/fr\/\"},{\"@type\":\"ListItem\",\"position\":2,\"name\":\"Shop\",\"item\":\"https:\/\/rendezvous-dubai.com\/shop\/\"},{\"@type\":\"ListItem\",\"position\":3,\"name\":\"MOSQUEE ABU DHABI\"}]},{\"@type\":\"WebSite\",\"@id\":\"https:\/\/rendezvous-dubai.com\/fr\/#website\",\"url\":\"https:\/\/rendezvous-dubai.com\/fr\/\",\"name\":\"RENDEZVOUS DUBAI\",\"description\":\"Your Event Organizer\",\"publisher\":{\"@id\":\"https:\/\/rendezvous-dubai.com\/fr\/#organization\"},\"potentialAction\":[{\"@type\":\"SearchAction\",\"target\":{\"@type\":\"EntryPoint\",\"urlTemplate\":\"https:\/\/rendezvous-dubai.com\/fr\/?s={search_term_string}\"},\"query-input\":{\"@type\":\"PropertyValueSpecification\",\"valueRequired\":true,\"valueName\":\"search_term_string\"}}],\"inLanguage\":\"fr-FR\"},{\"@type\":\"Organization\",\"@id\":\"https:\/\/rendezvous-dubai.com\/fr\/#organization\",\"name\":\"RENDEZVOUS DUBAI\",\"url\":\"https:\/\/rendezvous-dubai.com\/fr\/\",\"logo\":{\"@type\":\"ImageObject\",\"inLanguage\":\"fr-FR\",\"@id\":\"https:\/\/rendezvous-dubai.com\/fr\/#\/schema\/logo\/image\/\",\"url\":\"https:\/\/i0.wp.com\/rendezvous-dubai.com\/wp-content\/uploads\/2020\/05\/Logo-RDV-Dubai.png?fit=1426%2C1422&ssl=1\",\"contentUrl\":\"https:\/\/i0.wp.com\/rendezvous-dubai.com\/wp-content\/uploads\/2020\/05\/Logo-RDV-Dubai.png?fit=1426%2C1422&ssl=1\",\"width\":1426,\"height\":1422,\"caption\":\"RENDEZVOUS DUBAI\"},\"image\":{\"@id\":\"https:\/\/rendezvous-dubai.com\/fr\/#\/schema\/logo\/image\/\"},\"sameAs\":[\"https:\/\/www.facebook.com\/rendezvousdubai\",\"https:\/\/www.instagram.com\/rendezvousdubai\/\",\"https:\/\/www.youtube.com\/@rendezvousdubai\"]}]}<\/script>\n<!-- \/ Yoast SEO plugin. -->","yoast_head_json":{"title":"Book Now | MOSQUEE ABU DHABI - RENDEZVOUS DUBAI","description":"Visitez la majestueuse Grande Mosqu\u00e9e Sheikh Zayed qui est l'un des monuments populaires de la ville d'Abu Dhabi. Admirez la structure en marbre blanc de la mosqu\u00e9e compos\u00e9e de 82 coupoles, lustres et motifs \u00e0 fleurs.","robots":{"index":"index","follow":"follow","max-snippet":"max-snippet:-1","max-image-preview":"max-image-preview:large","max-video-preview":"max-video-preview:-1"},"canonical":"https:\/\/rendezvous-dubai.com\/fr\/produit\/abu-dhabi-mosquee\/","og_locale":"fr_FR","og_type":"article","og_title":"Book Now | MOSQUEE ABU DHABI - RENDEZVOUS DUBAI","og_description":"Visitez la majestueuse Grande Mosqu\u00e9e Sheikh Zayed qui est l'un des monuments populaires de la ville d'Abu Dhabi. Admirez la structure en marbre blanc de la mosqu\u00e9e compos\u00e9e de 82 coupoles, lustres et motifs \u00e0 fleurs.","og_url":"https:\/\/rendezvous-dubai.com\/fr\/produit\/abu-dhabi-mosquee\/","og_site_name":"RENDEZVOUS DUBAI","article_publisher":"https:\/\/www.facebook.com\/rendezvousdubai","article_modified_time":"2025-08-30T15:35:09+00:00","og_image":[{"width":900,"height":900,"url":"https:\/\/rendezvous-dubai.com\/wp-content\/uploads\/2020\/05\/Sheikh_Zayed_Mosque_view.jpg","type":"image\/jpeg"}],"twitter_card":"summary_large_image","twitter_misc":{"Est. reading time":"1 minute"},"schema":{"@context":"https:\/\/schema.org","@graph":[{"@type":"WebPage","@id":"https:\/\/rendezvous-dubai.com\/fr\/produit\/abu-dhabi-mosquee\/","url":"https:\/\/rendezvous-dubai.com\/fr\/produit\/abu-dhabi-mosquee\/","name":"Book Now | MOSQUEE ABU DHABI - RENDEZVOUS DUBAI","isPartOf":{"@id":"https:\/\/rendezvous-dubai.com\/fr\/#website"},"primaryImageOfPage":{"@id":"https:\/\/rendezvous-dubai.com\/fr\/produit\/abu-dhabi-mosquee\/#primaryimage"},"image":{"@id":"https:\/\/rendezvous-dubai.com\/fr\/produit\/abu-dhabi-mosquee\/#primaryimage"},"thumbnailUrl":"https:\/\/rendezvous-dubai.com\/wp-content\/uploads\/2020\/05\/Sheikh_Zayed_Mosque_view.jpg","datePublished":"2020-06-05T15:11:40+00:00","dateModified":"2025-08-30T15:35:09+00:00","description":"Visitez la majestueuse Grande Mosqu\u00e9e Sheikh Zayed qui est l'un des monuments populaires de la ville d'Abu Dhabi. Admirez la structure en marbre blanc de la mosqu\u00e9e compos\u00e9e de 82 coupoles, lustres et motifs \u00e0 fleurs.","breadcrumb":{"@id":"https:\/\/rendezvous-dubai.com\/fr\/produit\/abu-dhabi-mosquee\/#breadcrumb"},"inLanguage":"fr-FR","potentialAction":[{"@type":"ReadAction","target":["https:\/\/rendezvous-dubai.com\/fr\/produit\/abu-dhabi-mosquee\/"]}]},{"@type":"ImageObject","inLanguage":"fr-FR","@id":"https:\/\/rendezvous-dubai.com\/fr\/produit\/abu-dhabi-mosquee\/#primaryimage","url":"https:\/\/rendezvous-dubai.com\/wp-content\/uploads\/2020\/05\/Sheikh_Zayed_Mosque_view.jpg","contentUrl":"https:\/\/rendezvous-dubai.com\/wp-content\/uploads\/2020\/05\/Sheikh_Zayed_Mosque_view.jpg","width":900,"height":900,"caption":"Sheikh Zayed Mosqu\u00e9e Abu Dhabi"},{"@type":"BreadcrumbList","@id":"https:\/\/rendezvous-dubai.com\/fr\/produit\/abu-dhabi-mosquee\/#breadcrumb","itemListElement":[{"@type":"ListItem","position":1,"name":"Home","item":"https:\/\/rendezvous-dubai.com\/fr\/"},{"@type":"ListItem","position":2,"name":"Shop","item":"https:\/\/rendezvous-dubai.com\/shop\/"},{"@type":"ListItem","position":3,"name":"MOSQUEE ABU DHABI"}]},{"@type":"WebSite","@id":"https:\/\/rendezvous-dubai.com\/fr\/#website","url":"https:\/\/rendezvous-dubai.com\/fr\/","name":"RENDEZVOUS DUBAI","description":"Your Event Organizer","publisher":{"@id":"https:\/\/rendezvous-dubai.com\/fr\/#organization"},"potentialAction":[{"@type":"SearchAction","target":{"@type":"EntryPoint","urlTemplate":"https:\/\/rendezvous-dubai.com\/fr\/?s={search_term_string}"},"query-input":{"@type":"PropertyValueSpecification","valueRequired":true,"valueName":"search_term_string"}}],"inLanguage":"fr-FR"},{"@type":"Organization","@id":"https:\/\/rendezvous-dubai.com\/fr\/#organization","name":"RENDEZVOUS DUBAI","url":"https:\/\/rendezvous-dubai.com\/fr\/","logo":{"@type":"ImageObject","inLanguage":"fr-FR","@id":"https:\/\/rendezvous-dubai.com\/fr\/#\/schema\/logo\/image\/","url":"https:\/\/i0.wp.com\/rendezvous-dubai.com\/wp-content\/uploads\/2020\/05\/Logo-RDV-Dubai.png?fit=1426%2C1422&ssl=1","contentUrl":"https:\/\/i0.wp.com\/rendezvous-dubai.com\/wp-content\/uploads\/2020\/05\/Logo-RDV-Dubai.png?fit=1426%2C1422&ssl=1","width":1426,"height":1422,"caption":"RENDEZVOUS DUBAI"},"image":{"@id":"https:\/\/rendezvous-dubai.com\/fr\/#\/schema\/logo\/image\/"},"sameAs":["https:\/\/www.facebook.com\/rendezvousdubai","https:\/\/www.instagram.com\/rendezvousdubai\/","https:\/\/www.youtube.com\/@rendezvousdubai"]}]}},"jetpack_sharing_enabled":true,"_links":{"self":[{"href":"https:\/\/rendezvous-dubai.com\/fr\/wp-json\/wp\/v2\/product\/7049","targetHints":{"allow":["GET"]}}],"collection":[{"href":"https:\/\/rendezvous-dubai.com\/fr\/wp-json\/wp\/v2\/product"}],"about":[{"href":"https:\/\/rendezvous-dubai.com\/fr\/wp-json\/wp\/v2\/types\/product"}],"replies":[{"embeddable":true,"href":"https:\/\/rendezvous-dubai.com\/fr\/wp-json\/wp\/v2\/comments?post=7049"}],"wp:featuredmedia":[{"embeddable":true,"href":"https:\/\/rendezvous-dubai.com\/fr\/wp-json\/wp\/v2\/media\/6494"}],"wp:attachment":[{"href":"https:\/\/rendezvous-dubai.com\/fr\/wp-json\/wp\/v2\/media?parent=7049"}],"wp:term":[{"taxonomy":"product_brand","embeddable":true,"href":"https:\/\/rendezvous-dubai.com\/fr\/wp-json\/wp\/v2\/product_brand?post=7049"},{"taxonomy":"product_cat","embeddable":true,"href":"https:\/\/rendezvous-dubai.com\/fr\/wp-json\/wp\/v2\/product_cat?post=7049"},{"taxonomy":"product_tag","embeddable":true,"href":"https:\/\/rendezvous-dubai.com\/fr\/wp-json\/wp\/v2\/product_tag?post=7049"}],"curies":[{"name":"wp","href":"https:\/\/api.w.org\/{rel}","templated":true}]}}