{"id":7048,"date":"2020-05-18T01:08:38","date_gmt":"2020-06-05T15:10:23","guid":{"rendered":"https:\/\/rendezvousdubai.com\/product\/croisiere-diner\/"},"modified":"2025-08-30T19:07:05","modified_gmt":"2025-08-30T15:07:05","slug":"diner-croisiere","status":"publish","type":"product","link":"https:\/\/rendezvous-dubai.com\/fr\/produit\/diner-croisiere\/","title":{"rendered":"D\u00ceNER CROISI\u00c8RE"},"content":{"rendered":"<p>Ce bateau traditionnel vous offrira les meilleures vues de Duba\u00ef moderne sous les angles les plus inattendus. Soyez t\u00e9moin des architectures glorieuses de Duba\u00ef que le monde reconna\u00eet pendant que vous vous r\u00e9galez de cuisines internationales.<\/p>\n","protected":false},"excerpt":{"rendered":"<p>Ce bateau traditionnel vous offrira les meilleures vues de Duba\u00ef moderne sous les angles les plus inattendus. Soyez t\u00e9moin des architectures glorieuses de Duba\u00ef que le monde reconna\u00eet pendant que vous vous r\u00e9galez de cuisines internationales.<\/p>\n","protected":false},"featured_media":6516,"comment_status":"open","ping_status":"closed","template":"","meta":{"_joinchat":{"message_send":"*Hello {SITE} !*\nI need more information about the {PRODUCT}..."}},"product_brand":[],"product_cat":[318],"product_tag":[294,284],"class_list":{"0":"post-7048","1":"product","2":"type-product","3":"status-publish","4":"has-post-thumbnail","6":"product_cat-aqua","7":"product_tag-dhow-cruise-fr","8":"product_tag-dubai-marina-fr","9":"holiday_type-children","10":"holiday_type-discovery","11":"holiday_type-family","12":"holiday_type-guided-tours","13":"holiday_type-short-breaks","14":"destination-uae","15":"activity_level-leisurely","17":"first","18":"instock","19":"virtual","20":"sold-individually","21":"purchasable","22":"product-type-booking"},"yoast_head":"<!-- This site is optimized with the Yoast SEO plugin v25.8 - https:\/\/yoast.com\/wordpress\/plugins\/seo\/ -->\n<title>Book Now | D\u00ceNER CROISI\u00c8RE - RENDEZVOUS DUBAI<\/title>\n<meta name=\"description\" content=\"Ce bateau traditionnel vous offrira les meilleures vues de Duba\u00ef moderne sous les angles les plus inattendus.\" \/>\n<meta name=\"robots\" content=\"index, follow, max-snippet:-1, max-image-preview:large, max-video-preview:-1\" \/>\n<link rel=\"canonical\" href=\"https:\/\/rendezvous-dubai.com\/fr\/produit\/diner-croisiere\/\" \/>\n<meta property=\"og:locale\" content=\"fr_FR\" \/>\n<meta property=\"og:type\" content=\"article\" \/>\n<meta property=\"og:title\" content=\"Book Now | D\u00ceNER CROISI\u00c8RE - RENDEZVOUS DUBAI\" \/>\n<meta property=\"og:description\" content=\"Ce bateau traditionnel vous offrira les meilleures vues de Duba\u00ef moderne sous les angles les plus inattendus.\" \/>\n<meta property=\"og:url\" content=\"https:\/\/rendezvous-dubai.com\/fr\/produit\/diner-croisiere\/\" \/>\n<meta property=\"og:site_name\" content=\"RENDEZVOUS DUBAI\" \/>\n<meta property=\"article:publisher\" content=\"https:\/\/www.facebook.com\/rendezvousdubai\" \/>\n<meta property=\"article:modified_time\" content=\"2025-08-30T15:07:05+00:00\" \/>\n<meta property=\"og:image\" content=\"https:\/\/rendezvous-dubai.com\/wp-content\/uploads\/2020\/05\/146902656501-Dhow-Marina.jpg\" \/>\n\t<meta property=\"og:image:width\" content=\"1000\" \/>\n\t<meta property=\"og:image:height\" content=\"700\" \/>\n\t<meta property=\"og:image:type\" content=\"image\/jpeg\" \/>\n<meta name=\"twitter:card\" content=\"summary_large_image\" \/>\n<meta name=\"twitter:label1\" content=\"Est. reading time\" \/>\n\t<meta name=\"twitter:data1\" content=\"1 minute\" \/>\n<script type=\"application\/ld+json\" class=\"yoast-schema-graph\">{\"@context\":\"https:\/\/schema.org\",\"@graph\":[{\"@type\":\"WebPage\",\"@id\":\"https:\/\/rendezvous-dubai.com\/fr\/produit\/diner-croisiere\/\",\"url\":\"https:\/\/rendezvous-dubai.com\/fr\/produit\/diner-croisiere\/\",\"name\":\"Book Now | D\u00ceNER CROISI\u00c8RE - RENDEZVOUS DUBAI\",\"isPartOf\":{\"@id\":\"https:\/\/rendezvous-dubai.com\/fr\/#website\"},\"primaryImageOfPage\":{\"@id\":\"https:\/\/rendezvous-dubai.com\/fr\/produit\/diner-croisiere\/#primaryimage\"},\"image\":{\"@id\":\"https:\/\/rendezvous-dubai.com\/fr\/produit\/diner-croisiere\/#primaryimage\"},\"thumbnailUrl\":\"https:\/\/rendezvous-dubai.com\/wp-content\/uploads\/2020\/05\/146902656501-Dhow-Marina.jpg\",\"datePublished\":\"2020-06-05T15:10:23+00:00\",\"dateModified\":\"2025-08-30T15:07:05+00:00\",\"description\":\"Ce bateau traditionnel vous offrira les meilleures vues de Duba\u00ef moderne sous les angles les plus inattendus.\",\"breadcrumb\":{\"@id\":\"https:\/\/rendezvous-dubai.com\/fr\/produit\/diner-croisiere\/#breadcrumb\"},\"inLanguage\":\"fr-FR\",\"potentialAction\":[{\"@type\":\"ReadAction\",\"target\":[\"https:\/\/rendezvous-dubai.com\/fr\/produit\/diner-croisiere\/\"]}]},{\"@type\":\"ImageObject\",\"inLanguage\":\"fr-FR\",\"@id\":\"https:\/\/rendezvous-dubai.com\/fr\/produit\/diner-croisiere\/#primaryimage\",\"url\":\"https:\/\/rendezvous-dubai.com\/wp-content\/uploads\/2020\/05\/146902656501-Dhow-Marina.jpg\",\"contentUrl\":\"https:\/\/rendezvous-dubai.com\/wp-content\/uploads\/2020\/05\/146902656501-Dhow-Marina.jpg\",\"width\":1000,\"height\":700,\"caption\":\"D\u00eener Croisi\u00e8re Duba\u00ef\"},{\"@type\":\"BreadcrumbList\",\"@id\":\"https:\/\/rendezvous-dubai.com\/fr\/produit\/diner-croisiere\/#breadcrumb\",\"itemListElement\":[{\"@type\":\"ListItem\",\"position\":1,\"name\":\"Home\",\"item\":\"https:\/\/rendezvous-dubai.com\/fr\/\"},{\"@type\":\"ListItem\",\"position\":2,\"name\":\"Shop\",\"item\":\"https:\/\/rendezvous-dubai.com\/shop\/\"},{\"@type\":\"ListItem\",\"position\":3,\"name\":\"D\u00ceNER CROISI\u00c8RE\"}]},{\"@type\":\"WebSite\",\"@id\":\"https:\/\/rendezvous-dubai.com\/fr\/#website\",\"url\":\"https:\/\/rendezvous-dubai.com\/fr\/\",\"name\":\"RENDEZVOUS DUBAI\",\"description\":\"Your Event Organizer\",\"publisher\":{\"@id\":\"https:\/\/rendezvous-dubai.com\/fr\/#organization\"},\"potentialAction\":[{\"@type\":\"SearchAction\",\"target\":{\"@type\":\"EntryPoint\",\"urlTemplate\":\"https:\/\/rendezvous-dubai.com\/fr\/?s={search_term_string}\"},\"query-input\":{\"@type\":\"PropertyValueSpecification\",\"valueRequired\":true,\"valueName\":\"search_term_string\"}}],\"inLanguage\":\"fr-FR\"},{\"@type\":\"Organization\",\"@id\":\"https:\/\/rendezvous-dubai.com\/fr\/#organization\",\"name\":\"RENDEZVOUS DUBAI\",\"url\":\"https:\/\/rendezvous-dubai.com\/fr\/\",\"logo\":{\"@type\":\"ImageObject\",\"inLanguage\":\"fr-FR\",\"@id\":\"https:\/\/rendezvous-dubai.com\/fr\/#\/schema\/logo\/image\/\",\"url\":\"https:\/\/i0.wp.com\/rendezvous-dubai.com\/wp-content\/uploads\/2020\/05\/Logo-RDV-Dubai.png?fit=1426%2C1422&ssl=1\",\"contentUrl\":\"https:\/\/i0.wp.com\/rendezvous-dubai.com\/wp-content\/uploads\/2020\/05\/Logo-RDV-Dubai.png?fit=1426%2C1422&ssl=1\",\"width\":1426,\"height\":1422,\"caption\":\"RENDEZVOUS DUBAI\"},\"image\":{\"@id\":\"https:\/\/rendezvous-dubai.com\/fr\/#\/schema\/logo\/image\/\"},\"sameAs\":[\"https:\/\/www.facebook.com\/rendezvousdubai\",\"https:\/\/www.instagram.com\/rendezvousdubai\/\",\"https:\/\/www.youtube.com\/@rendezvousdubai\"]}]}<\/script>\n<!-- \/ Yoast SEO plugin. -->","yoast_head_json":{"title":"Book Now | D\u00ceNER CROISI\u00c8RE - RENDEZVOUS DUBAI","description":"Ce bateau traditionnel vous offrira les meilleures vues de Duba\u00ef moderne sous les angles les plus inattendus.","robots":{"index":"index","follow":"follow","max-snippet":"max-snippet:-1","max-image-preview":"max-image-preview:large","max-video-preview":"max-video-preview:-1"},"canonical":"https:\/\/rendezvous-dubai.com\/fr\/produit\/diner-croisiere\/","og_locale":"fr_FR","og_type":"article","og_title":"Book Now | D\u00ceNER CROISI\u00c8RE - RENDEZVOUS DUBAI","og_description":"Ce bateau traditionnel vous offrira les meilleures vues de Duba\u00ef moderne sous les angles les plus inattendus.","og_url":"https:\/\/rendezvous-dubai.com\/fr\/produit\/diner-croisiere\/","og_site_name":"RENDEZVOUS DUBAI","article_publisher":"https:\/\/www.facebook.com\/rendezvousdubai","article_modified_time":"2025-08-30T15:07:05+00:00","og_image":[{"width":1000,"height":700,"url":"https:\/\/rendezvous-dubai.com\/wp-content\/uploads\/2020\/05\/146902656501-Dhow-Marina.jpg","type":"image\/jpeg"}],"twitter_card":"summary_large_image","twitter_misc":{"Est. reading time":"1 minute"},"schema":{"@context":"https:\/\/schema.org","@graph":[{"@type":"WebPage","@id":"https:\/\/rendezvous-dubai.com\/fr\/produit\/diner-croisiere\/","url":"https:\/\/rendezvous-dubai.com\/fr\/produit\/diner-croisiere\/","name":"Book Now | D\u00ceNER CROISI\u00c8RE - RENDEZVOUS DUBAI","isPartOf":{"@id":"https:\/\/rendezvous-dubai.com\/fr\/#website"},"primaryImageOfPage":{"@id":"https:\/\/rendezvous-dubai.com\/fr\/produit\/diner-croisiere\/#primaryimage"},"image":{"@id":"https:\/\/rendezvous-dubai.com\/fr\/produit\/diner-croisiere\/#primaryimage"},"thumbnailUrl":"https:\/\/rendezvous-dubai.com\/wp-content\/uploads\/2020\/05\/146902656501-Dhow-Marina.jpg","datePublished":"2020-06-05T15:10:23+00:00","dateModified":"2025-08-30T15:07:05+00:00","description":"Ce bateau traditionnel vous offrira les meilleures vues de Duba\u00ef moderne sous les angles les plus inattendus.","breadcrumb":{"@id":"https:\/\/rendezvous-dubai.com\/fr\/produit\/diner-croisiere\/#breadcrumb"},"inLanguage":"fr-FR","potentialAction":[{"@type":"ReadAction","target":["https:\/\/rendezvous-dubai.com\/fr\/produit\/diner-croisiere\/"]}]},{"@type":"ImageObject","inLanguage":"fr-FR","@id":"https:\/\/rendezvous-dubai.com\/fr\/produit\/diner-croisiere\/#primaryimage","url":"https:\/\/rendezvous-dubai.com\/wp-content\/uploads\/2020\/05\/146902656501-Dhow-Marina.jpg","contentUrl":"https:\/\/rendezvous-dubai.com\/wp-content\/uploads\/2020\/05\/146902656501-Dhow-Marina.jpg","width":1000,"height":700,"caption":"D\u00eener Croisi\u00e8re Duba\u00ef"},{"@type":"BreadcrumbList","@id":"https:\/\/rendezvous-dubai.com\/fr\/produit\/diner-croisiere\/#breadcrumb","itemListElement":[{"@type":"ListItem","position":1,"name":"Home","item":"https:\/\/rendezvous-dubai.com\/fr\/"},{"@type":"ListItem","position":2,"name":"Shop","item":"https:\/\/rendezvous-dubai.com\/shop\/"},{"@type":"ListItem","position":3,"name":"D\u00ceNER CROISI\u00c8RE"}]},{"@type":"WebSite","@id":"https:\/\/rendezvous-dubai.com\/fr\/#website","url":"https:\/\/rendezvous-dubai.com\/fr\/","name":"RENDEZVOUS DUBAI","description":"Your Event Organizer","publisher":{"@id":"https:\/\/rendezvous-dubai.com\/fr\/#organization"},"potentialAction":[{"@type":"SearchAction","target":{"@type":"EntryPoint","urlTemplate":"https:\/\/rendezvous-dubai.com\/fr\/?s={search_term_string}"},"query-input":{"@type":"PropertyValueSpecification","valueRequired":true,"valueName":"search_term_string"}}],"inLanguage":"fr-FR"},{"@type":"Organization","@id":"https:\/\/rendezvous-dubai.com\/fr\/#organization","name":"RENDEZVOUS DUBAI","url":"https:\/\/rendezvous-dubai.com\/fr\/","logo":{"@type":"ImageObject","inLanguage":"fr-FR","@id":"https:\/\/rendezvous-dubai.com\/fr\/#\/schema\/logo\/image\/","url":"https:\/\/i0.wp.com\/rendezvous-dubai.com\/wp-content\/uploads\/2020\/05\/Logo-RDV-Dubai.png?fit=1426%2C1422&ssl=1","contentUrl":"https:\/\/i0.wp.com\/rendezvous-dubai.com\/wp-content\/uploads\/2020\/05\/Logo-RDV-Dubai.png?fit=1426%2C1422&ssl=1","width":1426,"height":1422,"caption":"RENDEZVOUS DUBAI"},"image":{"@id":"https:\/\/rendezvous-dubai.com\/fr\/#\/schema\/logo\/image\/"},"sameAs":["https:\/\/www.facebook.com\/rendezvousdubai","https:\/\/www.instagram.com\/rendezvousdubai\/","https:\/\/www.youtube.com\/@rendezvousdubai"]}]}},"jetpack_sharing_enabled":true,"_links":{"self":[{"href":"https:\/\/rendezvous-dubai.com\/fr\/wp-json\/wp\/v2\/product\/7048","targetHints":{"allow":["GET"]}}],"collection":[{"href":"https:\/\/rendezvous-dubai.com\/fr\/wp-json\/wp\/v2\/product"}],"about":[{"href":"https:\/\/rendezvous-dubai.com\/fr\/wp-json\/wp\/v2\/types\/product"}],"replies":[{"embeddable":true,"href":"https:\/\/rendezvous-dubai.com\/fr\/wp-json\/wp\/v2\/comments?post=7048"}],"wp:featuredmedia":[{"embeddable":true,"href":"https:\/\/rendezvous-dubai.com\/fr\/wp-json\/wp\/v2\/media\/6516"}],"wp:attachment":[{"href":"https:\/\/rendezvous-dubai.com\/fr\/wp-json\/wp\/v2\/media?parent=7048"}],"wp:term":[{"taxonomy":"product_brand","embeddable":true,"href":"https:\/\/rendezvous-dubai.com\/fr\/wp-json\/wp\/v2\/product_brand?post=7048"},{"taxonomy":"product_cat","embeddable":true,"href":"https:\/\/rendezvous-dubai.com\/fr\/wp-json\/wp\/v2\/product_cat?post=7048"},{"taxonomy":"product_tag","embeddable":true,"href":"https:\/\/rendezvous-dubai.com\/fr\/wp-json\/wp\/v2\/product_tag?post=7048"}],"curies":[{"name":"wp","href":"https:\/\/api.w.org\/{rel}","templated":true}]}}