{"id":7043,"date":"2020-05-18T02:31:46","date_gmt":"2020-06-05T15:08:49","guid":{"rendered":"https:\/\/rendezvousdubai.com\/product\/tour-helicoptere\/"},"modified":"2025-09-16T18:23:08","modified_gmt":"2025-09-16T14:23:08","slug":"helicoptere-tour","status":"publish","type":"product","link":"https:\/\/rendezvous-dubai.com\/fr\/produit\/helicoptere-tour\/","title":{"rendered":"TOUR H\u00c9LICOPT\u00c8RE"},"content":{"rendered":"<p>La visite en h\u00e9licopt\u00e8re est l&#8217;occasion de d\u00e9couvrir Duba\u00ef sous un nouvel angle tout en ayant la sensation incroyable de voler. La visite en h\u00e9licopt\u00e8re est l&#8217;occasion de d\u00e9couvrir Duba\u00ef sous un nouvel angle tout en ayant la sensation incroyable de voler.<\/p>\n","protected":false},"excerpt":{"rendered":"<p>La visite en h\u00e9licopt\u00e8re est l&#8217;occasion de d\u00e9couvrir Duba\u00ef sous un nouvel angle tout en ayant la sensation incroyable de voler. La visite en h\u00e9licopt\u00e8re est l&#8217;occasion de d\u00e9couvrir Duba\u00ef sous un nouvel angle tout en ayant la sensation incroyable de voler.<\/p>\n","protected":false},"featured_media":6528,"comment_status":"open","ping_status":"closed","template":"","meta":{"_joinchat":{"message_send":"*Hello {SITE} !*\nI need more information about the {PRODUCT}..."}},"product_brand":[],"product_cat":[322],"product_tag":[278],"class_list":{"0":"post-7043","1":"product","2":"type-product","3":"status-publish","4":"has-post-thumbnail","6":"product_cat-discover","7":"product_tag-helicopter-tour-dubai-fr","8":"holiday_type-children","9":"holiday_type-discovery","10":"holiday_type-family","11":"holiday_type-guided-tours","12":"holiday_type-history","13":"holiday_type-short-breaks","14":"destination-uae","15":"activity_level-ultimate","17":"first","18":"instock","19":"featured","20":"virtual","21":"sold-individually","22":"purchasable","23":"product-type-booking"},"yoast_head":"<!-- This site is optimized with the Yoast SEO plugin v25.8 - https:\/\/yoast.com\/wordpress\/plugins\/seo\/ -->\n<title>Book Now | TOUR H\u00c9LICOPT\u00c8RE - RENDEZVOUS DUBAI<\/title>\n<meta name=\"description\" content=\"La visite en h\u00e9licopt\u00e8re est l&#039;occasion de d\u00e9couvrir Duba\u00ef sous un nouvel angle tout en ayant la sensation incroyable de voler. La visite en h\u00e9licopt\u00e8re est l&#039;occasion de d\u00e9couvrir Duba\u00ef sous un nouvel angle tout en ayant la sensation incroyable de voler.\" \/>\n<meta name=\"robots\" content=\"index, follow, max-snippet:-1, max-image-preview:large, max-video-preview:-1\" \/>\n<link rel=\"canonical\" href=\"https:\/\/rendezvous-dubai.com\/fr\/produit\/helicoptere-tour\/\" \/>\n<meta property=\"og:locale\" content=\"fr_FR\" \/>\n<meta property=\"og:type\" content=\"article\" \/>\n<meta property=\"og:title\" content=\"Book Now | TOUR H\u00c9LICOPT\u00c8RE - RENDEZVOUS DUBAI\" \/>\n<meta property=\"og:description\" content=\"La visite en h\u00e9licopt\u00e8re est l&#039;occasion de d\u00e9couvrir Duba\u00ef sous un nouvel angle tout en ayant la sensation incroyable de voler. La visite en h\u00e9licopt\u00e8re est l&#039;occasion de d\u00e9couvrir Duba\u00ef sous un nouvel angle tout en ayant la sensation incroyable de voler.\" \/>\n<meta property=\"og:url\" content=\"https:\/\/rendezvous-dubai.com\/fr\/produit\/helicoptere-tour\/\" \/>\n<meta property=\"og:site_name\" content=\"RENDEZVOUS DUBAI\" \/>\n<meta property=\"article:publisher\" content=\"https:\/\/www.facebook.com\/rendezvousdubai\" \/>\n<meta property=\"article:modified_time\" content=\"2025-09-16T14:23:08+00:00\" \/>\n<meta property=\"og:image\" content=\"https:\/\/rendezvous-dubai.com\/wp-content\/uploads\/2020\/05\/City-skyline-helicopter-tours-in-Dubai.jpg\" \/>\n\t<meta property=\"og:image:width\" content=\"800\" \/>\n\t<meta property=\"og:image:height\" content=\"534\" \/>\n\t<meta property=\"og:image:type\" content=\"image\/jpeg\" \/>\n<meta name=\"twitter:card\" content=\"summary_large_image\" \/>\n<meta name=\"twitter:label1\" content=\"Est. reading time\" \/>\n\t<meta name=\"twitter:data1\" content=\"1 minute\" \/>\n<script type=\"application\/ld+json\" class=\"yoast-schema-graph\">{\"@context\":\"https:\/\/schema.org\",\"@graph\":[{\"@type\":\"WebPage\",\"@id\":\"https:\/\/rendezvous-dubai.com\/fr\/produit\/helicoptere-tour\/\",\"url\":\"https:\/\/rendezvous-dubai.com\/fr\/produit\/helicoptere-tour\/\",\"name\":\"Book Now | TOUR H\u00c9LICOPT\u00c8RE - RENDEZVOUS DUBAI\",\"isPartOf\":{\"@id\":\"https:\/\/rendezvous-dubai.com\/fr\/#website\"},\"primaryImageOfPage\":{\"@id\":\"https:\/\/rendezvous-dubai.com\/fr\/produit\/helicoptere-tour\/#primaryimage\"},\"image\":{\"@id\":\"https:\/\/rendezvous-dubai.com\/fr\/produit\/helicoptere-tour\/#primaryimage\"},\"thumbnailUrl\":\"https:\/\/rendezvous-dubai.com\/wp-content\/uploads\/2020\/05\/City-skyline-helicopter-tours-in-Dubai.jpg\",\"datePublished\":\"2020-06-05T15:08:49+00:00\",\"dateModified\":\"2025-09-16T14:23:08+00:00\",\"description\":\"La visite en h\u00e9licopt\u00e8re est l'occasion de d\u00e9couvrir Duba\u00ef sous un nouvel angle tout en ayant la sensation incroyable de voler. La visite en h\u00e9licopt\u00e8re est l'occasion de d\u00e9couvrir Duba\u00ef sous un nouvel angle tout en ayant la sensation incroyable de voler.\",\"breadcrumb\":{\"@id\":\"https:\/\/rendezvous-dubai.com\/fr\/produit\/helicoptere-tour\/#breadcrumb\"},\"inLanguage\":\"fr-FR\",\"potentialAction\":[{\"@type\":\"ReadAction\",\"target\":[\"https:\/\/rendezvous-dubai.com\/fr\/produit\/helicoptere-tour\/\"]}]},{\"@type\":\"ImageObject\",\"inLanguage\":\"fr-FR\",\"@id\":\"https:\/\/rendezvous-dubai.com\/fr\/produit\/helicoptere-tour\/#primaryimage\",\"url\":\"https:\/\/rendezvous-dubai.com\/wp-content\/uploads\/2020\/05\/City-skyline-helicopter-tours-in-Dubai.jpg\",\"contentUrl\":\"https:\/\/rendezvous-dubai.com\/wp-content\/uploads\/2020\/05\/City-skyline-helicopter-tours-in-Dubai.jpg\",\"width\":800,\"height\":534,\"caption\":\"Helicoptere Tour Dubai\"},{\"@type\":\"BreadcrumbList\",\"@id\":\"https:\/\/rendezvous-dubai.com\/fr\/produit\/helicoptere-tour\/#breadcrumb\",\"itemListElement\":[{\"@type\":\"ListItem\",\"position\":1,\"name\":\"Home\",\"item\":\"https:\/\/rendezvous-dubai.com\/fr\/\"},{\"@type\":\"ListItem\",\"position\":2,\"name\":\"Shop\",\"item\":\"https:\/\/rendezvous-dubai.com\/shop\/\"},{\"@type\":\"ListItem\",\"position\":3,\"name\":\"TOUR H\u00c9LICOPT\u00c8RE\"}]},{\"@type\":\"WebSite\",\"@id\":\"https:\/\/rendezvous-dubai.com\/fr\/#website\",\"url\":\"https:\/\/rendezvous-dubai.com\/fr\/\",\"name\":\"RENDEZVOUS DUBAI\",\"description\":\"Your Event Organizer\",\"publisher\":{\"@id\":\"https:\/\/rendezvous-dubai.com\/fr\/#organization\"},\"potentialAction\":[{\"@type\":\"SearchAction\",\"target\":{\"@type\":\"EntryPoint\",\"urlTemplate\":\"https:\/\/rendezvous-dubai.com\/fr\/?s={search_term_string}\"},\"query-input\":{\"@type\":\"PropertyValueSpecification\",\"valueRequired\":true,\"valueName\":\"search_term_string\"}}],\"inLanguage\":\"fr-FR\"},{\"@type\":\"Organization\",\"@id\":\"https:\/\/rendezvous-dubai.com\/fr\/#organization\",\"name\":\"RENDEZVOUS DUBAI\",\"url\":\"https:\/\/rendezvous-dubai.com\/fr\/\",\"logo\":{\"@type\":\"ImageObject\",\"inLanguage\":\"fr-FR\",\"@id\":\"https:\/\/rendezvous-dubai.com\/fr\/#\/schema\/logo\/image\/\",\"url\":\"https:\/\/i0.wp.com\/rendezvous-dubai.com\/wp-content\/uploads\/2020\/05\/Logo-RDV-Dubai.png?fit=1426%2C1422&ssl=1\",\"contentUrl\":\"https:\/\/i0.wp.com\/rendezvous-dubai.com\/wp-content\/uploads\/2020\/05\/Logo-RDV-Dubai.png?fit=1426%2C1422&ssl=1\",\"width\":1426,\"height\":1422,\"caption\":\"RENDEZVOUS DUBAI\"},\"image\":{\"@id\":\"https:\/\/rendezvous-dubai.com\/fr\/#\/schema\/logo\/image\/\"},\"sameAs\":[\"https:\/\/www.facebook.com\/rendezvousdubai\",\"https:\/\/www.instagram.com\/rendezvousdubai\/\",\"https:\/\/www.youtube.com\/@rendezvousdubai\"]}]}<\/script>\n<!-- \/ Yoast SEO plugin. -->","yoast_head_json":{"title":"Book Now | TOUR H\u00c9LICOPT\u00c8RE - RENDEZVOUS DUBAI","description":"La visite en h\u00e9licopt\u00e8re est l'occasion de d\u00e9couvrir Duba\u00ef sous un nouvel angle tout en ayant la sensation incroyable de voler. La visite en h\u00e9licopt\u00e8re est l'occasion de d\u00e9couvrir Duba\u00ef sous un nouvel angle tout en ayant la sensation incroyable de voler.","robots":{"index":"index","follow":"follow","max-snippet":"max-snippet:-1","max-image-preview":"max-image-preview:large","max-video-preview":"max-video-preview:-1"},"canonical":"https:\/\/rendezvous-dubai.com\/fr\/produit\/helicoptere-tour\/","og_locale":"fr_FR","og_type":"article","og_title":"Book Now | TOUR H\u00c9LICOPT\u00c8RE - RENDEZVOUS DUBAI","og_description":"La visite en h\u00e9licopt\u00e8re est l'occasion de d\u00e9couvrir Duba\u00ef sous un nouvel angle tout en ayant la sensation incroyable de voler. La visite en h\u00e9licopt\u00e8re est l'occasion de d\u00e9couvrir Duba\u00ef sous un nouvel angle tout en ayant la sensation incroyable de voler.","og_url":"https:\/\/rendezvous-dubai.com\/fr\/produit\/helicoptere-tour\/","og_site_name":"RENDEZVOUS DUBAI","article_publisher":"https:\/\/www.facebook.com\/rendezvousdubai","article_modified_time":"2025-09-16T14:23:08+00:00","og_image":[{"width":800,"height":534,"url":"https:\/\/rendezvous-dubai.com\/wp-content\/uploads\/2020\/05\/City-skyline-helicopter-tours-in-Dubai.jpg","type":"image\/jpeg"}],"twitter_card":"summary_large_image","twitter_misc":{"Est. reading time":"1 minute"},"schema":{"@context":"https:\/\/schema.org","@graph":[{"@type":"WebPage","@id":"https:\/\/rendezvous-dubai.com\/fr\/produit\/helicoptere-tour\/","url":"https:\/\/rendezvous-dubai.com\/fr\/produit\/helicoptere-tour\/","name":"Book Now | TOUR H\u00c9LICOPT\u00c8RE - RENDEZVOUS DUBAI","isPartOf":{"@id":"https:\/\/rendezvous-dubai.com\/fr\/#website"},"primaryImageOfPage":{"@id":"https:\/\/rendezvous-dubai.com\/fr\/produit\/helicoptere-tour\/#primaryimage"},"image":{"@id":"https:\/\/rendezvous-dubai.com\/fr\/produit\/helicoptere-tour\/#primaryimage"},"thumbnailUrl":"https:\/\/rendezvous-dubai.com\/wp-content\/uploads\/2020\/05\/City-skyline-helicopter-tours-in-Dubai.jpg","datePublished":"2020-06-05T15:08:49+00:00","dateModified":"2025-09-16T14:23:08+00:00","description":"La visite en h\u00e9licopt\u00e8re est l'occasion de d\u00e9couvrir Duba\u00ef sous un nouvel angle tout en ayant la sensation incroyable de voler. La visite en h\u00e9licopt\u00e8re est l'occasion de d\u00e9couvrir Duba\u00ef sous un nouvel angle tout en ayant la sensation incroyable de voler.","breadcrumb":{"@id":"https:\/\/rendezvous-dubai.com\/fr\/produit\/helicoptere-tour\/#breadcrumb"},"inLanguage":"fr-FR","potentialAction":[{"@type":"ReadAction","target":["https:\/\/rendezvous-dubai.com\/fr\/produit\/helicoptere-tour\/"]}]},{"@type":"ImageObject","inLanguage":"fr-FR","@id":"https:\/\/rendezvous-dubai.com\/fr\/produit\/helicoptere-tour\/#primaryimage","url":"https:\/\/rendezvous-dubai.com\/wp-content\/uploads\/2020\/05\/City-skyline-helicopter-tours-in-Dubai.jpg","contentUrl":"https:\/\/rendezvous-dubai.com\/wp-content\/uploads\/2020\/05\/City-skyline-helicopter-tours-in-Dubai.jpg","width":800,"height":534,"caption":"Helicoptere Tour Dubai"},{"@type":"BreadcrumbList","@id":"https:\/\/rendezvous-dubai.com\/fr\/produit\/helicoptere-tour\/#breadcrumb","itemListElement":[{"@type":"ListItem","position":1,"name":"Home","item":"https:\/\/rendezvous-dubai.com\/fr\/"},{"@type":"ListItem","position":2,"name":"Shop","item":"https:\/\/rendezvous-dubai.com\/shop\/"},{"@type":"ListItem","position":3,"name":"TOUR H\u00c9LICOPT\u00c8RE"}]},{"@type":"WebSite","@id":"https:\/\/rendezvous-dubai.com\/fr\/#website","url":"https:\/\/rendezvous-dubai.com\/fr\/","name":"RENDEZVOUS DUBAI","description":"Your Event Organizer","publisher":{"@id":"https:\/\/rendezvous-dubai.com\/fr\/#organization"},"potentialAction":[{"@type":"SearchAction","target":{"@type":"EntryPoint","urlTemplate":"https:\/\/rendezvous-dubai.com\/fr\/?s={search_term_string}"},"query-input":{"@type":"PropertyValueSpecification","valueRequired":true,"valueName":"search_term_string"}}],"inLanguage":"fr-FR"},{"@type":"Organization","@id":"https:\/\/rendezvous-dubai.com\/fr\/#organization","name":"RENDEZVOUS DUBAI","url":"https:\/\/rendezvous-dubai.com\/fr\/","logo":{"@type":"ImageObject","inLanguage":"fr-FR","@id":"https:\/\/rendezvous-dubai.com\/fr\/#\/schema\/logo\/image\/","url":"https:\/\/i0.wp.com\/rendezvous-dubai.com\/wp-content\/uploads\/2020\/05\/Logo-RDV-Dubai.png?fit=1426%2C1422&ssl=1","contentUrl":"https:\/\/i0.wp.com\/rendezvous-dubai.com\/wp-content\/uploads\/2020\/05\/Logo-RDV-Dubai.png?fit=1426%2C1422&ssl=1","width":1426,"height":1422,"caption":"RENDEZVOUS DUBAI"},"image":{"@id":"https:\/\/rendezvous-dubai.com\/fr\/#\/schema\/logo\/image\/"},"sameAs":["https:\/\/www.facebook.com\/rendezvousdubai","https:\/\/www.instagram.com\/rendezvousdubai\/","https:\/\/www.youtube.com\/@rendezvousdubai"]}]}},"jetpack_sharing_enabled":true,"_links":{"self":[{"href":"https:\/\/rendezvous-dubai.com\/fr\/wp-json\/wp\/v2\/product\/7043","targetHints":{"allow":["GET"]}}],"collection":[{"href":"https:\/\/rendezvous-dubai.com\/fr\/wp-json\/wp\/v2\/product"}],"about":[{"href":"https:\/\/rendezvous-dubai.com\/fr\/wp-json\/wp\/v2\/types\/product"}],"replies":[{"embeddable":true,"href":"https:\/\/rendezvous-dubai.com\/fr\/wp-json\/wp\/v2\/comments?post=7043"}],"wp:featuredmedia":[{"embeddable":true,"href":"https:\/\/rendezvous-dubai.com\/fr\/wp-json\/wp\/v2\/media\/6528"}],"wp:attachment":[{"href":"https:\/\/rendezvous-dubai.com\/fr\/wp-json\/wp\/v2\/media?parent=7043"}],"wp:term":[{"taxonomy":"product_brand","embeddable":true,"href":"https:\/\/rendezvous-dubai.com\/fr\/wp-json\/wp\/v2\/product_brand?post=7043"},{"taxonomy":"product_cat","embeddable":true,"href":"https:\/\/rendezvous-dubai.com\/fr\/wp-json\/wp\/v2\/product_cat?post=7043"},{"taxonomy":"product_tag","embeddable":true,"href":"https:\/\/rendezvous-dubai.com\/fr\/wp-json\/wp\/v2\/product_tag?post=7043"}],"curies":[{"name":"wp","href":"https:\/\/api.w.org\/{rel}","templated":true}]}}