{"id":7042,"date":"2020-05-19T17:56:42","date_gmt":"2020-06-05T15:07:19","guid":{"rendered":"https:\/\/rendezvousdubai.com\/product\/oman-musandam\/"},"modified":"2025-08-30T19:59:26","modified_gmt":"2025-08-30T15:59:26","slug":"oman-musandam","status":"publish","type":"product","link":"https:\/\/rendezvous-dubai.com\/fr\/produit\/oman-musandam\/","title":{"rendered":"OMAN MUSANDAM"},"content":{"rendered":"<p>D\u00e9couvrez la beaut\u00e9 sauvage de Musandam lors d&#8217;une croisi\u00e8re sur les eaux claires des c\u00e9l\u00e8bres fjords d&#8217;Arabie! Au d\u00e9part de votre h\u00f4tel, voyagez le long de la c\u00f4te ouest des \u00c9mirats jusqu&#8217;\u00e0 Khasab, capitale de la p\u00e9ninsule de Musandam situ\u00e9e au nord d&#8217;Oman.<\/p>\n","protected":false},"excerpt":{"rendered":"<p>D\u00e9couvrez la beaut\u00e9 sauvage de Musandam lors d&#8217;une croisi\u00e8re sur les eaux claires des c\u00e9l\u00e8bres fjords d&#8217;Arabie! Au d\u00e9part de votre h\u00f4tel, voyagez le long de la c\u00f4te ouest des \u00c9mirats jusqu&#8217;\u00e0 Khasab, capitale de la p\u00e9ninsule de Musandam situ\u00e9e au nord d&#8217;Oman.<\/p>\n","protected":false},"featured_media":6532,"comment_status":"open","ping_status":"closed","template":"","meta":{"_joinchat":{"message_send":"*Hello {SITE} !*\nI need more information about the {PRODUCT}..."}},"product_brand":[],"product_cat":[322],"product_tag":[294,292,316,314],"class_list":{"0":"post-7042","1":"product","2":"type-product","3":"status-publish","4":"has-post-thumbnail","6":"product_cat-discover","7":"product_tag-dhow-cruise-fr","8":"product_tag-dolphins-fr","9":"product_tag-musandam-fr","10":"product_tag-oman-fr","11":"holiday_type-children","12":"holiday_type-culture","13":"holiday_type-discovery","14":"holiday_type-family","15":"holiday_type-guided-tours","16":"holiday_type-history","17":"holiday_type-short-breaks","18":"destination-oman","19":"activity_level-moderate","21":"first","22":"instock","23":"featured","24":"virtual","25":"sold-individually","26":"purchasable","27":"product-type-booking"},"yoast_head":"<!-- This site is optimized with the Yoast SEO plugin v25.8 - https:\/\/yoast.com\/wordpress\/plugins\/seo\/ -->\n<title>Book Now | OMAN MUSANDAM - RENDEZVOUS DUBAI<\/title>\n<meta name=\"description\" content=\"D\u00e9couvrez la beaut\u00e9 sauvage de Musandam lors d&#039;une croisi\u00e8re sur les eaux claires des c\u00e9l\u00e8bres fjords d&#039;Arabie! Au d\u00e9part de votre h\u00f4tel, voyagez le long de la c\u00f4te ouest des \u00c9mirats jusqu&#039;\u00e0 Khasab, capitale de la p\u00e9ninsule de Musandam situ\u00e9e au nord d&#039;Oman.\" \/>\n<meta name=\"robots\" content=\"index, follow, max-snippet:-1, max-image-preview:large, max-video-preview:-1\" \/>\n<link rel=\"canonical\" href=\"https:\/\/rendezvous-dubai.com\/fr\/produit\/oman-musandam\/\" \/>\n<meta property=\"og:locale\" content=\"fr_FR\" \/>\n<meta property=\"og:type\" content=\"article\" \/>\n<meta property=\"og:title\" content=\"Book Now | OMAN MUSANDAM - RENDEZVOUS DUBAI\" \/>\n<meta property=\"og:description\" content=\"D\u00e9couvrez la beaut\u00e9 sauvage de Musandam lors d&#039;une croisi\u00e8re sur les eaux claires des c\u00e9l\u00e8bres fjords d&#039;Arabie! Au d\u00e9part de votre h\u00f4tel, voyagez le long de la c\u00f4te ouest des \u00c9mirats jusqu&#039;\u00e0 Khasab, capitale de la p\u00e9ninsule de Musandam situ\u00e9e au nord d&#039;Oman.\" \/>\n<meta property=\"og:url\" content=\"https:\/\/rendezvous-dubai.com\/fr\/produit\/oman-musandam\/\" \/>\n<meta property=\"og:site_name\" content=\"RENDEZVOUS DUBAI\" \/>\n<meta property=\"article:publisher\" content=\"https:\/\/www.facebook.com\/rendezvousdubai\" \/>\n<meta property=\"article:modified_time\" content=\"2025-08-30T15:59:26+00:00\" \/>\n<meta property=\"og:image\" content=\"https:\/\/rendezvous-dubai.com\/wp-content\/uploads\/2020\/05\/80.jpg\" \/>\n\t<meta property=\"og:image:width\" content=\"670\" \/>\n\t<meta property=\"og:image:height\" content=\"446\" \/>\n\t<meta property=\"og:image:type\" content=\"image\/jpeg\" \/>\n<meta name=\"twitter:card\" content=\"summary_large_image\" \/>\n<meta name=\"twitter:label1\" content=\"Est. reading time\" \/>\n\t<meta name=\"twitter:data1\" content=\"1 minute\" \/>\n<script type=\"application\/ld+json\" class=\"yoast-schema-graph\">{\"@context\":\"https:\/\/schema.org\",\"@graph\":[{\"@type\":\"WebPage\",\"@id\":\"https:\/\/rendezvous-dubai.com\/fr\/produit\/oman-musandam\/\",\"url\":\"https:\/\/rendezvous-dubai.com\/fr\/produit\/oman-musandam\/\",\"name\":\"Book Now | OMAN MUSANDAM - RENDEZVOUS DUBAI\",\"isPartOf\":{\"@id\":\"https:\/\/rendezvous-dubai.com\/fr\/#website\"},\"primaryImageOfPage\":{\"@id\":\"https:\/\/rendezvous-dubai.com\/fr\/produit\/oman-musandam\/#primaryimage\"},\"image\":{\"@id\":\"https:\/\/rendezvous-dubai.com\/fr\/produit\/oman-musandam\/#primaryimage\"},\"thumbnailUrl\":\"https:\/\/rendezvous-dubai.com\/wp-content\/uploads\/2020\/05\/80.jpg\",\"datePublished\":\"2020-06-05T15:07:19+00:00\",\"dateModified\":\"2025-08-30T15:59:26+00:00\",\"description\":\"D\u00e9couvrez la beaut\u00e9 sauvage de Musandam lors d'une croisi\u00e8re sur les eaux claires des c\u00e9l\u00e8bres fjords d'Arabie! Au d\u00e9part de votre h\u00f4tel, voyagez le long de la c\u00f4te ouest des \u00c9mirats jusqu'\u00e0 Khasab, capitale de la p\u00e9ninsule de Musandam situ\u00e9e au nord d'Oman.\",\"breadcrumb\":{\"@id\":\"https:\/\/rendezvous-dubai.com\/fr\/produit\/oman-musandam\/#breadcrumb\"},\"inLanguage\":\"fr-FR\",\"potentialAction\":[{\"@type\":\"ReadAction\",\"target\":[\"https:\/\/rendezvous-dubai.com\/fr\/produit\/oman-musandam\/\"]}]},{\"@type\":\"ImageObject\",\"inLanguage\":\"fr-FR\",\"@id\":\"https:\/\/rendezvous-dubai.com\/fr\/produit\/oman-musandam\/#primaryimage\",\"url\":\"https:\/\/rendezvous-dubai.com\/wp-content\/uploads\/2020\/05\/80.jpg\",\"contentUrl\":\"https:\/\/rendezvous-dubai.com\/wp-content\/uploads\/2020\/05\/80.jpg\",\"width\":670,\"height\":446,\"caption\":\"Oman Musandam Dauphins\"},{\"@type\":\"BreadcrumbList\",\"@id\":\"https:\/\/rendezvous-dubai.com\/fr\/produit\/oman-musandam\/#breadcrumb\",\"itemListElement\":[{\"@type\":\"ListItem\",\"position\":1,\"name\":\"Home\",\"item\":\"https:\/\/rendezvous-dubai.com\/fr\/\"},{\"@type\":\"ListItem\",\"position\":2,\"name\":\"Shop\",\"item\":\"https:\/\/rendezvous-dubai.com\/shop\/\"},{\"@type\":\"ListItem\",\"position\":3,\"name\":\"OMAN MUSANDAM\"}]},{\"@type\":\"WebSite\",\"@id\":\"https:\/\/rendezvous-dubai.com\/fr\/#website\",\"url\":\"https:\/\/rendezvous-dubai.com\/fr\/\",\"name\":\"RENDEZVOUS DUBAI\",\"description\":\"Your Event Organizer\",\"publisher\":{\"@id\":\"https:\/\/rendezvous-dubai.com\/fr\/#organization\"},\"potentialAction\":[{\"@type\":\"SearchAction\",\"target\":{\"@type\":\"EntryPoint\",\"urlTemplate\":\"https:\/\/rendezvous-dubai.com\/fr\/?s={search_term_string}\"},\"query-input\":{\"@type\":\"PropertyValueSpecification\",\"valueRequired\":true,\"valueName\":\"search_term_string\"}}],\"inLanguage\":\"fr-FR\"},{\"@type\":\"Organization\",\"@id\":\"https:\/\/rendezvous-dubai.com\/fr\/#organization\",\"name\":\"RENDEZVOUS DUBAI\",\"url\":\"https:\/\/rendezvous-dubai.com\/fr\/\",\"logo\":{\"@type\":\"ImageObject\",\"inLanguage\":\"fr-FR\",\"@id\":\"https:\/\/rendezvous-dubai.com\/fr\/#\/schema\/logo\/image\/\",\"url\":\"https:\/\/i0.wp.com\/rendezvous-dubai.com\/wp-content\/uploads\/2020\/05\/Logo-RDV-Dubai.png?fit=1426%2C1422&ssl=1\",\"contentUrl\":\"https:\/\/i0.wp.com\/rendezvous-dubai.com\/wp-content\/uploads\/2020\/05\/Logo-RDV-Dubai.png?fit=1426%2C1422&ssl=1\",\"width\":1426,\"height\":1422,\"caption\":\"RENDEZVOUS DUBAI\"},\"image\":{\"@id\":\"https:\/\/rendezvous-dubai.com\/fr\/#\/schema\/logo\/image\/\"},\"sameAs\":[\"https:\/\/www.facebook.com\/rendezvousdubai\",\"https:\/\/www.instagram.com\/rendezvousdubai\/\",\"https:\/\/www.youtube.com\/@rendezvousdubai\"]}]}<\/script>\n<!-- \/ Yoast SEO plugin. -->","yoast_head_json":{"title":"Book Now | OMAN MUSANDAM - RENDEZVOUS DUBAI","description":"D\u00e9couvrez la beaut\u00e9 sauvage de Musandam lors d'une croisi\u00e8re sur les eaux claires des c\u00e9l\u00e8bres fjords d'Arabie! Au d\u00e9part de votre h\u00f4tel, voyagez le long de la c\u00f4te ouest des \u00c9mirats jusqu'\u00e0 Khasab, capitale de la p\u00e9ninsule de Musandam situ\u00e9e au nord d'Oman.","robots":{"index":"index","follow":"follow","max-snippet":"max-snippet:-1","max-image-preview":"max-image-preview:large","max-video-preview":"max-video-preview:-1"},"canonical":"https:\/\/rendezvous-dubai.com\/fr\/produit\/oman-musandam\/","og_locale":"fr_FR","og_type":"article","og_title":"Book Now | OMAN MUSANDAM - RENDEZVOUS DUBAI","og_description":"D\u00e9couvrez la beaut\u00e9 sauvage de Musandam lors d'une croisi\u00e8re sur les eaux claires des c\u00e9l\u00e8bres fjords d'Arabie! Au d\u00e9part de votre h\u00f4tel, voyagez le long de la c\u00f4te ouest des \u00c9mirats jusqu'\u00e0 Khasab, capitale de la p\u00e9ninsule de Musandam situ\u00e9e au nord d'Oman.","og_url":"https:\/\/rendezvous-dubai.com\/fr\/produit\/oman-musandam\/","og_site_name":"RENDEZVOUS DUBAI","article_publisher":"https:\/\/www.facebook.com\/rendezvousdubai","article_modified_time":"2025-08-30T15:59:26+00:00","og_image":[{"width":670,"height":446,"url":"https:\/\/rendezvous-dubai.com\/wp-content\/uploads\/2020\/05\/80.jpg","type":"image\/jpeg"}],"twitter_card":"summary_large_image","twitter_misc":{"Est. reading time":"1 minute"},"schema":{"@context":"https:\/\/schema.org","@graph":[{"@type":"WebPage","@id":"https:\/\/rendezvous-dubai.com\/fr\/produit\/oman-musandam\/","url":"https:\/\/rendezvous-dubai.com\/fr\/produit\/oman-musandam\/","name":"Book Now | OMAN MUSANDAM - RENDEZVOUS DUBAI","isPartOf":{"@id":"https:\/\/rendezvous-dubai.com\/fr\/#website"},"primaryImageOfPage":{"@id":"https:\/\/rendezvous-dubai.com\/fr\/produit\/oman-musandam\/#primaryimage"},"image":{"@id":"https:\/\/rendezvous-dubai.com\/fr\/produit\/oman-musandam\/#primaryimage"},"thumbnailUrl":"https:\/\/rendezvous-dubai.com\/wp-content\/uploads\/2020\/05\/80.jpg","datePublished":"2020-06-05T15:07:19+00:00","dateModified":"2025-08-30T15:59:26+00:00","description":"D\u00e9couvrez la beaut\u00e9 sauvage de Musandam lors d'une croisi\u00e8re sur les eaux claires des c\u00e9l\u00e8bres fjords d'Arabie! Au d\u00e9part de votre h\u00f4tel, voyagez le long de la c\u00f4te ouest des \u00c9mirats jusqu'\u00e0 Khasab, capitale de la p\u00e9ninsule de Musandam situ\u00e9e au nord d'Oman.","breadcrumb":{"@id":"https:\/\/rendezvous-dubai.com\/fr\/produit\/oman-musandam\/#breadcrumb"},"inLanguage":"fr-FR","potentialAction":[{"@type":"ReadAction","target":["https:\/\/rendezvous-dubai.com\/fr\/produit\/oman-musandam\/"]}]},{"@type":"ImageObject","inLanguage":"fr-FR","@id":"https:\/\/rendezvous-dubai.com\/fr\/produit\/oman-musandam\/#primaryimage","url":"https:\/\/rendezvous-dubai.com\/wp-content\/uploads\/2020\/05\/80.jpg","contentUrl":"https:\/\/rendezvous-dubai.com\/wp-content\/uploads\/2020\/05\/80.jpg","width":670,"height":446,"caption":"Oman Musandam Dauphins"},{"@type":"BreadcrumbList","@id":"https:\/\/rendezvous-dubai.com\/fr\/produit\/oman-musandam\/#breadcrumb","itemListElement":[{"@type":"ListItem","position":1,"name":"Home","item":"https:\/\/rendezvous-dubai.com\/fr\/"},{"@type":"ListItem","position":2,"name":"Shop","item":"https:\/\/rendezvous-dubai.com\/shop\/"},{"@type":"ListItem","position":3,"name":"OMAN MUSANDAM"}]},{"@type":"WebSite","@id":"https:\/\/rendezvous-dubai.com\/fr\/#website","url":"https:\/\/rendezvous-dubai.com\/fr\/","name":"RENDEZVOUS DUBAI","description":"Your Event Organizer","publisher":{"@id":"https:\/\/rendezvous-dubai.com\/fr\/#organization"},"potentialAction":[{"@type":"SearchAction","target":{"@type":"EntryPoint","urlTemplate":"https:\/\/rendezvous-dubai.com\/fr\/?s={search_term_string}"},"query-input":{"@type":"PropertyValueSpecification","valueRequired":true,"valueName":"search_term_string"}}],"inLanguage":"fr-FR"},{"@type":"Organization","@id":"https:\/\/rendezvous-dubai.com\/fr\/#organization","name":"RENDEZVOUS DUBAI","url":"https:\/\/rendezvous-dubai.com\/fr\/","logo":{"@type":"ImageObject","inLanguage":"fr-FR","@id":"https:\/\/rendezvous-dubai.com\/fr\/#\/schema\/logo\/image\/","url":"https:\/\/i0.wp.com\/rendezvous-dubai.com\/wp-content\/uploads\/2020\/05\/Logo-RDV-Dubai.png?fit=1426%2C1422&ssl=1","contentUrl":"https:\/\/i0.wp.com\/rendezvous-dubai.com\/wp-content\/uploads\/2020\/05\/Logo-RDV-Dubai.png?fit=1426%2C1422&ssl=1","width":1426,"height":1422,"caption":"RENDEZVOUS DUBAI"},"image":{"@id":"https:\/\/rendezvous-dubai.com\/fr\/#\/schema\/logo\/image\/"},"sameAs":["https:\/\/www.facebook.com\/rendezvousdubai","https:\/\/www.instagram.com\/rendezvousdubai\/","https:\/\/www.youtube.com\/@rendezvousdubai"]}]}},"jetpack_sharing_enabled":true,"_links":{"self":[{"href":"https:\/\/rendezvous-dubai.com\/fr\/wp-json\/wp\/v2\/product\/7042","targetHints":{"allow":["GET"]}}],"collection":[{"href":"https:\/\/rendezvous-dubai.com\/fr\/wp-json\/wp\/v2\/product"}],"about":[{"href":"https:\/\/rendezvous-dubai.com\/fr\/wp-json\/wp\/v2\/types\/product"}],"replies":[{"embeddable":true,"href":"https:\/\/rendezvous-dubai.com\/fr\/wp-json\/wp\/v2\/comments?post=7042"}],"wp:featuredmedia":[{"embeddable":true,"href":"https:\/\/rendezvous-dubai.com\/fr\/wp-json\/wp\/v2\/media\/6532"}],"wp:attachment":[{"href":"https:\/\/rendezvous-dubai.com\/fr\/wp-json\/wp\/v2\/media?parent=7042"}],"wp:term":[{"taxonomy":"product_brand","embeddable":true,"href":"https:\/\/rendezvous-dubai.com\/fr\/wp-json\/wp\/v2\/product_brand?post=7042"},{"taxonomy":"product_cat","embeddable":true,"href":"https:\/\/rendezvous-dubai.com\/fr\/wp-json\/wp\/v2\/product_cat?post=7042"},{"taxonomy":"product_tag","embeddable":true,"href":"https:\/\/rendezvous-dubai.com\/fr\/wp-json\/wp\/v2\/product_tag?post=7042"}],"curies":[{"name":"wp","href":"https:\/\/api.w.org\/{rel}","templated":true}]}}