{"id":7041,"date":"2020-05-20T00:11:28","date_gmt":"2020-06-05T15:05:36","guid":{"rendered":"https:\/\/rendezvousdubai.com\/product\/jetski-30-min-burj\/"},"modified":"2025-08-30T19:06:01","modified_gmt":"2025-08-30T15:06:01","slug":"jetski-burj","status":"publish","type":"product","link":"https:\/\/rendezvous-dubai.com\/fr\/produit\/jetski-burj\/","title":{"rendered":"JETSKI DUBAI"},"content":{"rendered":"<p>Partons en Jet Ski Tour sur notre tout nouveau Yamaha 1800CC, un Jet Ski de 220 chevaux.<\/p>\n<p>Selon l&#8217;option que vous choisissez, vous vous rendrez aux endroits les plus c\u00e9l\u00e8bres de Duba\u00ef, notamment l&#8217;h\u00f4tel Atlantis, le Burj al Arab, l&#8217;\u00eele Sheikh, la ligne d&#8217;horizon de la marina, l&#8217;\u00eele Bluewaters o\u00f9 se trouve la plus haute roue du monde. Sur le chemin du retour, vous vous arr\u00eaterez pour une superbe photo mettant en vedette la Downtown Skyline et le plus haut b\u00e2timent du monde, le Burj Khalifa.<\/p>\n","protected":false},"excerpt":{"rendered":"<p>Partons en Jet Ski Tour sur notre tout nouveau Yamaha 1800CC, un Jet Ski de 220 chevaux. Selon l&#8217;option que vous choisissez, vous vous rendrez aux endroits les plus c\u00e9l\u00e8bres de Duba\u00ef, notamment l&#8217;h\u00f4tel Atlantis, le Burj al Arab, l&#8217;\u00eele Sheikh, la ligne d&#8217;horizon de la marina, l&#8217;\u00eele Bluewaters o\u00f9 se trouve la plus haute [&hellip;]<\/p>\n","protected":false},"featured_media":6638,"comment_status":"open","ping_status":"closed","template":"","meta":{"_joinchat":{"message_send":"*Hello {SITE} !*\nI need more information about the {PRODUCT}..."}},"product_brand":[],"product_cat":[318],"product_tag":[231,290,256,274],"class_list":{"0":"post-7041","1":"product","2":"type-product","3":"status-publish","4":"has-post-thumbnail","6":"product_cat-aqua","7":"product_tag-burj-al-arab-fr","8":"product_tag-dubai-fr","9":"product_tag-jetski-fr","10":"product_tag-yamaha-fr","11":"holiday_type-cycling","12":"holiday_type-family","13":"holiday_type-guided-tours","14":"holiday_type-short-breaks","15":"destination-uae","16":"activity_level-challenging","18":"first","19":"instock","20":"featured","21":"virtual","22":"sold-individually","23":"purchasable","24":"product-type-booking"},"yoast_head":"<!-- This site is optimized with the Yoast SEO plugin v25.8 - https:\/\/yoast.com\/wordpress\/plugins\/seo\/ -->\n<title>Book Now | JETSKI BURK AL ARAB - RENDEZVOUS DUBAI<\/title>\n<meta name=\"description\" content=\"Partez en jet ski jusqu&#039;au c\u00e9l\u00e8bre Burj al Arab pour un arr\u00eat photo. Une exp\u00e9rience inoubliable sur notre tout nouveau Yamaha 1800CC 220 chevaux.\" \/>\n<meta name=\"robots\" content=\"index, follow, max-snippet:-1, max-image-preview:large, max-video-preview:-1\" \/>\n<link rel=\"canonical\" href=\"https:\/\/rendezvous-dubai.com\/fr\/produit\/jetski-burj\/\" \/>\n<meta property=\"og:locale\" content=\"fr_FR\" \/>\n<meta property=\"og:type\" content=\"article\" \/>\n<meta property=\"og:title\" content=\"Book Now | JETSKI BURK AL ARAB - RENDEZVOUS DUBAI\" \/>\n<meta property=\"og:description\" content=\"Partez en jet ski jusqu&#039;au c\u00e9l\u00e8bre Burj al Arab pour un arr\u00eat photo. Une exp\u00e9rience inoubliable sur notre tout nouveau Yamaha 1800CC 220 chevaux.\" \/>\n<meta property=\"og:url\" content=\"https:\/\/rendezvous-dubai.com\/fr\/produit\/jetski-burj\/\" \/>\n<meta property=\"og:site_name\" content=\"RENDEZVOUS DUBAI\" \/>\n<meta property=\"article:publisher\" content=\"https:\/\/www.facebook.com\/rendezvousdubai\" \/>\n<meta property=\"article:modified_time\" content=\"2025-08-30T15:06:01+00:00\" \/>\n<meta property=\"og:image\" content=\"https:\/\/rendezvous-dubai.com\/wp-content\/uploads\/2020\/05\/c7.jpg\" \/>\n\t<meta property=\"og:image:width\" content=\"669\" \/>\n\t<meta property=\"og:image:height\" content=\"446\" \/>\n\t<meta property=\"og:image:type\" content=\"image\/jpeg\" \/>\n<meta name=\"twitter:card\" content=\"summary_large_image\" \/>\n<meta name=\"twitter:label1\" content=\"Est. reading time\" \/>\n\t<meta name=\"twitter:data1\" content=\"1 minute\" \/>\n<script type=\"application\/ld+json\" class=\"yoast-schema-graph\">{\"@context\":\"https:\/\/schema.org\",\"@graph\":[{\"@type\":\"WebPage\",\"@id\":\"https:\/\/rendezvous-dubai.com\/fr\/produit\/jetski-burj\/\",\"url\":\"https:\/\/rendezvous-dubai.com\/fr\/produit\/jetski-burj\/\",\"name\":\"Book Now | JETSKI BURK AL ARAB - RENDEZVOUS DUBAI\",\"isPartOf\":{\"@id\":\"https:\/\/rendezvous-dubai.com\/fr\/#website\"},\"primaryImageOfPage\":{\"@id\":\"https:\/\/rendezvous-dubai.com\/fr\/produit\/jetski-burj\/#primaryimage\"},\"image\":{\"@id\":\"https:\/\/rendezvous-dubai.com\/fr\/produit\/jetski-burj\/#primaryimage\"},\"thumbnailUrl\":\"https:\/\/rendezvous-dubai.com\/wp-content\/uploads\/2020\/05\/c7.jpg\",\"datePublished\":\"2020-06-05T15:05:36+00:00\",\"dateModified\":\"2025-08-30T15:06:01+00:00\",\"description\":\"Partez en jet ski jusqu'au c\u00e9l\u00e8bre Burj al Arab pour un arr\u00eat photo. Une exp\u00e9rience inoubliable sur notre tout nouveau Yamaha 1800CC 220 chevaux.\",\"breadcrumb\":{\"@id\":\"https:\/\/rendezvous-dubai.com\/fr\/produit\/jetski-burj\/#breadcrumb\"},\"inLanguage\":\"fr-FR\",\"potentialAction\":[{\"@type\":\"ReadAction\",\"target\":[\"https:\/\/rendezvous-dubai.com\/fr\/produit\/jetski-burj\/\"]}]},{\"@type\":\"ImageObject\",\"inLanguage\":\"fr-FR\",\"@id\":\"https:\/\/rendezvous-dubai.com\/fr\/produit\/jetski-burj\/#primaryimage\",\"url\":\"https:\/\/rendezvous-dubai.com\/wp-content\/uploads\/2020\/05\/c7.jpg\",\"contentUrl\":\"https:\/\/rendezvous-dubai.com\/wp-content\/uploads\/2020\/05\/c7.jpg\",\"width\":669,\"height\":446,\"caption\":\"Jetski Dubai Atlantis\"},{\"@type\":\"BreadcrumbList\",\"@id\":\"https:\/\/rendezvous-dubai.com\/fr\/produit\/jetski-burj\/#breadcrumb\",\"itemListElement\":[{\"@type\":\"ListItem\",\"position\":1,\"name\":\"Home\",\"item\":\"https:\/\/rendezvous-dubai.com\/fr\/\"},{\"@type\":\"ListItem\",\"position\":2,\"name\":\"Shop\",\"item\":\"https:\/\/rendezvous-dubai.com\/shop\/\"},{\"@type\":\"ListItem\",\"position\":3,\"name\":\"JETSKI DUBAI\"}]},{\"@type\":\"WebSite\",\"@id\":\"https:\/\/rendezvous-dubai.com\/fr\/#website\",\"url\":\"https:\/\/rendezvous-dubai.com\/fr\/\",\"name\":\"RENDEZVOUS DUBAI\",\"description\":\"Your Event Organizer\",\"publisher\":{\"@id\":\"https:\/\/rendezvous-dubai.com\/fr\/#organization\"},\"potentialAction\":[{\"@type\":\"SearchAction\",\"target\":{\"@type\":\"EntryPoint\",\"urlTemplate\":\"https:\/\/rendezvous-dubai.com\/fr\/?s={search_term_string}\"},\"query-input\":{\"@type\":\"PropertyValueSpecification\",\"valueRequired\":true,\"valueName\":\"search_term_string\"}}],\"inLanguage\":\"fr-FR\"},{\"@type\":\"Organization\",\"@id\":\"https:\/\/rendezvous-dubai.com\/fr\/#organization\",\"name\":\"RENDEZVOUS DUBAI\",\"url\":\"https:\/\/rendezvous-dubai.com\/fr\/\",\"logo\":{\"@type\":\"ImageObject\",\"inLanguage\":\"fr-FR\",\"@id\":\"https:\/\/rendezvous-dubai.com\/fr\/#\/schema\/logo\/image\/\",\"url\":\"https:\/\/i0.wp.com\/rendezvous-dubai.com\/wp-content\/uploads\/2020\/05\/Logo-RDV-Dubai.png?fit=1426%2C1422&ssl=1\",\"contentUrl\":\"https:\/\/i0.wp.com\/rendezvous-dubai.com\/wp-content\/uploads\/2020\/05\/Logo-RDV-Dubai.png?fit=1426%2C1422&ssl=1\",\"width\":1426,\"height\":1422,\"caption\":\"RENDEZVOUS DUBAI\"},\"image\":{\"@id\":\"https:\/\/rendezvous-dubai.com\/fr\/#\/schema\/logo\/image\/\"},\"sameAs\":[\"https:\/\/www.facebook.com\/rendezvousdubai\",\"https:\/\/www.instagram.com\/rendezvousdubai\/\",\"https:\/\/www.youtube.com\/@rendezvousdubai\"]}]}<\/script>\n<!-- \/ Yoast SEO plugin. -->","yoast_head_json":{"title":"Book Now | JETSKI BURK AL ARAB - RENDEZVOUS DUBAI","description":"Partez en jet ski jusqu'au c\u00e9l\u00e8bre Burj al Arab pour un arr\u00eat photo. Une exp\u00e9rience inoubliable sur notre tout nouveau Yamaha 1800CC 220 chevaux.","robots":{"index":"index","follow":"follow","max-snippet":"max-snippet:-1","max-image-preview":"max-image-preview:large","max-video-preview":"max-video-preview:-1"},"canonical":"https:\/\/rendezvous-dubai.com\/fr\/produit\/jetski-burj\/","og_locale":"fr_FR","og_type":"article","og_title":"Book Now | JETSKI BURK AL ARAB - RENDEZVOUS DUBAI","og_description":"Partez en jet ski jusqu'au c\u00e9l\u00e8bre Burj al Arab pour un arr\u00eat photo. Une exp\u00e9rience inoubliable sur notre tout nouveau Yamaha 1800CC 220 chevaux.","og_url":"https:\/\/rendezvous-dubai.com\/fr\/produit\/jetski-burj\/","og_site_name":"RENDEZVOUS DUBAI","article_publisher":"https:\/\/www.facebook.com\/rendezvousdubai","article_modified_time":"2025-08-30T15:06:01+00:00","og_image":[{"width":669,"height":446,"url":"https:\/\/rendezvous-dubai.com\/wp-content\/uploads\/2020\/05\/c7.jpg","type":"image\/jpeg"}],"twitter_card":"summary_large_image","twitter_misc":{"Est. reading time":"1 minute"},"schema":{"@context":"https:\/\/schema.org","@graph":[{"@type":"WebPage","@id":"https:\/\/rendezvous-dubai.com\/fr\/produit\/jetski-burj\/","url":"https:\/\/rendezvous-dubai.com\/fr\/produit\/jetski-burj\/","name":"Book Now | JETSKI BURK AL ARAB - RENDEZVOUS DUBAI","isPartOf":{"@id":"https:\/\/rendezvous-dubai.com\/fr\/#website"},"primaryImageOfPage":{"@id":"https:\/\/rendezvous-dubai.com\/fr\/produit\/jetski-burj\/#primaryimage"},"image":{"@id":"https:\/\/rendezvous-dubai.com\/fr\/produit\/jetski-burj\/#primaryimage"},"thumbnailUrl":"https:\/\/rendezvous-dubai.com\/wp-content\/uploads\/2020\/05\/c7.jpg","datePublished":"2020-06-05T15:05:36+00:00","dateModified":"2025-08-30T15:06:01+00:00","description":"Partez en jet ski jusqu'au c\u00e9l\u00e8bre Burj al Arab pour un arr\u00eat photo. Une exp\u00e9rience inoubliable sur notre tout nouveau Yamaha 1800CC 220 chevaux.","breadcrumb":{"@id":"https:\/\/rendezvous-dubai.com\/fr\/produit\/jetski-burj\/#breadcrumb"},"inLanguage":"fr-FR","potentialAction":[{"@type":"ReadAction","target":["https:\/\/rendezvous-dubai.com\/fr\/produit\/jetski-burj\/"]}]},{"@type":"ImageObject","inLanguage":"fr-FR","@id":"https:\/\/rendezvous-dubai.com\/fr\/produit\/jetski-burj\/#primaryimage","url":"https:\/\/rendezvous-dubai.com\/wp-content\/uploads\/2020\/05\/c7.jpg","contentUrl":"https:\/\/rendezvous-dubai.com\/wp-content\/uploads\/2020\/05\/c7.jpg","width":669,"height":446,"caption":"Jetski Dubai Atlantis"},{"@type":"BreadcrumbList","@id":"https:\/\/rendezvous-dubai.com\/fr\/produit\/jetski-burj\/#breadcrumb","itemListElement":[{"@type":"ListItem","position":1,"name":"Home","item":"https:\/\/rendezvous-dubai.com\/fr\/"},{"@type":"ListItem","position":2,"name":"Shop","item":"https:\/\/rendezvous-dubai.com\/shop\/"},{"@type":"ListItem","position":3,"name":"JETSKI DUBAI"}]},{"@type":"WebSite","@id":"https:\/\/rendezvous-dubai.com\/fr\/#website","url":"https:\/\/rendezvous-dubai.com\/fr\/","name":"RENDEZVOUS DUBAI","description":"Your Event Organizer","publisher":{"@id":"https:\/\/rendezvous-dubai.com\/fr\/#organization"},"potentialAction":[{"@type":"SearchAction","target":{"@type":"EntryPoint","urlTemplate":"https:\/\/rendezvous-dubai.com\/fr\/?s={search_term_string}"},"query-input":{"@type":"PropertyValueSpecification","valueRequired":true,"valueName":"search_term_string"}}],"inLanguage":"fr-FR"},{"@type":"Organization","@id":"https:\/\/rendezvous-dubai.com\/fr\/#organization","name":"RENDEZVOUS DUBAI","url":"https:\/\/rendezvous-dubai.com\/fr\/","logo":{"@type":"ImageObject","inLanguage":"fr-FR","@id":"https:\/\/rendezvous-dubai.com\/fr\/#\/schema\/logo\/image\/","url":"https:\/\/i0.wp.com\/rendezvous-dubai.com\/wp-content\/uploads\/2020\/05\/Logo-RDV-Dubai.png?fit=1426%2C1422&ssl=1","contentUrl":"https:\/\/i0.wp.com\/rendezvous-dubai.com\/wp-content\/uploads\/2020\/05\/Logo-RDV-Dubai.png?fit=1426%2C1422&ssl=1","width":1426,"height":1422,"caption":"RENDEZVOUS DUBAI"},"image":{"@id":"https:\/\/rendezvous-dubai.com\/fr\/#\/schema\/logo\/image\/"},"sameAs":["https:\/\/www.facebook.com\/rendezvousdubai","https:\/\/www.instagram.com\/rendezvousdubai\/","https:\/\/www.youtube.com\/@rendezvousdubai"]}]}},"jetpack_sharing_enabled":true,"_links":{"self":[{"href":"https:\/\/rendezvous-dubai.com\/fr\/wp-json\/wp\/v2\/product\/7041","targetHints":{"allow":["GET"]}}],"collection":[{"href":"https:\/\/rendezvous-dubai.com\/fr\/wp-json\/wp\/v2\/product"}],"about":[{"href":"https:\/\/rendezvous-dubai.com\/fr\/wp-json\/wp\/v2\/types\/product"}],"replies":[{"embeddable":true,"href":"https:\/\/rendezvous-dubai.com\/fr\/wp-json\/wp\/v2\/comments?post=7041"}],"wp:featuredmedia":[{"embeddable":true,"href":"https:\/\/rendezvous-dubai.com\/fr\/wp-json\/wp\/v2\/media\/6638"}],"wp:attachment":[{"href":"https:\/\/rendezvous-dubai.com\/fr\/wp-json\/wp\/v2\/media?parent=7041"}],"wp:term":[{"taxonomy":"product_brand","embeddable":true,"href":"https:\/\/rendezvous-dubai.com\/fr\/wp-json\/wp\/v2\/product_brand?post=7041"},{"taxonomy":"product_cat","embeddable":true,"href":"https:\/\/rendezvous-dubai.com\/fr\/wp-json\/wp\/v2\/product_cat?post=7041"},{"taxonomy":"product_tag","embeddable":true,"href":"https:\/\/rendezvous-dubai.com\/fr\/wp-json\/wp\/v2\/product_tag?post=7041"}],"curies":[{"name":"wp","href":"https:\/\/api.w.org\/{rel}","templated":true}]}}