{"id":7038,"date":"2020-05-20T01:36:30","date_gmt":"2020-06-05T15:03:35","guid":{"rendered":"https:\/\/rendezvousdubai.com\/product\/flyboard-jetpack\/"},"modified":"2025-08-30T19:03:42","modified_gmt":"2025-08-30T15:03:42","slug":"flyboard","status":"publish","type":"product","link":"https:\/\/rendezvous-dubai.com\/fr\/produit\/flyboard\/","title":{"rendered":"FLYBOARD JETPACK"},"content":{"rendered":"<p>Le Flyboard est un type de r\u00e9acteur nautique reli\u00e9 \u00e0 un Jet ski qui fournit de l&#8217;eau sous pression. Enfilez la paire de boots \u00e0 la mani\u00e8re des snowboards et laissez-vous porter par l&#8217;eau sous pression qui vous donne une pouss\u00e9e et vous permet de grimper jusqu&#8217;\u00e0 quinze m\u00e8tres dans les airs.<\/p>\n","protected":false},"excerpt":{"rendered":"<p>Le Flyboard est un type de r\u00e9acteur nautique reli\u00e9 \u00e0 un Jet ski qui fournit de l&#8217;eau sous pression. Enfilez la paire de boots \u00e0 la mani\u00e8re des snowboards et laissez-vous porter par l&#8217;eau sous pression qui vous donne une pouss\u00e9e et vous permet de grimper jusqu&#8217;\u00e0 quinze m\u00e8tres dans les airs.<\/p>\n","protected":false},"featured_media":6644,"comment_status":"open","ping_status":"closed","template":"","meta":{"_joinchat":{"message_send":"*Hello {SITE} !*\nI need more information about the {PRODUCT}..."}},"product_brand":[],"product_cat":[318],"product_tag":[284,281,252,254,256],"class_list":{"0":"post-7038","1":"product","2":"type-product","3":"status-publish","4":"has-post-thumbnail","6":"product_cat-aqua","7":"product_tag-dubai-marina-fr","8":"product_tag-flyboard-fr","9":"product_tag-hoverboard-fr","10":"product_tag-jetpack-fr","11":"product_tag-jetski-fr","12":"holiday_type-discovery","13":"holiday_type-short-breaks","14":"destination-uae","15":"activity_level-ultimate","17":"first","18":"instock","19":"virtual","20":"sold-individually","21":"purchasable","22":"product-type-booking"},"yoast_head":"<!-- This site is optimized with the Yoast SEO plugin v25.8 - https:\/\/yoast.com\/wordpress\/plugins\/seo\/ -->\n<title>Book Now | FLYBOARD JETPACK - RENDEZVOUS DUBAI<\/title>\n<meta name=\"description\" content=\"L&#039;exp\u00e9rience Flyboard est une mont\u00e9e d&#039;adr\u00e9naline garantie. Jusque-l\u00e0, voler \u00e9tait un r\u00eave et un cadeau pour les oiseaux.\" \/>\n<meta name=\"robots\" content=\"index, follow, max-snippet:-1, max-image-preview:large, max-video-preview:-1\" \/>\n<link rel=\"canonical\" href=\"https:\/\/rendezvous-dubai.com\/fr\/produit\/flyboard\/\" \/>\n<meta property=\"og:locale\" content=\"fr_FR\" \/>\n<meta property=\"og:type\" content=\"article\" \/>\n<meta property=\"og:title\" content=\"Book Now | FLYBOARD JETPACK - RENDEZVOUS DUBAI\" \/>\n<meta property=\"og:description\" content=\"L&#039;exp\u00e9rience Flyboard est une mont\u00e9e d&#039;adr\u00e9naline garantie. Jusque-l\u00e0, voler \u00e9tait un r\u00eave et un cadeau pour les oiseaux.\" \/>\n<meta property=\"og:url\" content=\"https:\/\/rendezvous-dubai.com\/fr\/produit\/flyboard\/\" \/>\n<meta property=\"og:site_name\" content=\"RENDEZVOUS DUBAI\" \/>\n<meta property=\"article:publisher\" content=\"https:\/\/www.facebook.com\/rendezvousdubai\" \/>\n<meta property=\"article:modified_time\" content=\"2025-08-30T15:03:42+00:00\" \/>\n<meta property=\"og:image\" content=\"https:\/\/rendezvous-dubai.com\/wp-content\/uploads\/2020\/05\/hoverboard-flyboard-jetovator-jetski-dubai-yacht-dubai-holiday-in-dubai-vol-dubai.jpg\" \/>\n\t<meta property=\"og:image:width\" content=\"1252\" \/>\n\t<meta property=\"og:image:height\" content=\"838\" \/>\n\t<meta property=\"og:image:type\" content=\"image\/jpeg\" \/>\n<meta name=\"twitter:card\" content=\"summary_large_image\" \/>\n<meta name=\"twitter:label1\" content=\"Est. reading time\" \/>\n\t<meta name=\"twitter:data1\" content=\"1 minute\" \/>\n<script type=\"application\/ld+json\" class=\"yoast-schema-graph\">{\"@context\":\"https:\/\/schema.org\",\"@graph\":[{\"@type\":\"WebPage\",\"@id\":\"https:\/\/rendezvous-dubai.com\/fr\/produit\/flyboard\/\",\"url\":\"https:\/\/rendezvous-dubai.com\/fr\/produit\/flyboard\/\",\"name\":\"Book Now | FLYBOARD JETPACK - RENDEZVOUS DUBAI\",\"isPartOf\":{\"@id\":\"https:\/\/rendezvous-dubai.com\/fr\/#website\"},\"primaryImageOfPage\":{\"@id\":\"https:\/\/rendezvous-dubai.com\/fr\/produit\/flyboard\/#primaryimage\"},\"image\":{\"@id\":\"https:\/\/rendezvous-dubai.com\/fr\/produit\/flyboard\/#primaryimage\"},\"thumbnailUrl\":\"https:\/\/rendezvous-dubai.com\/wp-content\/uploads\/2020\/05\/hoverboard-flyboard-jetovator-jetski-dubai-yacht-dubai-holiday-in-dubai-vol-dubai.jpg\",\"datePublished\":\"2020-06-05T15:03:35+00:00\",\"dateModified\":\"2025-08-30T15:03:42+00:00\",\"description\":\"L'exp\u00e9rience Flyboard est une mont\u00e9e d'adr\u00e9naline garantie. Jusque-l\u00e0, voler \u00e9tait un r\u00eave et un cadeau pour les oiseaux.\",\"breadcrumb\":{\"@id\":\"https:\/\/rendezvous-dubai.com\/fr\/produit\/flyboard\/#breadcrumb\"},\"inLanguage\":\"fr-FR\",\"potentialAction\":[{\"@type\":\"ReadAction\",\"target\":[\"https:\/\/rendezvous-dubai.com\/fr\/produit\/flyboard\/\"]}]},{\"@type\":\"ImageObject\",\"inLanguage\":\"fr-FR\",\"@id\":\"https:\/\/rendezvous-dubai.com\/fr\/produit\/flyboard\/#primaryimage\",\"url\":\"https:\/\/rendezvous-dubai.com\/wp-content\/uploads\/2020\/05\/hoverboard-flyboard-jetovator-jetski-dubai-yacht-dubai-holiday-in-dubai-vol-dubai.jpg\",\"contentUrl\":\"https:\/\/rendezvous-dubai.com\/wp-content\/uploads\/2020\/05\/hoverboard-flyboard-jetovator-jetski-dubai-yacht-dubai-holiday-in-dubai-vol-dubai.jpg\",\"width\":1252,\"height\":838,\"caption\":\"Flyboard Jetpack Dubai\"},{\"@type\":\"BreadcrumbList\",\"@id\":\"https:\/\/rendezvous-dubai.com\/fr\/produit\/flyboard\/#breadcrumb\",\"itemListElement\":[{\"@type\":\"ListItem\",\"position\":1,\"name\":\"Home\",\"item\":\"https:\/\/rendezvous-dubai.com\/fr\/\"},{\"@type\":\"ListItem\",\"position\":2,\"name\":\"Shop\",\"item\":\"https:\/\/rendezvous-dubai.com\/shop\/\"},{\"@type\":\"ListItem\",\"position\":3,\"name\":\"FLYBOARD JETPACK\"}]},{\"@type\":\"WebSite\",\"@id\":\"https:\/\/rendezvous-dubai.com\/fr\/#website\",\"url\":\"https:\/\/rendezvous-dubai.com\/fr\/\",\"name\":\"RENDEZVOUS DUBAI\",\"description\":\"Your Event Organizer\",\"publisher\":{\"@id\":\"https:\/\/rendezvous-dubai.com\/fr\/#organization\"},\"potentialAction\":[{\"@type\":\"SearchAction\",\"target\":{\"@type\":\"EntryPoint\",\"urlTemplate\":\"https:\/\/rendezvous-dubai.com\/fr\/?s={search_term_string}\"},\"query-input\":{\"@type\":\"PropertyValueSpecification\",\"valueRequired\":true,\"valueName\":\"search_term_string\"}}],\"inLanguage\":\"fr-FR\"},{\"@type\":\"Organization\",\"@id\":\"https:\/\/rendezvous-dubai.com\/fr\/#organization\",\"name\":\"RENDEZVOUS DUBAI\",\"url\":\"https:\/\/rendezvous-dubai.com\/fr\/\",\"logo\":{\"@type\":\"ImageObject\",\"inLanguage\":\"fr-FR\",\"@id\":\"https:\/\/rendezvous-dubai.com\/fr\/#\/schema\/logo\/image\/\",\"url\":\"https:\/\/i0.wp.com\/rendezvous-dubai.com\/wp-content\/uploads\/2020\/05\/Logo-RDV-Dubai.png?fit=1426%2C1422&ssl=1\",\"contentUrl\":\"https:\/\/i0.wp.com\/rendezvous-dubai.com\/wp-content\/uploads\/2020\/05\/Logo-RDV-Dubai.png?fit=1426%2C1422&ssl=1\",\"width\":1426,\"height\":1422,\"caption\":\"RENDEZVOUS DUBAI\"},\"image\":{\"@id\":\"https:\/\/rendezvous-dubai.com\/fr\/#\/schema\/logo\/image\/\"},\"sameAs\":[\"https:\/\/www.facebook.com\/rendezvousdubai\",\"https:\/\/www.instagram.com\/rendezvousdubai\/\",\"https:\/\/www.youtube.com\/@rendezvousdubai\"]}]}<\/script>\n<!-- \/ Yoast SEO plugin. -->","yoast_head_json":{"title":"Book Now | FLYBOARD JETPACK - RENDEZVOUS DUBAI","description":"L'exp\u00e9rience Flyboard est une mont\u00e9e d'adr\u00e9naline garantie. Jusque-l\u00e0, voler \u00e9tait un r\u00eave et un cadeau pour les oiseaux.","robots":{"index":"index","follow":"follow","max-snippet":"max-snippet:-1","max-image-preview":"max-image-preview:large","max-video-preview":"max-video-preview:-1"},"canonical":"https:\/\/rendezvous-dubai.com\/fr\/produit\/flyboard\/","og_locale":"fr_FR","og_type":"article","og_title":"Book Now | FLYBOARD JETPACK - RENDEZVOUS DUBAI","og_description":"L'exp\u00e9rience Flyboard est une mont\u00e9e d'adr\u00e9naline garantie. Jusque-l\u00e0, voler \u00e9tait un r\u00eave et un cadeau pour les oiseaux.","og_url":"https:\/\/rendezvous-dubai.com\/fr\/produit\/flyboard\/","og_site_name":"RENDEZVOUS DUBAI","article_publisher":"https:\/\/www.facebook.com\/rendezvousdubai","article_modified_time":"2025-08-30T15:03:42+00:00","og_image":[{"width":1252,"height":838,"url":"https:\/\/rendezvous-dubai.com\/wp-content\/uploads\/2020\/05\/hoverboard-flyboard-jetovator-jetski-dubai-yacht-dubai-holiday-in-dubai-vol-dubai.jpg","type":"image\/jpeg"}],"twitter_card":"summary_large_image","twitter_misc":{"Est. reading time":"1 minute"},"schema":{"@context":"https:\/\/schema.org","@graph":[{"@type":"WebPage","@id":"https:\/\/rendezvous-dubai.com\/fr\/produit\/flyboard\/","url":"https:\/\/rendezvous-dubai.com\/fr\/produit\/flyboard\/","name":"Book Now | FLYBOARD JETPACK - RENDEZVOUS DUBAI","isPartOf":{"@id":"https:\/\/rendezvous-dubai.com\/fr\/#website"},"primaryImageOfPage":{"@id":"https:\/\/rendezvous-dubai.com\/fr\/produit\/flyboard\/#primaryimage"},"image":{"@id":"https:\/\/rendezvous-dubai.com\/fr\/produit\/flyboard\/#primaryimage"},"thumbnailUrl":"https:\/\/rendezvous-dubai.com\/wp-content\/uploads\/2020\/05\/hoverboard-flyboard-jetovator-jetski-dubai-yacht-dubai-holiday-in-dubai-vol-dubai.jpg","datePublished":"2020-06-05T15:03:35+00:00","dateModified":"2025-08-30T15:03:42+00:00","description":"L'exp\u00e9rience Flyboard est une mont\u00e9e d'adr\u00e9naline garantie. Jusque-l\u00e0, voler \u00e9tait un r\u00eave et un cadeau pour les oiseaux.","breadcrumb":{"@id":"https:\/\/rendezvous-dubai.com\/fr\/produit\/flyboard\/#breadcrumb"},"inLanguage":"fr-FR","potentialAction":[{"@type":"ReadAction","target":["https:\/\/rendezvous-dubai.com\/fr\/produit\/flyboard\/"]}]},{"@type":"ImageObject","inLanguage":"fr-FR","@id":"https:\/\/rendezvous-dubai.com\/fr\/produit\/flyboard\/#primaryimage","url":"https:\/\/rendezvous-dubai.com\/wp-content\/uploads\/2020\/05\/hoverboard-flyboard-jetovator-jetski-dubai-yacht-dubai-holiday-in-dubai-vol-dubai.jpg","contentUrl":"https:\/\/rendezvous-dubai.com\/wp-content\/uploads\/2020\/05\/hoverboard-flyboard-jetovator-jetski-dubai-yacht-dubai-holiday-in-dubai-vol-dubai.jpg","width":1252,"height":838,"caption":"Flyboard Jetpack Dubai"},{"@type":"BreadcrumbList","@id":"https:\/\/rendezvous-dubai.com\/fr\/produit\/flyboard\/#breadcrumb","itemListElement":[{"@type":"ListItem","position":1,"name":"Home","item":"https:\/\/rendezvous-dubai.com\/fr\/"},{"@type":"ListItem","position":2,"name":"Shop","item":"https:\/\/rendezvous-dubai.com\/shop\/"},{"@type":"ListItem","position":3,"name":"FLYBOARD JETPACK"}]},{"@type":"WebSite","@id":"https:\/\/rendezvous-dubai.com\/fr\/#website","url":"https:\/\/rendezvous-dubai.com\/fr\/","name":"RENDEZVOUS DUBAI","description":"Your Event Organizer","publisher":{"@id":"https:\/\/rendezvous-dubai.com\/fr\/#organization"},"potentialAction":[{"@type":"SearchAction","target":{"@type":"EntryPoint","urlTemplate":"https:\/\/rendezvous-dubai.com\/fr\/?s={search_term_string}"},"query-input":{"@type":"PropertyValueSpecification","valueRequired":true,"valueName":"search_term_string"}}],"inLanguage":"fr-FR"},{"@type":"Organization","@id":"https:\/\/rendezvous-dubai.com\/fr\/#organization","name":"RENDEZVOUS DUBAI","url":"https:\/\/rendezvous-dubai.com\/fr\/","logo":{"@type":"ImageObject","inLanguage":"fr-FR","@id":"https:\/\/rendezvous-dubai.com\/fr\/#\/schema\/logo\/image\/","url":"https:\/\/i0.wp.com\/rendezvous-dubai.com\/wp-content\/uploads\/2020\/05\/Logo-RDV-Dubai.png?fit=1426%2C1422&ssl=1","contentUrl":"https:\/\/i0.wp.com\/rendezvous-dubai.com\/wp-content\/uploads\/2020\/05\/Logo-RDV-Dubai.png?fit=1426%2C1422&ssl=1","width":1426,"height":1422,"caption":"RENDEZVOUS DUBAI"},"image":{"@id":"https:\/\/rendezvous-dubai.com\/fr\/#\/schema\/logo\/image\/"},"sameAs":["https:\/\/www.facebook.com\/rendezvousdubai","https:\/\/www.instagram.com\/rendezvousdubai\/","https:\/\/www.youtube.com\/@rendezvousdubai"]}]}},"jetpack_sharing_enabled":true,"_links":{"self":[{"href":"https:\/\/rendezvous-dubai.com\/fr\/wp-json\/wp\/v2\/product\/7038","targetHints":{"allow":["GET"]}}],"collection":[{"href":"https:\/\/rendezvous-dubai.com\/fr\/wp-json\/wp\/v2\/product"}],"about":[{"href":"https:\/\/rendezvous-dubai.com\/fr\/wp-json\/wp\/v2\/types\/product"}],"replies":[{"embeddable":true,"href":"https:\/\/rendezvous-dubai.com\/fr\/wp-json\/wp\/v2\/comments?post=7038"}],"wp:featuredmedia":[{"embeddable":true,"href":"https:\/\/rendezvous-dubai.com\/fr\/wp-json\/wp\/v2\/media\/6644"}],"wp:attachment":[{"href":"https:\/\/rendezvous-dubai.com\/fr\/wp-json\/wp\/v2\/media?parent=7038"}],"wp:term":[{"taxonomy":"product_brand","embeddable":true,"href":"https:\/\/rendezvous-dubai.com\/fr\/wp-json\/wp\/v2\/product_brand?post=7038"},{"taxonomy":"product_cat","embeddable":true,"href":"https:\/\/rendezvous-dubai.com\/fr\/wp-json\/wp\/v2\/product_cat?post=7038"},{"taxonomy":"product_tag","embeddable":true,"href":"https:\/\/rendezvous-dubai.com\/fr\/wp-json\/wp\/v2\/product_tag?post=7038"}],"curies":[{"name":"wp","href":"https:\/\/api.w.org\/{rel}","templated":true}]}}