{"id":7037,"date":"2020-05-20T20:59:25","date_gmt":"2020-06-05T15:01:19","guid":{"rendered":"https:\/\/rendezvousdubai.com\/product\/atlantis-park\/"},"modified":"2025-08-30T19:00:58","modified_gmt":"2025-08-30T15:00:58","slug":"atlantis-waterpark","status":"publish","type":"product","link":"https:\/\/rendezvous-dubai.com\/fr\/produit\/atlantis-waterpark\/","title":{"rendered":"ATLANTIS AQUAVENTURE"},"content":{"rendered":"<p>Atlantis Waterpark est le parc aquatique le plus c\u00e9l\u00e8bre de Duba\u00ef. Au sein de l&#8217;Aquaventure vous pourrez profiter de toboggans dont certains sont tr\u00e8s vertigineux. Vous trouverez \u00e9galement des rivi\u00e8res agit\u00e9es sur lesquelles vous pourrez naviguer. Avec les bou\u00e9es vous pourrez d\u00e9valer d&#8217;autres toboggans en famille, en couple ou entre amis.<\/p>\n","protected":false},"excerpt":{"rendered":"<p>Atlantis Waterpark est le parc aquatique le plus c\u00e9l\u00e8bre de Duba\u00ef. Au sein de l&#8217;Aquaventure vous pourrez profiter de toboggans dont certains sont tr\u00e8s vertigineux. Vous trouverez \u00e9galement des rivi\u00e8res agit\u00e9es sur lesquelles vous pourrez naviguer. Avec les bou\u00e9es vous pourrez d\u00e9valer d&#8217;autres toboggans en famille, en couple ou entre amis.<\/p>\n","protected":false},"featured_media":6588,"comment_status":"open","ping_status":"closed","template":"","meta":{"_joinchat":{"message_send":"*Hello {SITE} !*\nI need more information about the {PRODUCT}..."}},"product_brand":[],"product_cat":[318],"product_tag":[213,215,289,313],"class_list":{"0":"post-7037","1":"product","2":"type-product","3":"status-publish","4":"has-post-thumbnail","6":"product_cat-aqua","7":"product_tag-aquaventure-fr","8":"product_tag-atlantis-waterpark-fr","9":"product_tag-dubai-atlantis-fr","10":"product_tag-palm-jumeirah-fr","11":"holiday_type-children","12":"holiday_type-discovery","13":"holiday_type-family","14":"holiday_type-short-breaks","15":"destination-uae","16":"activity_level-moderate","18":"first","19":"instock","20":"virtual","21":"sold-individually","22":"purchasable","23":"product-type-booking"},"yoast_head":"<!-- This site is optimized with the Yoast SEO plugin v25.8 - https:\/\/yoast.com\/wordpress\/plugins\/seo\/ -->\n<title>Book Now | ATLANTIS AQUAVENTURE - RENDEZVOUS DUBAI<\/title>\n<meta name=\"description\" content=\"Atlantis Waterpark est le parc aquatique le plus c\u00e9l\u00e8bre de Duba\u00ef. C\u00e9l\u00e8bre pour \u00eatre situ\u00e9 \u00e0 proximit\u00e9 du majestueux H\u00f4tel Atlantis, parfait pour une petite s\u00e9ance photo, le parc attire les visiteurs notamment pour ses attractions \u00e0 sensation.\" \/>\n<meta name=\"robots\" content=\"index, follow, max-snippet:-1, max-image-preview:large, max-video-preview:-1\" \/>\n<link rel=\"canonical\" href=\"https:\/\/rendezvous-dubai.com\/fr\/produit\/atlantis-waterpark\/\" \/>\n<meta property=\"og:locale\" content=\"fr_FR\" \/>\n<meta property=\"og:type\" content=\"article\" \/>\n<meta property=\"og:title\" content=\"Book Now | ATLANTIS AQUAVENTURE - RENDEZVOUS DUBAI\" \/>\n<meta property=\"og:description\" content=\"Atlantis Waterpark est le parc aquatique le plus c\u00e9l\u00e8bre de Duba\u00ef. C\u00e9l\u00e8bre pour \u00eatre situ\u00e9 \u00e0 proximit\u00e9 du majestueux H\u00f4tel Atlantis, parfait pour une petite s\u00e9ance photo, le parc attire les visiteurs notamment pour ses attractions \u00e0 sensation.\" \/>\n<meta property=\"og:url\" content=\"https:\/\/rendezvous-dubai.com\/fr\/produit\/atlantis-waterpark\/\" \/>\n<meta property=\"og:site_name\" content=\"RENDEZVOUS DUBAI\" \/>\n<meta property=\"article:publisher\" content=\"https:\/\/www.facebook.com\/rendezvousdubai\" \/>\n<meta property=\"article:modified_time\" content=\"2025-08-30T15:00:58+00:00\" \/>\n<meta property=\"og:image\" content=\"https:\/\/rendezvous-dubai.com\/wp-content\/uploads\/2020\/05\/Leap_of_Faith_-_Atlantis_the_Palm_-_NS-700x572-1.jpg\" \/>\n\t<meta property=\"og:image:width\" content=\"700\" \/>\n\t<meta property=\"og:image:height\" content=\"571\" \/>\n\t<meta property=\"og:image:type\" content=\"image\/jpeg\" \/>\n<meta name=\"twitter:card\" content=\"summary_large_image\" \/>\n<meta name=\"twitter:label1\" content=\"Est. reading time\" \/>\n\t<meta name=\"twitter:data1\" content=\"1 minute\" \/>\n<script type=\"application\/ld+json\" class=\"yoast-schema-graph\">{\"@context\":\"https:\/\/schema.org\",\"@graph\":[{\"@type\":\"WebPage\",\"@id\":\"https:\/\/rendezvous-dubai.com\/fr\/produit\/atlantis-waterpark\/\",\"url\":\"https:\/\/rendezvous-dubai.com\/fr\/produit\/atlantis-waterpark\/\",\"name\":\"Book Now | ATLANTIS AQUAVENTURE - RENDEZVOUS DUBAI\",\"isPartOf\":{\"@id\":\"https:\/\/rendezvous-dubai.com\/fr\/#website\"},\"primaryImageOfPage\":{\"@id\":\"https:\/\/rendezvous-dubai.com\/fr\/produit\/atlantis-waterpark\/#primaryimage\"},\"image\":{\"@id\":\"https:\/\/rendezvous-dubai.com\/fr\/produit\/atlantis-waterpark\/#primaryimage\"},\"thumbnailUrl\":\"https:\/\/rendezvous-dubai.com\/wp-content\/uploads\/2020\/05\/Leap_of_Faith_-_Atlantis_the_Palm_-_NS-700x572-1.jpg\",\"datePublished\":\"2020-06-05T15:01:19+00:00\",\"dateModified\":\"2025-08-30T15:00:58+00:00\",\"description\":\"Atlantis Waterpark est le parc aquatique le plus c\u00e9l\u00e8bre de Duba\u00ef. C\u00e9l\u00e8bre pour \u00eatre situ\u00e9 \u00e0 proximit\u00e9 du majestueux H\u00f4tel Atlantis, parfait pour une petite s\u00e9ance photo, le parc attire les visiteurs notamment pour ses attractions \u00e0 sensation.\",\"breadcrumb\":{\"@id\":\"https:\/\/rendezvous-dubai.com\/fr\/produit\/atlantis-waterpark\/#breadcrumb\"},\"inLanguage\":\"fr-FR\",\"potentialAction\":[{\"@type\":\"ReadAction\",\"target\":[\"https:\/\/rendezvous-dubai.com\/fr\/produit\/atlantis-waterpark\/\"]}]},{\"@type\":\"ImageObject\",\"inLanguage\":\"fr-FR\",\"@id\":\"https:\/\/rendezvous-dubai.com\/fr\/produit\/atlantis-waterpark\/#primaryimage\",\"url\":\"https:\/\/rendezvous-dubai.com\/wp-content\/uploads\/2020\/05\/Leap_of_Faith_-_Atlantis_the_Palm_-_NS-700x572-1.jpg\",\"contentUrl\":\"https:\/\/rendezvous-dubai.com\/wp-content\/uploads\/2020\/05\/Leap_of_Faith_-_Atlantis_the_Palm_-_NS-700x572-1.jpg\",\"width\":700,\"height\":571,\"caption\":\"Atlantis Aquaventure Dubai\"},{\"@type\":\"BreadcrumbList\",\"@id\":\"https:\/\/rendezvous-dubai.com\/fr\/produit\/atlantis-waterpark\/#breadcrumb\",\"itemListElement\":[{\"@type\":\"ListItem\",\"position\":1,\"name\":\"Home\",\"item\":\"https:\/\/rendezvous-dubai.com\/fr\/\"},{\"@type\":\"ListItem\",\"position\":2,\"name\":\"Shop\",\"item\":\"https:\/\/rendezvous-dubai.com\/shop\/\"},{\"@type\":\"ListItem\",\"position\":3,\"name\":\"ATLANTIS AQUAVENTURE\"}]},{\"@type\":\"WebSite\",\"@id\":\"https:\/\/rendezvous-dubai.com\/fr\/#website\",\"url\":\"https:\/\/rendezvous-dubai.com\/fr\/\",\"name\":\"RENDEZVOUS DUBAI\",\"description\":\"Your Event Organizer\",\"publisher\":{\"@id\":\"https:\/\/rendezvous-dubai.com\/fr\/#organization\"},\"potentialAction\":[{\"@type\":\"SearchAction\",\"target\":{\"@type\":\"EntryPoint\",\"urlTemplate\":\"https:\/\/rendezvous-dubai.com\/fr\/?s={search_term_string}\"},\"query-input\":{\"@type\":\"PropertyValueSpecification\",\"valueRequired\":true,\"valueName\":\"search_term_string\"}}],\"inLanguage\":\"fr-FR\"},{\"@type\":\"Organization\",\"@id\":\"https:\/\/rendezvous-dubai.com\/fr\/#organization\",\"name\":\"RENDEZVOUS DUBAI\",\"url\":\"https:\/\/rendezvous-dubai.com\/fr\/\",\"logo\":{\"@type\":\"ImageObject\",\"inLanguage\":\"fr-FR\",\"@id\":\"https:\/\/rendezvous-dubai.com\/fr\/#\/schema\/logo\/image\/\",\"url\":\"https:\/\/i0.wp.com\/rendezvous-dubai.com\/wp-content\/uploads\/2020\/05\/Logo-RDV-Dubai.png?fit=1426%2C1422&ssl=1\",\"contentUrl\":\"https:\/\/i0.wp.com\/rendezvous-dubai.com\/wp-content\/uploads\/2020\/05\/Logo-RDV-Dubai.png?fit=1426%2C1422&ssl=1\",\"width\":1426,\"height\":1422,\"caption\":\"RENDEZVOUS DUBAI\"},\"image\":{\"@id\":\"https:\/\/rendezvous-dubai.com\/fr\/#\/schema\/logo\/image\/\"},\"sameAs\":[\"https:\/\/www.facebook.com\/rendezvousdubai\",\"https:\/\/www.instagram.com\/rendezvousdubai\/\",\"https:\/\/www.youtube.com\/@rendezvousdubai\"]}]}<\/script>\n<!-- \/ Yoast SEO plugin. -->","yoast_head_json":{"title":"Book Now | ATLANTIS AQUAVENTURE - RENDEZVOUS DUBAI","description":"Atlantis Waterpark est le parc aquatique le plus c\u00e9l\u00e8bre de Duba\u00ef. C\u00e9l\u00e8bre pour \u00eatre situ\u00e9 \u00e0 proximit\u00e9 du majestueux H\u00f4tel Atlantis, parfait pour une petite s\u00e9ance photo, le parc attire les visiteurs notamment pour ses attractions \u00e0 sensation.","robots":{"index":"index","follow":"follow","max-snippet":"max-snippet:-1","max-image-preview":"max-image-preview:large","max-video-preview":"max-video-preview:-1"},"canonical":"https:\/\/rendezvous-dubai.com\/fr\/produit\/atlantis-waterpark\/","og_locale":"fr_FR","og_type":"article","og_title":"Book Now | ATLANTIS AQUAVENTURE - RENDEZVOUS DUBAI","og_description":"Atlantis Waterpark est le parc aquatique le plus c\u00e9l\u00e8bre de Duba\u00ef. C\u00e9l\u00e8bre pour \u00eatre situ\u00e9 \u00e0 proximit\u00e9 du majestueux H\u00f4tel Atlantis, parfait pour une petite s\u00e9ance photo, le parc attire les visiteurs notamment pour ses attractions \u00e0 sensation.","og_url":"https:\/\/rendezvous-dubai.com\/fr\/produit\/atlantis-waterpark\/","og_site_name":"RENDEZVOUS DUBAI","article_publisher":"https:\/\/www.facebook.com\/rendezvousdubai","article_modified_time":"2025-08-30T15:00:58+00:00","og_image":[{"width":700,"height":571,"url":"https:\/\/rendezvous-dubai.com\/wp-content\/uploads\/2020\/05\/Leap_of_Faith_-_Atlantis_the_Palm_-_NS-700x572-1.jpg","type":"image\/jpeg"}],"twitter_card":"summary_large_image","twitter_misc":{"Est. reading time":"1 minute"},"schema":{"@context":"https:\/\/schema.org","@graph":[{"@type":"WebPage","@id":"https:\/\/rendezvous-dubai.com\/fr\/produit\/atlantis-waterpark\/","url":"https:\/\/rendezvous-dubai.com\/fr\/produit\/atlantis-waterpark\/","name":"Book Now | ATLANTIS AQUAVENTURE - RENDEZVOUS DUBAI","isPartOf":{"@id":"https:\/\/rendezvous-dubai.com\/fr\/#website"},"primaryImageOfPage":{"@id":"https:\/\/rendezvous-dubai.com\/fr\/produit\/atlantis-waterpark\/#primaryimage"},"image":{"@id":"https:\/\/rendezvous-dubai.com\/fr\/produit\/atlantis-waterpark\/#primaryimage"},"thumbnailUrl":"https:\/\/rendezvous-dubai.com\/wp-content\/uploads\/2020\/05\/Leap_of_Faith_-_Atlantis_the_Palm_-_NS-700x572-1.jpg","datePublished":"2020-06-05T15:01:19+00:00","dateModified":"2025-08-30T15:00:58+00:00","description":"Atlantis Waterpark est le parc aquatique le plus c\u00e9l\u00e8bre de Duba\u00ef. C\u00e9l\u00e8bre pour \u00eatre situ\u00e9 \u00e0 proximit\u00e9 du majestueux H\u00f4tel Atlantis, parfait pour une petite s\u00e9ance photo, le parc attire les visiteurs notamment pour ses attractions \u00e0 sensation.","breadcrumb":{"@id":"https:\/\/rendezvous-dubai.com\/fr\/produit\/atlantis-waterpark\/#breadcrumb"},"inLanguage":"fr-FR","potentialAction":[{"@type":"ReadAction","target":["https:\/\/rendezvous-dubai.com\/fr\/produit\/atlantis-waterpark\/"]}]},{"@type":"ImageObject","inLanguage":"fr-FR","@id":"https:\/\/rendezvous-dubai.com\/fr\/produit\/atlantis-waterpark\/#primaryimage","url":"https:\/\/rendezvous-dubai.com\/wp-content\/uploads\/2020\/05\/Leap_of_Faith_-_Atlantis_the_Palm_-_NS-700x572-1.jpg","contentUrl":"https:\/\/rendezvous-dubai.com\/wp-content\/uploads\/2020\/05\/Leap_of_Faith_-_Atlantis_the_Palm_-_NS-700x572-1.jpg","width":700,"height":571,"caption":"Atlantis Aquaventure Dubai"},{"@type":"BreadcrumbList","@id":"https:\/\/rendezvous-dubai.com\/fr\/produit\/atlantis-waterpark\/#breadcrumb","itemListElement":[{"@type":"ListItem","position":1,"name":"Home","item":"https:\/\/rendezvous-dubai.com\/fr\/"},{"@type":"ListItem","position":2,"name":"Shop","item":"https:\/\/rendezvous-dubai.com\/shop\/"},{"@type":"ListItem","position":3,"name":"ATLANTIS AQUAVENTURE"}]},{"@type":"WebSite","@id":"https:\/\/rendezvous-dubai.com\/fr\/#website","url":"https:\/\/rendezvous-dubai.com\/fr\/","name":"RENDEZVOUS DUBAI","description":"Your Event Organizer","publisher":{"@id":"https:\/\/rendezvous-dubai.com\/fr\/#organization"},"potentialAction":[{"@type":"SearchAction","target":{"@type":"EntryPoint","urlTemplate":"https:\/\/rendezvous-dubai.com\/fr\/?s={search_term_string}"},"query-input":{"@type":"PropertyValueSpecification","valueRequired":true,"valueName":"search_term_string"}}],"inLanguage":"fr-FR"},{"@type":"Organization","@id":"https:\/\/rendezvous-dubai.com\/fr\/#organization","name":"RENDEZVOUS DUBAI","url":"https:\/\/rendezvous-dubai.com\/fr\/","logo":{"@type":"ImageObject","inLanguage":"fr-FR","@id":"https:\/\/rendezvous-dubai.com\/fr\/#\/schema\/logo\/image\/","url":"https:\/\/i0.wp.com\/rendezvous-dubai.com\/wp-content\/uploads\/2020\/05\/Logo-RDV-Dubai.png?fit=1426%2C1422&ssl=1","contentUrl":"https:\/\/i0.wp.com\/rendezvous-dubai.com\/wp-content\/uploads\/2020\/05\/Logo-RDV-Dubai.png?fit=1426%2C1422&ssl=1","width":1426,"height":1422,"caption":"RENDEZVOUS DUBAI"},"image":{"@id":"https:\/\/rendezvous-dubai.com\/fr\/#\/schema\/logo\/image\/"},"sameAs":["https:\/\/www.facebook.com\/rendezvousdubai","https:\/\/www.instagram.com\/rendezvousdubai\/","https:\/\/www.youtube.com\/@rendezvousdubai"]}]}},"jetpack_sharing_enabled":true,"_links":{"self":[{"href":"https:\/\/rendezvous-dubai.com\/fr\/wp-json\/wp\/v2\/product\/7037","targetHints":{"allow":["GET"]}}],"collection":[{"href":"https:\/\/rendezvous-dubai.com\/fr\/wp-json\/wp\/v2\/product"}],"about":[{"href":"https:\/\/rendezvous-dubai.com\/fr\/wp-json\/wp\/v2\/types\/product"}],"replies":[{"embeddable":true,"href":"https:\/\/rendezvous-dubai.com\/fr\/wp-json\/wp\/v2\/comments?post=7037"}],"wp:featuredmedia":[{"embeddable":true,"href":"https:\/\/rendezvous-dubai.com\/fr\/wp-json\/wp\/v2\/media\/6588"}],"wp:attachment":[{"href":"https:\/\/rendezvous-dubai.com\/fr\/wp-json\/wp\/v2\/media?parent=7037"}],"wp:term":[{"taxonomy":"product_brand","embeddable":true,"href":"https:\/\/rendezvous-dubai.com\/fr\/wp-json\/wp\/v2\/product_brand?post=7037"},{"taxonomy":"product_cat","embeddable":true,"href":"https:\/\/rendezvous-dubai.com\/fr\/wp-json\/wp\/v2\/product_cat?post=7037"},{"taxonomy":"product_tag","embeddable":true,"href":"https:\/\/rendezvous-dubai.com\/fr\/wp-json\/wp\/v2\/product_tag?post=7037"}],"curies":[{"name":"wp","href":"https:\/\/api.w.org\/{rel}","templated":true}]}}