{"id":7034,"date":"2020-05-21T00:39:51","date_gmt":"2020-06-05T14:52:36","guid":{"rendered":"https:\/\/rendezvousdubai.com\/product\/quad-raptor\/"},"modified":"2025-08-30T21:26:01","modified_gmt":"2025-08-30T17:26:01","slug":"quad-raptor","status":"publish","type":"product","link":"https:\/\/rendezvous-dubai.com\/fr\/produit\/quad-raptor\/","title":{"rendered":"QUAD RAPTOR 700CC"},"content":{"rendered":"<p>Le Yamaha Raptor 700R est le quad sport le plus vendu de tous les temps, et pour cause. La combinaison du style, de la puissance, d&#8217;un ch\u00e2ssis avanc\u00e9 et d&#8217;une transmission manuelle \u00e0 cinq vitesses vous offrira une exp\u00e9rience de frappage de dunes in\u00e9gal\u00e9e.<\/p>\n","protected":false},"excerpt":{"rendered":"<p>Le Yamaha Raptor 700R est le quad sport le plus vendu de tous les temps, et pour cause. La combinaison du style, de la puissance, d&#8217;un ch\u00e2ssis avanc\u00e9 et d&#8217;une transmission manuelle \u00e0 cinq vitesses vous offrira une exp\u00e9rience de frappage de dunes in\u00e9gal\u00e9e.<\/p>\n","protected":false},"featured_media":6704,"comment_status":"open","ping_status":"closed","template":"","meta":{"_joinchat":{"message_send":"*Hello {SITE} !*\nI need more information about the {PRODUCT}..."}},"product_brand":[],"product_cat":[320],"product_tag":[297,274,269],"class_list":{"0":"post-7034","1":"product","2":"type-product","3":"status-publish","4":"has-post-thumbnail","6":"product_cat-desert","7":"product_tag-desert-quad-fr","8":"product_tag-yamaha-fr","9":"product_tag-yamaha-raptor-fr","10":"holiday_type-cycling","11":"holiday_type-discovery","12":"holiday_type-family","13":"holiday_type-guided-tours","14":"holiday_type-short-breaks","15":"destination-uae","16":"activity_level-extreme","18":"first","19":"instock","20":"virtual","21":"sold-individually","22":"purchasable","23":"product-type-booking"},"yoast_head":"<!-- This site is optimized with the Yoast SEO plugin v25.8 - https:\/\/yoast.com\/wordpress\/plugins\/seo\/ -->\n<title>Book Now | QUAD RAPTOR 700CC - RENDEZVOUS DUBAI<\/title>\n<meta name=\"description\" content=\"Le Yamaha Raptor 700R est le quad sport le plus vendu de tous les temps, et pour cause. La combinaison du style, de la puissance, d&#039;un ch\u00e2ssis avanc\u00e9 et d&#039;une transmission manuelle \u00e0 cinq vitesses vous offrira une exp\u00e9rience de frappage de dunes in\u00e9gal\u00e9e.\" \/>\n<meta name=\"robots\" content=\"index, follow, max-snippet:-1, max-image-preview:large, max-video-preview:-1\" \/>\n<link rel=\"canonical\" href=\"https:\/\/rendezvous-dubai.com\/fr\/produit\/quad-raptor\/\" \/>\n<meta property=\"og:locale\" content=\"fr_FR\" \/>\n<meta property=\"og:type\" content=\"article\" \/>\n<meta property=\"og:title\" content=\"Book Now | QUAD RAPTOR 700CC - RENDEZVOUS DUBAI\" \/>\n<meta property=\"og:description\" content=\"Le Yamaha Raptor 700R est le quad sport le plus vendu de tous les temps, et pour cause. La combinaison du style, de la puissance, d&#039;un ch\u00e2ssis avanc\u00e9 et d&#039;une transmission manuelle \u00e0 cinq vitesses vous offrira une exp\u00e9rience de frappage de dunes in\u00e9gal\u00e9e.\" \/>\n<meta property=\"og:url\" content=\"https:\/\/rendezvous-dubai.com\/fr\/produit\/quad-raptor\/\" \/>\n<meta property=\"og:site_name\" content=\"RENDEZVOUS DUBAI\" \/>\n<meta property=\"article:publisher\" content=\"https:\/\/www.facebook.com\/rendezvousdubai\" \/>\n<meta property=\"article:modified_time\" content=\"2025-08-30T17:26:01+00:00\" \/>\n<meta property=\"og:image\" content=\"https:\/\/rendezvous-dubai.com\/wp-content\/uploads\/2020\/05\/IMG-20180925-WA0074.jpg\" \/>\n\t<meta property=\"og:image:width\" content=\"1000\" \/>\n\t<meta property=\"og:image:height\" content=\"750\" \/>\n\t<meta property=\"og:image:type\" content=\"image\/jpeg\" \/>\n<meta name=\"twitter:card\" content=\"summary_large_image\" \/>\n<meta name=\"twitter:label1\" content=\"Est. reading time\" \/>\n\t<meta name=\"twitter:data1\" content=\"1 minute\" \/>\n<script type=\"application\/ld+json\" class=\"yoast-schema-graph\">{\"@context\":\"https:\/\/schema.org\",\"@graph\":[{\"@type\":\"WebPage\",\"@id\":\"https:\/\/rendezvous-dubai.com\/fr\/produit\/quad-raptor\/\",\"url\":\"https:\/\/rendezvous-dubai.com\/fr\/produit\/quad-raptor\/\",\"name\":\"Book Now | QUAD RAPTOR 700CC - RENDEZVOUS DUBAI\",\"isPartOf\":{\"@id\":\"https:\/\/rendezvous-dubai.com\/fr\/#website\"},\"primaryImageOfPage\":{\"@id\":\"https:\/\/rendezvous-dubai.com\/fr\/produit\/quad-raptor\/#primaryimage\"},\"image\":{\"@id\":\"https:\/\/rendezvous-dubai.com\/fr\/produit\/quad-raptor\/#primaryimage\"},\"thumbnailUrl\":\"https:\/\/rendezvous-dubai.com\/wp-content\/uploads\/2020\/05\/IMG-20180925-WA0074.jpg\",\"datePublished\":\"2020-06-05T14:52:36+00:00\",\"dateModified\":\"2025-08-30T17:26:01+00:00\",\"description\":\"Le Yamaha Raptor 700R est le quad sport le plus vendu de tous les temps, et pour cause. La combinaison du style, de la puissance, d'un ch\u00e2ssis avanc\u00e9 et d'une transmission manuelle \u00e0 cinq vitesses vous offrira une exp\u00e9rience de frappage de dunes in\u00e9gal\u00e9e.\",\"breadcrumb\":{\"@id\":\"https:\/\/rendezvous-dubai.com\/fr\/produit\/quad-raptor\/#breadcrumb\"},\"inLanguage\":\"fr-FR\",\"potentialAction\":[{\"@type\":\"ReadAction\",\"target\":[\"https:\/\/rendezvous-dubai.com\/fr\/produit\/quad-raptor\/\"]}]},{\"@type\":\"ImageObject\",\"inLanguage\":\"fr-FR\",\"@id\":\"https:\/\/rendezvous-dubai.com\/fr\/produit\/quad-raptor\/#primaryimage\",\"url\":\"https:\/\/rendezvous-dubai.com\/wp-content\/uploads\/2020\/05\/IMG-20180925-WA0074.jpg\",\"contentUrl\":\"https:\/\/rendezvous-dubai.com\/wp-content\/uploads\/2020\/05\/IMG-20180925-WA0074.jpg\",\"width\":1000,\"height\":750,\"caption\":\"Desert Quad Dubai Raptor\"},{\"@type\":\"BreadcrumbList\",\"@id\":\"https:\/\/rendezvous-dubai.com\/fr\/produit\/quad-raptor\/#breadcrumb\",\"itemListElement\":[{\"@type\":\"ListItem\",\"position\":1,\"name\":\"Home\",\"item\":\"https:\/\/rendezvous-dubai.com\/fr\/\"},{\"@type\":\"ListItem\",\"position\":2,\"name\":\"Shop\",\"item\":\"https:\/\/rendezvous-dubai.com\/shop\/\"},{\"@type\":\"ListItem\",\"position\":3,\"name\":\"QUAD RAPTOR 700CC\"}]},{\"@type\":\"WebSite\",\"@id\":\"https:\/\/rendezvous-dubai.com\/fr\/#website\",\"url\":\"https:\/\/rendezvous-dubai.com\/fr\/\",\"name\":\"RENDEZVOUS DUBAI\",\"description\":\"Your Event Organizer\",\"publisher\":{\"@id\":\"https:\/\/rendezvous-dubai.com\/fr\/#organization\"},\"potentialAction\":[{\"@type\":\"SearchAction\",\"target\":{\"@type\":\"EntryPoint\",\"urlTemplate\":\"https:\/\/rendezvous-dubai.com\/fr\/?s={search_term_string}\"},\"query-input\":{\"@type\":\"PropertyValueSpecification\",\"valueRequired\":true,\"valueName\":\"search_term_string\"}}],\"inLanguage\":\"fr-FR\"},{\"@type\":\"Organization\",\"@id\":\"https:\/\/rendezvous-dubai.com\/fr\/#organization\",\"name\":\"RENDEZVOUS DUBAI\",\"url\":\"https:\/\/rendezvous-dubai.com\/fr\/\",\"logo\":{\"@type\":\"ImageObject\",\"inLanguage\":\"fr-FR\",\"@id\":\"https:\/\/rendezvous-dubai.com\/fr\/#\/schema\/logo\/image\/\",\"url\":\"https:\/\/i0.wp.com\/rendezvous-dubai.com\/wp-content\/uploads\/2020\/05\/Logo-RDV-Dubai.png?fit=1426%2C1422&ssl=1\",\"contentUrl\":\"https:\/\/i0.wp.com\/rendezvous-dubai.com\/wp-content\/uploads\/2020\/05\/Logo-RDV-Dubai.png?fit=1426%2C1422&ssl=1\",\"width\":1426,\"height\":1422,\"caption\":\"RENDEZVOUS DUBAI\"},\"image\":{\"@id\":\"https:\/\/rendezvous-dubai.com\/fr\/#\/schema\/logo\/image\/\"},\"sameAs\":[\"https:\/\/www.facebook.com\/rendezvousdubai\",\"https:\/\/www.instagram.com\/rendezvousdubai\/\",\"https:\/\/www.youtube.com\/@rendezvousdubai\"]}]}<\/script>\n<!-- \/ Yoast SEO plugin. -->","yoast_head_json":{"title":"Book Now | QUAD RAPTOR 700CC - RENDEZVOUS DUBAI","description":"Le Yamaha Raptor 700R est le quad sport le plus vendu de tous les temps, et pour cause. La combinaison du style, de la puissance, d'un ch\u00e2ssis avanc\u00e9 et d'une transmission manuelle \u00e0 cinq vitesses vous offrira une exp\u00e9rience de frappage de dunes in\u00e9gal\u00e9e.","robots":{"index":"index","follow":"follow","max-snippet":"max-snippet:-1","max-image-preview":"max-image-preview:large","max-video-preview":"max-video-preview:-1"},"canonical":"https:\/\/rendezvous-dubai.com\/fr\/produit\/quad-raptor\/","og_locale":"fr_FR","og_type":"article","og_title":"Book Now | QUAD RAPTOR 700CC - RENDEZVOUS DUBAI","og_description":"Le Yamaha Raptor 700R est le quad sport le plus vendu de tous les temps, et pour cause. La combinaison du style, de la puissance, d'un ch\u00e2ssis avanc\u00e9 et d'une transmission manuelle \u00e0 cinq vitesses vous offrira une exp\u00e9rience de frappage de dunes in\u00e9gal\u00e9e.","og_url":"https:\/\/rendezvous-dubai.com\/fr\/produit\/quad-raptor\/","og_site_name":"RENDEZVOUS DUBAI","article_publisher":"https:\/\/www.facebook.com\/rendezvousdubai","article_modified_time":"2025-08-30T17:26:01+00:00","og_image":[{"width":1000,"height":750,"url":"https:\/\/rendezvous-dubai.com\/wp-content\/uploads\/2020\/05\/IMG-20180925-WA0074.jpg","type":"image\/jpeg"}],"twitter_card":"summary_large_image","twitter_misc":{"Est. reading time":"1 minute"},"schema":{"@context":"https:\/\/schema.org","@graph":[{"@type":"WebPage","@id":"https:\/\/rendezvous-dubai.com\/fr\/produit\/quad-raptor\/","url":"https:\/\/rendezvous-dubai.com\/fr\/produit\/quad-raptor\/","name":"Book Now | QUAD RAPTOR 700CC - RENDEZVOUS DUBAI","isPartOf":{"@id":"https:\/\/rendezvous-dubai.com\/fr\/#website"},"primaryImageOfPage":{"@id":"https:\/\/rendezvous-dubai.com\/fr\/produit\/quad-raptor\/#primaryimage"},"image":{"@id":"https:\/\/rendezvous-dubai.com\/fr\/produit\/quad-raptor\/#primaryimage"},"thumbnailUrl":"https:\/\/rendezvous-dubai.com\/wp-content\/uploads\/2020\/05\/IMG-20180925-WA0074.jpg","datePublished":"2020-06-05T14:52:36+00:00","dateModified":"2025-08-30T17:26:01+00:00","description":"Le Yamaha Raptor 700R est le quad sport le plus vendu de tous les temps, et pour cause. La combinaison du style, de la puissance, d'un ch\u00e2ssis avanc\u00e9 et d'une transmission manuelle \u00e0 cinq vitesses vous offrira une exp\u00e9rience de frappage de dunes in\u00e9gal\u00e9e.","breadcrumb":{"@id":"https:\/\/rendezvous-dubai.com\/fr\/produit\/quad-raptor\/#breadcrumb"},"inLanguage":"fr-FR","potentialAction":[{"@type":"ReadAction","target":["https:\/\/rendezvous-dubai.com\/fr\/produit\/quad-raptor\/"]}]},{"@type":"ImageObject","inLanguage":"fr-FR","@id":"https:\/\/rendezvous-dubai.com\/fr\/produit\/quad-raptor\/#primaryimage","url":"https:\/\/rendezvous-dubai.com\/wp-content\/uploads\/2020\/05\/IMG-20180925-WA0074.jpg","contentUrl":"https:\/\/rendezvous-dubai.com\/wp-content\/uploads\/2020\/05\/IMG-20180925-WA0074.jpg","width":1000,"height":750,"caption":"Desert Quad Dubai Raptor"},{"@type":"BreadcrumbList","@id":"https:\/\/rendezvous-dubai.com\/fr\/produit\/quad-raptor\/#breadcrumb","itemListElement":[{"@type":"ListItem","position":1,"name":"Home","item":"https:\/\/rendezvous-dubai.com\/fr\/"},{"@type":"ListItem","position":2,"name":"Shop","item":"https:\/\/rendezvous-dubai.com\/shop\/"},{"@type":"ListItem","position":3,"name":"QUAD RAPTOR 700CC"}]},{"@type":"WebSite","@id":"https:\/\/rendezvous-dubai.com\/fr\/#website","url":"https:\/\/rendezvous-dubai.com\/fr\/","name":"RENDEZVOUS DUBAI","description":"Your Event Organizer","publisher":{"@id":"https:\/\/rendezvous-dubai.com\/fr\/#organization"},"potentialAction":[{"@type":"SearchAction","target":{"@type":"EntryPoint","urlTemplate":"https:\/\/rendezvous-dubai.com\/fr\/?s={search_term_string}"},"query-input":{"@type":"PropertyValueSpecification","valueRequired":true,"valueName":"search_term_string"}}],"inLanguage":"fr-FR"},{"@type":"Organization","@id":"https:\/\/rendezvous-dubai.com\/fr\/#organization","name":"RENDEZVOUS DUBAI","url":"https:\/\/rendezvous-dubai.com\/fr\/","logo":{"@type":"ImageObject","inLanguage":"fr-FR","@id":"https:\/\/rendezvous-dubai.com\/fr\/#\/schema\/logo\/image\/","url":"https:\/\/i0.wp.com\/rendezvous-dubai.com\/wp-content\/uploads\/2020\/05\/Logo-RDV-Dubai.png?fit=1426%2C1422&ssl=1","contentUrl":"https:\/\/i0.wp.com\/rendezvous-dubai.com\/wp-content\/uploads\/2020\/05\/Logo-RDV-Dubai.png?fit=1426%2C1422&ssl=1","width":1426,"height":1422,"caption":"RENDEZVOUS DUBAI"},"image":{"@id":"https:\/\/rendezvous-dubai.com\/fr\/#\/schema\/logo\/image\/"},"sameAs":["https:\/\/www.facebook.com\/rendezvousdubai","https:\/\/www.instagram.com\/rendezvousdubai\/","https:\/\/www.youtube.com\/@rendezvousdubai"]}]}},"jetpack_sharing_enabled":true,"_links":{"self":[{"href":"https:\/\/rendezvous-dubai.com\/fr\/wp-json\/wp\/v2\/product\/7034","targetHints":{"allow":["GET"]}}],"collection":[{"href":"https:\/\/rendezvous-dubai.com\/fr\/wp-json\/wp\/v2\/product"}],"about":[{"href":"https:\/\/rendezvous-dubai.com\/fr\/wp-json\/wp\/v2\/types\/product"}],"replies":[{"embeddable":true,"href":"https:\/\/rendezvous-dubai.com\/fr\/wp-json\/wp\/v2\/comments?post=7034"}],"wp:featuredmedia":[{"embeddable":true,"href":"https:\/\/rendezvous-dubai.com\/fr\/wp-json\/wp\/v2\/media\/6704"}],"wp:attachment":[{"href":"https:\/\/rendezvous-dubai.com\/fr\/wp-json\/wp\/v2\/media?parent=7034"}],"wp:term":[{"taxonomy":"product_brand","embeddable":true,"href":"https:\/\/rendezvous-dubai.com\/fr\/wp-json\/wp\/v2\/product_brand?post=7034"},{"taxonomy":"product_cat","embeddable":true,"href":"https:\/\/rendezvous-dubai.com\/fr\/wp-json\/wp\/v2\/product_cat?post=7034"},{"taxonomy":"product_tag","embeddable":true,"href":"https:\/\/rendezvous-dubai.com\/fr\/wp-json\/wp\/v2\/product_tag?post=7034"}],"curies":[{"name":"wp","href":"https:\/\/api.w.org\/{rel}","templated":true}]}}