{"id":7024,"date":"2020-05-21T01:54:31","date_gmt":"2020-06-05T14:37:43","guid":{"rendered":"https:\/\/rendezvousdubai.com\/product\/4x4-desert-safari\/"},"modified":"2025-02-17T15:06:57","modified_gmt":"2025-02-17T11:06:57","slug":"4x4-safari-desert","status":"publish","type":"product","link":"https:\/\/rendezvous-dubai.com\/fr\/produit\/4x4-safari-desert\/","title":{"rendered":"4X4 SAFARI DESERT"},"content":{"rendered":"<p>Nous vous invitons \u00e0 visiter le d\u00e9sert unique des EAU dans un v\u00e9hicule 4&#215;4 confortable. Les chauffeurs assureront le confort et la s\u00e9curit\u00e9 de nos clients \u00e0 tout moment.<\/p>\n","protected":false},"excerpt":{"rendered":"<p>Nous vous invitons \u00e0 visiter le d\u00e9sert unique des EAU dans un v\u00e9hicule 4&#215;4 confortable. Les chauffeurs assureront le confort et la s\u00e9curit\u00e9 de nos clients \u00e0 tout moment.<\/p>\n","protected":false},"featured_media":6486,"comment_status":"open","ping_status":"closed","template":"","meta":{"_joinchat":{"message_send":"*Hello {SITE} !*\nI need more information about the {PRODUCT}..."}},"product_brand":[],"product_cat":[320],"product_tag":[208,237,287,249,302,299],"class_list":{"0":"post-7024","1":"product","2":"type-product","3":"status-publish","4":"has-post-thumbnail","6":"product_cat-desert","7":"product_tag-4x4-desert-safari-fr","8":"product_tag-camel-fr","9":"product_tag-dubai-desert-fr","10":"product_tag-henna-tattoo-fr","11":"product_tag-sand-surfing-fr","12":"product_tag-shisha-fr","13":"holiday_type-children","14":"holiday_type-culture","15":"holiday_type-discovery","16":"holiday_type-family","17":"holiday_type-guided-tours","18":"holiday_type-history","19":"holiday_type-short-breaks","20":"destination-uae","21":"activity_level-moderate","23":"first","24":"instock","25":"featured","26":"virtual","27":"sold-individually","28":"purchasable","29":"product-type-booking"},"yoast_head":"<!-- This site is optimized with the Yoast SEO plugin v25.8 - https:\/\/yoast.com\/wordpress\/plugins\/seo\/ -->\n<title>Book Now | 4X4 SAFARI DESERT - RENDEZVOUS DUBAI<\/title>\n<meta name=\"description\" content=\"Nous vous invitons \u00e0 visiter le d\u00e9sert unique des EAU dans un v\u00e9hicule 4x4 confortable. Les chauffeurs assureront le confort et la s\u00e9curit\u00e9 de nos clients \u00e0 tout moment.\" \/>\n<meta name=\"robots\" content=\"index, follow, max-snippet:-1, max-image-preview:large, max-video-preview:-1\" \/>\n<link rel=\"canonical\" href=\"https:\/\/rendezvous-dubai.com\/fr\/produit\/4x4-safari-desert\/\" \/>\n<meta property=\"og:locale\" content=\"fr_FR\" \/>\n<meta property=\"og:type\" content=\"article\" \/>\n<meta property=\"og:title\" content=\"Book Now | 4X4 SAFARI DESERT - RENDEZVOUS DUBAI\" \/>\n<meta property=\"og:description\" content=\"Nous vous invitons \u00e0 visiter le d\u00e9sert unique des EAU dans un v\u00e9hicule 4x4 confortable. Les chauffeurs assureront le confort et la s\u00e9curit\u00e9 de nos clients \u00e0 tout moment.\" \/>\n<meta property=\"og:url\" content=\"https:\/\/rendezvous-dubai.com\/fr\/produit\/4x4-safari-desert\/\" \/>\n<meta property=\"og:site_name\" content=\"RENDEZVOUS DUBAI\" \/>\n<meta property=\"article:publisher\" content=\"https:\/\/www.facebook.com\/rendezvousdubai\" \/>\n<meta property=\"article:modified_time\" content=\"2025-02-17T11:06:57+00:00\" \/>\n<meta property=\"og:image\" content=\"https:\/\/rendezvous-dubai.com\/wp-content\/uploads\/2016\/04\/tour_img-1411064-145-1.jpg\" \/>\n\t<meta property=\"og:image:width\" content=\"956\" \/>\n\t<meta property=\"og:image:height\" content=\"640\" \/>\n\t<meta property=\"og:image:type\" content=\"image\/jpeg\" \/>\n<meta name=\"twitter:card\" content=\"summary_large_image\" \/>\n<meta name=\"twitter:label1\" content=\"Est. reading time\" \/>\n\t<meta name=\"twitter:data1\" content=\"1 minute\" \/>\n<script type=\"application\/ld+json\" class=\"yoast-schema-graph\">{\"@context\":\"https:\/\/schema.org\",\"@graph\":[{\"@type\":\"WebPage\",\"@id\":\"https:\/\/rendezvous-dubai.com\/fr\/produit\/4x4-safari-desert\/\",\"url\":\"https:\/\/rendezvous-dubai.com\/fr\/produit\/4x4-safari-desert\/\",\"name\":\"Book Now | 4X4 SAFARI DESERT - RENDEZVOUS DUBAI\",\"isPartOf\":{\"@id\":\"https:\/\/rendezvous-dubai.com\/fr\/#website\"},\"primaryImageOfPage\":{\"@id\":\"https:\/\/rendezvous-dubai.com\/fr\/produit\/4x4-safari-desert\/#primaryimage\"},\"image\":{\"@id\":\"https:\/\/rendezvous-dubai.com\/fr\/produit\/4x4-safari-desert\/#primaryimage\"},\"thumbnailUrl\":\"https:\/\/rendezvous-dubai.com\/wp-content\/uploads\/2016\/04\/tour_img-1411064-145-1.jpg\",\"datePublished\":\"2020-06-05T14:37:43+00:00\",\"dateModified\":\"2025-02-17T11:06:57+00:00\",\"description\":\"Nous vous invitons \u00e0 visiter le d\u00e9sert unique des EAU dans un v\u00e9hicule 4x4 confortable. Les chauffeurs assureront le confort et la s\u00e9curit\u00e9 de nos clients \u00e0 tout moment.\",\"breadcrumb\":{\"@id\":\"https:\/\/rendezvous-dubai.com\/fr\/produit\/4x4-safari-desert\/#breadcrumb\"},\"inLanguage\":\"fr-FR\",\"potentialAction\":[{\"@type\":\"ReadAction\",\"target\":[\"https:\/\/rendezvous-dubai.com\/fr\/produit\/4x4-safari-desert\/\"]}]},{\"@type\":\"ImageObject\",\"inLanguage\":\"fr-FR\",\"@id\":\"https:\/\/rendezvous-dubai.com\/fr\/produit\/4x4-safari-desert\/#primaryimage\",\"url\":\"https:\/\/rendezvous-dubai.com\/wp-content\/uploads\/2016\/04\/tour_img-1411064-145-1.jpg\",\"contentUrl\":\"https:\/\/rendezvous-dubai.com\/wp-content\/uploads\/2016\/04\/tour_img-1411064-145-1.jpg\",\"width\":956,\"height\":640,\"caption\":\"Desert Safari 4x4 Dubai\"},{\"@type\":\"BreadcrumbList\",\"@id\":\"https:\/\/rendezvous-dubai.com\/fr\/produit\/4x4-safari-desert\/#breadcrumb\",\"itemListElement\":[{\"@type\":\"ListItem\",\"position\":1,\"name\":\"Home\",\"item\":\"https:\/\/rendezvous-dubai.com\/fr\/\"},{\"@type\":\"ListItem\",\"position\":2,\"name\":\"Shop\",\"item\":\"https:\/\/rendezvous-dubai.com\/shop\/\"},{\"@type\":\"ListItem\",\"position\":3,\"name\":\"4X4 SAFARI DESERT\"}]},{\"@type\":\"WebSite\",\"@id\":\"https:\/\/rendezvous-dubai.com\/fr\/#website\",\"url\":\"https:\/\/rendezvous-dubai.com\/fr\/\",\"name\":\"RENDEZVOUS DUBAI\",\"description\":\"Your Event Organizer\",\"publisher\":{\"@id\":\"https:\/\/rendezvous-dubai.com\/fr\/#organization\"},\"potentialAction\":[{\"@type\":\"SearchAction\",\"target\":{\"@type\":\"EntryPoint\",\"urlTemplate\":\"https:\/\/rendezvous-dubai.com\/fr\/?s={search_term_string}\"},\"query-input\":{\"@type\":\"PropertyValueSpecification\",\"valueRequired\":true,\"valueName\":\"search_term_string\"}}],\"inLanguage\":\"fr-FR\"},{\"@type\":\"Organization\",\"@id\":\"https:\/\/rendezvous-dubai.com\/fr\/#organization\",\"name\":\"RENDEZVOUS DUBAI\",\"url\":\"https:\/\/rendezvous-dubai.com\/fr\/\",\"logo\":{\"@type\":\"ImageObject\",\"inLanguage\":\"fr-FR\",\"@id\":\"https:\/\/rendezvous-dubai.com\/fr\/#\/schema\/logo\/image\/\",\"url\":\"https:\/\/i0.wp.com\/rendezvous-dubai.com\/wp-content\/uploads\/2020\/05\/Logo-RDV-Dubai.png?fit=1426%2C1422&ssl=1\",\"contentUrl\":\"https:\/\/i0.wp.com\/rendezvous-dubai.com\/wp-content\/uploads\/2020\/05\/Logo-RDV-Dubai.png?fit=1426%2C1422&ssl=1\",\"width\":1426,\"height\":1422,\"caption\":\"RENDEZVOUS DUBAI\"},\"image\":{\"@id\":\"https:\/\/rendezvous-dubai.com\/fr\/#\/schema\/logo\/image\/\"},\"sameAs\":[\"https:\/\/www.facebook.com\/rendezvousdubai\",\"https:\/\/www.instagram.com\/rendezvousdubai\/\",\"https:\/\/www.youtube.com\/@rendezvousdubai\"]}]}<\/script>\n<!-- \/ Yoast SEO plugin. -->","yoast_head_json":{"title":"Book Now | 4X4 SAFARI DESERT - RENDEZVOUS DUBAI","description":"Nous vous invitons \u00e0 visiter le d\u00e9sert unique des EAU dans un v\u00e9hicule 4x4 confortable. Les chauffeurs assureront le confort et la s\u00e9curit\u00e9 de nos clients \u00e0 tout moment.","robots":{"index":"index","follow":"follow","max-snippet":"max-snippet:-1","max-image-preview":"max-image-preview:large","max-video-preview":"max-video-preview:-1"},"canonical":"https:\/\/rendezvous-dubai.com\/fr\/produit\/4x4-safari-desert\/","og_locale":"fr_FR","og_type":"article","og_title":"Book Now | 4X4 SAFARI DESERT - RENDEZVOUS DUBAI","og_description":"Nous vous invitons \u00e0 visiter le d\u00e9sert unique des EAU dans un v\u00e9hicule 4x4 confortable. Les chauffeurs assureront le confort et la s\u00e9curit\u00e9 de nos clients \u00e0 tout moment.","og_url":"https:\/\/rendezvous-dubai.com\/fr\/produit\/4x4-safari-desert\/","og_site_name":"RENDEZVOUS DUBAI","article_publisher":"https:\/\/www.facebook.com\/rendezvousdubai","article_modified_time":"2025-02-17T11:06:57+00:00","og_image":[{"width":956,"height":640,"url":"https:\/\/rendezvous-dubai.com\/wp-content\/uploads\/2016\/04\/tour_img-1411064-145-1.jpg","type":"image\/jpeg"}],"twitter_card":"summary_large_image","twitter_misc":{"Est. reading time":"1 minute"},"schema":{"@context":"https:\/\/schema.org","@graph":[{"@type":"WebPage","@id":"https:\/\/rendezvous-dubai.com\/fr\/produit\/4x4-safari-desert\/","url":"https:\/\/rendezvous-dubai.com\/fr\/produit\/4x4-safari-desert\/","name":"Book Now | 4X4 SAFARI DESERT - RENDEZVOUS DUBAI","isPartOf":{"@id":"https:\/\/rendezvous-dubai.com\/fr\/#website"},"primaryImageOfPage":{"@id":"https:\/\/rendezvous-dubai.com\/fr\/produit\/4x4-safari-desert\/#primaryimage"},"image":{"@id":"https:\/\/rendezvous-dubai.com\/fr\/produit\/4x4-safari-desert\/#primaryimage"},"thumbnailUrl":"https:\/\/rendezvous-dubai.com\/wp-content\/uploads\/2016\/04\/tour_img-1411064-145-1.jpg","datePublished":"2020-06-05T14:37:43+00:00","dateModified":"2025-02-17T11:06:57+00:00","description":"Nous vous invitons \u00e0 visiter le d\u00e9sert unique des EAU dans un v\u00e9hicule 4x4 confortable. Les chauffeurs assureront le confort et la s\u00e9curit\u00e9 de nos clients \u00e0 tout moment.","breadcrumb":{"@id":"https:\/\/rendezvous-dubai.com\/fr\/produit\/4x4-safari-desert\/#breadcrumb"},"inLanguage":"fr-FR","potentialAction":[{"@type":"ReadAction","target":["https:\/\/rendezvous-dubai.com\/fr\/produit\/4x4-safari-desert\/"]}]},{"@type":"ImageObject","inLanguage":"fr-FR","@id":"https:\/\/rendezvous-dubai.com\/fr\/produit\/4x4-safari-desert\/#primaryimage","url":"https:\/\/rendezvous-dubai.com\/wp-content\/uploads\/2016\/04\/tour_img-1411064-145-1.jpg","contentUrl":"https:\/\/rendezvous-dubai.com\/wp-content\/uploads\/2016\/04\/tour_img-1411064-145-1.jpg","width":956,"height":640,"caption":"Desert Safari 4x4 Dubai"},{"@type":"BreadcrumbList","@id":"https:\/\/rendezvous-dubai.com\/fr\/produit\/4x4-safari-desert\/#breadcrumb","itemListElement":[{"@type":"ListItem","position":1,"name":"Home","item":"https:\/\/rendezvous-dubai.com\/fr\/"},{"@type":"ListItem","position":2,"name":"Shop","item":"https:\/\/rendezvous-dubai.com\/shop\/"},{"@type":"ListItem","position":3,"name":"4X4 SAFARI DESERT"}]},{"@type":"WebSite","@id":"https:\/\/rendezvous-dubai.com\/fr\/#website","url":"https:\/\/rendezvous-dubai.com\/fr\/","name":"RENDEZVOUS DUBAI","description":"Your Event Organizer","publisher":{"@id":"https:\/\/rendezvous-dubai.com\/fr\/#organization"},"potentialAction":[{"@type":"SearchAction","target":{"@type":"EntryPoint","urlTemplate":"https:\/\/rendezvous-dubai.com\/fr\/?s={search_term_string}"},"query-input":{"@type":"PropertyValueSpecification","valueRequired":true,"valueName":"search_term_string"}}],"inLanguage":"fr-FR"},{"@type":"Organization","@id":"https:\/\/rendezvous-dubai.com\/fr\/#organization","name":"RENDEZVOUS DUBAI","url":"https:\/\/rendezvous-dubai.com\/fr\/","logo":{"@type":"ImageObject","inLanguage":"fr-FR","@id":"https:\/\/rendezvous-dubai.com\/fr\/#\/schema\/logo\/image\/","url":"https:\/\/i0.wp.com\/rendezvous-dubai.com\/wp-content\/uploads\/2020\/05\/Logo-RDV-Dubai.png?fit=1426%2C1422&ssl=1","contentUrl":"https:\/\/i0.wp.com\/rendezvous-dubai.com\/wp-content\/uploads\/2020\/05\/Logo-RDV-Dubai.png?fit=1426%2C1422&ssl=1","width":1426,"height":1422,"caption":"RENDEZVOUS DUBAI"},"image":{"@id":"https:\/\/rendezvous-dubai.com\/fr\/#\/schema\/logo\/image\/"},"sameAs":["https:\/\/www.facebook.com\/rendezvousdubai","https:\/\/www.instagram.com\/rendezvousdubai\/","https:\/\/www.youtube.com\/@rendezvousdubai"]}]}},"jetpack_sharing_enabled":true,"_links":{"self":[{"href":"https:\/\/rendezvous-dubai.com\/fr\/wp-json\/wp\/v2\/product\/7024","targetHints":{"allow":["GET"]}}],"collection":[{"href":"https:\/\/rendezvous-dubai.com\/fr\/wp-json\/wp\/v2\/product"}],"about":[{"href":"https:\/\/rendezvous-dubai.com\/fr\/wp-json\/wp\/v2\/types\/product"}],"replies":[{"embeddable":true,"href":"https:\/\/rendezvous-dubai.com\/fr\/wp-json\/wp\/v2\/comments?post=7024"}],"wp:featuredmedia":[{"embeddable":true,"href":"https:\/\/rendezvous-dubai.com\/fr\/wp-json\/wp\/v2\/media\/6486"}],"wp:attachment":[{"href":"https:\/\/rendezvous-dubai.com\/fr\/wp-json\/wp\/v2\/media?parent=7024"}],"wp:term":[{"taxonomy":"product_brand","embeddable":true,"href":"https:\/\/rendezvous-dubai.com\/fr\/wp-json\/wp\/v2\/product_brand?post=7024"},{"taxonomy":"product_cat","embeddable":true,"href":"https:\/\/rendezvous-dubai.com\/fr\/wp-json\/wp\/v2\/product_cat?post=7024"},{"taxonomy":"product_tag","embeddable":true,"href":"https:\/\/rendezvous-dubai.com\/fr\/wp-json\/wp\/v2\/product_tag?post=7024"}],"curies":[{"name":"wp","href":"https:\/\/api.w.org\/{rel}","templated":true}]}}