{"id":6985,"date":"2020-05-21T02:03:49","date_gmt":"2020-06-04T16:39:26","guid":{"rendered":"https:\/\/rendezvousdubai.com\/product\/camel-riding\/"},"modified":"2025-08-30T21:08:13","modified_gmt":"2025-08-30T17:08:13","slug":"balade-cheval","status":"publish","type":"product","link":"https:\/\/rendezvous-dubai.com\/fr\/produit\/balade-cheval\/","title":{"rendered":"BALADE A CHEVAL"},"content":{"rendered":"<p>Retour dans le pass\u00e9 \u00e0 l&#8217;\u00e9poque b\u00e9douine des ann\u00e9es 1920, o\u00f9 le cheval \u00e9tait le seul moyen de locomotion. Au cours de cette activit\u00e9 tr\u00e8s exclusive, revivez la vie des B\u00e9douins et profitez d&#8217;une balade \u00e0 dos de cheval au c\u0153ur de la r\u00e9serve prot\u00e9g\u00e9e du d\u00e9sert rouge de Duba\u00ef.<\/p>\n","protected":false},"excerpt":{"rendered":"<p>Retour dans le pass\u00e9 \u00e0 l&#8217;\u00e9poque b\u00e9douine des ann\u00e9es 1920, o\u00f9 le cheval \u00e9tait le seul moyen de locomotion. Au cours de cette activit\u00e9 tr\u00e8s exclusive, revivez la vie des B\u00e9douins et profitez d&#8217;une balade \u00e0 dos de cheval au c\u0153ur de la r\u00e9serve prot\u00e9g\u00e9e du d\u00e9sert rouge de Duba\u00ef.<\/p>\n","protected":false},"featured_media":9777,"comment_status":"open","ping_status":"closed","template":"","meta":{"_joinchat":{"message_send":"*Hello {SITE} !*\nI need more information about the {PRODUCT}..."}},"product_brand":[],"product_cat":[320],"product_tag":[287,305],"class_list":{"0":"post-6985","1":"product","2":"type-product","3":"status-publish","4":"has-post-thumbnail","6":"product_cat-desert","7":"product_tag-dubai-desert-fr","8":"product_tag-safari-dubai-fr","9":"holiday_type-children","10":"holiday_type-culture","11":"holiday_type-discovery","12":"holiday_type-family","13":"holiday_type-guided-tours","14":"holiday_type-history","15":"holiday_type-short-breaks","16":"destination-uae","17":"activity_level-moderate","19":"first","20":"instock","21":"featured","22":"virtual","23":"sold-individually","24":"purchasable","25":"product-type-booking"},"yoast_head":"<!-- This site is optimized with the Yoast SEO plugin v25.8 - https:\/\/yoast.com\/wordpress\/plugins\/seo\/ -->\n<title>Book Now | BALADE A CHEVAL - RENDEZVOUS DUBAI<\/title>\n<meta name=\"description\" content=\"Retour dans le pass\u00e9 \u00e0 l&#039;\u00e9poque b\u00e9douine des ann\u00e9es 1920, o\u00f9 le cheval \u00e9tait le seul moyen de locomotion. Au cours de cette activit\u00e9 tr\u00e8s exclusive, revivez la vie des B\u00e9douins et profitez d&#039;une balade \u00e0 dos de cheval au c\u0153ur de la r\u00e9serve prot\u00e9g\u00e9e du d\u00e9sert rouge de Duba\u00ef.\" \/>\n<meta name=\"robots\" content=\"index, follow, max-snippet:-1, max-image-preview:large, max-video-preview:-1\" \/>\n<link rel=\"canonical\" href=\"https:\/\/rendezvous-dubai.com\/fr\/produit\/balade-cheval\/\" \/>\n<meta property=\"og:locale\" content=\"fr_FR\" \/>\n<meta property=\"og:type\" content=\"article\" \/>\n<meta property=\"og:title\" content=\"Book Now | BALADE A CHEVAL - RENDEZVOUS DUBAI\" \/>\n<meta property=\"og:description\" content=\"Retour dans le pass\u00e9 \u00e0 l&#039;\u00e9poque b\u00e9douine des ann\u00e9es 1920, o\u00f9 le cheval \u00e9tait le seul moyen de locomotion. Au cours de cette activit\u00e9 tr\u00e8s exclusive, revivez la vie des B\u00e9douins et profitez d&#039;une balade \u00e0 dos de cheval au c\u0153ur de la r\u00e9serve prot\u00e9g\u00e9e du d\u00e9sert rouge de Duba\u00ef.\" \/>\n<meta property=\"og:url\" content=\"https:\/\/rendezvous-dubai.com\/fr\/produit\/balade-cheval\/\" \/>\n<meta property=\"og:site_name\" content=\"RENDEZVOUS DUBAI\" \/>\n<meta property=\"article:publisher\" content=\"https:\/\/www.facebook.com\/rendezvousdubai\" \/>\n<meta property=\"article:modified_time\" content=\"2025-08-30T17:08:13+00:00\" \/>\n<meta property=\"og:image\" content=\"https:\/\/rendezvous-dubai.com\/wp-content\/uploads\/2020\/05\/50564363-D81_9989.jpg\" \/>\n\t<meta property=\"og:image:width\" content=\"2000\" \/>\n\t<meta property=\"og:image:height\" content=\"1335\" \/>\n\t<meta property=\"og:image:type\" content=\"image\/jpeg\" \/>\n<meta name=\"twitter:card\" content=\"summary_large_image\" \/>\n<meta name=\"twitter:label1\" content=\"Est. reading time\" \/>\n\t<meta name=\"twitter:data1\" content=\"1 minute\" \/>\n<script type=\"application\/ld+json\" class=\"yoast-schema-graph\">{\"@context\":\"https:\/\/schema.org\",\"@graph\":[{\"@type\":\"WebPage\",\"@id\":\"https:\/\/rendezvous-dubai.com\/fr\/produit\/balade-cheval\/\",\"url\":\"https:\/\/rendezvous-dubai.com\/fr\/produit\/balade-cheval\/\",\"name\":\"Book Now | BALADE A CHEVAL - RENDEZVOUS DUBAI\",\"isPartOf\":{\"@id\":\"https:\/\/rendezvous-dubai.com\/fr\/#website\"},\"primaryImageOfPage\":{\"@id\":\"https:\/\/rendezvous-dubai.com\/fr\/produit\/balade-cheval\/#primaryimage\"},\"image\":{\"@id\":\"https:\/\/rendezvous-dubai.com\/fr\/produit\/balade-cheval\/#primaryimage\"},\"thumbnailUrl\":\"https:\/\/rendezvous-dubai.com\/wp-content\/uploads\/2020\/05\/50564363-D81_9989.jpg\",\"datePublished\":\"2020-06-04T16:39:26+00:00\",\"dateModified\":\"2025-08-30T17:08:13+00:00\",\"description\":\"Retour dans le pass\u00e9 \u00e0 l'\u00e9poque b\u00e9douine des ann\u00e9es 1920, o\u00f9 le cheval \u00e9tait le seul moyen de locomotion. Au cours de cette activit\u00e9 tr\u00e8s exclusive, revivez la vie des B\u00e9douins et profitez d'une balade \u00e0 dos de cheval au c\u0153ur de la r\u00e9serve prot\u00e9g\u00e9e du d\u00e9sert rouge de Duba\u00ef.\",\"breadcrumb\":{\"@id\":\"https:\/\/rendezvous-dubai.com\/fr\/produit\/balade-cheval\/#breadcrumb\"},\"inLanguage\":\"fr-FR\",\"potentialAction\":[{\"@type\":\"ReadAction\",\"target\":[\"https:\/\/rendezvous-dubai.com\/fr\/produit\/balade-cheval\/\"]}]},{\"@type\":\"ImageObject\",\"inLanguage\":\"fr-FR\",\"@id\":\"https:\/\/rendezvous-dubai.com\/fr\/produit\/balade-cheval\/#primaryimage\",\"url\":\"https:\/\/rendezvous-dubai.com\/wp-content\/uploads\/2020\/05\/50564363-D81_9989.jpg\",\"contentUrl\":\"https:\/\/rendezvous-dubai.com\/wp-content\/uploads\/2020\/05\/50564363-D81_9989.jpg\",\"width\":2000,\"height\":1335,\"caption\":\"DUBAI CHEVAL DESERT\"},{\"@type\":\"BreadcrumbList\",\"@id\":\"https:\/\/rendezvous-dubai.com\/fr\/produit\/balade-cheval\/#breadcrumb\",\"itemListElement\":[{\"@type\":\"ListItem\",\"position\":1,\"name\":\"Home\",\"item\":\"https:\/\/rendezvous-dubai.com\/fr\/\"},{\"@type\":\"ListItem\",\"position\":2,\"name\":\"Shop\",\"item\":\"https:\/\/rendezvous-dubai.com\/shop\/\"},{\"@type\":\"ListItem\",\"position\":3,\"name\":\"BALADE A CHEVAL\"}]},{\"@type\":\"WebSite\",\"@id\":\"https:\/\/rendezvous-dubai.com\/fr\/#website\",\"url\":\"https:\/\/rendezvous-dubai.com\/fr\/\",\"name\":\"RENDEZVOUS DUBAI\",\"description\":\"Your Event Organizer\",\"publisher\":{\"@id\":\"https:\/\/rendezvous-dubai.com\/fr\/#organization\"},\"potentialAction\":[{\"@type\":\"SearchAction\",\"target\":{\"@type\":\"EntryPoint\",\"urlTemplate\":\"https:\/\/rendezvous-dubai.com\/fr\/?s={search_term_string}\"},\"query-input\":{\"@type\":\"PropertyValueSpecification\",\"valueRequired\":true,\"valueName\":\"search_term_string\"}}],\"inLanguage\":\"fr-FR\"},{\"@type\":\"Organization\",\"@id\":\"https:\/\/rendezvous-dubai.com\/fr\/#organization\",\"name\":\"RENDEZVOUS DUBAI\",\"url\":\"https:\/\/rendezvous-dubai.com\/fr\/\",\"logo\":{\"@type\":\"ImageObject\",\"inLanguage\":\"fr-FR\",\"@id\":\"https:\/\/rendezvous-dubai.com\/fr\/#\/schema\/logo\/image\/\",\"url\":\"https:\/\/i0.wp.com\/rendezvous-dubai.com\/wp-content\/uploads\/2020\/05\/Logo-RDV-Dubai.png?fit=1426%2C1422&ssl=1\",\"contentUrl\":\"https:\/\/i0.wp.com\/rendezvous-dubai.com\/wp-content\/uploads\/2020\/05\/Logo-RDV-Dubai.png?fit=1426%2C1422&ssl=1\",\"width\":1426,\"height\":1422,\"caption\":\"RENDEZVOUS DUBAI\"},\"image\":{\"@id\":\"https:\/\/rendezvous-dubai.com\/fr\/#\/schema\/logo\/image\/\"},\"sameAs\":[\"https:\/\/www.facebook.com\/rendezvousdubai\",\"https:\/\/www.instagram.com\/rendezvousdubai\/\",\"https:\/\/www.youtube.com\/@rendezvousdubai\"]}]}<\/script>\n<!-- \/ Yoast SEO plugin. -->","yoast_head_json":{"title":"Book Now | BALADE A CHEVAL - RENDEZVOUS DUBAI","description":"Retour dans le pass\u00e9 \u00e0 l'\u00e9poque b\u00e9douine des ann\u00e9es 1920, o\u00f9 le cheval \u00e9tait le seul moyen de locomotion. Au cours de cette activit\u00e9 tr\u00e8s exclusive, revivez la vie des B\u00e9douins et profitez d'une balade \u00e0 dos de cheval au c\u0153ur de la r\u00e9serve prot\u00e9g\u00e9e du d\u00e9sert rouge de Duba\u00ef.","robots":{"index":"index","follow":"follow","max-snippet":"max-snippet:-1","max-image-preview":"max-image-preview:large","max-video-preview":"max-video-preview:-1"},"canonical":"https:\/\/rendezvous-dubai.com\/fr\/produit\/balade-cheval\/","og_locale":"fr_FR","og_type":"article","og_title":"Book Now | BALADE A CHEVAL - RENDEZVOUS DUBAI","og_description":"Retour dans le pass\u00e9 \u00e0 l'\u00e9poque b\u00e9douine des ann\u00e9es 1920, o\u00f9 le cheval \u00e9tait le seul moyen de locomotion. Au cours de cette activit\u00e9 tr\u00e8s exclusive, revivez la vie des B\u00e9douins et profitez d'une balade \u00e0 dos de cheval au c\u0153ur de la r\u00e9serve prot\u00e9g\u00e9e du d\u00e9sert rouge de Duba\u00ef.","og_url":"https:\/\/rendezvous-dubai.com\/fr\/produit\/balade-cheval\/","og_site_name":"RENDEZVOUS DUBAI","article_publisher":"https:\/\/www.facebook.com\/rendezvousdubai","article_modified_time":"2025-08-30T17:08:13+00:00","og_image":[{"width":2000,"height":1335,"url":"https:\/\/rendezvous-dubai.com\/wp-content\/uploads\/2020\/05\/50564363-D81_9989.jpg","type":"image\/jpeg"}],"twitter_card":"summary_large_image","twitter_misc":{"Est. reading time":"1 minute"},"schema":{"@context":"https:\/\/schema.org","@graph":[{"@type":"WebPage","@id":"https:\/\/rendezvous-dubai.com\/fr\/produit\/balade-cheval\/","url":"https:\/\/rendezvous-dubai.com\/fr\/produit\/balade-cheval\/","name":"Book Now | BALADE A CHEVAL - RENDEZVOUS DUBAI","isPartOf":{"@id":"https:\/\/rendezvous-dubai.com\/fr\/#website"},"primaryImageOfPage":{"@id":"https:\/\/rendezvous-dubai.com\/fr\/produit\/balade-cheval\/#primaryimage"},"image":{"@id":"https:\/\/rendezvous-dubai.com\/fr\/produit\/balade-cheval\/#primaryimage"},"thumbnailUrl":"https:\/\/rendezvous-dubai.com\/wp-content\/uploads\/2020\/05\/50564363-D81_9989.jpg","datePublished":"2020-06-04T16:39:26+00:00","dateModified":"2025-08-30T17:08:13+00:00","description":"Retour dans le pass\u00e9 \u00e0 l'\u00e9poque b\u00e9douine des ann\u00e9es 1920, o\u00f9 le cheval \u00e9tait le seul moyen de locomotion. Au cours de cette activit\u00e9 tr\u00e8s exclusive, revivez la vie des B\u00e9douins et profitez d'une balade \u00e0 dos de cheval au c\u0153ur de la r\u00e9serve prot\u00e9g\u00e9e du d\u00e9sert rouge de Duba\u00ef.","breadcrumb":{"@id":"https:\/\/rendezvous-dubai.com\/fr\/produit\/balade-cheval\/#breadcrumb"},"inLanguage":"fr-FR","potentialAction":[{"@type":"ReadAction","target":["https:\/\/rendezvous-dubai.com\/fr\/produit\/balade-cheval\/"]}]},{"@type":"ImageObject","inLanguage":"fr-FR","@id":"https:\/\/rendezvous-dubai.com\/fr\/produit\/balade-cheval\/#primaryimage","url":"https:\/\/rendezvous-dubai.com\/wp-content\/uploads\/2020\/05\/50564363-D81_9989.jpg","contentUrl":"https:\/\/rendezvous-dubai.com\/wp-content\/uploads\/2020\/05\/50564363-D81_9989.jpg","width":2000,"height":1335,"caption":"DUBAI CHEVAL DESERT"},{"@type":"BreadcrumbList","@id":"https:\/\/rendezvous-dubai.com\/fr\/produit\/balade-cheval\/#breadcrumb","itemListElement":[{"@type":"ListItem","position":1,"name":"Home","item":"https:\/\/rendezvous-dubai.com\/fr\/"},{"@type":"ListItem","position":2,"name":"Shop","item":"https:\/\/rendezvous-dubai.com\/shop\/"},{"@type":"ListItem","position":3,"name":"BALADE A CHEVAL"}]},{"@type":"WebSite","@id":"https:\/\/rendezvous-dubai.com\/fr\/#website","url":"https:\/\/rendezvous-dubai.com\/fr\/","name":"RENDEZVOUS DUBAI","description":"Your Event Organizer","publisher":{"@id":"https:\/\/rendezvous-dubai.com\/fr\/#organization"},"potentialAction":[{"@type":"SearchAction","target":{"@type":"EntryPoint","urlTemplate":"https:\/\/rendezvous-dubai.com\/fr\/?s={search_term_string}"},"query-input":{"@type":"PropertyValueSpecification","valueRequired":true,"valueName":"search_term_string"}}],"inLanguage":"fr-FR"},{"@type":"Organization","@id":"https:\/\/rendezvous-dubai.com\/fr\/#organization","name":"RENDEZVOUS DUBAI","url":"https:\/\/rendezvous-dubai.com\/fr\/","logo":{"@type":"ImageObject","inLanguage":"fr-FR","@id":"https:\/\/rendezvous-dubai.com\/fr\/#\/schema\/logo\/image\/","url":"https:\/\/i0.wp.com\/rendezvous-dubai.com\/wp-content\/uploads\/2020\/05\/Logo-RDV-Dubai.png?fit=1426%2C1422&ssl=1","contentUrl":"https:\/\/i0.wp.com\/rendezvous-dubai.com\/wp-content\/uploads\/2020\/05\/Logo-RDV-Dubai.png?fit=1426%2C1422&ssl=1","width":1426,"height":1422,"caption":"RENDEZVOUS DUBAI"},"image":{"@id":"https:\/\/rendezvous-dubai.com\/fr\/#\/schema\/logo\/image\/"},"sameAs":["https:\/\/www.facebook.com\/rendezvousdubai","https:\/\/www.instagram.com\/rendezvousdubai\/","https:\/\/www.youtube.com\/@rendezvousdubai"]}]}},"jetpack_sharing_enabled":true,"_links":{"self":[{"href":"https:\/\/rendezvous-dubai.com\/fr\/wp-json\/wp\/v2\/product\/6985","targetHints":{"allow":["GET"]}}],"collection":[{"href":"https:\/\/rendezvous-dubai.com\/fr\/wp-json\/wp\/v2\/product"}],"about":[{"href":"https:\/\/rendezvous-dubai.com\/fr\/wp-json\/wp\/v2\/types\/product"}],"replies":[{"embeddable":true,"href":"https:\/\/rendezvous-dubai.com\/fr\/wp-json\/wp\/v2\/comments?post=6985"}],"wp:featuredmedia":[{"embeddable":true,"href":"https:\/\/rendezvous-dubai.com\/fr\/wp-json\/wp\/v2\/media\/9777"}],"wp:attachment":[{"href":"https:\/\/rendezvous-dubai.com\/fr\/wp-json\/wp\/v2\/media?parent=6985"}],"wp:term":[{"taxonomy":"product_brand","embeddable":true,"href":"https:\/\/rendezvous-dubai.com\/fr\/wp-json\/wp\/v2\/product_brand?post=6985"},{"taxonomy":"product_cat","embeddable":true,"href":"https:\/\/rendezvous-dubai.com\/fr\/wp-json\/wp\/v2\/product_cat?post=6985"},{"taxonomy":"product_tag","embeddable":true,"href":"https:\/\/rendezvous-dubai.com\/fr\/wp-json\/wp\/v2\/product_tag?post=6985"}],"curies":[{"name":"wp","href":"https:\/\/api.w.org\/{rel}","templated":true}]}}