{"id":51946,"date":"2023-07-12T20:49:17","date_gmt":"2023-07-12T16:49:19","guid":{"rendered":"https:\/\/rendezvous-dubai.com\/?post_type=product&#038;p=51946"},"modified":"2025-08-30T21:01:49","modified_gmt":"2025-08-30T17:01:49","slug":"flying-dress","status":"publish","type":"product","link":"https:\/\/rendezvous-dubai.com\/fr\/produit\/flying-dress\/","title":{"rendered":"FLYING DRESS"},"content":{"rendered":"<p>Offrez-vous un shooting photo in\u00e9dit dans le d\u00e9sert avec l\u2019une des robes Flying dress de la couleur de votre choix. Laissez nos photographes professionnels capturer chaque instant, cr\u00e9ant des souvenirs \u00e9poustouflants dans un cadre et une tenue \u00e0 couper le souffle.<\/p>\n","protected":false},"excerpt":{"rendered":"<p>Offrez-vous un shooting photo in\u00e9dit dans le d\u00e9sert avec l\u2019une des robes Flying dress de la couleur de votre choix. Laissez nos photographes professionnels capturer chaque instant, cr\u00e9ant des souvenirs \u00e9poustouflants dans un cadre et une tenue \u00e0 couper le souffle.<\/p>\n","protected":false},"featured_media":61169,"comment_status":"open","ping_status":"closed","template":"","meta":{"_joinchat":{"message_send":"*Hello {SITE} !*\nI need more information about the {PRODUCT}..."}},"product_brand":[],"product_cat":[320],"product_tag":[287,305],"class_list":{"0":"post-51946","1":"product","2":"type-product","3":"status-publish","4":"has-post-thumbnail","6":"product_cat-desert","7":"product_tag-dubai-desert-fr","8":"product_tag-safari-dubai-fr","9":"activity_level-challenging","11":"first","12":"instock","13":"featured","14":"virtual","15":"sold-individually","16":"purchasable","17":"product-type-booking"},"yoast_head":"<!-- This site is optimized with the Yoast SEO plugin v25.8 - https:\/\/yoast.com\/wordpress\/plugins\/seo\/ -->\n<title>Book Now | FLYING DRESS - RENDEZVOUS DUBAI<\/title>\n<meta name=\"description\" content=\"Offrez-vous un shooting photo in\u00e9dit dans le d\u00e9sert avec l\u2019une des robes Flying dress de la couleur de votre choix. Laissez nos photographes professionnels capturer chaque instant, cr\u00e9ant des souvenirs \u00e9poustouflants dans un cadre et une tenue \u00e0 couper le souffle.\" \/>\n<meta name=\"robots\" content=\"index, follow, max-snippet:-1, max-image-preview:large, max-video-preview:-1\" \/>\n<link rel=\"canonical\" href=\"https:\/\/rendezvous-dubai.com\/fr\/produit\/flying-dress\/\" \/>\n<meta property=\"og:locale\" content=\"fr_FR\" \/>\n<meta property=\"og:type\" content=\"article\" \/>\n<meta property=\"og:title\" content=\"Book Now | FLYING DRESS - RENDEZVOUS DUBAI\" \/>\n<meta property=\"og:description\" content=\"Offrez-vous un shooting photo in\u00e9dit dans le d\u00e9sert avec l\u2019une des robes Flying dress de la couleur de votre choix. Laissez nos photographes professionnels capturer chaque instant, cr\u00e9ant des souvenirs \u00e9poustouflants dans un cadre et une tenue \u00e0 couper le souffle.\" \/>\n<meta property=\"og:url\" content=\"https:\/\/rendezvous-dubai.com\/fr\/produit\/flying-dress\/\" \/>\n<meta property=\"og:site_name\" content=\"RENDEZVOUS DUBAI\" \/>\n<meta property=\"article:publisher\" content=\"https:\/\/www.facebook.com\/rendezvousdubai\" \/>\n<meta property=\"article:modified_time\" content=\"2025-08-30T17:01:49+00:00\" \/>\n<meta property=\"og:image\" content=\"https:\/\/rendezvous-dubai.com\/wp-content\/uploads\/2023\/07\/dsc0179-scaled-1.jpg\" \/>\n\t<meta property=\"og:image:width\" content=\"2560\" \/>\n\t<meta property=\"og:image:height\" content=\"1707\" \/>\n\t<meta property=\"og:image:type\" content=\"image\/jpeg\" \/>\n<meta name=\"twitter:card\" content=\"summary_large_image\" \/>\n<meta name=\"twitter:label1\" content=\"Est. reading time\" \/>\n\t<meta name=\"twitter:data1\" content=\"1 minute\" \/>\n<script type=\"application\/ld+json\" class=\"yoast-schema-graph\">{\"@context\":\"https:\/\/schema.org\",\"@graph\":[{\"@type\":\"WebPage\",\"@id\":\"https:\/\/rendezvous-dubai.com\/fr\/produit\/flying-dress\/\",\"url\":\"https:\/\/rendezvous-dubai.com\/fr\/produit\/flying-dress\/\",\"name\":\"Book Now | FLYING DRESS - RENDEZVOUS DUBAI\",\"isPartOf\":{\"@id\":\"https:\/\/rendezvous-dubai.com\/fr\/#website\"},\"primaryImageOfPage\":{\"@id\":\"https:\/\/rendezvous-dubai.com\/fr\/produit\/flying-dress\/#primaryimage\"},\"image\":{\"@id\":\"https:\/\/rendezvous-dubai.com\/fr\/produit\/flying-dress\/#primaryimage\"},\"thumbnailUrl\":\"https:\/\/rendezvous-dubai.com\/wp-content\/uploads\/2023\/07\/dsc0179-scaled-1.jpg\",\"datePublished\":\"2023-07-12T16:49:19+00:00\",\"dateModified\":\"2025-08-30T17:01:49+00:00\",\"description\":\"Offrez-vous un shooting photo in\u00e9dit dans le d\u00e9sert avec l\u2019une des robes Flying dress de la couleur de votre choix. Laissez nos photographes professionnels capturer chaque instant, cr\u00e9ant des souvenirs \u00e9poustouflants dans un cadre et une tenue \u00e0 couper le souffle.\",\"breadcrumb\":{\"@id\":\"https:\/\/rendezvous-dubai.com\/fr\/produit\/flying-dress\/#breadcrumb\"},\"inLanguage\":\"fr-FR\",\"potentialAction\":[{\"@type\":\"ReadAction\",\"target\":[\"https:\/\/rendezvous-dubai.com\/fr\/produit\/flying-dress\/\"]}]},{\"@type\":\"ImageObject\",\"inLanguage\":\"fr-FR\",\"@id\":\"https:\/\/rendezvous-dubai.com\/fr\/produit\/flying-dress\/#primaryimage\",\"url\":\"https:\/\/rendezvous-dubai.com\/wp-content\/uploads\/2023\/07\/dsc0179-scaled-1.jpg\",\"contentUrl\":\"https:\/\/rendezvous-dubai.com\/wp-content\/uploads\/2023\/07\/dsc0179-scaled-1.jpg\",\"width\":2560,\"height\":1707,\"caption\":\"Flying Dress\"},{\"@type\":\"BreadcrumbList\",\"@id\":\"https:\/\/rendezvous-dubai.com\/fr\/produit\/flying-dress\/#breadcrumb\",\"itemListElement\":[{\"@type\":\"ListItem\",\"position\":1,\"name\":\"Home\",\"item\":\"https:\/\/rendezvous-dubai.com\/fr\/\"},{\"@type\":\"ListItem\",\"position\":2,\"name\":\"Shop\",\"item\":\"https:\/\/rendezvous-dubai.com\/shop\/\"},{\"@type\":\"ListItem\",\"position\":3,\"name\":\"FLYING DRESS\"}]},{\"@type\":\"WebSite\",\"@id\":\"https:\/\/rendezvous-dubai.com\/fr\/#website\",\"url\":\"https:\/\/rendezvous-dubai.com\/fr\/\",\"name\":\"RENDEZVOUS DUBAI\",\"description\":\"Your Event Organizer\",\"publisher\":{\"@id\":\"https:\/\/rendezvous-dubai.com\/fr\/#organization\"},\"potentialAction\":[{\"@type\":\"SearchAction\",\"target\":{\"@type\":\"EntryPoint\",\"urlTemplate\":\"https:\/\/rendezvous-dubai.com\/fr\/?s={search_term_string}\"},\"query-input\":{\"@type\":\"PropertyValueSpecification\",\"valueRequired\":true,\"valueName\":\"search_term_string\"}}],\"inLanguage\":\"fr-FR\"},{\"@type\":\"Organization\",\"@id\":\"https:\/\/rendezvous-dubai.com\/fr\/#organization\",\"name\":\"RENDEZVOUS DUBAI\",\"url\":\"https:\/\/rendezvous-dubai.com\/fr\/\",\"logo\":{\"@type\":\"ImageObject\",\"inLanguage\":\"fr-FR\",\"@id\":\"https:\/\/rendezvous-dubai.com\/fr\/#\/schema\/logo\/image\/\",\"url\":\"https:\/\/i0.wp.com\/rendezvous-dubai.com\/wp-content\/uploads\/2020\/05\/Logo-RDV-Dubai.png?fit=1426%2C1422&ssl=1\",\"contentUrl\":\"https:\/\/i0.wp.com\/rendezvous-dubai.com\/wp-content\/uploads\/2020\/05\/Logo-RDV-Dubai.png?fit=1426%2C1422&ssl=1\",\"width\":1426,\"height\":1422,\"caption\":\"RENDEZVOUS DUBAI\"},\"image\":{\"@id\":\"https:\/\/rendezvous-dubai.com\/fr\/#\/schema\/logo\/image\/\"},\"sameAs\":[\"https:\/\/www.facebook.com\/rendezvousdubai\",\"https:\/\/www.instagram.com\/rendezvousdubai\/\",\"https:\/\/www.youtube.com\/@rendezvousdubai\"]}]}<\/script>\n<!-- \/ Yoast SEO plugin. -->","yoast_head_json":{"title":"Book Now | FLYING DRESS - RENDEZVOUS DUBAI","description":"Offrez-vous un shooting photo in\u00e9dit dans le d\u00e9sert avec l\u2019une des robes Flying dress de la couleur de votre choix. Laissez nos photographes professionnels capturer chaque instant, cr\u00e9ant des souvenirs \u00e9poustouflants dans un cadre et une tenue \u00e0 couper le souffle.","robots":{"index":"index","follow":"follow","max-snippet":"max-snippet:-1","max-image-preview":"max-image-preview:large","max-video-preview":"max-video-preview:-1"},"canonical":"https:\/\/rendezvous-dubai.com\/fr\/produit\/flying-dress\/","og_locale":"fr_FR","og_type":"article","og_title":"Book Now | FLYING DRESS - RENDEZVOUS DUBAI","og_description":"Offrez-vous un shooting photo in\u00e9dit dans le d\u00e9sert avec l\u2019une des robes Flying dress de la couleur de votre choix. Laissez nos photographes professionnels capturer chaque instant, cr\u00e9ant des souvenirs \u00e9poustouflants dans un cadre et une tenue \u00e0 couper le souffle.","og_url":"https:\/\/rendezvous-dubai.com\/fr\/produit\/flying-dress\/","og_site_name":"RENDEZVOUS DUBAI","article_publisher":"https:\/\/www.facebook.com\/rendezvousdubai","article_modified_time":"2025-08-30T17:01:49+00:00","og_image":[{"width":2560,"height":1707,"url":"https:\/\/rendezvous-dubai.com\/wp-content\/uploads\/2023\/07\/dsc0179-scaled-1.jpg","type":"image\/jpeg"}],"twitter_card":"summary_large_image","twitter_misc":{"Est. reading time":"1 minute"},"schema":{"@context":"https:\/\/schema.org","@graph":[{"@type":"WebPage","@id":"https:\/\/rendezvous-dubai.com\/fr\/produit\/flying-dress\/","url":"https:\/\/rendezvous-dubai.com\/fr\/produit\/flying-dress\/","name":"Book Now | FLYING DRESS - RENDEZVOUS DUBAI","isPartOf":{"@id":"https:\/\/rendezvous-dubai.com\/fr\/#website"},"primaryImageOfPage":{"@id":"https:\/\/rendezvous-dubai.com\/fr\/produit\/flying-dress\/#primaryimage"},"image":{"@id":"https:\/\/rendezvous-dubai.com\/fr\/produit\/flying-dress\/#primaryimage"},"thumbnailUrl":"https:\/\/rendezvous-dubai.com\/wp-content\/uploads\/2023\/07\/dsc0179-scaled-1.jpg","datePublished":"2023-07-12T16:49:19+00:00","dateModified":"2025-08-30T17:01:49+00:00","description":"Offrez-vous un shooting photo in\u00e9dit dans le d\u00e9sert avec l\u2019une des robes Flying dress de la couleur de votre choix. Laissez nos photographes professionnels capturer chaque instant, cr\u00e9ant des souvenirs \u00e9poustouflants dans un cadre et une tenue \u00e0 couper le souffle.","breadcrumb":{"@id":"https:\/\/rendezvous-dubai.com\/fr\/produit\/flying-dress\/#breadcrumb"},"inLanguage":"fr-FR","potentialAction":[{"@type":"ReadAction","target":["https:\/\/rendezvous-dubai.com\/fr\/produit\/flying-dress\/"]}]},{"@type":"ImageObject","inLanguage":"fr-FR","@id":"https:\/\/rendezvous-dubai.com\/fr\/produit\/flying-dress\/#primaryimage","url":"https:\/\/rendezvous-dubai.com\/wp-content\/uploads\/2023\/07\/dsc0179-scaled-1.jpg","contentUrl":"https:\/\/rendezvous-dubai.com\/wp-content\/uploads\/2023\/07\/dsc0179-scaled-1.jpg","width":2560,"height":1707,"caption":"Flying Dress"},{"@type":"BreadcrumbList","@id":"https:\/\/rendezvous-dubai.com\/fr\/produit\/flying-dress\/#breadcrumb","itemListElement":[{"@type":"ListItem","position":1,"name":"Home","item":"https:\/\/rendezvous-dubai.com\/fr\/"},{"@type":"ListItem","position":2,"name":"Shop","item":"https:\/\/rendezvous-dubai.com\/shop\/"},{"@type":"ListItem","position":3,"name":"FLYING DRESS"}]},{"@type":"WebSite","@id":"https:\/\/rendezvous-dubai.com\/fr\/#website","url":"https:\/\/rendezvous-dubai.com\/fr\/","name":"RENDEZVOUS DUBAI","description":"Your Event Organizer","publisher":{"@id":"https:\/\/rendezvous-dubai.com\/fr\/#organization"},"potentialAction":[{"@type":"SearchAction","target":{"@type":"EntryPoint","urlTemplate":"https:\/\/rendezvous-dubai.com\/fr\/?s={search_term_string}"},"query-input":{"@type":"PropertyValueSpecification","valueRequired":true,"valueName":"search_term_string"}}],"inLanguage":"fr-FR"},{"@type":"Organization","@id":"https:\/\/rendezvous-dubai.com\/fr\/#organization","name":"RENDEZVOUS DUBAI","url":"https:\/\/rendezvous-dubai.com\/fr\/","logo":{"@type":"ImageObject","inLanguage":"fr-FR","@id":"https:\/\/rendezvous-dubai.com\/fr\/#\/schema\/logo\/image\/","url":"https:\/\/i0.wp.com\/rendezvous-dubai.com\/wp-content\/uploads\/2020\/05\/Logo-RDV-Dubai.png?fit=1426%2C1422&ssl=1","contentUrl":"https:\/\/i0.wp.com\/rendezvous-dubai.com\/wp-content\/uploads\/2020\/05\/Logo-RDV-Dubai.png?fit=1426%2C1422&ssl=1","width":1426,"height":1422,"caption":"RENDEZVOUS DUBAI"},"image":{"@id":"https:\/\/rendezvous-dubai.com\/fr\/#\/schema\/logo\/image\/"},"sameAs":["https:\/\/www.facebook.com\/rendezvousdubai","https:\/\/www.instagram.com\/rendezvousdubai\/","https:\/\/www.youtube.com\/@rendezvousdubai"]}]}},"jetpack_sharing_enabled":true,"_links":{"self":[{"href":"https:\/\/rendezvous-dubai.com\/fr\/wp-json\/wp\/v2\/product\/51946","targetHints":{"allow":["GET"]}}],"collection":[{"href":"https:\/\/rendezvous-dubai.com\/fr\/wp-json\/wp\/v2\/product"}],"about":[{"href":"https:\/\/rendezvous-dubai.com\/fr\/wp-json\/wp\/v2\/types\/product"}],"replies":[{"embeddable":true,"href":"https:\/\/rendezvous-dubai.com\/fr\/wp-json\/wp\/v2\/comments?post=51946"}],"wp:featuredmedia":[{"embeddable":true,"href":"https:\/\/rendezvous-dubai.com\/fr\/wp-json\/wp\/v2\/media\/61169"}],"wp:attachment":[{"href":"https:\/\/rendezvous-dubai.com\/fr\/wp-json\/wp\/v2\/media?parent=51946"}],"wp:term":[{"taxonomy":"product_brand","embeddable":true,"href":"https:\/\/rendezvous-dubai.com\/fr\/wp-json\/wp\/v2\/product_brand?post=51946"},{"taxonomy":"product_cat","embeddable":true,"href":"https:\/\/rendezvous-dubai.com\/fr\/wp-json\/wp\/v2\/product_cat?post=51946"},{"taxonomy":"product_tag","embeddable":true,"href":"https:\/\/rendezvous-dubai.com\/fr\/wp-json\/wp\/v2\/product_tag?post=51946"}],"curies":[{"name":"wp","href":"https:\/\/api.w.org\/{rel}","templated":true}]}}