{"id":51766,"date":"2023-07-12T19:55:14","date_gmt":"2023-07-12T15:55:21","guid":{"rendered":"https:\/\/rendezvous-dubai.com\/?post_type=product&#038;p=51766"},"modified":"2025-08-30T21:06:02","modified_gmt":"2025-08-30T17:06:02","slug":"sonara-camp","status":"publish","type":"product","link":"https:\/\/rendezvous-dubai.com\/fr\/produit\/sonara-camp\/","title":{"rendered":"SONARA CAMP"},"content":{"rendered":"<p>Pr\u00e9parez-vous \u00e0 une exp\u00e9rience envo\u00fbtante au c\u0153ur du d\u00e9sert avec Sonara Camp \u00e0 Dubai ! Plongez dans l&#8217;authenticit\u00e9 et l&#8217;aventure d&#8217;un camp priv\u00e9 nich\u00e9 au milieu des dunes dor\u00e9es.<\/p>\n","protected":false},"excerpt":{"rendered":"<p>Pr\u00e9parez-vous \u00e0 une exp\u00e9rience envo\u00fbtante au c\u0153ur du d\u00e9sert avec Sonara Camp \u00e0 Dubai ! Plongez dans l&#8217;authenticit\u00e9 et l&#8217;aventure d&#8217;un camp priv\u00e9 nich\u00e9 au milieu des dunes dor\u00e9es.<\/p>\n","protected":false},"featured_media":51848,"comment_status":"open","ping_status":"closed","template":"","meta":{"_joinchat":{"message_send":"*Hello {SITE} !*\nI need more information about the {PRODUCT}..."}},"product_brand":[],"product_cat":[320],"product_tag":[208,237,287,249,302,299],"class_list":{"0":"post-51766","1":"product","2":"type-product","3":"status-publish","4":"has-post-thumbnail","6":"product_cat-desert","7":"product_tag-4x4-desert-safari-fr","8":"product_tag-camel-fr","9":"product_tag-dubai-desert-fr","10":"product_tag-henna-tattoo-fr","11":"product_tag-sand-surfing-fr","12":"product_tag-shisha-fr","13":"activity_level-challenging","15":"first","16":"instock","17":"featured","18":"virtual","19":"sold-individually","20":"purchasable","21":"product-type-booking"},"yoast_head":"<!-- This site is optimized with the Yoast SEO plugin v25.8 - https:\/\/yoast.com\/wordpress\/plugins\/seo\/ -->\n<title>Book Now | SONARA CAMP - RENDEZVOUS DUBAI<\/title>\n<meta name=\"description\" content=\"Pr\u00e9parez-vous \u00e0 une exp\u00e9rience envo\u00fbtante au c\u0153ur du d\u00e9sert avec Sonara Camp \u00e0 Dubai ! Plongez dans l&#039;authenticit\u00e9 et l&#039;aventure d&#039;un camp priv\u00e9 nich\u00e9 au milieu des dunes dor\u00e9es.\" \/>\n<meta name=\"robots\" content=\"index, follow, max-snippet:-1, max-image-preview:large, max-video-preview:-1\" \/>\n<link rel=\"canonical\" href=\"https:\/\/rendezvous-dubai.com\/fr\/produit\/sonara-camp\/\" \/>\n<meta property=\"og:locale\" content=\"fr_FR\" \/>\n<meta property=\"og:type\" content=\"article\" \/>\n<meta property=\"og:title\" content=\"Book Now | SONARA CAMP - RENDEZVOUS DUBAI\" \/>\n<meta property=\"og:description\" content=\"Pr\u00e9parez-vous \u00e0 une exp\u00e9rience envo\u00fbtante au c\u0153ur du d\u00e9sert avec Sonara Camp \u00e0 Dubai ! Plongez dans l&#039;authenticit\u00e9 et l&#039;aventure d&#039;un camp priv\u00e9 nich\u00e9 au milieu des dunes dor\u00e9es.\" \/>\n<meta property=\"og:url\" content=\"https:\/\/rendezvous-dubai.com\/fr\/produit\/sonara-camp\/\" \/>\n<meta property=\"og:site_name\" content=\"RENDEZVOUS DUBAI\" \/>\n<meta property=\"article:publisher\" content=\"https:\/\/www.facebook.com\/rendezvousdubai\" \/>\n<meta property=\"article:modified_time\" content=\"2025-08-30T17:06:02+00:00\" \/>\n<meta property=\"og:image\" content=\"https:\/\/rendezvous-dubai.com\/wp-content\/uploads\/2023\/07\/sonara-camp.jpg\" \/>\n\t<meta property=\"og:image:width\" content=\"800\" \/>\n\t<meta property=\"og:image:height\" content=\"533\" \/>\n\t<meta property=\"og:image:type\" content=\"image\/jpeg\" \/>\n<meta name=\"twitter:card\" content=\"summary_large_image\" \/>\n<meta name=\"twitter:label1\" content=\"Est. reading time\" \/>\n\t<meta name=\"twitter:data1\" content=\"1 minute\" \/>\n<script type=\"application\/ld+json\" class=\"yoast-schema-graph\">{\"@context\":\"https:\/\/schema.org\",\"@graph\":[{\"@type\":\"WebPage\",\"@id\":\"https:\/\/rendezvous-dubai.com\/fr\/produit\/sonara-camp\/\",\"url\":\"https:\/\/rendezvous-dubai.com\/fr\/produit\/sonara-camp\/\",\"name\":\"Book Now | SONARA CAMP - RENDEZVOUS DUBAI\",\"isPartOf\":{\"@id\":\"https:\/\/rendezvous-dubai.com\/fr\/#website\"},\"primaryImageOfPage\":{\"@id\":\"https:\/\/rendezvous-dubai.com\/fr\/produit\/sonara-camp\/#primaryimage\"},\"image\":{\"@id\":\"https:\/\/rendezvous-dubai.com\/fr\/produit\/sonara-camp\/#primaryimage\"},\"thumbnailUrl\":\"https:\/\/rendezvous-dubai.com\/wp-content\/uploads\/2023\/07\/sonara-camp.jpg\",\"datePublished\":\"2023-07-12T15:55:21+00:00\",\"dateModified\":\"2025-08-30T17:06:02+00:00\",\"description\":\"Pr\u00e9parez-vous \u00e0 une exp\u00e9rience envo\u00fbtante au c\u0153ur du d\u00e9sert avec Sonara Camp \u00e0 Dubai ! Plongez dans l'authenticit\u00e9 et l'aventure d'un camp priv\u00e9 nich\u00e9 au milieu des dunes dor\u00e9es.\",\"breadcrumb\":{\"@id\":\"https:\/\/rendezvous-dubai.com\/fr\/produit\/sonara-camp\/#breadcrumb\"},\"inLanguage\":\"fr-FR\",\"potentialAction\":[{\"@type\":\"ReadAction\",\"target\":[\"https:\/\/rendezvous-dubai.com\/fr\/produit\/sonara-camp\/\"]}]},{\"@type\":\"ImageObject\",\"inLanguage\":\"fr-FR\",\"@id\":\"https:\/\/rendezvous-dubai.com\/fr\/produit\/sonara-camp\/#primaryimage\",\"url\":\"https:\/\/rendezvous-dubai.com\/wp-content\/uploads\/2023\/07\/sonara-camp.jpg\",\"contentUrl\":\"https:\/\/rendezvous-dubai.com\/wp-content\/uploads\/2023\/07\/sonara-camp.jpg\",\"width\":800,\"height\":533,\"caption\":\"SONARA CAMP\"},{\"@type\":\"BreadcrumbList\",\"@id\":\"https:\/\/rendezvous-dubai.com\/fr\/produit\/sonara-camp\/#breadcrumb\",\"itemListElement\":[{\"@type\":\"ListItem\",\"position\":1,\"name\":\"Home\",\"item\":\"https:\/\/rendezvous-dubai.com\/fr\/\"},{\"@type\":\"ListItem\",\"position\":2,\"name\":\"Shop\",\"item\":\"https:\/\/rendezvous-dubai.com\/shop\/\"},{\"@type\":\"ListItem\",\"position\":3,\"name\":\"SONARA CAMP\"}]},{\"@type\":\"WebSite\",\"@id\":\"https:\/\/rendezvous-dubai.com\/fr\/#website\",\"url\":\"https:\/\/rendezvous-dubai.com\/fr\/\",\"name\":\"RENDEZVOUS DUBAI\",\"description\":\"Your Event Organizer\",\"publisher\":{\"@id\":\"https:\/\/rendezvous-dubai.com\/fr\/#organization\"},\"potentialAction\":[{\"@type\":\"SearchAction\",\"target\":{\"@type\":\"EntryPoint\",\"urlTemplate\":\"https:\/\/rendezvous-dubai.com\/fr\/?s={search_term_string}\"},\"query-input\":{\"@type\":\"PropertyValueSpecification\",\"valueRequired\":true,\"valueName\":\"search_term_string\"}}],\"inLanguage\":\"fr-FR\"},{\"@type\":\"Organization\",\"@id\":\"https:\/\/rendezvous-dubai.com\/fr\/#organization\",\"name\":\"RENDEZVOUS DUBAI\",\"url\":\"https:\/\/rendezvous-dubai.com\/fr\/\",\"logo\":{\"@type\":\"ImageObject\",\"inLanguage\":\"fr-FR\",\"@id\":\"https:\/\/rendezvous-dubai.com\/fr\/#\/schema\/logo\/image\/\",\"url\":\"https:\/\/i0.wp.com\/rendezvous-dubai.com\/wp-content\/uploads\/2020\/05\/Logo-RDV-Dubai.png?fit=1426%2C1422&ssl=1\",\"contentUrl\":\"https:\/\/i0.wp.com\/rendezvous-dubai.com\/wp-content\/uploads\/2020\/05\/Logo-RDV-Dubai.png?fit=1426%2C1422&ssl=1\",\"width\":1426,\"height\":1422,\"caption\":\"RENDEZVOUS DUBAI\"},\"image\":{\"@id\":\"https:\/\/rendezvous-dubai.com\/fr\/#\/schema\/logo\/image\/\"},\"sameAs\":[\"https:\/\/www.facebook.com\/rendezvousdubai\",\"https:\/\/www.instagram.com\/rendezvousdubai\/\",\"https:\/\/www.youtube.com\/@rendezvousdubai\"]}]}<\/script>\n<!-- \/ Yoast SEO plugin. -->","yoast_head_json":{"title":"Book Now | SONARA CAMP - RENDEZVOUS DUBAI","description":"Pr\u00e9parez-vous \u00e0 une exp\u00e9rience envo\u00fbtante au c\u0153ur du d\u00e9sert avec Sonara Camp \u00e0 Dubai ! Plongez dans l'authenticit\u00e9 et l'aventure d'un camp priv\u00e9 nich\u00e9 au milieu des dunes dor\u00e9es.","robots":{"index":"index","follow":"follow","max-snippet":"max-snippet:-1","max-image-preview":"max-image-preview:large","max-video-preview":"max-video-preview:-1"},"canonical":"https:\/\/rendezvous-dubai.com\/fr\/produit\/sonara-camp\/","og_locale":"fr_FR","og_type":"article","og_title":"Book Now | SONARA CAMP - RENDEZVOUS DUBAI","og_description":"Pr\u00e9parez-vous \u00e0 une exp\u00e9rience envo\u00fbtante au c\u0153ur du d\u00e9sert avec Sonara Camp \u00e0 Dubai ! Plongez dans l'authenticit\u00e9 et l'aventure d'un camp priv\u00e9 nich\u00e9 au milieu des dunes dor\u00e9es.","og_url":"https:\/\/rendezvous-dubai.com\/fr\/produit\/sonara-camp\/","og_site_name":"RENDEZVOUS DUBAI","article_publisher":"https:\/\/www.facebook.com\/rendezvousdubai","article_modified_time":"2025-08-30T17:06:02+00:00","og_image":[{"width":800,"height":533,"url":"https:\/\/rendezvous-dubai.com\/wp-content\/uploads\/2023\/07\/sonara-camp.jpg","type":"image\/jpeg"}],"twitter_card":"summary_large_image","twitter_misc":{"Est. reading time":"1 minute"},"schema":{"@context":"https:\/\/schema.org","@graph":[{"@type":"WebPage","@id":"https:\/\/rendezvous-dubai.com\/fr\/produit\/sonara-camp\/","url":"https:\/\/rendezvous-dubai.com\/fr\/produit\/sonara-camp\/","name":"Book Now | SONARA CAMP - RENDEZVOUS DUBAI","isPartOf":{"@id":"https:\/\/rendezvous-dubai.com\/fr\/#website"},"primaryImageOfPage":{"@id":"https:\/\/rendezvous-dubai.com\/fr\/produit\/sonara-camp\/#primaryimage"},"image":{"@id":"https:\/\/rendezvous-dubai.com\/fr\/produit\/sonara-camp\/#primaryimage"},"thumbnailUrl":"https:\/\/rendezvous-dubai.com\/wp-content\/uploads\/2023\/07\/sonara-camp.jpg","datePublished":"2023-07-12T15:55:21+00:00","dateModified":"2025-08-30T17:06:02+00:00","description":"Pr\u00e9parez-vous \u00e0 une exp\u00e9rience envo\u00fbtante au c\u0153ur du d\u00e9sert avec Sonara Camp \u00e0 Dubai ! Plongez dans l'authenticit\u00e9 et l'aventure d'un camp priv\u00e9 nich\u00e9 au milieu des dunes dor\u00e9es.","breadcrumb":{"@id":"https:\/\/rendezvous-dubai.com\/fr\/produit\/sonara-camp\/#breadcrumb"},"inLanguage":"fr-FR","potentialAction":[{"@type":"ReadAction","target":["https:\/\/rendezvous-dubai.com\/fr\/produit\/sonara-camp\/"]}]},{"@type":"ImageObject","inLanguage":"fr-FR","@id":"https:\/\/rendezvous-dubai.com\/fr\/produit\/sonara-camp\/#primaryimage","url":"https:\/\/rendezvous-dubai.com\/wp-content\/uploads\/2023\/07\/sonara-camp.jpg","contentUrl":"https:\/\/rendezvous-dubai.com\/wp-content\/uploads\/2023\/07\/sonara-camp.jpg","width":800,"height":533,"caption":"SONARA CAMP"},{"@type":"BreadcrumbList","@id":"https:\/\/rendezvous-dubai.com\/fr\/produit\/sonara-camp\/#breadcrumb","itemListElement":[{"@type":"ListItem","position":1,"name":"Home","item":"https:\/\/rendezvous-dubai.com\/fr\/"},{"@type":"ListItem","position":2,"name":"Shop","item":"https:\/\/rendezvous-dubai.com\/shop\/"},{"@type":"ListItem","position":3,"name":"SONARA CAMP"}]},{"@type":"WebSite","@id":"https:\/\/rendezvous-dubai.com\/fr\/#website","url":"https:\/\/rendezvous-dubai.com\/fr\/","name":"RENDEZVOUS DUBAI","description":"Your Event Organizer","publisher":{"@id":"https:\/\/rendezvous-dubai.com\/fr\/#organization"},"potentialAction":[{"@type":"SearchAction","target":{"@type":"EntryPoint","urlTemplate":"https:\/\/rendezvous-dubai.com\/fr\/?s={search_term_string}"},"query-input":{"@type":"PropertyValueSpecification","valueRequired":true,"valueName":"search_term_string"}}],"inLanguage":"fr-FR"},{"@type":"Organization","@id":"https:\/\/rendezvous-dubai.com\/fr\/#organization","name":"RENDEZVOUS DUBAI","url":"https:\/\/rendezvous-dubai.com\/fr\/","logo":{"@type":"ImageObject","inLanguage":"fr-FR","@id":"https:\/\/rendezvous-dubai.com\/fr\/#\/schema\/logo\/image\/","url":"https:\/\/i0.wp.com\/rendezvous-dubai.com\/wp-content\/uploads\/2020\/05\/Logo-RDV-Dubai.png?fit=1426%2C1422&ssl=1","contentUrl":"https:\/\/i0.wp.com\/rendezvous-dubai.com\/wp-content\/uploads\/2020\/05\/Logo-RDV-Dubai.png?fit=1426%2C1422&ssl=1","width":1426,"height":1422,"caption":"RENDEZVOUS DUBAI"},"image":{"@id":"https:\/\/rendezvous-dubai.com\/fr\/#\/schema\/logo\/image\/"},"sameAs":["https:\/\/www.facebook.com\/rendezvousdubai","https:\/\/www.instagram.com\/rendezvousdubai\/","https:\/\/www.youtube.com\/@rendezvousdubai"]}]}},"jetpack_sharing_enabled":true,"_links":{"self":[{"href":"https:\/\/rendezvous-dubai.com\/fr\/wp-json\/wp\/v2\/product\/51766","targetHints":{"allow":["GET"]}}],"collection":[{"href":"https:\/\/rendezvous-dubai.com\/fr\/wp-json\/wp\/v2\/product"}],"about":[{"href":"https:\/\/rendezvous-dubai.com\/fr\/wp-json\/wp\/v2\/types\/product"}],"replies":[{"embeddable":true,"href":"https:\/\/rendezvous-dubai.com\/fr\/wp-json\/wp\/v2\/comments?post=51766"}],"wp:featuredmedia":[{"embeddable":true,"href":"https:\/\/rendezvous-dubai.com\/fr\/wp-json\/wp\/v2\/media\/51848"}],"wp:attachment":[{"href":"https:\/\/rendezvous-dubai.com\/fr\/wp-json\/wp\/v2\/media?parent=51766"}],"wp:term":[{"taxonomy":"product_brand","embeddable":true,"href":"https:\/\/rendezvous-dubai.com\/fr\/wp-json\/wp\/v2\/product_brand?post=51766"},{"taxonomy":"product_cat","embeddable":true,"href":"https:\/\/rendezvous-dubai.com\/fr\/wp-json\/wp\/v2\/product_cat?post=51766"},{"taxonomy":"product_tag","embeddable":true,"href":"https:\/\/rendezvous-dubai.com\/fr\/wp-json\/wp\/v2\/product_tag?post=51766"}],"curies":[{"name":"wp","href":"https:\/\/api.w.org\/{rel}","templated":true}]}}