{"id":51753,"date":"2023-07-12T19:00:57","date_gmt":"2023-07-12T15:00:59","guid":{"rendered":"https:\/\/rendezvous-dubai.com\/?post_type=product&#038;p=51753"},"modified":"2025-08-30T18:55:19","modified_gmt":"2025-08-30T14:55:19","slug":"wakeboard","status":"publish","type":"product","link":"https:\/\/rendezvous-dubai.com\/fr\/produit\/wakeboard\/","title":{"rendered":"WAKEBOARD"},"content":{"rendered":"<p>Pr\u00e9parez-vous \u00e0 vivre une mont\u00e9e d&#8217;adr\u00e9naline inoubliable \u00e0 Dubai ! Faites le plein d&#8217;excitation avec notre activit\u00e9 de wakeboard et laissez-vous porter par les vagues de la mer scintillante. Ma\u00eetrisez les eaux tumultueuses gr\u00e2ce \u00e0 nos \u00e9quipements de pointe et \u00e0 nos instructeurs exp\u00e9riment\u00e9s. Que vous soyez d\u00e9butant ou expert, cette exp\u00e9rience aquatique vous garantit des moments de pure joie et des souvenirs sensationnels.<\/p>\n","protected":false},"excerpt":{"rendered":"<p>Pr\u00e9parez-vous \u00e0 vivre une mont\u00e9e d&#8217;adr\u00e9naline inoubliable \u00e0 Dubai ! Faites le plein d&#8217;excitation avec notre activit\u00e9 de wakeboard et laissez-vous porter par les vagues de la mer scintillante. Ma\u00eetrisez les eaux tumultueuses gr\u00e2ce \u00e0 nos \u00e9quipements de pointe et \u00e0 nos instructeurs exp\u00e9riment\u00e9s. Que vous soyez d\u00e9butant ou expert, cette exp\u00e9rience aquatique vous garantit [&hellip;]<\/p>\n","protected":false},"featured_media":51761,"comment_status":"open","ping_status":"closed","template":"","meta":{"_joinchat":{"message_send":"*Hello {SITE} !*\nI need more information about the {PRODUCT}..."}},"product_brand":[],"product_cat":[318],"product_tag":[231,290,256,274],"class_list":{"0":"post-51753","1":"product","2":"type-product","3":"status-publish","4":"has-post-thumbnail","6":"product_cat-aqua","7":"product_tag-burj-al-arab-fr","8":"product_tag-dubai-fr","9":"product_tag-jetski-fr","10":"product_tag-yamaha-fr","11":"activity_level-challenging","13":"first","14":"instock","15":"featured","16":"virtual","17":"sold-individually","18":"purchasable","19":"product-type-booking"},"yoast_head":"<!-- This site is optimized with the Yoast SEO plugin v27.5 - https:\/\/yoast.com\/product\/yoast-seo-wordpress\/ -->\n<title>Book Now | WAKEBOARD - RENDEZVOUS DUBAI<\/title>\n<meta name=\"description\" content=\"Pr\u00e9parez-vous \u00e0 vivre une mont\u00e9e d&#039;adr\u00e9naline inoubliable \u00e0 Dubai ! Faites le plein d&#039;excitation avec notre activit\u00e9 de wakeboard et laissez-vous porter par les vagues de la mer scintillante.\" \/>\n<meta name=\"robots\" content=\"index, follow, max-snippet:-1, max-image-preview:large, max-video-preview:-1\" \/>\n<link rel=\"canonical\" href=\"https:\/\/rendezvous-dubai.com\/fr\/produit\/wakeboard\/\" \/>\n<meta property=\"og:locale\" content=\"fr_FR\" \/>\n<meta property=\"og:type\" content=\"article\" \/>\n<meta property=\"og:title\" content=\"Book Now | WAKEBOARD - RENDEZVOUS DUBAI\" \/>\n<meta property=\"og:description\" content=\"Pr\u00e9parez-vous \u00e0 vivre une mont\u00e9e d&#039;adr\u00e9naline inoubliable \u00e0 Dubai ! Faites le plein d&#039;excitation avec notre activit\u00e9 de wakeboard et laissez-vous porter par les vagues de la mer scintillante.\" \/>\n<meta property=\"og:url\" content=\"https:\/\/rendezvous-dubai.com\/fr\/produit\/wakeboard\/\" \/>\n<meta property=\"og:site_name\" content=\"RENDEZVOUS DUBAI\" \/>\n<meta property=\"article:publisher\" content=\"https:\/\/www.facebook.com\/rendezvousdubai\" \/>\n<meta property=\"article:modified_time\" content=\"2025-08-30T14:55:19+00:00\" \/>\n<meta property=\"og:image\" content=\"https:\/\/rendezvous-dubai.com\/wp-content\/uploads\/2023\/07\/wakeboard.jpg\" \/>\n\t<meta property=\"og:image:width\" content=\"1024\" \/>\n\t<meta property=\"og:image:height\" content=\"1024\" \/>\n\t<meta property=\"og:image:type\" content=\"image\/jpeg\" \/>\n<meta name=\"twitter:card\" content=\"summary_large_image\" \/>\n<meta name=\"twitter:label1\" content=\"Est. reading time\" \/>\n\t<meta name=\"twitter:data1\" content=\"1 minute\" \/>\n<script type=\"application\/ld+json\" class=\"yoast-schema-graph\">{\"@context\":\"https:\\\/\\\/schema.org\",\"@graph\":[{\"@type\":\"WebPage\",\"@id\":\"https:\\\/\\\/rendezvous-dubai.com\\\/fr\\\/produit\\\/wakeboard\\\/\",\"url\":\"https:\\\/\\\/rendezvous-dubai.com\\\/fr\\\/produit\\\/wakeboard\\\/\",\"name\":\"Book Now | WAKEBOARD - RENDEZVOUS DUBAI\",\"isPartOf\":{\"@id\":\"https:\\\/\\\/rendezvous-dubai.com\\\/fr\\\/#website\"},\"primaryImageOfPage\":{\"@id\":\"https:\\\/\\\/rendezvous-dubai.com\\\/fr\\\/produit\\\/wakeboard\\\/#primaryimage\"},\"image\":{\"@id\":\"https:\\\/\\\/rendezvous-dubai.com\\\/fr\\\/produit\\\/wakeboard\\\/#primaryimage\"},\"thumbnailUrl\":\"https:\\\/\\\/rendezvous-dubai.com\\\/wp-content\\\/uploads\\\/2023\\\/07\\\/wakeboard.jpg\",\"datePublished\":\"2023-07-12T15:00:59+00:00\",\"dateModified\":\"2025-08-30T14:55:19+00:00\",\"description\":\"Pr\u00e9parez-vous \u00e0 vivre une mont\u00e9e d'adr\u00e9naline inoubliable \u00e0 Dubai ! Faites le plein d'excitation avec notre activit\u00e9 de wakeboard et laissez-vous porter par les vagues de la mer scintillante.\",\"breadcrumb\":{\"@id\":\"https:\\\/\\\/rendezvous-dubai.com\\\/fr\\\/produit\\\/wakeboard\\\/#breadcrumb\"},\"inLanguage\":\"fr-FR\",\"potentialAction\":[{\"@type\":\"ReadAction\",\"target\":[\"https:\\\/\\\/rendezvous-dubai.com\\\/fr\\\/produit\\\/wakeboard\\\/\"]}]},{\"@type\":\"ImageObject\",\"inLanguage\":\"fr-FR\",\"@id\":\"https:\\\/\\\/rendezvous-dubai.com\\\/fr\\\/produit\\\/wakeboard\\\/#primaryimage\",\"url\":\"https:\\\/\\\/rendezvous-dubai.com\\\/wp-content\\\/uploads\\\/2023\\\/07\\\/wakeboard.jpg\",\"contentUrl\":\"https:\\\/\\\/rendezvous-dubai.com\\\/wp-content\\\/uploads\\\/2023\\\/07\\\/wakeboard.jpg\",\"width\":1024,\"height\":1024,\"caption\":\"Wakeboard Dubai\"},{\"@type\":\"BreadcrumbList\",\"@id\":\"https:\\\/\\\/rendezvous-dubai.com\\\/fr\\\/produit\\\/wakeboard\\\/#breadcrumb\",\"itemListElement\":[{\"@type\":\"ListItem\",\"position\":1,\"name\":\"Home\",\"item\":\"https:\\\/\\\/rendezvous-dubai.com\\\/fr\\\/\"},{\"@type\":\"ListItem\",\"position\":2,\"name\":\"Shop\",\"item\":\"https:\\\/\\\/rendezvous-dubai.com\\\/shop\\\/\"},{\"@type\":\"ListItem\",\"position\":3,\"name\":\"WAKEBOARD\"}]},{\"@type\":\"WebSite\",\"@id\":\"https:\\\/\\\/rendezvous-dubai.com\\\/fr\\\/#website\",\"url\":\"https:\\\/\\\/rendezvous-dubai.com\\\/fr\\\/\",\"name\":\"RENDEZVOUS DUBAI\",\"description\":\"Your Event Organizer\",\"publisher\":{\"@id\":\"https:\\\/\\\/rendezvous-dubai.com\\\/fr\\\/#organization\"},\"potentialAction\":[{\"@type\":\"SearchAction\",\"target\":{\"@type\":\"EntryPoint\",\"urlTemplate\":\"https:\\\/\\\/rendezvous-dubai.com\\\/fr\\\/?s={search_term_string}\"},\"query-input\":{\"@type\":\"PropertyValueSpecification\",\"valueRequired\":true,\"valueName\":\"search_term_string\"}}],\"inLanguage\":\"fr-FR\"},{\"@type\":\"Organization\",\"@id\":\"https:\\\/\\\/rendezvous-dubai.com\\\/fr\\\/#organization\",\"name\":\"RENDEZVOUS DUBAI\",\"url\":\"https:\\\/\\\/rendezvous-dubai.com\\\/fr\\\/\",\"logo\":{\"@type\":\"ImageObject\",\"inLanguage\":\"fr-FR\",\"@id\":\"https:\\\/\\\/rendezvous-dubai.com\\\/fr\\\/#\\\/schema\\\/logo\\\/image\\\/\",\"url\":\"https:\\\/\\\/i0.wp.com\\\/rendezvous-dubai.com\\\/wp-content\\\/uploads\\\/2020\\\/05\\\/Logo-RDV-Dubai.png?fit=1426%2C1422&ssl=1\",\"contentUrl\":\"https:\\\/\\\/i0.wp.com\\\/rendezvous-dubai.com\\\/wp-content\\\/uploads\\\/2020\\\/05\\\/Logo-RDV-Dubai.png?fit=1426%2C1422&ssl=1\",\"width\":1426,\"height\":1422,\"caption\":\"RENDEZVOUS DUBAI\"},\"image\":{\"@id\":\"https:\\\/\\\/rendezvous-dubai.com\\\/fr\\\/#\\\/schema\\\/logo\\\/image\\\/\"},\"sameAs\":[\"https:\\\/\\\/www.facebook.com\\\/rendezvousdubai\",\"https:\\\/\\\/www.instagram.com\\\/rendezvousdubai\\\/\",\"https:\\\/\\\/www.youtube.com\\\/@rendezvousdubai\"]}]}<\/script>\n<!-- \/ Yoast SEO plugin. -->","yoast_head_json":{"title":"Book Now | WAKEBOARD - RENDEZVOUS DUBAI","description":"Pr\u00e9parez-vous \u00e0 vivre une mont\u00e9e d'adr\u00e9naline inoubliable \u00e0 Dubai ! Faites le plein d'excitation avec notre activit\u00e9 de wakeboard et laissez-vous porter par les vagues de la mer scintillante.","robots":{"index":"index","follow":"follow","max-snippet":"max-snippet:-1","max-image-preview":"max-image-preview:large","max-video-preview":"max-video-preview:-1"},"canonical":"https:\/\/rendezvous-dubai.com\/fr\/produit\/wakeboard\/","og_locale":"fr_FR","og_type":"article","og_title":"Book Now | WAKEBOARD - RENDEZVOUS DUBAI","og_description":"Pr\u00e9parez-vous \u00e0 vivre une mont\u00e9e d'adr\u00e9naline inoubliable \u00e0 Dubai ! Faites le plein d'excitation avec notre activit\u00e9 de wakeboard et laissez-vous porter par les vagues de la mer scintillante.","og_url":"https:\/\/rendezvous-dubai.com\/fr\/produit\/wakeboard\/","og_site_name":"RENDEZVOUS DUBAI","article_publisher":"https:\/\/www.facebook.com\/rendezvousdubai","article_modified_time":"2025-08-30T14:55:19+00:00","og_image":[{"width":1024,"height":1024,"url":"https:\/\/rendezvous-dubai.com\/wp-content\/uploads\/2023\/07\/wakeboard.jpg","type":"image\/jpeg"}],"twitter_card":"summary_large_image","twitter_misc":{"Est. reading time":"1 minute"},"schema":{"@context":"https:\/\/schema.org","@graph":[{"@type":"WebPage","@id":"https:\/\/rendezvous-dubai.com\/fr\/produit\/wakeboard\/","url":"https:\/\/rendezvous-dubai.com\/fr\/produit\/wakeboard\/","name":"Book Now | WAKEBOARD - RENDEZVOUS DUBAI","isPartOf":{"@id":"https:\/\/rendezvous-dubai.com\/fr\/#website"},"primaryImageOfPage":{"@id":"https:\/\/rendezvous-dubai.com\/fr\/produit\/wakeboard\/#primaryimage"},"image":{"@id":"https:\/\/rendezvous-dubai.com\/fr\/produit\/wakeboard\/#primaryimage"},"thumbnailUrl":"https:\/\/rendezvous-dubai.com\/wp-content\/uploads\/2023\/07\/wakeboard.jpg","datePublished":"2023-07-12T15:00:59+00:00","dateModified":"2025-08-30T14:55:19+00:00","description":"Pr\u00e9parez-vous \u00e0 vivre une mont\u00e9e d'adr\u00e9naline inoubliable \u00e0 Dubai ! Faites le plein d'excitation avec notre activit\u00e9 de wakeboard et laissez-vous porter par les vagues de la mer scintillante.","breadcrumb":{"@id":"https:\/\/rendezvous-dubai.com\/fr\/produit\/wakeboard\/#breadcrumb"},"inLanguage":"fr-FR","potentialAction":[{"@type":"ReadAction","target":["https:\/\/rendezvous-dubai.com\/fr\/produit\/wakeboard\/"]}]},{"@type":"ImageObject","inLanguage":"fr-FR","@id":"https:\/\/rendezvous-dubai.com\/fr\/produit\/wakeboard\/#primaryimage","url":"https:\/\/rendezvous-dubai.com\/wp-content\/uploads\/2023\/07\/wakeboard.jpg","contentUrl":"https:\/\/rendezvous-dubai.com\/wp-content\/uploads\/2023\/07\/wakeboard.jpg","width":1024,"height":1024,"caption":"Wakeboard Dubai"},{"@type":"BreadcrumbList","@id":"https:\/\/rendezvous-dubai.com\/fr\/produit\/wakeboard\/#breadcrumb","itemListElement":[{"@type":"ListItem","position":1,"name":"Home","item":"https:\/\/rendezvous-dubai.com\/fr\/"},{"@type":"ListItem","position":2,"name":"Shop","item":"https:\/\/rendezvous-dubai.com\/shop\/"},{"@type":"ListItem","position":3,"name":"WAKEBOARD"}]},{"@type":"WebSite","@id":"https:\/\/rendezvous-dubai.com\/fr\/#website","url":"https:\/\/rendezvous-dubai.com\/fr\/","name":"RENDEZVOUS DUBAI","description":"Your Event Organizer","publisher":{"@id":"https:\/\/rendezvous-dubai.com\/fr\/#organization"},"potentialAction":[{"@type":"SearchAction","target":{"@type":"EntryPoint","urlTemplate":"https:\/\/rendezvous-dubai.com\/fr\/?s={search_term_string}"},"query-input":{"@type":"PropertyValueSpecification","valueRequired":true,"valueName":"search_term_string"}}],"inLanguage":"fr-FR"},{"@type":"Organization","@id":"https:\/\/rendezvous-dubai.com\/fr\/#organization","name":"RENDEZVOUS DUBAI","url":"https:\/\/rendezvous-dubai.com\/fr\/","logo":{"@type":"ImageObject","inLanguage":"fr-FR","@id":"https:\/\/rendezvous-dubai.com\/fr\/#\/schema\/logo\/image\/","url":"https:\/\/i0.wp.com\/rendezvous-dubai.com\/wp-content\/uploads\/2020\/05\/Logo-RDV-Dubai.png?fit=1426%2C1422&ssl=1","contentUrl":"https:\/\/i0.wp.com\/rendezvous-dubai.com\/wp-content\/uploads\/2020\/05\/Logo-RDV-Dubai.png?fit=1426%2C1422&ssl=1","width":1426,"height":1422,"caption":"RENDEZVOUS DUBAI"},"image":{"@id":"https:\/\/rendezvous-dubai.com\/fr\/#\/schema\/logo\/image\/"},"sameAs":["https:\/\/www.facebook.com\/rendezvousdubai","https:\/\/www.instagram.com\/rendezvousdubai\/","https:\/\/www.youtube.com\/@rendezvousdubai"]}]}},"jetpack_sharing_enabled":true,"_links":{"self":[{"href":"https:\/\/rendezvous-dubai.com\/fr\/wp-json\/wp\/v2\/product\/51753","targetHints":{"allow":["GET"]}}],"collection":[{"href":"https:\/\/rendezvous-dubai.com\/fr\/wp-json\/wp\/v2\/product"}],"about":[{"href":"https:\/\/rendezvous-dubai.com\/fr\/wp-json\/wp\/v2\/types\/product"}],"replies":[{"embeddable":true,"href":"https:\/\/rendezvous-dubai.com\/fr\/wp-json\/wp\/v2\/comments?post=51753"}],"wp:featuredmedia":[{"embeddable":true,"href":"https:\/\/rendezvous-dubai.com\/fr\/wp-json\/wp\/v2\/media\/51761"}],"wp:attachment":[{"href":"https:\/\/rendezvous-dubai.com\/fr\/wp-json\/wp\/v2\/media?parent=51753"}],"wp:term":[{"taxonomy":"product_brand","embeddable":true,"href":"https:\/\/rendezvous-dubai.com\/fr\/wp-json\/wp\/v2\/product_brand?post=51753"},{"taxonomy":"product_cat","embeddable":true,"href":"https:\/\/rendezvous-dubai.com\/fr\/wp-json\/wp\/v2\/product_cat?post=51753"},{"taxonomy":"product_tag","embeddable":true,"href":"https:\/\/rendezvous-dubai.com\/fr\/wp-json\/wp\/v2\/product_tag?post=51753"}],"curies":[{"name":"wp","href":"https:\/\/api.w.org\/{rel}","templated":true}]}}