{"id":47692,"date":"2023-04-29T15:06:59","date_gmt":"2023-04-29T11:07:02","guid":{"rendered":"https:\/\/rendezvous-dubai.com\/?post_type=product&#038;p=47692"},"modified":"2025-08-30T21:30:59","modified_gmt":"2025-08-30T17:30:59","slug":"formula-yas-3000","status":"publish","type":"product","link":"https:\/\/rendezvous-dubai.com\/fr\/produit\/formula-yas-3000\/","title":{"rendered":"FORMULA YAS 3000"},"content":{"rendered":"<p>Cette voiture de course est \u00e0 essayer absolument, car elle est \u00e0 la fois dynamique et puissante. Elle dispose d&#8217;un si\u00e8ge unique et de caract\u00e9ristiques impressionnantes telles qu&#8217;une forte adh\u00e9rence, des pneus \u00e9l\u00e9gants et de grandes ailes. Le moteur est puissant et garantit une exp\u00e9rience inoubliable.<\/p>\n","protected":false},"excerpt":{"rendered":"<p>Cette voiture de course est \u00e0 essayer absolument, car elle est \u00e0 la fois dynamique et puissante. Elle dispose d&#8217;un si\u00e8ge unique et de caract\u00e9ristiques impressionnantes telles qu&#8217;une forte adh\u00e9rence, des pneus \u00e9l\u00e9gants et de grandes ailes. Le moteur est puissant et garantit une exp\u00e9rience inoubliable.<\/p>\n","protected":false},"featured_media":47697,"comment_status":"open","ping_status":"closed","template":"","meta":{"_joinchat":{"message_send":"*Hello {SITE} !*\nI need more information about the {PRODUCT}..."}},"product_brand":[],"product_cat":[443],"product_tag":[],"class_list":{"0":"post-47692","1":"product","2":"type-product","3":"status-publish","4":"has-post-thumbnail","6":"product_cat-tickets","7":"activity_level-challenging","9":"first","10":"instock","11":"virtual","12":"sold-individually","13":"purchasable","14":"product-type-booking"},"yoast_head":"<!-- This site is optimized with the Yoast SEO plugin v25.8 - https:\/\/yoast.com\/wordpress\/plugins\/seo\/ -->\n<title>Book Now | FORMULA YAS 3000 - RENDEZVOUS DUBAI<\/title>\n<meta name=\"description\" content=\"D\u00e9couvrez les merveilles de Duba\u00ef avec nos billets tout-en-un. Profitez de man\u00e8ges palpitants dans le parc d&#039;attractions, \u00e9merveillez-vous devant la vie marine captivante de l&#039;aquarium et atteignez de nouveaux sommets \u00e0 l&#039;embl\u00e9matique Burj Khalifa. R\u00e9servez votre aventure inoubliable d\u00e8s aujourd&#039;hui.\" \/>\n<meta name=\"robots\" content=\"index, follow, max-snippet:-1, max-image-preview:large, max-video-preview:-1\" \/>\n<link rel=\"canonical\" href=\"https:\/\/rendezvous-dubai.com\/fr\/produit\/formula-yas-3000\/\" \/>\n<meta property=\"og:locale\" content=\"fr_FR\" \/>\n<meta property=\"og:type\" content=\"article\" \/>\n<meta property=\"og:title\" content=\"Book Now | FORMULA YAS 3000 - RENDEZVOUS DUBAI\" \/>\n<meta property=\"og:description\" content=\"D\u00e9couvrez les merveilles de Duba\u00ef avec nos billets tout-en-un. Profitez de man\u00e8ges palpitants dans le parc d&#039;attractions, \u00e9merveillez-vous devant la vie marine captivante de l&#039;aquarium et atteignez de nouveaux sommets \u00e0 l&#039;embl\u00e9matique Burj Khalifa. R\u00e9servez votre aventure inoubliable d\u00e8s aujourd&#039;hui.\" \/>\n<meta property=\"og:url\" content=\"https:\/\/rendezvous-dubai.com\/fr\/produit\/formula-yas-3000\/\" \/>\n<meta property=\"og:site_name\" content=\"RENDEZVOUS DUBAI\" \/>\n<meta property=\"article:publisher\" content=\"https:\/\/www.facebook.com\/rendezvousdubai\" \/>\n<meta property=\"article:modified_time\" content=\"2025-08-30T17:30:59+00:00\" \/>\n<meta property=\"og:image\" content=\"https:\/\/rendezvous-dubai.com\/wp-content\/uploads\/2023\/04\/Formula-Yas-3000-Rendez-vous-dubai1-1024x430.png\" \/>\n\t<meta property=\"og:image:width\" content=\"1024\" \/>\n\t<meta property=\"og:image:height\" content=\"430\" \/>\n\t<meta property=\"og:image:type\" content=\"image\/png\" \/>\n<meta name=\"twitter:card\" content=\"summary_large_image\" \/>\n<meta name=\"twitter:label1\" content=\"Est. reading time\" \/>\n\t<meta name=\"twitter:data1\" content=\"1 minute\" \/>\n<script type=\"application\/ld+json\" class=\"yoast-schema-graph\">{\"@context\":\"https:\/\/schema.org\",\"@graph\":[{\"@type\":\"WebPage\",\"@id\":\"https:\/\/rendezvous-dubai.com\/fr\/produit\/formula-yas-3000\/\",\"url\":\"https:\/\/rendezvous-dubai.com\/fr\/produit\/formula-yas-3000\/\",\"name\":\"Book Now | FORMULA YAS 3000 - RENDEZVOUS DUBAI\",\"isPartOf\":{\"@id\":\"https:\/\/rendezvous-dubai.com\/fr\/#website\"},\"primaryImageOfPage\":{\"@id\":\"https:\/\/rendezvous-dubai.com\/fr\/produit\/formula-yas-3000\/#primaryimage\"},\"image\":{\"@id\":\"https:\/\/rendezvous-dubai.com\/fr\/produit\/formula-yas-3000\/#primaryimage\"},\"thumbnailUrl\":\"https:\/\/rendezvous-dubai.com\/wp-content\/uploads\/2023\/04\/Formula-Yas-3000-Rendez-vous-dubai1.png\",\"datePublished\":\"2023-04-29T11:07:02+00:00\",\"dateModified\":\"2025-08-30T17:30:59+00:00\",\"description\":\"D\u00e9couvrez les merveilles de Duba\u00ef avec nos billets tout-en-un. Profitez de man\u00e8ges palpitants dans le parc d'attractions, \u00e9merveillez-vous devant la vie marine captivante de l'aquarium et atteignez de nouveaux sommets \u00e0 l'embl\u00e9matique Burj Khalifa. R\u00e9servez votre aventure inoubliable d\u00e8s aujourd'hui.\",\"breadcrumb\":{\"@id\":\"https:\/\/rendezvous-dubai.com\/fr\/produit\/formula-yas-3000\/#breadcrumb\"},\"inLanguage\":\"fr-FR\",\"potentialAction\":[{\"@type\":\"ReadAction\",\"target\":[\"https:\/\/rendezvous-dubai.com\/fr\/produit\/formula-yas-3000\/\"]}]},{\"@type\":\"ImageObject\",\"inLanguage\":\"fr-FR\",\"@id\":\"https:\/\/rendezvous-dubai.com\/fr\/produit\/formula-yas-3000\/#primaryimage\",\"url\":\"https:\/\/rendezvous-dubai.com\/wp-content\/uploads\/2023\/04\/Formula-Yas-3000-Rendez-vous-dubai1.png\",\"contentUrl\":\"https:\/\/rendezvous-dubai.com\/wp-content\/uploads\/2023\/04\/Formula-Yas-3000-Rendez-vous-dubai1.png\",\"width\":2424,\"height\":1019,\"caption\":\"Formula Yas 3000 Rendez-vous dubai1\"},{\"@type\":\"BreadcrumbList\",\"@id\":\"https:\/\/rendezvous-dubai.com\/fr\/produit\/formula-yas-3000\/#breadcrumb\",\"itemListElement\":[{\"@type\":\"ListItem\",\"position\":1,\"name\":\"Home\",\"item\":\"https:\/\/rendezvous-dubai.com\/fr\/\"},{\"@type\":\"ListItem\",\"position\":2,\"name\":\"Shop\",\"item\":\"https:\/\/rendezvous-dubai.com\/shop\/\"},{\"@type\":\"ListItem\",\"position\":3,\"name\":\"FORMULA YAS 3000\"}]},{\"@type\":\"WebSite\",\"@id\":\"https:\/\/rendezvous-dubai.com\/fr\/#website\",\"url\":\"https:\/\/rendezvous-dubai.com\/fr\/\",\"name\":\"RENDEZVOUS DUBAI\",\"description\":\"Your Event Organizer\",\"publisher\":{\"@id\":\"https:\/\/rendezvous-dubai.com\/fr\/#organization\"},\"potentialAction\":[{\"@type\":\"SearchAction\",\"target\":{\"@type\":\"EntryPoint\",\"urlTemplate\":\"https:\/\/rendezvous-dubai.com\/fr\/?s={search_term_string}\"},\"query-input\":{\"@type\":\"PropertyValueSpecification\",\"valueRequired\":true,\"valueName\":\"search_term_string\"}}],\"inLanguage\":\"fr-FR\"},{\"@type\":\"Organization\",\"@id\":\"https:\/\/rendezvous-dubai.com\/fr\/#organization\",\"name\":\"RENDEZVOUS DUBAI\",\"url\":\"https:\/\/rendezvous-dubai.com\/fr\/\",\"logo\":{\"@type\":\"ImageObject\",\"inLanguage\":\"fr-FR\",\"@id\":\"https:\/\/rendezvous-dubai.com\/fr\/#\/schema\/logo\/image\/\",\"url\":\"https:\/\/i0.wp.com\/rendezvous-dubai.com\/wp-content\/uploads\/2020\/05\/Logo-RDV-Dubai.png?fit=1426%2C1422&ssl=1\",\"contentUrl\":\"https:\/\/i0.wp.com\/rendezvous-dubai.com\/wp-content\/uploads\/2020\/05\/Logo-RDV-Dubai.png?fit=1426%2C1422&ssl=1\",\"width\":1426,\"height\":1422,\"caption\":\"RENDEZVOUS DUBAI\"},\"image\":{\"@id\":\"https:\/\/rendezvous-dubai.com\/fr\/#\/schema\/logo\/image\/\"},\"sameAs\":[\"https:\/\/www.facebook.com\/rendezvousdubai\",\"https:\/\/www.instagram.com\/rendezvousdubai\/\",\"https:\/\/www.youtube.com\/@rendezvousdubai\"]}]}<\/script>\n<!-- \/ Yoast SEO plugin. -->","yoast_head_json":{"title":"Book Now | FORMULA YAS 3000 - RENDEZVOUS DUBAI","description":"D\u00e9couvrez les merveilles de Duba\u00ef avec nos billets tout-en-un. Profitez de man\u00e8ges palpitants dans le parc d'attractions, \u00e9merveillez-vous devant la vie marine captivante de l'aquarium et atteignez de nouveaux sommets \u00e0 l'embl\u00e9matique Burj Khalifa. R\u00e9servez votre aventure inoubliable d\u00e8s aujourd'hui.","robots":{"index":"index","follow":"follow","max-snippet":"max-snippet:-1","max-image-preview":"max-image-preview:large","max-video-preview":"max-video-preview:-1"},"canonical":"https:\/\/rendezvous-dubai.com\/fr\/produit\/formula-yas-3000\/","og_locale":"fr_FR","og_type":"article","og_title":"Book Now | FORMULA YAS 3000 - RENDEZVOUS DUBAI","og_description":"D\u00e9couvrez les merveilles de Duba\u00ef avec nos billets tout-en-un. Profitez de man\u00e8ges palpitants dans le parc d'attractions, \u00e9merveillez-vous devant la vie marine captivante de l'aquarium et atteignez de nouveaux sommets \u00e0 l'embl\u00e9matique Burj Khalifa. R\u00e9servez votre aventure inoubliable d\u00e8s aujourd'hui.","og_url":"https:\/\/rendezvous-dubai.com\/fr\/produit\/formula-yas-3000\/","og_site_name":"RENDEZVOUS DUBAI","article_publisher":"https:\/\/www.facebook.com\/rendezvousdubai","article_modified_time":"2025-08-30T17:30:59+00:00","og_image":[{"width":1024,"height":430,"url":"https:\/\/rendezvous-dubai.com\/wp-content\/uploads\/2023\/04\/Formula-Yas-3000-Rendez-vous-dubai1-1024x430.png","type":"image\/png"}],"twitter_card":"summary_large_image","twitter_misc":{"Est. reading time":"1 minute"},"schema":{"@context":"https:\/\/schema.org","@graph":[{"@type":"WebPage","@id":"https:\/\/rendezvous-dubai.com\/fr\/produit\/formula-yas-3000\/","url":"https:\/\/rendezvous-dubai.com\/fr\/produit\/formula-yas-3000\/","name":"Book Now | FORMULA YAS 3000 - RENDEZVOUS DUBAI","isPartOf":{"@id":"https:\/\/rendezvous-dubai.com\/fr\/#website"},"primaryImageOfPage":{"@id":"https:\/\/rendezvous-dubai.com\/fr\/produit\/formula-yas-3000\/#primaryimage"},"image":{"@id":"https:\/\/rendezvous-dubai.com\/fr\/produit\/formula-yas-3000\/#primaryimage"},"thumbnailUrl":"https:\/\/rendezvous-dubai.com\/wp-content\/uploads\/2023\/04\/Formula-Yas-3000-Rendez-vous-dubai1.png","datePublished":"2023-04-29T11:07:02+00:00","dateModified":"2025-08-30T17:30:59+00:00","description":"D\u00e9couvrez les merveilles de Duba\u00ef avec nos billets tout-en-un. Profitez de man\u00e8ges palpitants dans le parc d'attractions, \u00e9merveillez-vous devant la vie marine captivante de l'aquarium et atteignez de nouveaux sommets \u00e0 l'embl\u00e9matique Burj Khalifa. R\u00e9servez votre aventure inoubliable d\u00e8s aujourd'hui.","breadcrumb":{"@id":"https:\/\/rendezvous-dubai.com\/fr\/produit\/formula-yas-3000\/#breadcrumb"},"inLanguage":"fr-FR","potentialAction":[{"@type":"ReadAction","target":["https:\/\/rendezvous-dubai.com\/fr\/produit\/formula-yas-3000\/"]}]},{"@type":"ImageObject","inLanguage":"fr-FR","@id":"https:\/\/rendezvous-dubai.com\/fr\/produit\/formula-yas-3000\/#primaryimage","url":"https:\/\/rendezvous-dubai.com\/wp-content\/uploads\/2023\/04\/Formula-Yas-3000-Rendez-vous-dubai1.png","contentUrl":"https:\/\/rendezvous-dubai.com\/wp-content\/uploads\/2023\/04\/Formula-Yas-3000-Rendez-vous-dubai1.png","width":2424,"height":1019,"caption":"Formula Yas 3000 Rendez-vous dubai1"},{"@type":"BreadcrumbList","@id":"https:\/\/rendezvous-dubai.com\/fr\/produit\/formula-yas-3000\/#breadcrumb","itemListElement":[{"@type":"ListItem","position":1,"name":"Home","item":"https:\/\/rendezvous-dubai.com\/fr\/"},{"@type":"ListItem","position":2,"name":"Shop","item":"https:\/\/rendezvous-dubai.com\/shop\/"},{"@type":"ListItem","position":3,"name":"FORMULA YAS 3000"}]},{"@type":"WebSite","@id":"https:\/\/rendezvous-dubai.com\/fr\/#website","url":"https:\/\/rendezvous-dubai.com\/fr\/","name":"RENDEZVOUS DUBAI","description":"Your Event Organizer","publisher":{"@id":"https:\/\/rendezvous-dubai.com\/fr\/#organization"},"potentialAction":[{"@type":"SearchAction","target":{"@type":"EntryPoint","urlTemplate":"https:\/\/rendezvous-dubai.com\/fr\/?s={search_term_string}"},"query-input":{"@type":"PropertyValueSpecification","valueRequired":true,"valueName":"search_term_string"}}],"inLanguage":"fr-FR"},{"@type":"Organization","@id":"https:\/\/rendezvous-dubai.com\/fr\/#organization","name":"RENDEZVOUS DUBAI","url":"https:\/\/rendezvous-dubai.com\/fr\/","logo":{"@type":"ImageObject","inLanguage":"fr-FR","@id":"https:\/\/rendezvous-dubai.com\/fr\/#\/schema\/logo\/image\/","url":"https:\/\/i0.wp.com\/rendezvous-dubai.com\/wp-content\/uploads\/2020\/05\/Logo-RDV-Dubai.png?fit=1426%2C1422&ssl=1","contentUrl":"https:\/\/i0.wp.com\/rendezvous-dubai.com\/wp-content\/uploads\/2020\/05\/Logo-RDV-Dubai.png?fit=1426%2C1422&ssl=1","width":1426,"height":1422,"caption":"RENDEZVOUS DUBAI"},"image":{"@id":"https:\/\/rendezvous-dubai.com\/fr\/#\/schema\/logo\/image\/"},"sameAs":["https:\/\/www.facebook.com\/rendezvousdubai","https:\/\/www.instagram.com\/rendezvousdubai\/","https:\/\/www.youtube.com\/@rendezvousdubai"]}]}},"jetpack_sharing_enabled":true,"_links":{"self":[{"href":"https:\/\/rendezvous-dubai.com\/fr\/wp-json\/wp\/v2\/product\/47692","targetHints":{"allow":["GET"]}}],"collection":[{"href":"https:\/\/rendezvous-dubai.com\/fr\/wp-json\/wp\/v2\/product"}],"about":[{"href":"https:\/\/rendezvous-dubai.com\/fr\/wp-json\/wp\/v2\/types\/product"}],"replies":[{"embeddable":true,"href":"https:\/\/rendezvous-dubai.com\/fr\/wp-json\/wp\/v2\/comments?post=47692"}],"wp:featuredmedia":[{"embeddable":true,"href":"https:\/\/rendezvous-dubai.com\/fr\/wp-json\/wp\/v2\/media\/47697"}],"wp:attachment":[{"href":"https:\/\/rendezvous-dubai.com\/fr\/wp-json\/wp\/v2\/media?parent=47692"}],"wp:term":[{"taxonomy":"product_brand","embeddable":true,"href":"https:\/\/rendezvous-dubai.com\/fr\/wp-json\/wp\/v2\/product_brand?post=47692"},{"taxonomy":"product_cat","embeddable":true,"href":"https:\/\/rendezvous-dubai.com\/fr\/wp-json\/wp\/v2\/product_cat?post=47692"},{"taxonomy":"product_tag","embeddable":true,"href":"https:\/\/rendezvous-dubai.com\/fr\/wp-json\/wp\/v2\/product_tag?post=47692"}],"curies":[{"name":"wp","href":"https:\/\/api.w.org\/{rel}","templated":true}]}}