{"id":47655,"date":"2023-04-28T14:49:58","date_gmt":"2023-04-28T10:49:59","guid":{"rendered":"https:\/\/rendezvous-dubai.com\/?post_type=product&#038;p=47655"},"modified":"2025-08-30T21:32:11","modified_gmt":"2025-08-30T17:32:11","slug":"dinner-in-the-sky","status":"publish","type":"product","link":"https:\/\/rendezvous-dubai.com\/fr\/produit\/dinner-in-the-sky\/","title":{"rendered":"DINNER IN THE SKY"},"content":{"rendered":"<p>Vivez l&#8217;ultime aventure gastronomique avec Dinner in the Sky \u00e0 Duba\u00ef ! Ce concept de restauration unique vous emm\u00e8ne, vous et vos invit\u00e9s, \u00e0 50 m\u00e8tres au-dessus du sol, offrant une vue imprenable sur la ville tout en savourant un d\u00e9licieux repas.<\/p>\n","protected":false},"excerpt":{"rendered":"<p>Vivez l&#8217;ultime aventure gastronomique avec Dinner in the Sky \u00e0 Duba\u00ef ! Ce concept de restauration unique vous emm\u00e8ne, vous et vos invit\u00e9s, \u00e0 50 m\u00e8tres au-dessus du sol, offrant une vue imprenable sur la ville tout en savourant un d\u00e9licieux repas.<\/p>\n","protected":false},"featured_media":47660,"comment_status":"open","ping_status":"closed","template":"","meta":{"_joinchat":{"message_send":"*Hello {SITE} !*\nI need more information about the {PRODUCT}..."}},"product_brand":[],"product_cat":[443],"product_tag":[],"class_list":{"0":"post-47655","1":"product","2":"type-product","3":"status-publish","4":"has-post-thumbnail","6":"product_cat-tickets","7":"activity_level-challenging","9":"first","10":"instock","11":"virtual","12":"sold-individually","13":"purchasable","14":"product-type-booking"},"yoast_head":"<!-- This site is optimized with the Yoast SEO plugin v25.8 - https:\/\/yoast.com\/wordpress\/plugins\/seo\/ -->\n<title>Book Now | DINNER IN THE SKY - RENDEZVOUS DUBAI<\/title>\n<meta name=\"description\" content=\"D\u00e9couvrez les merveilles de Duba\u00ef avec nos billets tout-en-un. Profitez de man\u00e8ges palpitants dans le parc d&#039;attractions, \u00e9merveillez-vous devant la vie marine captivante de l&#039;aquarium et atteignez de nouveaux sommets \u00e0 l&#039;embl\u00e9matique Burj Khalifa. R\u00e9servez votre aventure inoubliable d\u00e8s aujourd&#039;hui.\" \/>\n<meta name=\"robots\" content=\"index, follow, max-snippet:-1, max-image-preview:large, max-video-preview:-1\" \/>\n<link rel=\"canonical\" href=\"https:\/\/rendezvous-dubai.com\/fr\/produit\/dinner-in-the-sky\/\" \/>\n<meta property=\"og:locale\" content=\"fr_FR\" \/>\n<meta property=\"og:type\" content=\"article\" \/>\n<meta property=\"og:title\" content=\"Book Now | DINNER IN THE SKY - RENDEZVOUS DUBAI\" \/>\n<meta property=\"og:description\" content=\"D\u00e9couvrez les merveilles de Duba\u00ef avec nos billets tout-en-un. Profitez de man\u00e8ges palpitants dans le parc d&#039;attractions, \u00e9merveillez-vous devant la vie marine captivante de l&#039;aquarium et atteignez de nouveaux sommets \u00e0 l&#039;embl\u00e9matique Burj Khalifa. R\u00e9servez votre aventure inoubliable d\u00e8s aujourd&#039;hui.\" \/>\n<meta property=\"og:url\" content=\"https:\/\/rendezvous-dubai.com\/fr\/produit\/dinner-in-the-sky\/\" \/>\n<meta property=\"og:site_name\" content=\"RENDEZVOUS DUBAI\" \/>\n<meta property=\"article:publisher\" content=\"https:\/\/www.facebook.com\/rendezvousdubai\" \/>\n<meta property=\"article:modified_time\" content=\"2025-08-30T17:32:11+00:00\" \/>\n<meta property=\"og:image\" content=\"https:\/\/rendezvous-dubai.com\/wp-content\/uploads\/2023\/04\/Dinner-in-the-sky-Rendez-vous-dubai.jpeg\" \/>\n\t<meta property=\"og:image:width\" content=\"883\" \/>\n\t<meta property=\"og:image:height\" content=\"490\" \/>\n\t<meta property=\"og:image:type\" content=\"image\/jpeg\" \/>\n<meta name=\"twitter:card\" content=\"summary_large_image\" \/>\n<meta name=\"twitter:label1\" content=\"Est. reading time\" \/>\n\t<meta name=\"twitter:data1\" content=\"1 minute\" \/>\n<script type=\"application\/ld+json\" class=\"yoast-schema-graph\">{\"@context\":\"https:\/\/schema.org\",\"@graph\":[{\"@type\":\"WebPage\",\"@id\":\"https:\/\/rendezvous-dubai.com\/fr\/produit\/dinner-in-the-sky\/\",\"url\":\"https:\/\/rendezvous-dubai.com\/fr\/produit\/dinner-in-the-sky\/\",\"name\":\"Book Now | DINNER IN THE SKY - RENDEZVOUS DUBAI\",\"isPartOf\":{\"@id\":\"https:\/\/rendezvous-dubai.com\/fr\/#website\"},\"primaryImageOfPage\":{\"@id\":\"https:\/\/rendezvous-dubai.com\/fr\/produit\/dinner-in-the-sky\/#primaryimage\"},\"image\":{\"@id\":\"https:\/\/rendezvous-dubai.com\/fr\/produit\/dinner-in-the-sky\/#primaryimage\"},\"thumbnailUrl\":\"https:\/\/rendezvous-dubai.com\/wp-content\/uploads\/2023\/04\/Dinner-in-the-sky-Rendez-vous-dubai.jpeg\",\"datePublished\":\"2023-04-28T10:49:59+00:00\",\"dateModified\":\"2025-08-30T17:32:11+00:00\",\"description\":\"D\u00e9couvrez les merveilles de Duba\u00ef avec nos billets tout-en-un. Profitez de man\u00e8ges palpitants dans le parc d'attractions, \u00e9merveillez-vous devant la vie marine captivante de l'aquarium et atteignez de nouveaux sommets \u00e0 l'embl\u00e9matique Burj Khalifa. R\u00e9servez votre aventure inoubliable d\u00e8s aujourd'hui.\",\"breadcrumb\":{\"@id\":\"https:\/\/rendezvous-dubai.com\/fr\/produit\/dinner-in-the-sky\/#breadcrumb\"},\"inLanguage\":\"fr-FR\",\"potentialAction\":[{\"@type\":\"ReadAction\",\"target\":[\"https:\/\/rendezvous-dubai.com\/fr\/produit\/dinner-in-the-sky\/\"]}]},{\"@type\":\"ImageObject\",\"inLanguage\":\"fr-FR\",\"@id\":\"https:\/\/rendezvous-dubai.com\/fr\/produit\/dinner-in-the-sky\/#primaryimage\",\"url\":\"https:\/\/rendezvous-dubai.com\/wp-content\/uploads\/2023\/04\/Dinner-in-the-sky-Rendez-vous-dubai.jpeg\",\"contentUrl\":\"https:\/\/rendezvous-dubai.com\/wp-content\/uploads\/2023\/04\/Dinner-in-the-sky-Rendez-vous-dubai.jpeg\",\"width\":883,\"height\":490,\"caption\":\"Dinner in the sky Rendez-vous dubai\"},{\"@type\":\"BreadcrumbList\",\"@id\":\"https:\/\/rendezvous-dubai.com\/fr\/produit\/dinner-in-the-sky\/#breadcrumb\",\"itemListElement\":[{\"@type\":\"ListItem\",\"position\":1,\"name\":\"Home\",\"item\":\"https:\/\/rendezvous-dubai.com\/fr\/\"},{\"@type\":\"ListItem\",\"position\":2,\"name\":\"Shop\",\"item\":\"https:\/\/rendezvous-dubai.com\/shop\/\"},{\"@type\":\"ListItem\",\"position\":3,\"name\":\"DINNER IN THE SKY\"}]},{\"@type\":\"WebSite\",\"@id\":\"https:\/\/rendezvous-dubai.com\/fr\/#website\",\"url\":\"https:\/\/rendezvous-dubai.com\/fr\/\",\"name\":\"RENDEZVOUS DUBAI\",\"description\":\"Your Event Organizer\",\"publisher\":{\"@id\":\"https:\/\/rendezvous-dubai.com\/fr\/#organization\"},\"potentialAction\":[{\"@type\":\"SearchAction\",\"target\":{\"@type\":\"EntryPoint\",\"urlTemplate\":\"https:\/\/rendezvous-dubai.com\/fr\/?s={search_term_string}\"},\"query-input\":{\"@type\":\"PropertyValueSpecification\",\"valueRequired\":true,\"valueName\":\"search_term_string\"}}],\"inLanguage\":\"fr-FR\"},{\"@type\":\"Organization\",\"@id\":\"https:\/\/rendezvous-dubai.com\/fr\/#organization\",\"name\":\"RENDEZVOUS DUBAI\",\"url\":\"https:\/\/rendezvous-dubai.com\/fr\/\",\"logo\":{\"@type\":\"ImageObject\",\"inLanguage\":\"fr-FR\",\"@id\":\"https:\/\/rendezvous-dubai.com\/fr\/#\/schema\/logo\/image\/\",\"url\":\"https:\/\/i0.wp.com\/rendezvous-dubai.com\/wp-content\/uploads\/2020\/05\/Logo-RDV-Dubai.png?fit=1426%2C1422&ssl=1\",\"contentUrl\":\"https:\/\/i0.wp.com\/rendezvous-dubai.com\/wp-content\/uploads\/2020\/05\/Logo-RDV-Dubai.png?fit=1426%2C1422&ssl=1\",\"width\":1426,\"height\":1422,\"caption\":\"RENDEZVOUS DUBAI\"},\"image\":{\"@id\":\"https:\/\/rendezvous-dubai.com\/fr\/#\/schema\/logo\/image\/\"},\"sameAs\":[\"https:\/\/www.facebook.com\/rendezvousdubai\",\"https:\/\/www.instagram.com\/rendezvousdubai\/\",\"https:\/\/www.youtube.com\/@rendezvousdubai\"]}]}<\/script>\n<!-- \/ Yoast SEO plugin. -->","yoast_head_json":{"title":"Book Now | DINNER IN THE SKY - RENDEZVOUS DUBAI","description":"D\u00e9couvrez les merveilles de Duba\u00ef avec nos billets tout-en-un. Profitez de man\u00e8ges palpitants dans le parc d'attractions, \u00e9merveillez-vous devant la vie marine captivante de l'aquarium et atteignez de nouveaux sommets \u00e0 l'embl\u00e9matique Burj Khalifa. R\u00e9servez votre aventure inoubliable d\u00e8s aujourd'hui.","robots":{"index":"index","follow":"follow","max-snippet":"max-snippet:-1","max-image-preview":"max-image-preview:large","max-video-preview":"max-video-preview:-1"},"canonical":"https:\/\/rendezvous-dubai.com\/fr\/produit\/dinner-in-the-sky\/","og_locale":"fr_FR","og_type":"article","og_title":"Book Now | DINNER IN THE SKY - RENDEZVOUS DUBAI","og_description":"D\u00e9couvrez les merveilles de Duba\u00ef avec nos billets tout-en-un. Profitez de man\u00e8ges palpitants dans le parc d'attractions, \u00e9merveillez-vous devant la vie marine captivante de l'aquarium et atteignez de nouveaux sommets \u00e0 l'embl\u00e9matique Burj Khalifa. R\u00e9servez votre aventure inoubliable d\u00e8s aujourd'hui.","og_url":"https:\/\/rendezvous-dubai.com\/fr\/produit\/dinner-in-the-sky\/","og_site_name":"RENDEZVOUS DUBAI","article_publisher":"https:\/\/www.facebook.com\/rendezvousdubai","article_modified_time":"2025-08-30T17:32:11+00:00","og_image":[{"width":883,"height":490,"url":"https:\/\/rendezvous-dubai.com\/wp-content\/uploads\/2023\/04\/Dinner-in-the-sky-Rendez-vous-dubai.jpeg","type":"image\/jpeg"}],"twitter_card":"summary_large_image","twitter_misc":{"Est. reading time":"1 minute"},"schema":{"@context":"https:\/\/schema.org","@graph":[{"@type":"WebPage","@id":"https:\/\/rendezvous-dubai.com\/fr\/produit\/dinner-in-the-sky\/","url":"https:\/\/rendezvous-dubai.com\/fr\/produit\/dinner-in-the-sky\/","name":"Book Now | DINNER IN THE SKY - RENDEZVOUS DUBAI","isPartOf":{"@id":"https:\/\/rendezvous-dubai.com\/fr\/#website"},"primaryImageOfPage":{"@id":"https:\/\/rendezvous-dubai.com\/fr\/produit\/dinner-in-the-sky\/#primaryimage"},"image":{"@id":"https:\/\/rendezvous-dubai.com\/fr\/produit\/dinner-in-the-sky\/#primaryimage"},"thumbnailUrl":"https:\/\/rendezvous-dubai.com\/wp-content\/uploads\/2023\/04\/Dinner-in-the-sky-Rendez-vous-dubai.jpeg","datePublished":"2023-04-28T10:49:59+00:00","dateModified":"2025-08-30T17:32:11+00:00","description":"D\u00e9couvrez les merveilles de Duba\u00ef avec nos billets tout-en-un. Profitez de man\u00e8ges palpitants dans le parc d'attractions, \u00e9merveillez-vous devant la vie marine captivante de l'aquarium et atteignez de nouveaux sommets \u00e0 l'embl\u00e9matique Burj Khalifa. R\u00e9servez votre aventure inoubliable d\u00e8s aujourd'hui.","breadcrumb":{"@id":"https:\/\/rendezvous-dubai.com\/fr\/produit\/dinner-in-the-sky\/#breadcrumb"},"inLanguage":"fr-FR","potentialAction":[{"@type":"ReadAction","target":["https:\/\/rendezvous-dubai.com\/fr\/produit\/dinner-in-the-sky\/"]}]},{"@type":"ImageObject","inLanguage":"fr-FR","@id":"https:\/\/rendezvous-dubai.com\/fr\/produit\/dinner-in-the-sky\/#primaryimage","url":"https:\/\/rendezvous-dubai.com\/wp-content\/uploads\/2023\/04\/Dinner-in-the-sky-Rendez-vous-dubai.jpeg","contentUrl":"https:\/\/rendezvous-dubai.com\/wp-content\/uploads\/2023\/04\/Dinner-in-the-sky-Rendez-vous-dubai.jpeg","width":883,"height":490,"caption":"Dinner in the sky Rendez-vous dubai"},{"@type":"BreadcrumbList","@id":"https:\/\/rendezvous-dubai.com\/fr\/produit\/dinner-in-the-sky\/#breadcrumb","itemListElement":[{"@type":"ListItem","position":1,"name":"Home","item":"https:\/\/rendezvous-dubai.com\/fr\/"},{"@type":"ListItem","position":2,"name":"Shop","item":"https:\/\/rendezvous-dubai.com\/shop\/"},{"@type":"ListItem","position":3,"name":"DINNER IN THE SKY"}]},{"@type":"WebSite","@id":"https:\/\/rendezvous-dubai.com\/fr\/#website","url":"https:\/\/rendezvous-dubai.com\/fr\/","name":"RENDEZVOUS DUBAI","description":"Your Event Organizer","publisher":{"@id":"https:\/\/rendezvous-dubai.com\/fr\/#organization"},"potentialAction":[{"@type":"SearchAction","target":{"@type":"EntryPoint","urlTemplate":"https:\/\/rendezvous-dubai.com\/fr\/?s={search_term_string}"},"query-input":{"@type":"PropertyValueSpecification","valueRequired":true,"valueName":"search_term_string"}}],"inLanguage":"fr-FR"},{"@type":"Organization","@id":"https:\/\/rendezvous-dubai.com\/fr\/#organization","name":"RENDEZVOUS DUBAI","url":"https:\/\/rendezvous-dubai.com\/fr\/","logo":{"@type":"ImageObject","inLanguage":"fr-FR","@id":"https:\/\/rendezvous-dubai.com\/fr\/#\/schema\/logo\/image\/","url":"https:\/\/i0.wp.com\/rendezvous-dubai.com\/wp-content\/uploads\/2020\/05\/Logo-RDV-Dubai.png?fit=1426%2C1422&ssl=1","contentUrl":"https:\/\/i0.wp.com\/rendezvous-dubai.com\/wp-content\/uploads\/2020\/05\/Logo-RDV-Dubai.png?fit=1426%2C1422&ssl=1","width":1426,"height":1422,"caption":"RENDEZVOUS DUBAI"},"image":{"@id":"https:\/\/rendezvous-dubai.com\/fr\/#\/schema\/logo\/image\/"},"sameAs":["https:\/\/www.facebook.com\/rendezvousdubai","https:\/\/www.instagram.com\/rendezvousdubai\/","https:\/\/www.youtube.com\/@rendezvousdubai"]}]}},"jetpack_sharing_enabled":true,"_links":{"self":[{"href":"https:\/\/rendezvous-dubai.com\/fr\/wp-json\/wp\/v2\/product\/47655","targetHints":{"allow":["GET"]}}],"collection":[{"href":"https:\/\/rendezvous-dubai.com\/fr\/wp-json\/wp\/v2\/product"}],"about":[{"href":"https:\/\/rendezvous-dubai.com\/fr\/wp-json\/wp\/v2\/types\/product"}],"replies":[{"embeddable":true,"href":"https:\/\/rendezvous-dubai.com\/fr\/wp-json\/wp\/v2\/comments?post=47655"}],"wp:featuredmedia":[{"embeddable":true,"href":"https:\/\/rendezvous-dubai.com\/fr\/wp-json\/wp\/v2\/media\/47660"}],"wp:attachment":[{"href":"https:\/\/rendezvous-dubai.com\/fr\/wp-json\/wp\/v2\/media?parent=47655"}],"wp:term":[{"taxonomy":"product_brand","embeddable":true,"href":"https:\/\/rendezvous-dubai.com\/fr\/wp-json\/wp\/v2\/product_brand?post=47655"},{"taxonomy":"product_cat","embeddable":true,"href":"https:\/\/rendezvous-dubai.com\/fr\/wp-json\/wp\/v2\/product_cat?post=47655"},{"taxonomy":"product_tag","embeddable":true,"href":"https:\/\/rendezvous-dubai.com\/fr\/wp-json\/wp\/v2\/product_tag?post=47655"}],"curies":[{"name":"wp","href":"https:\/\/api.w.org\/{rel}","templated":true}]}}