{"id":47334,"date":"2023-04-22T17:59:57","date_gmt":"2023-04-22T13:59:59","guid":{"rendered":"https:\/\/rendezvous-dubai.com\/?post_type=product&#038;p=47334"},"modified":"2025-09-16T18:20:46","modified_gmt":"2025-09-16T14:20:46","slug":"ferrari-488-spider-copy-copy","status":"publish","type":"product","link":"https:\/\/rendezvous-dubai.com\/fr\/produit\/ferrari-488-spider-copy-copy\/","title":{"rendered":"JETCAR"},"content":{"rendered":"<p>Nous vous pr\u00e9sentons notre tout nouveau service de location de Jetcars, le moyen id\u00e9al de d\u00e9couvrir le magnifique littoral de Duba\u00ef comme jamais auparavant !<\/p>\n","protected":false},"excerpt":{"rendered":"<p>Nous vous pr\u00e9sentons notre tout nouveau service de location de Jetcars, le moyen id\u00e9al de d\u00e9couvrir le magnifique littoral de Duba\u00ef comme jamais auparavant !<\/p>\n","protected":false},"featured_media":47315,"comment_status":"open","ping_status":"closed","template":"","meta":{"_joinchat":{"message_send":"*Hello {SITE} !*\nI need more information about the {PRODUCT}..."}},"product_brand":[],"product_cat":[318],"product_tag":[564],"class_list":{"0":"post-47334","1":"product","2":"type-product","3":"status-publish","4":"has-post-thumbnail","6":"product_cat-aqua","7":"product_tag-jetcar-fr","8":"activity_level-challenging","10":"first","11":"instock","12":"virtual","13":"sold-individually","14":"purchasable","15":"product-type-booking"},"yoast_head":"<!-- This site is optimized with the Yoast SEO plugin v25.8 - https:\/\/yoast.com\/wordpress\/plugins\/seo\/ -->\n<title>Book Now | JETCAR - RENDEZVOUS DUBAI<\/title>\n<meta name=\"description\" content=\"Le vaste littoral de Duba\u00ef et la riche diversit\u00e9 de la vie marine en font une destination populaire pour les amateurs de p\u00eache du monde entier. La p\u00eache peut \u00eatre pratiqu\u00e9e toute l&#039;ann\u00e9e, la meilleure saison \u00e9tant d&#039;octobre \u00e0 mai.\" \/>\n<meta name=\"robots\" content=\"index, follow, max-snippet:-1, max-image-preview:large, max-video-preview:-1\" \/>\n<link rel=\"canonical\" href=\"https:\/\/rendezvous-dubai.com\/fr\/produit\/ferrari-488-spider-copy-copy\/\" \/>\n<meta property=\"og:locale\" content=\"fr_FR\" \/>\n<meta property=\"og:type\" content=\"article\" \/>\n<meta property=\"og:title\" content=\"Book Now | JETCAR - RENDEZVOUS DUBAI\" \/>\n<meta property=\"og:description\" content=\"Le vaste littoral de Duba\u00ef et la riche diversit\u00e9 de la vie marine en font une destination populaire pour les amateurs de p\u00eache du monde entier. La p\u00eache peut \u00eatre pratiqu\u00e9e toute l&#039;ann\u00e9e, la meilleure saison \u00e9tant d&#039;octobre \u00e0 mai.\" \/>\n<meta property=\"og:url\" content=\"https:\/\/rendezvous-dubai.com\/fr\/produit\/ferrari-488-spider-copy-copy\/\" \/>\n<meta property=\"og:site_name\" content=\"RENDEZVOUS DUBAI\" \/>\n<meta property=\"article:publisher\" content=\"https:\/\/www.facebook.com\/rendezvousdubai\" \/>\n<meta property=\"article:modified_time\" content=\"2025-09-16T14:20:46+00:00\" \/>\n<meta property=\"og:image\" content=\"https:\/\/rendezvous-dubai.com\/wp-content\/uploads\/2023\/04\/JetCar-Rendez-vous-Dubai.jpeg\" \/>\n\t<meta property=\"og:image:width\" content=\"1024\" \/>\n\t<meta property=\"og:image:height\" content=\"687\" \/>\n\t<meta property=\"og:image:type\" content=\"image\/jpeg\" \/>\n<meta name=\"twitter:card\" content=\"summary_large_image\" \/>\n<meta name=\"twitter:label1\" content=\"Est. reading time\" \/>\n\t<meta name=\"twitter:data1\" content=\"1 minute\" \/>\n<script type=\"application\/ld+json\" class=\"yoast-schema-graph\">{\"@context\":\"https:\/\/schema.org\",\"@graph\":[{\"@type\":\"WebPage\",\"@id\":\"https:\/\/rendezvous-dubai.com\/fr\/produit\/ferrari-488-spider-copy-copy\/\",\"url\":\"https:\/\/rendezvous-dubai.com\/fr\/produit\/ferrari-488-spider-copy-copy\/\",\"name\":\"Book Now | JETCAR - RENDEZVOUS DUBAI\",\"isPartOf\":{\"@id\":\"https:\/\/rendezvous-dubai.com\/fr\/#website\"},\"primaryImageOfPage\":{\"@id\":\"https:\/\/rendezvous-dubai.com\/fr\/produit\/ferrari-488-spider-copy-copy\/#primaryimage\"},\"image\":{\"@id\":\"https:\/\/rendezvous-dubai.com\/fr\/produit\/ferrari-488-spider-copy-copy\/#primaryimage\"},\"thumbnailUrl\":\"https:\/\/rendezvous-dubai.com\/wp-content\/uploads\/2023\/04\/JetCar-Rendez-vous-Dubai.jpeg\",\"datePublished\":\"2023-04-22T13:59:59+00:00\",\"dateModified\":\"2025-09-16T14:20:46+00:00\",\"description\":\"Le vaste littoral de Duba\u00ef et la riche diversit\u00e9 de la vie marine en font une destination populaire pour les amateurs de p\u00eache du monde entier. La p\u00eache peut \u00eatre pratiqu\u00e9e toute l'ann\u00e9e, la meilleure saison \u00e9tant d'octobre \u00e0 mai.\",\"breadcrumb\":{\"@id\":\"https:\/\/rendezvous-dubai.com\/fr\/produit\/ferrari-488-spider-copy-copy\/#breadcrumb\"},\"inLanguage\":\"fr-FR\",\"potentialAction\":[{\"@type\":\"ReadAction\",\"target\":[\"https:\/\/rendezvous-dubai.com\/fr\/produit\/ferrari-488-spider-copy-copy\/\"]}]},{\"@type\":\"ImageObject\",\"inLanguage\":\"fr-FR\",\"@id\":\"https:\/\/rendezvous-dubai.com\/fr\/produit\/ferrari-488-spider-copy-copy\/#primaryimage\",\"url\":\"https:\/\/rendezvous-dubai.com\/wp-content\/uploads\/2023\/04\/JetCar-Rendez-vous-Dubai.jpeg\",\"contentUrl\":\"https:\/\/rendezvous-dubai.com\/wp-content\/uploads\/2023\/04\/JetCar-Rendez-vous-Dubai.jpeg\",\"width\":1024,\"height\":687,\"caption\":\"JetCar Rendez-vous Dubai\"},{\"@type\":\"BreadcrumbList\",\"@id\":\"https:\/\/rendezvous-dubai.com\/fr\/produit\/ferrari-488-spider-copy-copy\/#breadcrumb\",\"itemListElement\":[{\"@type\":\"ListItem\",\"position\":1,\"name\":\"Home\",\"item\":\"https:\/\/rendezvous-dubai.com\/fr\/\"},{\"@type\":\"ListItem\",\"position\":2,\"name\":\"Shop\",\"item\":\"https:\/\/rendezvous-dubai.com\/shop\/\"},{\"@type\":\"ListItem\",\"position\":3,\"name\":\"JETCAR\"}]},{\"@type\":\"WebSite\",\"@id\":\"https:\/\/rendezvous-dubai.com\/fr\/#website\",\"url\":\"https:\/\/rendezvous-dubai.com\/fr\/\",\"name\":\"RENDEZVOUS DUBAI\",\"description\":\"Your Event Organizer\",\"publisher\":{\"@id\":\"https:\/\/rendezvous-dubai.com\/fr\/#organization\"},\"potentialAction\":[{\"@type\":\"SearchAction\",\"target\":{\"@type\":\"EntryPoint\",\"urlTemplate\":\"https:\/\/rendezvous-dubai.com\/fr\/?s={search_term_string}\"},\"query-input\":{\"@type\":\"PropertyValueSpecification\",\"valueRequired\":true,\"valueName\":\"search_term_string\"}}],\"inLanguage\":\"fr-FR\"},{\"@type\":\"Organization\",\"@id\":\"https:\/\/rendezvous-dubai.com\/fr\/#organization\",\"name\":\"RENDEZVOUS DUBAI\",\"url\":\"https:\/\/rendezvous-dubai.com\/fr\/\",\"logo\":{\"@type\":\"ImageObject\",\"inLanguage\":\"fr-FR\",\"@id\":\"https:\/\/rendezvous-dubai.com\/fr\/#\/schema\/logo\/image\/\",\"url\":\"https:\/\/i0.wp.com\/rendezvous-dubai.com\/wp-content\/uploads\/2020\/05\/Logo-RDV-Dubai.png?fit=1426%2C1422&ssl=1\",\"contentUrl\":\"https:\/\/i0.wp.com\/rendezvous-dubai.com\/wp-content\/uploads\/2020\/05\/Logo-RDV-Dubai.png?fit=1426%2C1422&ssl=1\",\"width\":1426,\"height\":1422,\"caption\":\"RENDEZVOUS DUBAI\"},\"image\":{\"@id\":\"https:\/\/rendezvous-dubai.com\/fr\/#\/schema\/logo\/image\/\"},\"sameAs\":[\"https:\/\/www.facebook.com\/rendezvousdubai\",\"https:\/\/www.instagram.com\/rendezvousdubai\/\",\"https:\/\/www.youtube.com\/@rendezvousdubai\"]}]}<\/script>\n<!-- \/ Yoast SEO plugin. -->","yoast_head_json":{"title":"Book Now | JETCAR - RENDEZVOUS DUBAI","description":"Le vaste littoral de Duba\u00ef et la riche diversit\u00e9 de la vie marine en font une destination populaire pour les amateurs de p\u00eache du monde entier. La p\u00eache peut \u00eatre pratiqu\u00e9e toute l'ann\u00e9e, la meilleure saison \u00e9tant d'octobre \u00e0 mai.","robots":{"index":"index","follow":"follow","max-snippet":"max-snippet:-1","max-image-preview":"max-image-preview:large","max-video-preview":"max-video-preview:-1"},"canonical":"https:\/\/rendezvous-dubai.com\/fr\/produit\/ferrari-488-spider-copy-copy\/","og_locale":"fr_FR","og_type":"article","og_title":"Book Now | JETCAR - RENDEZVOUS DUBAI","og_description":"Le vaste littoral de Duba\u00ef et la riche diversit\u00e9 de la vie marine en font une destination populaire pour les amateurs de p\u00eache du monde entier. La p\u00eache peut \u00eatre pratiqu\u00e9e toute l'ann\u00e9e, la meilleure saison \u00e9tant d'octobre \u00e0 mai.","og_url":"https:\/\/rendezvous-dubai.com\/fr\/produit\/ferrari-488-spider-copy-copy\/","og_site_name":"RENDEZVOUS DUBAI","article_publisher":"https:\/\/www.facebook.com\/rendezvousdubai","article_modified_time":"2025-09-16T14:20:46+00:00","og_image":[{"width":1024,"height":687,"url":"https:\/\/rendezvous-dubai.com\/wp-content\/uploads\/2023\/04\/JetCar-Rendez-vous-Dubai.jpeg","type":"image\/jpeg"}],"twitter_card":"summary_large_image","twitter_misc":{"Est. reading time":"1 minute"},"schema":{"@context":"https:\/\/schema.org","@graph":[{"@type":"WebPage","@id":"https:\/\/rendezvous-dubai.com\/fr\/produit\/ferrari-488-spider-copy-copy\/","url":"https:\/\/rendezvous-dubai.com\/fr\/produit\/ferrari-488-spider-copy-copy\/","name":"Book Now | JETCAR - RENDEZVOUS DUBAI","isPartOf":{"@id":"https:\/\/rendezvous-dubai.com\/fr\/#website"},"primaryImageOfPage":{"@id":"https:\/\/rendezvous-dubai.com\/fr\/produit\/ferrari-488-spider-copy-copy\/#primaryimage"},"image":{"@id":"https:\/\/rendezvous-dubai.com\/fr\/produit\/ferrari-488-spider-copy-copy\/#primaryimage"},"thumbnailUrl":"https:\/\/rendezvous-dubai.com\/wp-content\/uploads\/2023\/04\/JetCar-Rendez-vous-Dubai.jpeg","datePublished":"2023-04-22T13:59:59+00:00","dateModified":"2025-09-16T14:20:46+00:00","description":"Le vaste littoral de Duba\u00ef et la riche diversit\u00e9 de la vie marine en font une destination populaire pour les amateurs de p\u00eache du monde entier. La p\u00eache peut \u00eatre pratiqu\u00e9e toute l'ann\u00e9e, la meilleure saison \u00e9tant d'octobre \u00e0 mai.","breadcrumb":{"@id":"https:\/\/rendezvous-dubai.com\/fr\/produit\/ferrari-488-spider-copy-copy\/#breadcrumb"},"inLanguage":"fr-FR","potentialAction":[{"@type":"ReadAction","target":["https:\/\/rendezvous-dubai.com\/fr\/produit\/ferrari-488-spider-copy-copy\/"]}]},{"@type":"ImageObject","inLanguage":"fr-FR","@id":"https:\/\/rendezvous-dubai.com\/fr\/produit\/ferrari-488-spider-copy-copy\/#primaryimage","url":"https:\/\/rendezvous-dubai.com\/wp-content\/uploads\/2023\/04\/JetCar-Rendez-vous-Dubai.jpeg","contentUrl":"https:\/\/rendezvous-dubai.com\/wp-content\/uploads\/2023\/04\/JetCar-Rendez-vous-Dubai.jpeg","width":1024,"height":687,"caption":"JetCar Rendez-vous Dubai"},{"@type":"BreadcrumbList","@id":"https:\/\/rendezvous-dubai.com\/fr\/produit\/ferrari-488-spider-copy-copy\/#breadcrumb","itemListElement":[{"@type":"ListItem","position":1,"name":"Home","item":"https:\/\/rendezvous-dubai.com\/fr\/"},{"@type":"ListItem","position":2,"name":"Shop","item":"https:\/\/rendezvous-dubai.com\/shop\/"},{"@type":"ListItem","position":3,"name":"JETCAR"}]},{"@type":"WebSite","@id":"https:\/\/rendezvous-dubai.com\/fr\/#website","url":"https:\/\/rendezvous-dubai.com\/fr\/","name":"RENDEZVOUS DUBAI","description":"Your Event Organizer","publisher":{"@id":"https:\/\/rendezvous-dubai.com\/fr\/#organization"},"potentialAction":[{"@type":"SearchAction","target":{"@type":"EntryPoint","urlTemplate":"https:\/\/rendezvous-dubai.com\/fr\/?s={search_term_string}"},"query-input":{"@type":"PropertyValueSpecification","valueRequired":true,"valueName":"search_term_string"}}],"inLanguage":"fr-FR"},{"@type":"Organization","@id":"https:\/\/rendezvous-dubai.com\/fr\/#organization","name":"RENDEZVOUS DUBAI","url":"https:\/\/rendezvous-dubai.com\/fr\/","logo":{"@type":"ImageObject","inLanguage":"fr-FR","@id":"https:\/\/rendezvous-dubai.com\/fr\/#\/schema\/logo\/image\/","url":"https:\/\/i0.wp.com\/rendezvous-dubai.com\/wp-content\/uploads\/2020\/05\/Logo-RDV-Dubai.png?fit=1426%2C1422&ssl=1","contentUrl":"https:\/\/i0.wp.com\/rendezvous-dubai.com\/wp-content\/uploads\/2020\/05\/Logo-RDV-Dubai.png?fit=1426%2C1422&ssl=1","width":1426,"height":1422,"caption":"RENDEZVOUS DUBAI"},"image":{"@id":"https:\/\/rendezvous-dubai.com\/fr\/#\/schema\/logo\/image\/"},"sameAs":["https:\/\/www.facebook.com\/rendezvousdubai","https:\/\/www.instagram.com\/rendezvousdubai\/","https:\/\/www.youtube.com\/@rendezvousdubai"]}]}},"jetpack_sharing_enabled":true,"_links":{"self":[{"href":"https:\/\/rendezvous-dubai.com\/fr\/wp-json\/wp\/v2\/product\/47334","targetHints":{"allow":["GET"]}}],"collection":[{"href":"https:\/\/rendezvous-dubai.com\/fr\/wp-json\/wp\/v2\/product"}],"about":[{"href":"https:\/\/rendezvous-dubai.com\/fr\/wp-json\/wp\/v2\/types\/product"}],"replies":[{"embeddable":true,"href":"https:\/\/rendezvous-dubai.com\/fr\/wp-json\/wp\/v2\/comments?post=47334"}],"wp:featuredmedia":[{"embeddable":true,"href":"https:\/\/rendezvous-dubai.com\/fr\/wp-json\/wp\/v2\/media\/47315"}],"wp:attachment":[{"href":"https:\/\/rendezvous-dubai.com\/fr\/wp-json\/wp\/v2\/media?parent=47334"}],"wp:term":[{"taxonomy":"product_brand","embeddable":true,"href":"https:\/\/rendezvous-dubai.com\/fr\/wp-json\/wp\/v2\/product_brand?post=47334"},{"taxonomy":"product_cat","embeddable":true,"href":"https:\/\/rendezvous-dubai.com\/fr\/wp-json\/wp\/v2\/product_cat?post=47334"},{"taxonomy":"product_tag","embeddable":true,"href":"https:\/\/rendezvous-dubai.com\/fr\/wp-json\/wp\/v2\/product_tag?post=47334"}],"curies":[{"name":"wp","href":"https:\/\/api.w.org\/{rel}","templated":true}]}}