{"id":47092,"date":"2023-04-17T01:07:14","date_gmt":"2023-04-16T21:07:15","guid":{"rendered":"https:\/\/rendezvous-dubai.com\/?post_type=product&#038;p=47092"},"modified":"2025-08-30T22:11:31","modified_gmt":"2025-08-30T18:11:31","slug":"ferrari-488-spider","status":"publish","type":"product","link":"https:\/\/rendezvous-dubai.com\/fr\/produit\/ferrari-488-spider\/","title":{"rendered":"FERRARI 488 SPIDER"},"content":{"rendered":"<p>D\u00e9couvrez l&#8217;exaltation pure et le savoir-faire italien de la Ferrari 488 Spider. Avec son design \u00e9poustouflant et sa technologie de pointe, la 488 Spider est la supercar id\u00e9ale pour ceux qui exigent le meilleur.<\/p>\n","protected":false},"excerpt":{"rendered":"<p>D\u00e9couvrez l&#8217;exaltation pure et le savoir-faire italien de la Ferrari 488 Spider. Avec son design \u00e9poustouflant et sa technologie de pointe, la 488 Spider est la supercar id\u00e9ale pour ceux qui exigent le meilleur.<\/p>\n","protected":false},"featured_media":47097,"comment_status":"open","ping_status":"closed","template":"","meta":{"_joinchat":{"message_send":"*Hello {SITE} !*\nI need more information about the {PRODUCT}..."}},"product_brand":[],"product_cat":[478],"product_tag":[554,553,541],"class_list":{"0":"post-47092","1":"product","2":"type-product","3":"status-publish","4":"has-post-thumbnail","6":"product_cat-voitures-location","7":"product_tag-ferrari-488-fr","8":"product_tag-ferrari-spider-fr","9":"product_tag-supercar-fr","10":"activity_level-challenging","12":"first","13":"instock","14":"virtual","15":"sold-individually","16":"purchasable","17":"product-type-booking"},"yoast_head":"<!-- This site is optimized with the Yoast SEO plugin v25.8 - https:\/\/yoast.com\/wordpress\/plugins\/seo\/ -->\n<title>Book Now | FERRARI 488 SPIDER - RENDEZVOUS DUBAI<\/title>\n<meta name=\"description\" content=\"D\u00e9couvrez l&#039;essence du luxe avec notre service de location de voitures de luxe \u00e0 Duba\u00ef. Vivez la sensation de conduire des v\u00e9hicules haut de gamme \u00e0 travers le paysage urbain \u00e9poustouflant. R\u00e9servez d\u00e8s maintenant pour un voyage inoubliable.\" \/>\n<meta name=\"robots\" content=\"index, follow, max-snippet:-1, max-image-preview:large, max-video-preview:-1\" \/>\n<link rel=\"canonical\" href=\"https:\/\/rendezvous-dubai.com\/fr\/produit\/ferrari-488-spider\/\" \/>\n<meta property=\"og:locale\" content=\"fr_FR\" \/>\n<meta property=\"og:type\" content=\"article\" \/>\n<meta property=\"og:title\" content=\"Book Now | FERRARI 488 SPIDER - RENDEZVOUS DUBAI\" \/>\n<meta property=\"og:description\" content=\"D\u00e9couvrez l&#039;essence du luxe avec notre service de location de voitures de luxe \u00e0 Duba\u00ef. Vivez la sensation de conduire des v\u00e9hicules haut de gamme \u00e0 travers le paysage urbain \u00e9poustouflant. R\u00e9servez d\u00e8s maintenant pour un voyage inoubliable.\" \/>\n<meta property=\"og:url\" content=\"https:\/\/rendezvous-dubai.com\/fr\/produit\/ferrari-488-spider\/\" \/>\n<meta property=\"og:site_name\" content=\"RENDEZVOUS DUBAI\" \/>\n<meta property=\"article:publisher\" content=\"https:\/\/www.facebook.com\/rendezvousdubai\" \/>\n<meta property=\"article:modified_time\" content=\"2025-08-30T18:11:31+00:00\" \/>\n<meta property=\"og:image\" content=\"https:\/\/rendezvous-dubai.com\/wp-content\/uploads\/2023\/04\/Ferrari-488-spider-Rendez-vous-dubai.jpg\" \/>\n\t<meta property=\"og:image:width\" content=\"828\" \/>\n\t<meta property=\"og:image:height\" content=\"626\" \/>\n\t<meta property=\"og:image:type\" content=\"image\/jpeg\" \/>\n<meta name=\"twitter:card\" content=\"summary_large_image\" \/>\n<meta name=\"twitter:label1\" content=\"Est. reading time\" \/>\n\t<meta name=\"twitter:data1\" content=\"1 minute\" \/>\n<script type=\"application\/ld+json\" class=\"yoast-schema-graph\">{\"@context\":\"https:\/\/schema.org\",\"@graph\":[{\"@type\":\"WebPage\",\"@id\":\"https:\/\/rendezvous-dubai.com\/fr\/produit\/ferrari-488-spider\/\",\"url\":\"https:\/\/rendezvous-dubai.com\/fr\/produit\/ferrari-488-spider\/\",\"name\":\"Book Now | FERRARI 488 SPIDER - RENDEZVOUS DUBAI\",\"isPartOf\":{\"@id\":\"https:\/\/rendezvous-dubai.com\/fr\/#website\"},\"primaryImageOfPage\":{\"@id\":\"https:\/\/rendezvous-dubai.com\/fr\/produit\/ferrari-488-spider\/#primaryimage\"},\"image\":{\"@id\":\"https:\/\/rendezvous-dubai.com\/fr\/produit\/ferrari-488-spider\/#primaryimage\"},\"thumbnailUrl\":\"https:\/\/rendezvous-dubai.com\/wp-content\/uploads\/2023\/04\/Ferrari-488-spider-Rendez-vous-dubai.jpg\",\"datePublished\":\"2023-04-16T21:07:15+00:00\",\"dateModified\":\"2025-08-30T18:11:31+00:00\",\"description\":\"D\u00e9couvrez l'essence du luxe avec notre service de location de voitures de luxe \u00e0 Duba\u00ef. Vivez la sensation de conduire des v\u00e9hicules haut de gamme \u00e0 travers le paysage urbain \u00e9poustouflant. R\u00e9servez d\u00e8s maintenant pour un voyage inoubliable.\",\"breadcrumb\":{\"@id\":\"https:\/\/rendezvous-dubai.com\/fr\/produit\/ferrari-488-spider\/#breadcrumb\"},\"inLanguage\":\"fr-FR\",\"potentialAction\":[{\"@type\":\"ReadAction\",\"target\":[\"https:\/\/rendezvous-dubai.com\/fr\/produit\/ferrari-488-spider\/\"]}]},{\"@type\":\"ImageObject\",\"inLanguage\":\"fr-FR\",\"@id\":\"https:\/\/rendezvous-dubai.com\/fr\/produit\/ferrari-488-spider\/#primaryimage\",\"url\":\"https:\/\/rendezvous-dubai.com\/wp-content\/uploads\/2023\/04\/Ferrari-488-spider-Rendez-vous-dubai.jpg\",\"contentUrl\":\"https:\/\/rendezvous-dubai.com\/wp-content\/uploads\/2023\/04\/Ferrari-488-spider-Rendez-vous-dubai.jpg\",\"width\":828,\"height\":626,\"caption\":\"Ferrari 488 spider Rendez-vous dubai\"},{\"@type\":\"BreadcrumbList\",\"@id\":\"https:\/\/rendezvous-dubai.com\/fr\/produit\/ferrari-488-spider\/#breadcrumb\",\"itemListElement\":[{\"@type\":\"ListItem\",\"position\":1,\"name\":\"Home\",\"item\":\"https:\/\/rendezvous-dubai.com\/fr\/\"},{\"@type\":\"ListItem\",\"position\":2,\"name\":\"Shop\",\"item\":\"https:\/\/rendezvous-dubai.com\/shop\/\"},{\"@type\":\"ListItem\",\"position\":3,\"name\":\"FERRARI 488 SPIDER\"}]},{\"@type\":\"WebSite\",\"@id\":\"https:\/\/rendezvous-dubai.com\/fr\/#website\",\"url\":\"https:\/\/rendezvous-dubai.com\/fr\/\",\"name\":\"RENDEZVOUS DUBAI\",\"description\":\"Your Event Organizer\",\"publisher\":{\"@id\":\"https:\/\/rendezvous-dubai.com\/fr\/#organization\"},\"potentialAction\":[{\"@type\":\"SearchAction\",\"target\":{\"@type\":\"EntryPoint\",\"urlTemplate\":\"https:\/\/rendezvous-dubai.com\/fr\/?s={search_term_string}\"},\"query-input\":{\"@type\":\"PropertyValueSpecification\",\"valueRequired\":true,\"valueName\":\"search_term_string\"}}],\"inLanguage\":\"fr-FR\"},{\"@type\":\"Organization\",\"@id\":\"https:\/\/rendezvous-dubai.com\/fr\/#organization\",\"name\":\"RENDEZVOUS DUBAI\",\"url\":\"https:\/\/rendezvous-dubai.com\/fr\/\",\"logo\":{\"@type\":\"ImageObject\",\"inLanguage\":\"fr-FR\",\"@id\":\"https:\/\/rendezvous-dubai.com\/fr\/#\/schema\/logo\/image\/\",\"url\":\"https:\/\/i0.wp.com\/rendezvous-dubai.com\/wp-content\/uploads\/2020\/05\/Logo-RDV-Dubai.png?fit=1426%2C1422&ssl=1\",\"contentUrl\":\"https:\/\/i0.wp.com\/rendezvous-dubai.com\/wp-content\/uploads\/2020\/05\/Logo-RDV-Dubai.png?fit=1426%2C1422&ssl=1\",\"width\":1426,\"height\":1422,\"caption\":\"RENDEZVOUS DUBAI\"},\"image\":{\"@id\":\"https:\/\/rendezvous-dubai.com\/fr\/#\/schema\/logo\/image\/\"},\"sameAs\":[\"https:\/\/www.facebook.com\/rendezvousdubai\",\"https:\/\/www.instagram.com\/rendezvousdubai\/\",\"https:\/\/www.youtube.com\/@rendezvousdubai\"]}]}<\/script>\n<!-- \/ Yoast SEO plugin. -->","yoast_head_json":{"title":"Book Now | FERRARI 488 SPIDER - RENDEZVOUS DUBAI","description":"D\u00e9couvrez l'essence du luxe avec notre service de location de voitures de luxe \u00e0 Duba\u00ef. Vivez la sensation de conduire des v\u00e9hicules haut de gamme \u00e0 travers le paysage urbain \u00e9poustouflant. R\u00e9servez d\u00e8s maintenant pour un voyage inoubliable.","robots":{"index":"index","follow":"follow","max-snippet":"max-snippet:-1","max-image-preview":"max-image-preview:large","max-video-preview":"max-video-preview:-1"},"canonical":"https:\/\/rendezvous-dubai.com\/fr\/produit\/ferrari-488-spider\/","og_locale":"fr_FR","og_type":"article","og_title":"Book Now | FERRARI 488 SPIDER - RENDEZVOUS DUBAI","og_description":"D\u00e9couvrez l'essence du luxe avec notre service de location de voitures de luxe \u00e0 Duba\u00ef. Vivez la sensation de conduire des v\u00e9hicules haut de gamme \u00e0 travers le paysage urbain \u00e9poustouflant. R\u00e9servez d\u00e8s maintenant pour un voyage inoubliable.","og_url":"https:\/\/rendezvous-dubai.com\/fr\/produit\/ferrari-488-spider\/","og_site_name":"RENDEZVOUS DUBAI","article_publisher":"https:\/\/www.facebook.com\/rendezvousdubai","article_modified_time":"2025-08-30T18:11:31+00:00","og_image":[{"width":828,"height":626,"url":"https:\/\/rendezvous-dubai.com\/wp-content\/uploads\/2023\/04\/Ferrari-488-spider-Rendez-vous-dubai.jpg","type":"image\/jpeg"}],"twitter_card":"summary_large_image","twitter_misc":{"Est. reading time":"1 minute"},"schema":{"@context":"https:\/\/schema.org","@graph":[{"@type":"WebPage","@id":"https:\/\/rendezvous-dubai.com\/fr\/produit\/ferrari-488-spider\/","url":"https:\/\/rendezvous-dubai.com\/fr\/produit\/ferrari-488-spider\/","name":"Book Now | FERRARI 488 SPIDER - RENDEZVOUS DUBAI","isPartOf":{"@id":"https:\/\/rendezvous-dubai.com\/fr\/#website"},"primaryImageOfPage":{"@id":"https:\/\/rendezvous-dubai.com\/fr\/produit\/ferrari-488-spider\/#primaryimage"},"image":{"@id":"https:\/\/rendezvous-dubai.com\/fr\/produit\/ferrari-488-spider\/#primaryimage"},"thumbnailUrl":"https:\/\/rendezvous-dubai.com\/wp-content\/uploads\/2023\/04\/Ferrari-488-spider-Rendez-vous-dubai.jpg","datePublished":"2023-04-16T21:07:15+00:00","dateModified":"2025-08-30T18:11:31+00:00","description":"D\u00e9couvrez l'essence du luxe avec notre service de location de voitures de luxe \u00e0 Duba\u00ef. Vivez la sensation de conduire des v\u00e9hicules haut de gamme \u00e0 travers le paysage urbain \u00e9poustouflant. R\u00e9servez d\u00e8s maintenant pour un voyage inoubliable.","breadcrumb":{"@id":"https:\/\/rendezvous-dubai.com\/fr\/produit\/ferrari-488-spider\/#breadcrumb"},"inLanguage":"fr-FR","potentialAction":[{"@type":"ReadAction","target":["https:\/\/rendezvous-dubai.com\/fr\/produit\/ferrari-488-spider\/"]}]},{"@type":"ImageObject","inLanguage":"fr-FR","@id":"https:\/\/rendezvous-dubai.com\/fr\/produit\/ferrari-488-spider\/#primaryimage","url":"https:\/\/rendezvous-dubai.com\/wp-content\/uploads\/2023\/04\/Ferrari-488-spider-Rendez-vous-dubai.jpg","contentUrl":"https:\/\/rendezvous-dubai.com\/wp-content\/uploads\/2023\/04\/Ferrari-488-spider-Rendez-vous-dubai.jpg","width":828,"height":626,"caption":"Ferrari 488 spider Rendez-vous dubai"},{"@type":"BreadcrumbList","@id":"https:\/\/rendezvous-dubai.com\/fr\/produit\/ferrari-488-spider\/#breadcrumb","itemListElement":[{"@type":"ListItem","position":1,"name":"Home","item":"https:\/\/rendezvous-dubai.com\/fr\/"},{"@type":"ListItem","position":2,"name":"Shop","item":"https:\/\/rendezvous-dubai.com\/shop\/"},{"@type":"ListItem","position":3,"name":"FERRARI 488 SPIDER"}]},{"@type":"WebSite","@id":"https:\/\/rendezvous-dubai.com\/fr\/#website","url":"https:\/\/rendezvous-dubai.com\/fr\/","name":"RENDEZVOUS DUBAI","description":"Your Event Organizer","publisher":{"@id":"https:\/\/rendezvous-dubai.com\/fr\/#organization"},"potentialAction":[{"@type":"SearchAction","target":{"@type":"EntryPoint","urlTemplate":"https:\/\/rendezvous-dubai.com\/fr\/?s={search_term_string}"},"query-input":{"@type":"PropertyValueSpecification","valueRequired":true,"valueName":"search_term_string"}}],"inLanguage":"fr-FR"},{"@type":"Organization","@id":"https:\/\/rendezvous-dubai.com\/fr\/#organization","name":"RENDEZVOUS DUBAI","url":"https:\/\/rendezvous-dubai.com\/fr\/","logo":{"@type":"ImageObject","inLanguage":"fr-FR","@id":"https:\/\/rendezvous-dubai.com\/fr\/#\/schema\/logo\/image\/","url":"https:\/\/i0.wp.com\/rendezvous-dubai.com\/wp-content\/uploads\/2020\/05\/Logo-RDV-Dubai.png?fit=1426%2C1422&ssl=1","contentUrl":"https:\/\/i0.wp.com\/rendezvous-dubai.com\/wp-content\/uploads\/2020\/05\/Logo-RDV-Dubai.png?fit=1426%2C1422&ssl=1","width":1426,"height":1422,"caption":"RENDEZVOUS DUBAI"},"image":{"@id":"https:\/\/rendezvous-dubai.com\/fr\/#\/schema\/logo\/image\/"},"sameAs":["https:\/\/www.facebook.com\/rendezvousdubai","https:\/\/www.instagram.com\/rendezvousdubai\/","https:\/\/www.youtube.com\/@rendezvousdubai"]}]}},"jetpack_sharing_enabled":true,"_links":{"self":[{"href":"https:\/\/rendezvous-dubai.com\/fr\/wp-json\/wp\/v2\/product\/47092","targetHints":{"allow":["GET"]}}],"collection":[{"href":"https:\/\/rendezvous-dubai.com\/fr\/wp-json\/wp\/v2\/product"}],"about":[{"href":"https:\/\/rendezvous-dubai.com\/fr\/wp-json\/wp\/v2\/types\/product"}],"replies":[{"embeddable":true,"href":"https:\/\/rendezvous-dubai.com\/fr\/wp-json\/wp\/v2\/comments?post=47092"}],"wp:featuredmedia":[{"embeddable":true,"href":"https:\/\/rendezvous-dubai.com\/fr\/wp-json\/wp\/v2\/media\/47097"}],"wp:attachment":[{"href":"https:\/\/rendezvous-dubai.com\/fr\/wp-json\/wp\/v2\/media?parent=47092"}],"wp:term":[{"taxonomy":"product_brand","embeddable":true,"href":"https:\/\/rendezvous-dubai.com\/fr\/wp-json\/wp\/v2\/product_brand?post=47092"},{"taxonomy":"product_cat","embeddable":true,"href":"https:\/\/rendezvous-dubai.com\/fr\/wp-json\/wp\/v2\/product_cat?post=47092"},{"taxonomy":"product_tag","embeddable":true,"href":"https:\/\/rendezvous-dubai.com\/fr\/wp-json\/wp\/v2\/product_tag?post=47092"}],"curies":[{"name":"wp","href":"https:\/\/api.w.org\/{rel}","templated":true}]}}