{"id":47047,"date":"2023-04-16T17:40:38","date_gmt":"2023-04-16T13:40:39","guid":{"rendered":"https:\/\/rendezvous-dubai.com\/?post_type=product&#038;p=47047"},"modified":"2025-08-30T22:03:33","modified_gmt":"2025-08-30T18:03:33","slug":"mercedes-g63","status":"publish","type":"product","link":"https:\/\/rendezvous-dubai.com\/fr\/produit\/mercedes-g63\/","title":{"rendered":"MERCEDES G63"},"content":{"rendered":"<p>Que vous souhaitiez partir \u00e0 l&#8217;aventure ou simplement profiter du luxe d&#8217;une Mercedes-Benz, la Classe G est le SUV id\u00e9al pour tout conducteur exigeant.<\/p>\n","protected":false},"excerpt":{"rendered":"<p>Que vous souhaitiez partir \u00e0 l&#8217;aventure ou simplement profiter du luxe d&#8217;une Mercedes-Benz, la Classe G est le SUV id\u00e9al pour tout conducteur exigeant.<\/p>\n","protected":false},"featured_media":47049,"comment_status":"open","ping_status":"closed","template":"","meta":{"_joinchat":{"message_send":"*Hello {SITE} !*\nI need more information about the {PRODUCT}..."}},"product_brand":[],"product_cat":[478],"product_tag":[522,523,524],"class_list":{"0":"post-47047","1":"product","2":"type-product","3":"status-publish","4":"has-post-thumbnail","6":"product_cat-voitures-location","7":"product_tag-class-g","8":"product_tag-g63-fr","9":"product_tag-mercedes-fr","10":"activity_level-challenging","12":"first","13":"instock","14":"virtual","15":"sold-individually","16":"purchasable","17":"product-type-booking"},"yoast_head":"<!-- This site is optimized with the Yoast SEO plugin v25.8 - https:\/\/yoast.com\/wordpress\/plugins\/seo\/ -->\n<title>Book Now | MERCEDES G63 - RENDEZVOUS DUBAI<\/title>\n<meta name=\"description\" content=\"D\u00e9couvrez l&#039;essence du luxe avec notre service de location de voitures de luxe \u00e0 Duba\u00ef. Vivez la sensation de conduire des v\u00e9hicules haut de gamme \u00e0 travers le paysage urbain \u00e9poustouflant. R\u00e9servez d\u00e8s maintenant pour un voyage inoubliable.\" \/>\n<meta name=\"robots\" content=\"index, follow, max-snippet:-1, max-image-preview:large, max-video-preview:-1\" \/>\n<link rel=\"canonical\" href=\"https:\/\/rendezvous-dubai.com\/fr\/produit\/mercedes-g63\/\" \/>\n<meta property=\"og:locale\" content=\"fr_FR\" \/>\n<meta property=\"og:type\" content=\"article\" \/>\n<meta property=\"og:title\" content=\"Book Now | MERCEDES G63 - RENDEZVOUS DUBAI\" \/>\n<meta property=\"og:description\" content=\"D\u00e9couvrez l&#039;essence du luxe avec notre service de location de voitures de luxe \u00e0 Duba\u00ef. Vivez la sensation de conduire des v\u00e9hicules haut de gamme \u00e0 travers le paysage urbain \u00e9poustouflant. R\u00e9servez d\u00e8s maintenant pour un voyage inoubliable.\" \/>\n<meta property=\"og:url\" content=\"https:\/\/rendezvous-dubai.com\/fr\/produit\/mercedes-g63\/\" \/>\n<meta property=\"og:site_name\" content=\"RENDEZVOUS DUBAI\" \/>\n<meta property=\"article:publisher\" content=\"https:\/\/www.facebook.com\/rendezvousdubai\" \/>\n<meta property=\"article:modified_time\" content=\"2025-08-30T18:03:33+00:00\" \/>\n<meta property=\"og:image\" content=\"https:\/\/rendezvous-dubai.com\/wp-content\/uploads\/2023\/04\/G-class-Rendez-vous-dubai-1.jpg\" \/>\n\t<meta property=\"og:image:width\" content=\"1440\" \/>\n\t<meta property=\"og:image:height\" content=\"1463\" \/>\n\t<meta property=\"og:image:type\" content=\"image\/jpeg\" \/>\n<meta name=\"twitter:card\" content=\"summary_large_image\" \/>\n<meta name=\"twitter:label1\" content=\"Est. reading time\" \/>\n\t<meta name=\"twitter:data1\" content=\"1 minute\" \/>\n<script type=\"application\/ld+json\" class=\"yoast-schema-graph\">{\"@context\":\"https:\/\/schema.org\",\"@graph\":[{\"@type\":\"WebPage\",\"@id\":\"https:\/\/rendezvous-dubai.com\/fr\/produit\/mercedes-g63\/\",\"url\":\"https:\/\/rendezvous-dubai.com\/fr\/produit\/mercedes-g63\/\",\"name\":\"Book Now | MERCEDES G63 - RENDEZVOUS DUBAI\",\"isPartOf\":{\"@id\":\"https:\/\/rendezvous-dubai.com\/fr\/#website\"},\"primaryImageOfPage\":{\"@id\":\"https:\/\/rendezvous-dubai.com\/fr\/produit\/mercedes-g63\/#primaryimage\"},\"image\":{\"@id\":\"https:\/\/rendezvous-dubai.com\/fr\/produit\/mercedes-g63\/#primaryimage\"},\"thumbnailUrl\":\"https:\/\/rendezvous-dubai.com\/wp-content\/uploads\/2023\/04\/G-class-Rendez-vous-dubai-1.jpg\",\"datePublished\":\"2023-04-16T13:40:39+00:00\",\"dateModified\":\"2025-08-30T18:03:33+00:00\",\"description\":\"D\u00e9couvrez l'essence du luxe avec notre service de location de voitures de luxe \u00e0 Duba\u00ef. Vivez la sensation de conduire des v\u00e9hicules haut de gamme \u00e0 travers le paysage urbain \u00e9poustouflant. R\u00e9servez d\u00e8s maintenant pour un voyage inoubliable.\",\"breadcrumb\":{\"@id\":\"https:\/\/rendezvous-dubai.com\/fr\/produit\/mercedes-g63\/#breadcrumb\"},\"inLanguage\":\"fr-FR\",\"potentialAction\":[{\"@type\":\"ReadAction\",\"target\":[\"https:\/\/rendezvous-dubai.com\/fr\/produit\/mercedes-g63\/\"]}]},{\"@type\":\"ImageObject\",\"inLanguage\":\"fr-FR\",\"@id\":\"https:\/\/rendezvous-dubai.com\/fr\/produit\/mercedes-g63\/#primaryimage\",\"url\":\"https:\/\/rendezvous-dubai.com\/wp-content\/uploads\/2023\/04\/G-class-Rendez-vous-dubai-1.jpg\",\"contentUrl\":\"https:\/\/rendezvous-dubai.com\/wp-content\/uploads\/2023\/04\/G-class-Rendez-vous-dubai-1.jpg\",\"width\":1440,\"height\":1463,\"caption\":\"G class Rendez-vous dubai\"},{\"@type\":\"BreadcrumbList\",\"@id\":\"https:\/\/rendezvous-dubai.com\/fr\/produit\/mercedes-g63\/#breadcrumb\",\"itemListElement\":[{\"@type\":\"ListItem\",\"position\":1,\"name\":\"Home\",\"item\":\"https:\/\/rendezvous-dubai.com\/fr\/\"},{\"@type\":\"ListItem\",\"position\":2,\"name\":\"Shop\",\"item\":\"https:\/\/rendezvous-dubai.com\/shop\/\"},{\"@type\":\"ListItem\",\"position\":3,\"name\":\"MERCEDES G63\"}]},{\"@type\":\"WebSite\",\"@id\":\"https:\/\/rendezvous-dubai.com\/fr\/#website\",\"url\":\"https:\/\/rendezvous-dubai.com\/fr\/\",\"name\":\"RENDEZVOUS DUBAI\",\"description\":\"Your Event Organizer\",\"publisher\":{\"@id\":\"https:\/\/rendezvous-dubai.com\/fr\/#organization\"},\"potentialAction\":[{\"@type\":\"SearchAction\",\"target\":{\"@type\":\"EntryPoint\",\"urlTemplate\":\"https:\/\/rendezvous-dubai.com\/fr\/?s={search_term_string}\"},\"query-input\":{\"@type\":\"PropertyValueSpecification\",\"valueRequired\":true,\"valueName\":\"search_term_string\"}}],\"inLanguage\":\"fr-FR\"},{\"@type\":\"Organization\",\"@id\":\"https:\/\/rendezvous-dubai.com\/fr\/#organization\",\"name\":\"RENDEZVOUS DUBAI\",\"url\":\"https:\/\/rendezvous-dubai.com\/fr\/\",\"logo\":{\"@type\":\"ImageObject\",\"inLanguage\":\"fr-FR\",\"@id\":\"https:\/\/rendezvous-dubai.com\/fr\/#\/schema\/logo\/image\/\",\"url\":\"https:\/\/i0.wp.com\/rendezvous-dubai.com\/wp-content\/uploads\/2020\/05\/Logo-RDV-Dubai.png?fit=1426%2C1422&ssl=1\",\"contentUrl\":\"https:\/\/i0.wp.com\/rendezvous-dubai.com\/wp-content\/uploads\/2020\/05\/Logo-RDV-Dubai.png?fit=1426%2C1422&ssl=1\",\"width\":1426,\"height\":1422,\"caption\":\"RENDEZVOUS DUBAI\"},\"image\":{\"@id\":\"https:\/\/rendezvous-dubai.com\/fr\/#\/schema\/logo\/image\/\"},\"sameAs\":[\"https:\/\/www.facebook.com\/rendezvousdubai\",\"https:\/\/www.instagram.com\/rendezvousdubai\/\",\"https:\/\/www.youtube.com\/@rendezvousdubai\"]}]}<\/script>\n<!-- \/ Yoast SEO plugin. -->","yoast_head_json":{"title":"Book Now | MERCEDES G63 - RENDEZVOUS DUBAI","description":"D\u00e9couvrez l'essence du luxe avec notre service de location de voitures de luxe \u00e0 Duba\u00ef. Vivez la sensation de conduire des v\u00e9hicules haut de gamme \u00e0 travers le paysage urbain \u00e9poustouflant. R\u00e9servez d\u00e8s maintenant pour un voyage inoubliable.","robots":{"index":"index","follow":"follow","max-snippet":"max-snippet:-1","max-image-preview":"max-image-preview:large","max-video-preview":"max-video-preview:-1"},"canonical":"https:\/\/rendezvous-dubai.com\/fr\/produit\/mercedes-g63\/","og_locale":"fr_FR","og_type":"article","og_title":"Book Now | MERCEDES G63 - RENDEZVOUS DUBAI","og_description":"D\u00e9couvrez l'essence du luxe avec notre service de location de voitures de luxe \u00e0 Duba\u00ef. Vivez la sensation de conduire des v\u00e9hicules haut de gamme \u00e0 travers le paysage urbain \u00e9poustouflant. R\u00e9servez d\u00e8s maintenant pour un voyage inoubliable.","og_url":"https:\/\/rendezvous-dubai.com\/fr\/produit\/mercedes-g63\/","og_site_name":"RENDEZVOUS DUBAI","article_publisher":"https:\/\/www.facebook.com\/rendezvousdubai","article_modified_time":"2025-08-30T18:03:33+00:00","og_image":[{"width":1440,"height":1463,"url":"https:\/\/rendezvous-dubai.com\/wp-content\/uploads\/2023\/04\/G-class-Rendez-vous-dubai-1.jpg","type":"image\/jpeg"}],"twitter_card":"summary_large_image","twitter_misc":{"Est. reading time":"1 minute"},"schema":{"@context":"https:\/\/schema.org","@graph":[{"@type":"WebPage","@id":"https:\/\/rendezvous-dubai.com\/fr\/produit\/mercedes-g63\/","url":"https:\/\/rendezvous-dubai.com\/fr\/produit\/mercedes-g63\/","name":"Book Now | MERCEDES G63 - RENDEZVOUS DUBAI","isPartOf":{"@id":"https:\/\/rendezvous-dubai.com\/fr\/#website"},"primaryImageOfPage":{"@id":"https:\/\/rendezvous-dubai.com\/fr\/produit\/mercedes-g63\/#primaryimage"},"image":{"@id":"https:\/\/rendezvous-dubai.com\/fr\/produit\/mercedes-g63\/#primaryimage"},"thumbnailUrl":"https:\/\/rendezvous-dubai.com\/wp-content\/uploads\/2023\/04\/G-class-Rendez-vous-dubai-1.jpg","datePublished":"2023-04-16T13:40:39+00:00","dateModified":"2025-08-30T18:03:33+00:00","description":"D\u00e9couvrez l'essence du luxe avec notre service de location de voitures de luxe \u00e0 Duba\u00ef. Vivez la sensation de conduire des v\u00e9hicules haut de gamme \u00e0 travers le paysage urbain \u00e9poustouflant. R\u00e9servez d\u00e8s maintenant pour un voyage inoubliable.","breadcrumb":{"@id":"https:\/\/rendezvous-dubai.com\/fr\/produit\/mercedes-g63\/#breadcrumb"},"inLanguage":"fr-FR","potentialAction":[{"@type":"ReadAction","target":["https:\/\/rendezvous-dubai.com\/fr\/produit\/mercedes-g63\/"]}]},{"@type":"ImageObject","inLanguage":"fr-FR","@id":"https:\/\/rendezvous-dubai.com\/fr\/produit\/mercedes-g63\/#primaryimage","url":"https:\/\/rendezvous-dubai.com\/wp-content\/uploads\/2023\/04\/G-class-Rendez-vous-dubai-1.jpg","contentUrl":"https:\/\/rendezvous-dubai.com\/wp-content\/uploads\/2023\/04\/G-class-Rendez-vous-dubai-1.jpg","width":1440,"height":1463,"caption":"G class Rendez-vous dubai"},{"@type":"BreadcrumbList","@id":"https:\/\/rendezvous-dubai.com\/fr\/produit\/mercedes-g63\/#breadcrumb","itemListElement":[{"@type":"ListItem","position":1,"name":"Home","item":"https:\/\/rendezvous-dubai.com\/fr\/"},{"@type":"ListItem","position":2,"name":"Shop","item":"https:\/\/rendezvous-dubai.com\/shop\/"},{"@type":"ListItem","position":3,"name":"MERCEDES G63"}]},{"@type":"WebSite","@id":"https:\/\/rendezvous-dubai.com\/fr\/#website","url":"https:\/\/rendezvous-dubai.com\/fr\/","name":"RENDEZVOUS DUBAI","description":"Your Event Organizer","publisher":{"@id":"https:\/\/rendezvous-dubai.com\/fr\/#organization"},"potentialAction":[{"@type":"SearchAction","target":{"@type":"EntryPoint","urlTemplate":"https:\/\/rendezvous-dubai.com\/fr\/?s={search_term_string}"},"query-input":{"@type":"PropertyValueSpecification","valueRequired":true,"valueName":"search_term_string"}}],"inLanguage":"fr-FR"},{"@type":"Organization","@id":"https:\/\/rendezvous-dubai.com\/fr\/#organization","name":"RENDEZVOUS DUBAI","url":"https:\/\/rendezvous-dubai.com\/fr\/","logo":{"@type":"ImageObject","inLanguage":"fr-FR","@id":"https:\/\/rendezvous-dubai.com\/fr\/#\/schema\/logo\/image\/","url":"https:\/\/i0.wp.com\/rendezvous-dubai.com\/wp-content\/uploads\/2020\/05\/Logo-RDV-Dubai.png?fit=1426%2C1422&ssl=1","contentUrl":"https:\/\/i0.wp.com\/rendezvous-dubai.com\/wp-content\/uploads\/2020\/05\/Logo-RDV-Dubai.png?fit=1426%2C1422&ssl=1","width":1426,"height":1422,"caption":"RENDEZVOUS DUBAI"},"image":{"@id":"https:\/\/rendezvous-dubai.com\/fr\/#\/schema\/logo\/image\/"},"sameAs":["https:\/\/www.facebook.com\/rendezvousdubai","https:\/\/www.instagram.com\/rendezvousdubai\/","https:\/\/www.youtube.com\/@rendezvousdubai"]}]}},"jetpack_sharing_enabled":true,"_links":{"self":[{"href":"https:\/\/rendezvous-dubai.com\/fr\/wp-json\/wp\/v2\/product\/47047","targetHints":{"allow":["GET"]}}],"collection":[{"href":"https:\/\/rendezvous-dubai.com\/fr\/wp-json\/wp\/v2\/product"}],"about":[{"href":"https:\/\/rendezvous-dubai.com\/fr\/wp-json\/wp\/v2\/types\/product"}],"replies":[{"embeddable":true,"href":"https:\/\/rendezvous-dubai.com\/fr\/wp-json\/wp\/v2\/comments?post=47047"}],"wp:featuredmedia":[{"embeddable":true,"href":"https:\/\/rendezvous-dubai.com\/fr\/wp-json\/wp\/v2\/media\/47049"}],"wp:attachment":[{"href":"https:\/\/rendezvous-dubai.com\/fr\/wp-json\/wp\/v2\/media?parent=47047"}],"wp:term":[{"taxonomy":"product_brand","embeddable":true,"href":"https:\/\/rendezvous-dubai.com\/fr\/wp-json\/wp\/v2\/product_brand?post=47047"},{"taxonomy":"product_cat","embeddable":true,"href":"https:\/\/rendezvous-dubai.com\/fr\/wp-json\/wp\/v2\/product_cat?post=47047"},{"taxonomy":"product_tag","embeddable":true,"href":"https:\/\/rendezvous-dubai.com\/fr\/wp-json\/wp\/v2\/product_tag?post=47047"}],"curies":[{"name":"wp","href":"https:\/\/api.w.org\/{rel}","templated":true}]}}