{"id":46776,"date":"2023-04-14T15:17:11","date_gmt":"2023-04-14T11:17:12","guid":{"rendered":"https:\/\/rendezvous-dubai.com\/?post_type=product&#038;p=46776"},"modified":"2025-08-30T21:58:20","modified_gmt":"2025-08-30T17:58:20","slug":"range-rover-svr","status":"publish","type":"product","link":"https:\/\/rendezvous-dubai.com\/fr\/produit\/range-rover-svr\/","title":{"rendered":"RANGE ROVER SVR"},"content":{"rendered":"<p>Que vous souhaitiez vous d\u00e9marquer lors d&#8217;un \u00e9v\u00e9nement sp\u00e9cial ou que vous vouliez simplement am\u00e9liorer votre exp\u00e9rience de conduite, le Range Rover SVR est le SUV de luxe id\u00e9al pour toutes les occasions.<\/p>\n","protected":false},"excerpt":{"rendered":"<p>Que vous souhaitiez vous d\u00e9marquer lors d&#8217;un \u00e9v\u00e9nement sp\u00e9cial ou que vous vouliez simplement am\u00e9liorer votre exp\u00e9rience de conduite, le Range Rover SVR est le SUV de luxe id\u00e9al pour toutes les occasions.<\/p>\n","protected":false},"featured_media":46785,"comment_status":"open","ping_status":"closed","template":"","meta":{"_joinchat":{"message_send":"*Hello {SITE} !*\nI need more information about the {PRODUCT}..."}},"product_brand":[],"product_cat":[478],"product_tag":[501,502],"class_list":{"0":"post-46776","1":"product","2":"type-product","3":"status-publish","4":"has-post-thumbnail","6":"product_cat-voitures-location","7":"product_tag-range-rover-fr","8":"product_tag-svr-fr","9":"activity_level-challenging","11":"first","12":"instock","13":"virtual","14":"sold-individually","15":"purchasable","16":"product-type-booking"},"yoast_head":"<!-- This site is optimized with the Yoast SEO plugin v25.8 - https:\/\/yoast.com\/wordpress\/plugins\/seo\/ -->\n<title>Book Now | RANGE ROVER SVR - RENDEZVOUS DUBAI<\/title>\n<meta name=\"description\" content=\"D\u00e9couvrez l&#039;essence du luxe avec notre service de location de voitures de luxe \u00e0 Duba\u00ef. Vivez la sensation de conduire des v\u00e9hicules haut de gamme \u00e0 travers le paysage urbain \u00e9poustouflant. R\u00e9servez d\u00e8s maintenant pour un voyage inoubliable.\" \/>\n<meta name=\"robots\" content=\"index, follow, max-snippet:-1, max-image-preview:large, max-video-preview:-1\" \/>\n<link rel=\"canonical\" href=\"https:\/\/rendezvous-dubai.com\/fr\/produit\/range-rover-svr\/\" \/>\n<meta property=\"og:locale\" content=\"fr_FR\" \/>\n<meta property=\"og:type\" content=\"article\" \/>\n<meta property=\"og:title\" content=\"Book Now | RANGE ROVER SVR - RENDEZVOUS DUBAI\" \/>\n<meta property=\"og:description\" content=\"D\u00e9couvrez l&#039;essence du luxe avec notre service de location de voitures de luxe \u00e0 Duba\u00ef. Vivez la sensation de conduire des v\u00e9hicules haut de gamme \u00e0 travers le paysage urbain \u00e9poustouflant. R\u00e9servez d\u00e8s maintenant pour un voyage inoubliable.\" \/>\n<meta property=\"og:url\" content=\"https:\/\/rendezvous-dubai.com\/fr\/produit\/range-rover-svr\/\" \/>\n<meta property=\"og:site_name\" content=\"RENDEZVOUS DUBAI\" \/>\n<meta property=\"article:publisher\" content=\"https:\/\/www.facebook.com\/rendezvousdubai\" \/>\n<meta property=\"article:modified_time\" content=\"2025-08-30T17:58:20+00:00\" \/>\n<meta property=\"og:image\" content=\"https:\/\/rendezvous-dubai.com\/wp-content\/uploads\/2023\/04\/SVR-Rendez-vous-dubai-1.jpg\" \/>\n\t<meta property=\"og:image:width\" content=\"1316\" \/>\n\t<meta property=\"og:image:height\" content=\"965\" \/>\n\t<meta property=\"og:image:type\" content=\"image\/jpeg\" \/>\n<meta name=\"twitter:card\" content=\"summary_large_image\" \/>\n<meta name=\"twitter:label1\" content=\"Est. reading time\" \/>\n\t<meta name=\"twitter:data1\" content=\"1 minute\" \/>\n<script type=\"application\/ld+json\" class=\"yoast-schema-graph\">{\"@context\":\"https:\/\/schema.org\",\"@graph\":[{\"@type\":\"WebPage\",\"@id\":\"https:\/\/rendezvous-dubai.com\/fr\/produit\/range-rover-svr\/\",\"url\":\"https:\/\/rendezvous-dubai.com\/fr\/produit\/range-rover-svr\/\",\"name\":\"Book Now | RANGE ROVER SVR - RENDEZVOUS DUBAI\",\"isPartOf\":{\"@id\":\"https:\/\/rendezvous-dubai.com\/fr\/#website\"},\"primaryImageOfPage\":{\"@id\":\"https:\/\/rendezvous-dubai.com\/fr\/produit\/range-rover-svr\/#primaryimage\"},\"image\":{\"@id\":\"https:\/\/rendezvous-dubai.com\/fr\/produit\/range-rover-svr\/#primaryimage\"},\"thumbnailUrl\":\"https:\/\/rendezvous-dubai.com\/wp-content\/uploads\/2023\/04\/SVR-Rendez-vous-dubai-1.jpg\",\"datePublished\":\"2023-04-14T11:17:12+00:00\",\"dateModified\":\"2025-08-30T17:58:20+00:00\",\"description\":\"D\u00e9couvrez l'essence du luxe avec notre service de location de voitures de luxe \u00e0 Duba\u00ef. Vivez la sensation de conduire des v\u00e9hicules haut de gamme \u00e0 travers le paysage urbain \u00e9poustouflant. R\u00e9servez d\u00e8s maintenant pour un voyage inoubliable.\",\"breadcrumb\":{\"@id\":\"https:\/\/rendezvous-dubai.com\/fr\/produit\/range-rover-svr\/#breadcrumb\"},\"inLanguage\":\"fr-FR\",\"potentialAction\":[{\"@type\":\"ReadAction\",\"target\":[\"https:\/\/rendezvous-dubai.com\/fr\/produit\/range-rover-svr\/\"]}]},{\"@type\":\"ImageObject\",\"inLanguage\":\"fr-FR\",\"@id\":\"https:\/\/rendezvous-dubai.com\/fr\/produit\/range-rover-svr\/#primaryimage\",\"url\":\"https:\/\/rendezvous-dubai.com\/wp-content\/uploads\/2023\/04\/SVR-Rendez-vous-dubai-1.jpg\",\"contentUrl\":\"https:\/\/rendezvous-dubai.com\/wp-content\/uploads\/2023\/04\/SVR-Rendez-vous-dubai-1.jpg\",\"width\":1316,\"height\":965,\"caption\":\"SVR Rendez-vous dubai\"},{\"@type\":\"BreadcrumbList\",\"@id\":\"https:\/\/rendezvous-dubai.com\/fr\/produit\/range-rover-svr\/#breadcrumb\",\"itemListElement\":[{\"@type\":\"ListItem\",\"position\":1,\"name\":\"Home\",\"item\":\"https:\/\/rendezvous-dubai.com\/fr\/\"},{\"@type\":\"ListItem\",\"position\":2,\"name\":\"Shop\",\"item\":\"https:\/\/rendezvous-dubai.com\/shop\/\"},{\"@type\":\"ListItem\",\"position\":3,\"name\":\"RANGE ROVER SVR\"}]},{\"@type\":\"WebSite\",\"@id\":\"https:\/\/rendezvous-dubai.com\/fr\/#website\",\"url\":\"https:\/\/rendezvous-dubai.com\/fr\/\",\"name\":\"RENDEZVOUS DUBAI\",\"description\":\"Your Event Organizer\",\"publisher\":{\"@id\":\"https:\/\/rendezvous-dubai.com\/fr\/#organization\"},\"potentialAction\":[{\"@type\":\"SearchAction\",\"target\":{\"@type\":\"EntryPoint\",\"urlTemplate\":\"https:\/\/rendezvous-dubai.com\/fr\/?s={search_term_string}\"},\"query-input\":{\"@type\":\"PropertyValueSpecification\",\"valueRequired\":true,\"valueName\":\"search_term_string\"}}],\"inLanguage\":\"fr-FR\"},{\"@type\":\"Organization\",\"@id\":\"https:\/\/rendezvous-dubai.com\/fr\/#organization\",\"name\":\"RENDEZVOUS DUBAI\",\"url\":\"https:\/\/rendezvous-dubai.com\/fr\/\",\"logo\":{\"@type\":\"ImageObject\",\"inLanguage\":\"fr-FR\",\"@id\":\"https:\/\/rendezvous-dubai.com\/fr\/#\/schema\/logo\/image\/\",\"url\":\"https:\/\/i0.wp.com\/rendezvous-dubai.com\/wp-content\/uploads\/2020\/05\/Logo-RDV-Dubai.png?fit=1426%2C1422&ssl=1\",\"contentUrl\":\"https:\/\/i0.wp.com\/rendezvous-dubai.com\/wp-content\/uploads\/2020\/05\/Logo-RDV-Dubai.png?fit=1426%2C1422&ssl=1\",\"width\":1426,\"height\":1422,\"caption\":\"RENDEZVOUS DUBAI\"},\"image\":{\"@id\":\"https:\/\/rendezvous-dubai.com\/fr\/#\/schema\/logo\/image\/\"},\"sameAs\":[\"https:\/\/www.facebook.com\/rendezvousdubai\",\"https:\/\/www.instagram.com\/rendezvousdubai\/\",\"https:\/\/www.youtube.com\/@rendezvousdubai\"]}]}<\/script>\n<!-- \/ Yoast SEO plugin. -->","yoast_head_json":{"title":"Book Now | RANGE ROVER SVR - RENDEZVOUS DUBAI","description":"D\u00e9couvrez l'essence du luxe avec notre service de location de voitures de luxe \u00e0 Duba\u00ef. Vivez la sensation de conduire des v\u00e9hicules haut de gamme \u00e0 travers le paysage urbain \u00e9poustouflant. R\u00e9servez d\u00e8s maintenant pour un voyage inoubliable.","robots":{"index":"index","follow":"follow","max-snippet":"max-snippet:-1","max-image-preview":"max-image-preview:large","max-video-preview":"max-video-preview:-1"},"canonical":"https:\/\/rendezvous-dubai.com\/fr\/produit\/range-rover-svr\/","og_locale":"fr_FR","og_type":"article","og_title":"Book Now | RANGE ROVER SVR - RENDEZVOUS DUBAI","og_description":"D\u00e9couvrez l'essence du luxe avec notre service de location de voitures de luxe \u00e0 Duba\u00ef. Vivez la sensation de conduire des v\u00e9hicules haut de gamme \u00e0 travers le paysage urbain \u00e9poustouflant. R\u00e9servez d\u00e8s maintenant pour un voyage inoubliable.","og_url":"https:\/\/rendezvous-dubai.com\/fr\/produit\/range-rover-svr\/","og_site_name":"RENDEZVOUS DUBAI","article_publisher":"https:\/\/www.facebook.com\/rendezvousdubai","article_modified_time":"2025-08-30T17:58:20+00:00","og_image":[{"width":1316,"height":965,"url":"https:\/\/rendezvous-dubai.com\/wp-content\/uploads\/2023\/04\/SVR-Rendez-vous-dubai-1.jpg","type":"image\/jpeg"}],"twitter_card":"summary_large_image","twitter_misc":{"Est. reading time":"1 minute"},"schema":{"@context":"https:\/\/schema.org","@graph":[{"@type":"WebPage","@id":"https:\/\/rendezvous-dubai.com\/fr\/produit\/range-rover-svr\/","url":"https:\/\/rendezvous-dubai.com\/fr\/produit\/range-rover-svr\/","name":"Book Now | RANGE ROVER SVR - RENDEZVOUS DUBAI","isPartOf":{"@id":"https:\/\/rendezvous-dubai.com\/fr\/#website"},"primaryImageOfPage":{"@id":"https:\/\/rendezvous-dubai.com\/fr\/produit\/range-rover-svr\/#primaryimage"},"image":{"@id":"https:\/\/rendezvous-dubai.com\/fr\/produit\/range-rover-svr\/#primaryimage"},"thumbnailUrl":"https:\/\/rendezvous-dubai.com\/wp-content\/uploads\/2023\/04\/SVR-Rendez-vous-dubai-1.jpg","datePublished":"2023-04-14T11:17:12+00:00","dateModified":"2025-08-30T17:58:20+00:00","description":"D\u00e9couvrez l'essence du luxe avec notre service de location de voitures de luxe \u00e0 Duba\u00ef. Vivez la sensation de conduire des v\u00e9hicules haut de gamme \u00e0 travers le paysage urbain \u00e9poustouflant. R\u00e9servez d\u00e8s maintenant pour un voyage inoubliable.","breadcrumb":{"@id":"https:\/\/rendezvous-dubai.com\/fr\/produit\/range-rover-svr\/#breadcrumb"},"inLanguage":"fr-FR","potentialAction":[{"@type":"ReadAction","target":["https:\/\/rendezvous-dubai.com\/fr\/produit\/range-rover-svr\/"]}]},{"@type":"ImageObject","inLanguage":"fr-FR","@id":"https:\/\/rendezvous-dubai.com\/fr\/produit\/range-rover-svr\/#primaryimage","url":"https:\/\/rendezvous-dubai.com\/wp-content\/uploads\/2023\/04\/SVR-Rendez-vous-dubai-1.jpg","contentUrl":"https:\/\/rendezvous-dubai.com\/wp-content\/uploads\/2023\/04\/SVR-Rendez-vous-dubai-1.jpg","width":1316,"height":965,"caption":"SVR Rendez-vous dubai"},{"@type":"BreadcrumbList","@id":"https:\/\/rendezvous-dubai.com\/fr\/produit\/range-rover-svr\/#breadcrumb","itemListElement":[{"@type":"ListItem","position":1,"name":"Home","item":"https:\/\/rendezvous-dubai.com\/fr\/"},{"@type":"ListItem","position":2,"name":"Shop","item":"https:\/\/rendezvous-dubai.com\/shop\/"},{"@type":"ListItem","position":3,"name":"RANGE ROVER SVR"}]},{"@type":"WebSite","@id":"https:\/\/rendezvous-dubai.com\/fr\/#website","url":"https:\/\/rendezvous-dubai.com\/fr\/","name":"RENDEZVOUS DUBAI","description":"Your Event Organizer","publisher":{"@id":"https:\/\/rendezvous-dubai.com\/fr\/#organization"},"potentialAction":[{"@type":"SearchAction","target":{"@type":"EntryPoint","urlTemplate":"https:\/\/rendezvous-dubai.com\/fr\/?s={search_term_string}"},"query-input":{"@type":"PropertyValueSpecification","valueRequired":true,"valueName":"search_term_string"}}],"inLanguage":"fr-FR"},{"@type":"Organization","@id":"https:\/\/rendezvous-dubai.com\/fr\/#organization","name":"RENDEZVOUS DUBAI","url":"https:\/\/rendezvous-dubai.com\/fr\/","logo":{"@type":"ImageObject","inLanguage":"fr-FR","@id":"https:\/\/rendezvous-dubai.com\/fr\/#\/schema\/logo\/image\/","url":"https:\/\/i0.wp.com\/rendezvous-dubai.com\/wp-content\/uploads\/2020\/05\/Logo-RDV-Dubai.png?fit=1426%2C1422&ssl=1","contentUrl":"https:\/\/i0.wp.com\/rendezvous-dubai.com\/wp-content\/uploads\/2020\/05\/Logo-RDV-Dubai.png?fit=1426%2C1422&ssl=1","width":1426,"height":1422,"caption":"RENDEZVOUS DUBAI"},"image":{"@id":"https:\/\/rendezvous-dubai.com\/fr\/#\/schema\/logo\/image\/"},"sameAs":["https:\/\/www.facebook.com\/rendezvousdubai","https:\/\/www.instagram.com\/rendezvousdubai\/","https:\/\/www.youtube.com\/@rendezvousdubai"]}]}},"jetpack_sharing_enabled":true,"_links":{"self":[{"href":"https:\/\/rendezvous-dubai.com\/fr\/wp-json\/wp\/v2\/product\/46776","targetHints":{"allow":["GET"]}}],"collection":[{"href":"https:\/\/rendezvous-dubai.com\/fr\/wp-json\/wp\/v2\/product"}],"about":[{"href":"https:\/\/rendezvous-dubai.com\/fr\/wp-json\/wp\/v2\/types\/product"}],"replies":[{"embeddable":true,"href":"https:\/\/rendezvous-dubai.com\/fr\/wp-json\/wp\/v2\/comments?post=46776"}],"wp:featuredmedia":[{"embeddable":true,"href":"https:\/\/rendezvous-dubai.com\/fr\/wp-json\/wp\/v2\/media\/46785"}],"wp:attachment":[{"href":"https:\/\/rendezvous-dubai.com\/fr\/wp-json\/wp\/v2\/media?parent=46776"}],"wp:term":[{"taxonomy":"product_brand","embeddable":true,"href":"https:\/\/rendezvous-dubai.com\/fr\/wp-json\/wp\/v2\/product_brand?post=46776"},{"taxonomy":"product_cat","embeddable":true,"href":"https:\/\/rendezvous-dubai.com\/fr\/wp-json\/wp\/v2\/product_cat?post=46776"},{"taxonomy":"product_tag","embeddable":true,"href":"https:\/\/rendezvous-dubai.com\/fr\/wp-json\/wp\/v2\/product_tag?post=46776"}],"curies":[{"name":"wp","href":"https:\/\/api.w.org\/{rel}","templated":true}]}}