{"id":45896,"date":"2023-03-22T17:19:59","date_gmt":"2023-03-22T13:20:01","guid":{"rendered":"https:\/\/rendezvous-dubai.com\/?post_type=product&#038;p=45896"},"modified":"2025-08-30T18:58:31","modified_gmt":"2025-08-30T14:58:31","slug":"peche-dubai","status":"publish","type":"product","link":"https:\/\/rendezvous-dubai.com\/fr\/produit\/peche-dubai\/","title":{"rendered":"P\u00caCHE DUBAI"},"content":{"rendered":"<p>Le vaste littoral de Duba\u00ef et la riche diversit\u00e9 de la vie marine en font une destination populaire pour les amateurs de p\u00eache du monde entier. La p\u00eache peut \u00eatre pratiqu\u00e9e toute l&#8217;ann\u00e9e, la meilleure saison \u00e9tant d&#8217;octobre \u00e0 mai.<\/p>\n","protected":false},"excerpt":{"rendered":"<p>Le vaste littoral de Duba\u00ef et la riche diversit\u00e9 de la vie marine en font une destination populaire pour les amateurs de p\u00eache du monde entier. La p\u00eache peut \u00eatre pratiqu\u00e9e toute l&#8217;ann\u00e9e, la meilleure saison \u00e9tant d&#8217;octobre \u00e0 mai.<\/p>\n","protected":false},"featured_media":45904,"comment_status":"open","ping_status":"closed","template":"","meta":{"_joinchat":{"message_send":"*Hello {SITE} !*\nI need more information about the {PRODUCT}..."}},"product_brand":[],"product_cat":[318],"product_tag":[213,215,289,313],"class_list":{"0":"post-45896","1":"product","2":"type-product","3":"status-publish","4":"has-post-thumbnail","6":"product_cat-aqua","7":"product_tag-aquaventure-fr","8":"product_tag-atlantis-waterpark-fr","9":"product_tag-dubai-atlantis-fr","10":"product_tag-palm-jumeirah-fr","11":"activity_level-challenging","13":"first","14":"instock","15":"virtual","16":"sold-individually","17":"purchasable","18":"product-type-booking"},"yoast_head":"<!-- This site is optimized with the Yoast SEO plugin v25.8 - https:\/\/yoast.com\/wordpress\/plugins\/seo\/ -->\n<title>Book Now | P\u00caCHE DUBAI - RENDEZVOUS DUBAI<\/title>\n<meta name=\"description\" content=\"Le vaste littoral de Duba\u00ef et la riche diversit\u00e9 de la vie marine en font une destination populaire pour les amateurs de p\u00eache du monde entier. La p\u00eache peut \u00eatre pratiqu\u00e9e toute l&#039;ann\u00e9e, la meilleure saison \u00e9tant d&#039;octobre \u00e0 mai.\" \/>\n<meta name=\"robots\" content=\"index, follow, max-snippet:-1, max-image-preview:large, max-video-preview:-1\" \/>\n<link rel=\"canonical\" href=\"https:\/\/rendezvous-dubai.com\/fr\/produit\/peche-dubai\/\" \/>\n<meta property=\"og:locale\" content=\"fr_FR\" \/>\n<meta property=\"og:type\" content=\"article\" \/>\n<meta property=\"og:title\" content=\"Book Now | P\u00caCHE DUBAI - RENDEZVOUS DUBAI\" \/>\n<meta property=\"og:description\" content=\"Le vaste littoral de Duba\u00ef et la riche diversit\u00e9 de la vie marine en font une destination populaire pour les amateurs de p\u00eache du monde entier. La p\u00eache peut \u00eatre pratiqu\u00e9e toute l&#039;ann\u00e9e, la meilleure saison \u00e9tant d&#039;octobre \u00e0 mai.\" \/>\n<meta property=\"og:url\" content=\"https:\/\/rendezvous-dubai.com\/fr\/produit\/peche-dubai\/\" \/>\n<meta property=\"og:site_name\" content=\"RENDEZVOUS DUBAI\" \/>\n<meta property=\"article:publisher\" content=\"https:\/\/www.facebook.com\/rendezvousdubai\" \/>\n<meta property=\"article:modified_time\" content=\"2025-08-30T14:58:31+00:00\" \/>\n<meta property=\"og:image\" content=\"https:\/\/rendezvous-dubai.com\/wp-content\/uploads\/2023\/03\/Queenfish-in-Dubai.jpg\" \/>\n\t<meta property=\"og:image:width\" content=\"1366\" \/>\n\t<meta property=\"og:image:height\" content=\"911\" \/>\n\t<meta property=\"og:image:type\" content=\"image\/jpeg\" \/>\n<meta name=\"twitter:card\" content=\"summary_large_image\" \/>\n<meta name=\"twitter:label1\" content=\"Est. reading time\" \/>\n\t<meta name=\"twitter:data1\" content=\"1 minute\" \/>\n<script type=\"application\/ld+json\" class=\"yoast-schema-graph\">{\"@context\":\"https:\/\/schema.org\",\"@graph\":[{\"@type\":\"WebPage\",\"@id\":\"https:\/\/rendezvous-dubai.com\/fr\/produit\/peche-dubai\/\",\"url\":\"https:\/\/rendezvous-dubai.com\/fr\/produit\/peche-dubai\/\",\"name\":\"Book Now | P\u00caCHE DUBAI - RENDEZVOUS DUBAI\",\"isPartOf\":{\"@id\":\"https:\/\/rendezvous-dubai.com\/fr\/#website\"},\"primaryImageOfPage\":{\"@id\":\"https:\/\/rendezvous-dubai.com\/fr\/produit\/peche-dubai\/#primaryimage\"},\"image\":{\"@id\":\"https:\/\/rendezvous-dubai.com\/fr\/produit\/peche-dubai\/#primaryimage\"},\"thumbnailUrl\":\"https:\/\/rendezvous-dubai.com\/wp-content\/uploads\/2023\/03\/Queenfish-in-Dubai.jpg\",\"datePublished\":\"2023-03-22T13:20:01+00:00\",\"dateModified\":\"2025-08-30T14:58:31+00:00\",\"description\":\"Le vaste littoral de Duba\u00ef et la riche diversit\u00e9 de la vie marine en font une destination populaire pour les amateurs de p\u00eache du monde entier. La p\u00eache peut \u00eatre pratiqu\u00e9e toute l'ann\u00e9e, la meilleure saison \u00e9tant d'octobre \u00e0 mai.\",\"breadcrumb\":{\"@id\":\"https:\/\/rendezvous-dubai.com\/fr\/produit\/peche-dubai\/#breadcrumb\"},\"inLanguage\":\"fr-FR\",\"potentialAction\":[{\"@type\":\"ReadAction\",\"target\":[\"https:\/\/rendezvous-dubai.com\/fr\/produit\/peche-dubai\/\"]}]},{\"@type\":\"ImageObject\",\"inLanguage\":\"fr-FR\",\"@id\":\"https:\/\/rendezvous-dubai.com\/fr\/produit\/peche-dubai\/#primaryimage\",\"url\":\"https:\/\/rendezvous-dubai.com\/wp-content\/uploads\/2023\/03\/Queenfish-in-Dubai.jpg\",\"contentUrl\":\"https:\/\/rendezvous-dubai.com\/wp-content\/uploads\/2023\/03\/Queenfish-in-Dubai.jpg\",\"width\":1366,\"height\":911,\"caption\":\"Fishing Dubai\"},{\"@type\":\"BreadcrumbList\",\"@id\":\"https:\/\/rendezvous-dubai.com\/fr\/produit\/peche-dubai\/#breadcrumb\",\"itemListElement\":[{\"@type\":\"ListItem\",\"position\":1,\"name\":\"Home\",\"item\":\"https:\/\/rendezvous-dubai.com\/fr\/\"},{\"@type\":\"ListItem\",\"position\":2,\"name\":\"Shop\",\"item\":\"https:\/\/rendezvous-dubai.com\/shop\/\"},{\"@type\":\"ListItem\",\"position\":3,\"name\":\"P\u00caCHE DUBAI\"}]},{\"@type\":\"WebSite\",\"@id\":\"https:\/\/rendezvous-dubai.com\/fr\/#website\",\"url\":\"https:\/\/rendezvous-dubai.com\/fr\/\",\"name\":\"RENDEZVOUS DUBAI\",\"description\":\"Your Event Organizer\",\"publisher\":{\"@id\":\"https:\/\/rendezvous-dubai.com\/fr\/#organization\"},\"potentialAction\":[{\"@type\":\"SearchAction\",\"target\":{\"@type\":\"EntryPoint\",\"urlTemplate\":\"https:\/\/rendezvous-dubai.com\/fr\/?s={search_term_string}\"},\"query-input\":{\"@type\":\"PropertyValueSpecification\",\"valueRequired\":true,\"valueName\":\"search_term_string\"}}],\"inLanguage\":\"fr-FR\"},{\"@type\":\"Organization\",\"@id\":\"https:\/\/rendezvous-dubai.com\/fr\/#organization\",\"name\":\"RENDEZVOUS DUBAI\",\"url\":\"https:\/\/rendezvous-dubai.com\/fr\/\",\"logo\":{\"@type\":\"ImageObject\",\"inLanguage\":\"fr-FR\",\"@id\":\"https:\/\/rendezvous-dubai.com\/fr\/#\/schema\/logo\/image\/\",\"url\":\"https:\/\/i0.wp.com\/rendezvous-dubai.com\/wp-content\/uploads\/2020\/05\/Logo-RDV-Dubai.png?fit=1426%2C1422&ssl=1\",\"contentUrl\":\"https:\/\/i0.wp.com\/rendezvous-dubai.com\/wp-content\/uploads\/2020\/05\/Logo-RDV-Dubai.png?fit=1426%2C1422&ssl=1\",\"width\":1426,\"height\":1422,\"caption\":\"RENDEZVOUS DUBAI\"},\"image\":{\"@id\":\"https:\/\/rendezvous-dubai.com\/fr\/#\/schema\/logo\/image\/\"},\"sameAs\":[\"https:\/\/www.facebook.com\/rendezvousdubai\",\"https:\/\/www.instagram.com\/rendezvousdubai\/\",\"https:\/\/www.youtube.com\/@rendezvousdubai\"]}]}<\/script>\n<!-- \/ Yoast SEO plugin. -->","yoast_head_json":{"title":"Book Now | P\u00caCHE DUBAI - RENDEZVOUS DUBAI","description":"Le vaste littoral de Duba\u00ef et la riche diversit\u00e9 de la vie marine en font une destination populaire pour les amateurs de p\u00eache du monde entier. La p\u00eache peut \u00eatre pratiqu\u00e9e toute l'ann\u00e9e, la meilleure saison \u00e9tant d'octobre \u00e0 mai.","robots":{"index":"index","follow":"follow","max-snippet":"max-snippet:-1","max-image-preview":"max-image-preview:large","max-video-preview":"max-video-preview:-1"},"canonical":"https:\/\/rendezvous-dubai.com\/fr\/produit\/peche-dubai\/","og_locale":"fr_FR","og_type":"article","og_title":"Book Now | P\u00caCHE DUBAI - RENDEZVOUS DUBAI","og_description":"Le vaste littoral de Duba\u00ef et la riche diversit\u00e9 de la vie marine en font une destination populaire pour les amateurs de p\u00eache du monde entier. La p\u00eache peut \u00eatre pratiqu\u00e9e toute l'ann\u00e9e, la meilleure saison \u00e9tant d'octobre \u00e0 mai.","og_url":"https:\/\/rendezvous-dubai.com\/fr\/produit\/peche-dubai\/","og_site_name":"RENDEZVOUS DUBAI","article_publisher":"https:\/\/www.facebook.com\/rendezvousdubai","article_modified_time":"2025-08-30T14:58:31+00:00","og_image":[{"width":1366,"height":911,"url":"https:\/\/rendezvous-dubai.com\/wp-content\/uploads\/2023\/03\/Queenfish-in-Dubai.jpg","type":"image\/jpeg"}],"twitter_card":"summary_large_image","twitter_misc":{"Est. reading time":"1 minute"},"schema":{"@context":"https:\/\/schema.org","@graph":[{"@type":"WebPage","@id":"https:\/\/rendezvous-dubai.com\/fr\/produit\/peche-dubai\/","url":"https:\/\/rendezvous-dubai.com\/fr\/produit\/peche-dubai\/","name":"Book Now | P\u00caCHE DUBAI - RENDEZVOUS DUBAI","isPartOf":{"@id":"https:\/\/rendezvous-dubai.com\/fr\/#website"},"primaryImageOfPage":{"@id":"https:\/\/rendezvous-dubai.com\/fr\/produit\/peche-dubai\/#primaryimage"},"image":{"@id":"https:\/\/rendezvous-dubai.com\/fr\/produit\/peche-dubai\/#primaryimage"},"thumbnailUrl":"https:\/\/rendezvous-dubai.com\/wp-content\/uploads\/2023\/03\/Queenfish-in-Dubai.jpg","datePublished":"2023-03-22T13:20:01+00:00","dateModified":"2025-08-30T14:58:31+00:00","description":"Le vaste littoral de Duba\u00ef et la riche diversit\u00e9 de la vie marine en font une destination populaire pour les amateurs de p\u00eache du monde entier. La p\u00eache peut \u00eatre pratiqu\u00e9e toute l'ann\u00e9e, la meilleure saison \u00e9tant d'octobre \u00e0 mai.","breadcrumb":{"@id":"https:\/\/rendezvous-dubai.com\/fr\/produit\/peche-dubai\/#breadcrumb"},"inLanguage":"fr-FR","potentialAction":[{"@type":"ReadAction","target":["https:\/\/rendezvous-dubai.com\/fr\/produit\/peche-dubai\/"]}]},{"@type":"ImageObject","inLanguage":"fr-FR","@id":"https:\/\/rendezvous-dubai.com\/fr\/produit\/peche-dubai\/#primaryimage","url":"https:\/\/rendezvous-dubai.com\/wp-content\/uploads\/2023\/03\/Queenfish-in-Dubai.jpg","contentUrl":"https:\/\/rendezvous-dubai.com\/wp-content\/uploads\/2023\/03\/Queenfish-in-Dubai.jpg","width":1366,"height":911,"caption":"Fishing Dubai"},{"@type":"BreadcrumbList","@id":"https:\/\/rendezvous-dubai.com\/fr\/produit\/peche-dubai\/#breadcrumb","itemListElement":[{"@type":"ListItem","position":1,"name":"Home","item":"https:\/\/rendezvous-dubai.com\/fr\/"},{"@type":"ListItem","position":2,"name":"Shop","item":"https:\/\/rendezvous-dubai.com\/shop\/"},{"@type":"ListItem","position":3,"name":"P\u00caCHE DUBAI"}]},{"@type":"WebSite","@id":"https:\/\/rendezvous-dubai.com\/fr\/#website","url":"https:\/\/rendezvous-dubai.com\/fr\/","name":"RENDEZVOUS DUBAI","description":"Your Event Organizer","publisher":{"@id":"https:\/\/rendezvous-dubai.com\/fr\/#organization"},"potentialAction":[{"@type":"SearchAction","target":{"@type":"EntryPoint","urlTemplate":"https:\/\/rendezvous-dubai.com\/fr\/?s={search_term_string}"},"query-input":{"@type":"PropertyValueSpecification","valueRequired":true,"valueName":"search_term_string"}}],"inLanguage":"fr-FR"},{"@type":"Organization","@id":"https:\/\/rendezvous-dubai.com\/fr\/#organization","name":"RENDEZVOUS DUBAI","url":"https:\/\/rendezvous-dubai.com\/fr\/","logo":{"@type":"ImageObject","inLanguage":"fr-FR","@id":"https:\/\/rendezvous-dubai.com\/fr\/#\/schema\/logo\/image\/","url":"https:\/\/i0.wp.com\/rendezvous-dubai.com\/wp-content\/uploads\/2020\/05\/Logo-RDV-Dubai.png?fit=1426%2C1422&ssl=1","contentUrl":"https:\/\/i0.wp.com\/rendezvous-dubai.com\/wp-content\/uploads\/2020\/05\/Logo-RDV-Dubai.png?fit=1426%2C1422&ssl=1","width":1426,"height":1422,"caption":"RENDEZVOUS DUBAI"},"image":{"@id":"https:\/\/rendezvous-dubai.com\/fr\/#\/schema\/logo\/image\/"},"sameAs":["https:\/\/www.facebook.com\/rendezvousdubai","https:\/\/www.instagram.com\/rendezvousdubai\/","https:\/\/www.youtube.com\/@rendezvousdubai"]}]}},"jetpack_sharing_enabled":true,"_links":{"self":[{"href":"https:\/\/rendezvous-dubai.com\/fr\/wp-json\/wp\/v2\/product\/45896","targetHints":{"allow":["GET"]}}],"collection":[{"href":"https:\/\/rendezvous-dubai.com\/fr\/wp-json\/wp\/v2\/product"}],"about":[{"href":"https:\/\/rendezvous-dubai.com\/fr\/wp-json\/wp\/v2\/types\/product"}],"replies":[{"embeddable":true,"href":"https:\/\/rendezvous-dubai.com\/fr\/wp-json\/wp\/v2\/comments?post=45896"}],"wp:featuredmedia":[{"embeddable":true,"href":"https:\/\/rendezvous-dubai.com\/fr\/wp-json\/wp\/v2\/media\/45904"}],"wp:attachment":[{"href":"https:\/\/rendezvous-dubai.com\/fr\/wp-json\/wp\/v2\/media?parent=45896"}],"wp:term":[{"taxonomy":"product_brand","embeddable":true,"href":"https:\/\/rendezvous-dubai.com\/fr\/wp-json\/wp\/v2\/product_brand?post=45896"},{"taxonomy":"product_cat","embeddable":true,"href":"https:\/\/rendezvous-dubai.com\/fr\/wp-json\/wp\/v2\/product_cat?post=45896"},{"taxonomy":"product_tag","embeddable":true,"href":"https:\/\/rendezvous-dubai.com\/fr\/wp-json\/wp\/v2\/product_tag?post=45896"}],"curies":[{"name":"wp","href":"https:\/\/api.w.org\/{rel}","templated":true}]}}