{"id":16214,"date":"2021-11-25T16:52:01","date_gmt":"2021-11-25T12:52:02","guid":{"rendered":"https:\/\/rendezvous-dubai.com\/?post_type=product&#038;p=16214"},"modified":"2021-11-25T18:40:10","modified_gmt":"2021-11-25T14:40:10","slug":"miel-sidr-yemen","status":"publish","type":"product","link":"https:\/\/rendezvous-dubai.com\/fr\/produit\/miel-sidr-yemen\/","title":{"rendered":"MIEL DE SIDR (250g)"},"content":{"rendered":"<p>Le miel de Sidr Al Maliki, appel\u00e9 miel de Jujubier Royal de , est l\u2019un des meilleurs miels au monde. Il est consid\u00e9r\u00e9 comme un miel d\u2019exception et comme LE meilleur miel au monde par certains.<\/p>\n","protected":false},"excerpt":{"rendered":"<p>Le miel de Sidr Al Maliki, appel\u00e9 miel de Jujubier Royal de , est l\u2019un des meilleurs miels au monde. Il est consid\u00e9r\u00e9 comme un miel d\u2019exception et comme LE meilleur miel au monde par certains. D\u2019un point de vue m\u00e9dical, ce miel est principalement utilis\u00e9 pour traiter les troubles digestifs et aider les femmes \u00e0 r\u00e9cup\u00e9rer apr\u00e8s un accouchement. On lui reconna\u00eet d\u2019autres bienfaits comme celui de :<\/p>\n<ul>\n<li>stimuler l\u2019organisme<\/li>\n<li>pr\u00e9venir l\u2019apparition de certaines maladies<\/li>\n<li>lutter contre les maladies infectieuses<\/li>\n<li>lutter contre l\u2019an\u00e9mie<\/li>\n<li>renforcer le syst\u00e8me immunitaire<\/li>\n<li>faire dispara\u00eetre les probl\u00e8mes respiratoires<\/li>\n<li>faciliter les menstruations<\/li>\n<li>retrouver une fertilit\u00e9<\/li>\n<li>r\u00e9cup\u00e9rer apr\u00e8s un accouchement<\/li>\n<li>acc\u00e9l\u00e9rer le processus de cicatrisation post-accouchement<\/li>\n<li>soigner les probl\u00e8mes \u00e9pid\u00e9miques (agit sur l\u2019acn\u00e9, psoriasis, staphylocoque dor\u00e9, vergetures)<\/li>\n<\/ul>\n","protected":false},"featured_media":16216,"comment_status":"open","ping_status":"closed","template":"","meta":{"_joinchat":{"message_send":"*Hello {SITE} !*\nI need more information about the {PRODUCT}..."}},"product_brand":[],"product_cat":[423],"product_tag":[427,425,426],"class_list":{"0":"post-16214","1":"product","2":"type-product","3":"status-publish","4":"has-post-thumbnail","6":"product_cat-dubai-souk","7":"product_tag-dubai-nigella-fr","8":"product_tag-nigella-fr","9":"product_tag-nigella-oil-fr","10":"activity_level-challenging","12":"first","13":"instock","14":"shipping-taxable","15":"purchasable","16":"product-type-variable","17":"has-default-attributes"},"yoast_head":"<!-- This site is optimized with the Yoast SEO plugin v25.8 - https:\/\/yoast.com\/wordpress\/plugins\/seo\/ -->\n<title>MIEL DE SIDR (250g) - RENDEZVOUS DUBAI<\/title>\n<meta name=\"description\" content=\"Le miel de Sidr Al Maliki, appel\u00e9 miel de Jujubier Royal de , est l\u2019un des meilleurs miels au monde. Il est consid\u00e9r\u00e9 comme un miel d\u2019exception et comme LE meilleur miel au monde par certains.\" \/>\n<meta name=\"robots\" content=\"index, follow, max-snippet:-1, max-image-preview:large, max-video-preview:-1\" \/>\n<link rel=\"canonical\" href=\"https:\/\/rendezvous-dubai.com\/fr\/produit\/miel-sidr-yemen\/\" \/>\n<meta property=\"og:locale\" content=\"fr_FR\" \/>\n<meta property=\"og:type\" content=\"article\" \/>\n<meta property=\"og:title\" content=\"MIEL DE SIDR (250g) - RENDEZVOUS DUBAI\" \/>\n<meta property=\"og:description\" content=\"Le miel de Sidr Al Maliki, appel\u00e9 miel de Jujubier Royal de , est l\u2019un des meilleurs miels au monde. Il est consid\u00e9r\u00e9 comme un miel d\u2019exception et comme LE meilleur miel au monde par certains.\" \/>\n<meta property=\"og:url\" content=\"https:\/\/rendezvous-dubai.com\/fr\/produit\/miel-sidr-yemen\/\" \/>\n<meta property=\"og:site_name\" content=\"RENDEZVOUS DUBAI\" \/>\n<meta property=\"article:publisher\" content=\"https:\/\/www.facebook.com\/rendezvousdubai\" \/>\n<meta property=\"article:modified_time\" content=\"2021-11-25T14:40:10+00:00\" \/>\n<meta property=\"og:image\" content=\"https:\/\/rendezvous-dubai.com\/wp-content\/uploads\/2021\/11\/Miel-sidr-yemen.png\" \/>\n\t<meta property=\"og:image:width\" content=\"589\" \/>\n\t<meta property=\"og:image:height\" content=\"602\" \/>\n\t<meta property=\"og:image:type\" content=\"image\/png\" \/>\n<meta name=\"twitter:card\" content=\"summary_large_image\" \/>\n<script type=\"application\/ld+json\" class=\"yoast-schema-graph\">{\"@context\":\"https:\/\/schema.org\",\"@graph\":[{\"@type\":\"WebPage\",\"@id\":\"https:\/\/rendezvous-dubai.com\/fr\/produit\/miel-sidr-yemen\/\",\"url\":\"https:\/\/rendezvous-dubai.com\/fr\/produit\/miel-sidr-yemen\/\",\"name\":\"MIEL DE SIDR (250g) - RENDEZVOUS DUBAI\",\"isPartOf\":{\"@id\":\"https:\/\/rendezvous-dubai.com\/fr\/#website\"},\"primaryImageOfPage\":{\"@id\":\"https:\/\/rendezvous-dubai.com\/fr\/produit\/miel-sidr-yemen\/#primaryimage\"},\"image\":{\"@id\":\"https:\/\/rendezvous-dubai.com\/fr\/produit\/miel-sidr-yemen\/#primaryimage\"},\"thumbnailUrl\":\"https:\/\/rendezvous-dubai.com\/wp-content\/uploads\/2021\/11\/Miel-sidr-yemen.png\",\"datePublished\":\"2021-11-25T12:52:02+00:00\",\"dateModified\":\"2021-11-25T14:40:10+00:00\",\"description\":\"Le miel de Sidr Al Maliki, appel\u00e9 miel de Jujubier Royal de , est l\u2019un des meilleurs miels au monde. Il est consid\u00e9r\u00e9 comme un miel d\u2019exception et comme LE meilleur miel au monde par certains.\",\"breadcrumb\":{\"@id\":\"https:\/\/rendezvous-dubai.com\/fr\/produit\/miel-sidr-yemen\/#breadcrumb\"},\"inLanguage\":\"fr-FR\",\"potentialAction\":[{\"@type\":\"ReadAction\",\"target\":[\"https:\/\/rendezvous-dubai.com\/fr\/produit\/miel-sidr-yemen\/\"]}]},{\"@type\":\"ImageObject\",\"inLanguage\":\"fr-FR\",\"@id\":\"https:\/\/rendezvous-dubai.com\/fr\/produit\/miel-sidr-yemen\/#primaryimage\",\"url\":\"https:\/\/rendezvous-dubai.com\/wp-content\/uploads\/2021\/11\/Miel-sidr-yemen.png\",\"contentUrl\":\"https:\/\/rendezvous-dubai.com\/wp-content\/uploads\/2021\/11\/Miel-sidr-yemen.png\",\"width\":589,\"height\":602,\"caption\":\"Honey Sidr Yemen\"},{\"@type\":\"BreadcrumbList\",\"@id\":\"https:\/\/rendezvous-dubai.com\/fr\/produit\/miel-sidr-yemen\/#breadcrumb\",\"itemListElement\":[{\"@type\":\"ListItem\",\"position\":1,\"name\":\"Home\",\"item\":\"https:\/\/rendezvous-dubai.com\/fr\/\"},{\"@type\":\"ListItem\",\"position\":2,\"name\":\"Shop\",\"item\":\"https:\/\/rendezvous-dubai.com\/shop\/\"},{\"@type\":\"ListItem\",\"position\":3,\"name\":\"MIEL DE SIDR (250g)\"}]},{\"@type\":\"WebSite\",\"@id\":\"https:\/\/rendezvous-dubai.com\/fr\/#website\",\"url\":\"https:\/\/rendezvous-dubai.com\/fr\/\",\"name\":\"RENDEZVOUS DUBAI\",\"description\":\"Your Event Organizer\",\"publisher\":{\"@id\":\"https:\/\/rendezvous-dubai.com\/fr\/#organization\"},\"potentialAction\":[{\"@type\":\"SearchAction\",\"target\":{\"@type\":\"EntryPoint\",\"urlTemplate\":\"https:\/\/rendezvous-dubai.com\/fr\/?s={search_term_string}\"},\"query-input\":{\"@type\":\"PropertyValueSpecification\",\"valueRequired\":true,\"valueName\":\"search_term_string\"}}],\"inLanguage\":\"fr-FR\"},{\"@type\":\"Organization\",\"@id\":\"https:\/\/rendezvous-dubai.com\/fr\/#organization\",\"name\":\"RENDEZVOUS DUBAI\",\"url\":\"https:\/\/rendezvous-dubai.com\/fr\/\",\"logo\":{\"@type\":\"ImageObject\",\"inLanguage\":\"fr-FR\",\"@id\":\"https:\/\/rendezvous-dubai.com\/fr\/#\/schema\/logo\/image\/\",\"url\":\"https:\/\/i0.wp.com\/rendezvous-dubai.com\/wp-content\/uploads\/2020\/05\/Logo-RDV-Dubai.png?fit=1426%2C1422&ssl=1\",\"contentUrl\":\"https:\/\/i0.wp.com\/rendezvous-dubai.com\/wp-content\/uploads\/2020\/05\/Logo-RDV-Dubai.png?fit=1426%2C1422&ssl=1\",\"width\":1426,\"height\":1422,\"caption\":\"RENDEZVOUS DUBAI\"},\"image\":{\"@id\":\"https:\/\/rendezvous-dubai.com\/fr\/#\/schema\/logo\/image\/\"},\"sameAs\":[\"https:\/\/www.facebook.com\/rendezvousdubai\",\"https:\/\/www.instagram.com\/rendezvousdubai\/\",\"https:\/\/www.youtube.com\/@rendezvousdubai\"]}]}<\/script>\n<!-- \/ Yoast SEO plugin. -->","yoast_head_json":{"title":"MIEL DE SIDR (250g) - RENDEZVOUS DUBAI","description":"Le miel de Sidr Al Maliki, appel\u00e9 miel de Jujubier Royal de , est l\u2019un des meilleurs miels au monde. Il est consid\u00e9r\u00e9 comme un miel d\u2019exception et comme LE meilleur miel au monde par certains.","robots":{"index":"index","follow":"follow","max-snippet":"max-snippet:-1","max-image-preview":"max-image-preview:large","max-video-preview":"max-video-preview:-1"},"canonical":"https:\/\/rendezvous-dubai.com\/fr\/produit\/miel-sidr-yemen\/","og_locale":"fr_FR","og_type":"article","og_title":"MIEL DE SIDR (250g) - RENDEZVOUS DUBAI","og_description":"Le miel de Sidr Al Maliki, appel\u00e9 miel de Jujubier Royal de , est l\u2019un des meilleurs miels au monde. Il est consid\u00e9r\u00e9 comme un miel d\u2019exception et comme LE meilleur miel au monde par certains.","og_url":"https:\/\/rendezvous-dubai.com\/fr\/produit\/miel-sidr-yemen\/","og_site_name":"RENDEZVOUS DUBAI","article_publisher":"https:\/\/www.facebook.com\/rendezvousdubai","article_modified_time":"2021-11-25T14:40:10+00:00","og_image":[{"width":589,"height":602,"url":"https:\/\/rendezvous-dubai.com\/wp-content\/uploads\/2021\/11\/Miel-sidr-yemen.png","type":"image\/png"}],"twitter_card":"summary_large_image","schema":{"@context":"https:\/\/schema.org","@graph":[{"@type":"WebPage","@id":"https:\/\/rendezvous-dubai.com\/fr\/produit\/miel-sidr-yemen\/","url":"https:\/\/rendezvous-dubai.com\/fr\/produit\/miel-sidr-yemen\/","name":"MIEL DE SIDR (250g) - RENDEZVOUS DUBAI","isPartOf":{"@id":"https:\/\/rendezvous-dubai.com\/fr\/#website"},"primaryImageOfPage":{"@id":"https:\/\/rendezvous-dubai.com\/fr\/produit\/miel-sidr-yemen\/#primaryimage"},"image":{"@id":"https:\/\/rendezvous-dubai.com\/fr\/produit\/miel-sidr-yemen\/#primaryimage"},"thumbnailUrl":"https:\/\/rendezvous-dubai.com\/wp-content\/uploads\/2021\/11\/Miel-sidr-yemen.png","datePublished":"2021-11-25T12:52:02+00:00","dateModified":"2021-11-25T14:40:10+00:00","description":"Le miel de Sidr Al Maliki, appel\u00e9 miel de Jujubier Royal de , est l\u2019un des meilleurs miels au monde. Il est consid\u00e9r\u00e9 comme un miel d\u2019exception et comme LE meilleur miel au monde par certains.","breadcrumb":{"@id":"https:\/\/rendezvous-dubai.com\/fr\/produit\/miel-sidr-yemen\/#breadcrumb"},"inLanguage":"fr-FR","potentialAction":[{"@type":"ReadAction","target":["https:\/\/rendezvous-dubai.com\/fr\/produit\/miel-sidr-yemen\/"]}]},{"@type":"ImageObject","inLanguage":"fr-FR","@id":"https:\/\/rendezvous-dubai.com\/fr\/produit\/miel-sidr-yemen\/#primaryimage","url":"https:\/\/rendezvous-dubai.com\/wp-content\/uploads\/2021\/11\/Miel-sidr-yemen.png","contentUrl":"https:\/\/rendezvous-dubai.com\/wp-content\/uploads\/2021\/11\/Miel-sidr-yemen.png","width":589,"height":602,"caption":"Honey Sidr Yemen"},{"@type":"BreadcrumbList","@id":"https:\/\/rendezvous-dubai.com\/fr\/produit\/miel-sidr-yemen\/#breadcrumb","itemListElement":[{"@type":"ListItem","position":1,"name":"Home","item":"https:\/\/rendezvous-dubai.com\/fr\/"},{"@type":"ListItem","position":2,"name":"Shop","item":"https:\/\/rendezvous-dubai.com\/shop\/"},{"@type":"ListItem","position":3,"name":"MIEL DE SIDR (250g)"}]},{"@type":"WebSite","@id":"https:\/\/rendezvous-dubai.com\/fr\/#website","url":"https:\/\/rendezvous-dubai.com\/fr\/","name":"RENDEZVOUS DUBAI","description":"Your Event Organizer","publisher":{"@id":"https:\/\/rendezvous-dubai.com\/fr\/#organization"},"potentialAction":[{"@type":"SearchAction","target":{"@type":"EntryPoint","urlTemplate":"https:\/\/rendezvous-dubai.com\/fr\/?s={search_term_string}"},"query-input":{"@type":"PropertyValueSpecification","valueRequired":true,"valueName":"search_term_string"}}],"inLanguage":"fr-FR"},{"@type":"Organization","@id":"https:\/\/rendezvous-dubai.com\/fr\/#organization","name":"RENDEZVOUS DUBAI","url":"https:\/\/rendezvous-dubai.com\/fr\/","logo":{"@type":"ImageObject","inLanguage":"fr-FR","@id":"https:\/\/rendezvous-dubai.com\/fr\/#\/schema\/logo\/image\/","url":"https:\/\/i0.wp.com\/rendezvous-dubai.com\/wp-content\/uploads\/2020\/05\/Logo-RDV-Dubai.png?fit=1426%2C1422&ssl=1","contentUrl":"https:\/\/i0.wp.com\/rendezvous-dubai.com\/wp-content\/uploads\/2020\/05\/Logo-RDV-Dubai.png?fit=1426%2C1422&ssl=1","width":1426,"height":1422,"caption":"RENDEZVOUS DUBAI"},"image":{"@id":"https:\/\/rendezvous-dubai.com\/fr\/#\/schema\/logo\/image\/"},"sameAs":["https:\/\/www.facebook.com\/rendezvousdubai","https:\/\/www.instagram.com\/rendezvousdubai\/","https:\/\/www.youtube.com\/@rendezvousdubai"]}]}},"jetpack_sharing_enabled":true,"_links":{"self":[{"href":"https:\/\/rendezvous-dubai.com\/fr\/wp-json\/wp\/v2\/product\/16214","targetHints":{"allow":["GET"]}}],"collection":[{"href":"https:\/\/rendezvous-dubai.com\/fr\/wp-json\/wp\/v2\/product"}],"about":[{"href":"https:\/\/rendezvous-dubai.com\/fr\/wp-json\/wp\/v2\/types\/product"}],"replies":[{"embeddable":true,"href":"https:\/\/rendezvous-dubai.com\/fr\/wp-json\/wp\/v2\/comments?post=16214"}],"wp:featuredmedia":[{"embeddable":true,"href":"https:\/\/rendezvous-dubai.com\/fr\/wp-json\/wp\/v2\/media\/16216"}],"wp:attachment":[{"href":"https:\/\/rendezvous-dubai.com\/fr\/wp-json\/wp\/v2\/media?parent=16214"}],"wp:term":[{"taxonomy":"product_brand","embeddable":true,"href":"https:\/\/rendezvous-dubai.com\/fr\/wp-json\/wp\/v2\/product_brand?post=16214"},{"taxonomy":"product_cat","embeddable":true,"href":"https:\/\/rendezvous-dubai.com\/fr\/wp-json\/wp\/v2\/product_cat?post=16214"},{"taxonomy":"product_tag","embeddable":true,"href":"https:\/\/rendezvous-dubai.com\/fr\/wp-json\/wp\/v2\/product_tag?post=16214"}],"curies":[{"name":"wp","href":"https:\/\/api.w.org\/{rel}","templated":true}]}}