{"id":16193,"date":"2021-11-25T12:07:25","date_gmt":"2021-11-25T10:45:22","guid":{"rendered":"https:\/\/rendezvous-dubai.com\/product\/nigella-oil\/"},"modified":"2021-11-25T18:41:50","modified_gmt":"2021-11-25T14:41:50","slug":"huile-nigelle","status":"publish","type":"product","link":"https:\/\/rendezvous-dubai.com\/fr\/produit\/huile-nigelle\/","title":{"rendered":"HUILE DE NIGELLE (50ml)"},"content":{"rendered":"<p>L\u2019huile de nigelle d\u2019\u00c9thiopie 100% pure et naturelle (50ml), Premi\u00e8re Pression \u00e0 Froid, aussi connue sous son nom botanique \u201cNigella Sativa\u201d ou la Graine de Cumin Noir ou encore \u201cHabba Sawda\u201d en arabe ou \u201cHabbat Al-Baraka\u201d.<\/p>\n","protected":false},"excerpt":{"rendered":"<p>L\u2019huile de nigelle d\u2019\u00c9thiopie 100% pure et naturelle (50ml), Premi\u00e8re Pression \u00e0 Froid, aussi connue sous son nom botanique \u201cNigella Sativa\u201d ou la Graine de Cumin Noir ou encore \u201cHabba Sawda\u201d en arabe ou \u201cHabbat Al-Baraka\u201d. L\u2019Huile de Nigelle d\u2019Ethiopie en arabe \u201cHabachiya\u201d ou \u201cHabachia\u201d qui signifie \u201c\u00c9thiopienne\u201d. Tr\u00e8s puissante, elle est c\u00e9l\u00e8bre pour ses propri\u00e9t\u00e9s antioxydantes, immuno-stimulantes et beaucoup d\u2019autres vertus cosm\u00e9tiques.<\/p>\n<p>L\u2019huile de Nigelle, press\u00e9e \u00e0 froid, est l\u2019une des meilleures sur le march\u00e9. Cette technique d\u2019extraction est un gage de qualit\u00e9 et pr\u00e9servation des bienfaits de la graine.<\/p>\n<p>L\u2019huile de Nigelle pourra \u00eatre consomm\u00e9e pure, m\u00e9lang\u00e9e \u00e0 du miel ou incorpor\u00e9e dans vos plats. Cette huile est connue pour \u00eatre une huile tr\u00e8s puissante de par sa composition, une infime quantit\u00e9 sera donc d\u00e9j\u00e0 efficace.<\/p>\n<p>Elle peut enfin \u00eatre utilis\u00e9e pour le visage : elle est reconnue pour traiter les probl\u00e8mes \u00e9pid\u00e9miques (acn\u00e9, cicatrice, t\u00e2ches brunes\u2026)<\/p>\n","protected":false},"featured_media":16160,"comment_status":"open","ping_status":"closed","template":"","meta":{"_joinchat":{"message_send":"*Hello {SITE} !*\nI need more information about the {PRODUCT}..."}},"product_brand":[],"product_cat":[423],"product_tag":[427,425,426],"class_list":{"0":"post-16193","1":"product","2":"type-product","3":"status-publish","4":"has-post-thumbnail","6":"product_cat-dubai-souk","7":"product_tag-dubai-nigella-fr","8":"product_tag-nigella-fr","9":"product_tag-nigella-oil-fr","10":"activity_level-challenging","12":"first","13":"instock","14":"shipping-taxable","15":"purchasable","16":"product-type-variable"},"yoast_head":"<!-- This site is optimized with the Yoast SEO plugin v25.8 - https:\/\/yoast.com\/wordpress\/plugins\/seo\/ -->\n<title>HUILE DE NIGELLE (50ml) - RENDEZVOUS DUBAI<\/title>\n<meta name=\"description\" content=\"L\u2019huile de nigelle d\u2019\u00c9thiopie 100% pure et naturelle (50ml), Premi\u00e8re Pression \u00e0 Froid, aussi connue sous son nom botanique \u201cNigella Sativa\u201d ou la Graine de Cumin Noir ou encore \u201cHabba Sawda\u201d en arabe ou \u201cHabbat Al-Baraka\u201d.\" \/>\n<meta name=\"robots\" content=\"index, follow, max-snippet:-1, max-image-preview:large, max-video-preview:-1\" \/>\n<link rel=\"canonical\" href=\"https:\/\/rendezvous-dubai.com\/fr\/produit\/huile-nigelle\/\" \/>\n<meta property=\"og:locale\" content=\"fr_FR\" \/>\n<meta property=\"og:type\" content=\"article\" \/>\n<meta property=\"og:title\" content=\"HUILE DE NIGELLE (50ml) - RENDEZVOUS DUBAI\" \/>\n<meta property=\"og:description\" content=\"L\u2019huile de nigelle d\u2019\u00c9thiopie 100% pure et naturelle (50ml), Premi\u00e8re Pression \u00e0 Froid, aussi connue sous son nom botanique \u201cNigella Sativa\u201d ou la Graine de Cumin Noir ou encore \u201cHabba Sawda\u201d en arabe ou \u201cHabbat Al-Baraka\u201d.\" \/>\n<meta property=\"og:url\" content=\"https:\/\/rendezvous-dubai.com\/fr\/produit\/huile-nigelle\/\" \/>\n<meta property=\"og:site_name\" content=\"RENDEZVOUS DUBAI\" \/>\n<meta property=\"article:publisher\" content=\"https:\/\/www.facebook.com\/rendezvousdubai\" \/>\n<meta property=\"article:modified_time\" content=\"2021-11-25T14:41:50+00:00\" \/>\n<meta property=\"og:image\" content=\"https:\/\/rendezvous-dubai.com\/wp-content\/uploads\/2021\/11\/Nigella-Oil-1.jpg\" \/>\n\t<meta property=\"og:image:width\" content=\"487\" \/>\n\t<meta property=\"og:image:height\" content=\"433\" \/>\n\t<meta property=\"og:image:type\" content=\"image\/jpeg\" \/>\n<meta name=\"twitter:card\" content=\"summary_large_image\" \/>\n<script type=\"application\/ld+json\" class=\"yoast-schema-graph\">{\"@context\":\"https:\/\/schema.org\",\"@graph\":[{\"@type\":\"WebPage\",\"@id\":\"https:\/\/rendezvous-dubai.com\/fr\/produit\/huile-nigelle\/\",\"url\":\"https:\/\/rendezvous-dubai.com\/fr\/produit\/huile-nigelle\/\",\"name\":\"HUILE DE NIGELLE (50ml) - RENDEZVOUS DUBAI\",\"isPartOf\":{\"@id\":\"https:\/\/rendezvous-dubai.com\/fr\/#website\"},\"primaryImageOfPage\":{\"@id\":\"https:\/\/rendezvous-dubai.com\/fr\/produit\/huile-nigelle\/#primaryimage\"},\"image\":{\"@id\":\"https:\/\/rendezvous-dubai.com\/fr\/produit\/huile-nigelle\/#primaryimage\"},\"thumbnailUrl\":\"https:\/\/rendezvous-dubai.com\/wp-content\/uploads\/2021\/11\/Nigella-Oil-1.jpg\",\"datePublished\":\"2021-11-25T10:45:22+00:00\",\"dateModified\":\"2021-11-25T14:41:50+00:00\",\"description\":\"L\u2019huile de nigelle d\u2019\u00c9thiopie 100% pure et naturelle (50ml), Premi\u00e8re Pression \u00e0 Froid, aussi connue sous son nom botanique \u201cNigella Sativa\u201d ou la Graine de Cumin Noir ou encore \u201cHabba Sawda\u201d en arabe ou \u201cHabbat Al-Baraka\u201d.\",\"breadcrumb\":{\"@id\":\"https:\/\/rendezvous-dubai.com\/fr\/produit\/huile-nigelle\/#breadcrumb\"},\"inLanguage\":\"fr-FR\",\"potentialAction\":[{\"@type\":\"ReadAction\",\"target\":[\"https:\/\/rendezvous-dubai.com\/fr\/produit\/huile-nigelle\/\"]}]},{\"@type\":\"ImageObject\",\"inLanguage\":\"fr-FR\",\"@id\":\"https:\/\/rendezvous-dubai.com\/fr\/produit\/huile-nigelle\/#primaryimage\",\"url\":\"https:\/\/rendezvous-dubai.com\/wp-content\/uploads\/2021\/11\/Nigella-Oil-1.jpg\",\"contentUrl\":\"https:\/\/rendezvous-dubai.com\/wp-content\/uploads\/2021\/11\/Nigella-Oil-1.jpg\",\"width\":487,\"height\":433,\"caption\":\"Nigella Oil\"},{\"@type\":\"BreadcrumbList\",\"@id\":\"https:\/\/rendezvous-dubai.com\/fr\/produit\/huile-nigelle\/#breadcrumb\",\"itemListElement\":[{\"@type\":\"ListItem\",\"position\":1,\"name\":\"Home\",\"item\":\"https:\/\/rendezvous-dubai.com\/fr\/\"},{\"@type\":\"ListItem\",\"position\":2,\"name\":\"Shop\",\"item\":\"https:\/\/rendezvous-dubai.com\/shop\/\"},{\"@type\":\"ListItem\",\"position\":3,\"name\":\"HUILE DE NIGELLE (50ml)\"}]},{\"@type\":\"WebSite\",\"@id\":\"https:\/\/rendezvous-dubai.com\/fr\/#website\",\"url\":\"https:\/\/rendezvous-dubai.com\/fr\/\",\"name\":\"RENDEZVOUS DUBAI\",\"description\":\"Your Event Organizer\",\"publisher\":{\"@id\":\"https:\/\/rendezvous-dubai.com\/fr\/#organization\"},\"potentialAction\":[{\"@type\":\"SearchAction\",\"target\":{\"@type\":\"EntryPoint\",\"urlTemplate\":\"https:\/\/rendezvous-dubai.com\/fr\/?s={search_term_string}\"},\"query-input\":{\"@type\":\"PropertyValueSpecification\",\"valueRequired\":true,\"valueName\":\"search_term_string\"}}],\"inLanguage\":\"fr-FR\"},{\"@type\":\"Organization\",\"@id\":\"https:\/\/rendezvous-dubai.com\/fr\/#organization\",\"name\":\"RENDEZVOUS DUBAI\",\"url\":\"https:\/\/rendezvous-dubai.com\/fr\/\",\"logo\":{\"@type\":\"ImageObject\",\"inLanguage\":\"fr-FR\",\"@id\":\"https:\/\/rendezvous-dubai.com\/fr\/#\/schema\/logo\/image\/\",\"url\":\"https:\/\/i0.wp.com\/rendezvous-dubai.com\/wp-content\/uploads\/2020\/05\/Logo-RDV-Dubai.png?fit=1426%2C1422&ssl=1\",\"contentUrl\":\"https:\/\/i0.wp.com\/rendezvous-dubai.com\/wp-content\/uploads\/2020\/05\/Logo-RDV-Dubai.png?fit=1426%2C1422&ssl=1\",\"width\":1426,\"height\":1422,\"caption\":\"RENDEZVOUS DUBAI\"},\"image\":{\"@id\":\"https:\/\/rendezvous-dubai.com\/fr\/#\/schema\/logo\/image\/\"},\"sameAs\":[\"https:\/\/www.facebook.com\/rendezvousdubai\",\"https:\/\/www.instagram.com\/rendezvousdubai\/\",\"https:\/\/www.youtube.com\/@rendezvousdubai\"]}]}<\/script>\n<!-- \/ Yoast SEO plugin. -->","yoast_head_json":{"title":"HUILE DE NIGELLE (50ml) - RENDEZVOUS DUBAI","description":"L\u2019huile de nigelle d\u2019\u00c9thiopie 100% pure et naturelle (50ml), Premi\u00e8re Pression \u00e0 Froid, aussi connue sous son nom botanique \u201cNigella Sativa\u201d ou la Graine de Cumin Noir ou encore \u201cHabba Sawda\u201d en arabe ou \u201cHabbat Al-Baraka\u201d.","robots":{"index":"index","follow":"follow","max-snippet":"max-snippet:-1","max-image-preview":"max-image-preview:large","max-video-preview":"max-video-preview:-1"},"canonical":"https:\/\/rendezvous-dubai.com\/fr\/produit\/huile-nigelle\/","og_locale":"fr_FR","og_type":"article","og_title":"HUILE DE NIGELLE (50ml) - RENDEZVOUS DUBAI","og_description":"L\u2019huile de nigelle d\u2019\u00c9thiopie 100% pure et naturelle (50ml), Premi\u00e8re Pression \u00e0 Froid, aussi connue sous son nom botanique \u201cNigella Sativa\u201d ou la Graine de Cumin Noir ou encore \u201cHabba Sawda\u201d en arabe ou \u201cHabbat Al-Baraka\u201d.","og_url":"https:\/\/rendezvous-dubai.com\/fr\/produit\/huile-nigelle\/","og_site_name":"RENDEZVOUS DUBAI","article_publisher":"https:\/\/www.facebook.com\/rendezvousdubai","article_modified_time":"2021-11-25T14:41:50+00:00","og_image":[{"width":487,"height":433,"url":"https:\/\/rendezvous-dubai.com\/wp-content\/uploads\/2021\/11\/Nigella-Oil-1.jpg","type":"image\/jpeg"}],"twitter_card":"summary_large_image","schema":{"@context":"https:\/\/schema.org","@graph":[{"@type":"WebPage","@id":"https:\/\/rendezvous-dubai.com\/fr\/produit\/huile-nigelle\/","url":"https:\/\/rendezvous-dubai.com\/fr\/produit\/huile-nigelle\/","name":"HUILE DE NIGELLE (50ml) - RENDEZVOUS DUBAI","isPartOf":{"@id":"https:\/\/rendezvous-dubai.com\/fr\/#website"},"primaryImageOfPage":{"@id":"https:\/\/rendezvous-dubai.com\/fr\/produit\/huile-nigelle\/#primaryimage"},"image":{"@id":"https:\/\/rendezvous-dubai.com\/fr\/produit\/huile-nigelle\/#primaryimage"},"thumbnailUrl":"https:\/\/rendezvous-dubai.com\/wp-content\/uploads\/2021\/11\/Nigella-Oil-1.jpg","datePublished":"2021-11-25T10:45:22+00:00","dateModified":"2021-11-25T14:41:50+00:00","description":"L\u2019huile de nigelle d\u2019\u00c9thiopie 100% pure et naturelle (50ml), Premi\u00e8re Pression \u00e0 Froid, aussi connue sous son nom botanique \u201cNigella Sativa\u201d ou la Graine de Cumin Noir ou encore \u201cHabba Sawda\u201d en arabe ou \u201cHabbat Al-Baraka\u201d.","breadcrumb":{"@id":"https:\/\/rendezvous-dubai.com\/fr\/produit\/huile-nigelle\/#breadcrumb"},"inLanguage":"fr-FR","potentialAction":[{"@type":"ReadAction","target":["https:\/\/rendezvous-dubai.com\/fr\/produit\/huile-nigelle\/"]}]},{"@type":"ImageObject","inLanguage":"fr-FR","@id":"https:\/\/rendezvous-dubai.com\/fr\/produit\/huile-nigelle\/#primaryimage","url":"https:\/\/rendezvous-dubai.com\/wp-content\/uploads\/2021\/11\/Nigella-Oil-1.jpg","contentUrl":"https:\/\/rendezvous-dubai.com\/wp-content\/uploads\/2021\/11\/Nigella-Oil-1.jpg","width":487,"height":433,"caption":"Nigella Oil"},{"@type":"BreadcrumbList","@id":"https:\/\/rendezvous-dubai.com\/fr\/produit\/huile-nigelle\/#breadcrumb","itemListElement":[{"@type":"ListItem","position":1,"name":"Home","item":"https:\/\/rendezvous-dubai.com\/fr\/"},{"@type":"ListItem","position":2,"name":"Shop","item":"https:\/\/rendezvous-dubai.com\/shop\/"},{"@type":"ListItem","position":3,"name":"HUILE DE NIGELLE (50ml)"}]},{"@type":"WebSite","@id":"https:\/\/rendezvous-dubai.com\/fr\/#website","url":"https:\/\/rendezvous-dubai.com\/fr\/","name":"RENDEZVOUS DUBAI","description":"Your Event Organizer","publisher":{"@id":"https:\/\/rendezvous-dubai.com\/fr\/#organization"},"potentialAction":[{"@type":"SearchAction","target":{"@type":"EntryPoint","urlTemplate":"https:\/\/rendezvous-dubai.com\/fr\/?s={search_term_string}"},"query-input":{"@type":"PropertyValueSpecification","valueRequired":true,"valueName":"search_term_string"}}],"inLanguage":"fr-FR"},{"@type":"Organization","@id":"https:\/\/rendezvous-dubai.com\/fr\/#organization","name":"RENDEZVOUS DUBAI","url":"https:\/\/rendezvous-dubai.com\/fr\/","logo":{"@type":"ImageObject","inLanguage":"fr-FR","@id":"https:\/\/rendezvous-dubai.com\/fr\/#\/schema\/logo\/image\/","url":"https:\/\/i0.wp.com\/rendezvous-dubai.com\/wp-content\/uploads\/2020\/05\/Logo-RDV-Dubai.png?fit=1426%2C1422&ssl=1","contentUrl":"https:\/\/i0.wp.com\/rendezvous-dubai.com\/wp-content\/uploads\/2020\/05\/Logo-RDV-Dubai.png?fit=1426%2C1422&ssl=1","width":1426,"height":1422,"caption":"RENDEZVOUS DUBAI"},"image":{"@id":"https:\/\/rendezvous-dubai.com\/fr\/#\/schema\/logo\/image\/"},"sameAs":["https:\/\/www.facebook.com\/rendezvousdubai","https:\/\/www.instagram.com\/rendezvousdubai\/","https:\/\/www.youtube.com\/@rendezvousdubai"]}]}},"jetpack_sharing_enabled":true,"_links":{"self":[{"href":"https:\/\/rendezvous-dubai.com\/fr\/wp-json\/wp\/v2\/product\/16193","targetHints":{"allow":["GET"]}}],"collection":[{"href":"https:\/\/rendezvous-dubai.com\/fr\/wp-json\/wp\/v2\/product"}],"about":[{"href":"https:\/\/rendezvous-dubai.com\/fr\/wp-json\/wp\/v2\/types\/product"}],"replies":[{"embeddable":true,"href":"https:\/\/rendezvous-dubai.com\/fr\/wp-json\/wp\/v2\/comments?post=16193"}],"wp:featuredmedia":[{"embeddable":true,"href":"https:\/\/rendezvous-dubai.com\/fr\/wp-json\/wp\/v2\/media\/16160"}],"wp:attachment":[{"href":"https:\/\/rendezvous-dubai.com\/fr\/wp-json\/wp\/v2\/media?parent=16193"}],"wp:term":[{"taxonomy":"product_brand","embeddable":true,"href":"https:\/\/rendezvous-dubai.com\/fr\/wp-json\/wp\/v2\/product_brand?post=16193"},{"taxonomy":"product_cat","embeddable":true,"href":"https:\/\/rendezvous-dubai.com\/fr\/wp-json\/wp\/v2\/product_cat?post=16193"},{"taxonomy":"product_tag","embeddable":true,"href":"https:\/\/rendezvous-dubai.com\/fr\/wp-json\/wp\/v2\/product_tag?post=16193"}],"curies":[{"name":"wp","href":"https:\/\/api.w.org\/{rel}","templated":true}]}}