{"id":13348,"date":"2021-10-12T19:25:06","date_gmt":"2021-10-12T15:25:08","guid":{"rendered":"https:\/\/rendezvous-dubai.com\/?post_type=product&#038;p=13348"},"modified":"2024-08-17T16:21:45","modified_gmt":"2024-08-17T12:21:45","slug":"atlantis-dauphins","status":"publish","type":"product","link":"https:\/\/rendezvous-dubai.com\/fr\/produit\/atlantis-dauphins\/","title":{"rendered":"DAUPHINS ATLANTIS"},"content":{"rendered":"<p>Dolphin Bay \u00e0 l&#8217;Atlantis Palm, vous ne vous contenterais pas de voir ces merveilleux dauphins, mais aussi de les toucher et d&#8217;interagir avec eux. Vos enfants appr\u00e9cieront vraiment la rencontre avec les dauphins o\u00f9 ils pourront toucher et c\u00e2liner des dauphins dans des eaux peu profondes.<\/p>\n","protected":false},"excerpt":{"rendered":"<p>Dolphin Bay \u00e0 l&#8217;Atlantis Palm, vous ne vous contenterais pas de voir ces merveilleux dauphins, mais aussi de les toucher et d&#8217;interagir avec eux. Vos enfants appr\u00e9cieront vraiment la rencontre avec les dauphins o\u00f9 ils pourront toucher et c\u00e2liner des dauphins dans des eaux peu profondes.<\/p>\n","protected":false},"featured_media":13361,"comment_status":"open","ping_status":"closed","template":"","meta":{"_joinchat":{"message_send":"*Hello {SITE} !*\nI need more information about the {PRODUCT}..."}},"product_brand":[],"product_cat":[318],"product_tag":[213,215,289,313],"class_list":{"0":"post-13348","1":"product","2":"type-product","3":"status-publish","4":"has-post-thumbnail","6":"product_cat-aqua","7":"product_tag-aquaventure-fr","8":"product_tag-atlantis-waterpark-fr","9":"product_tag-dubai-atlantis-fr","10":"product_tag-palm-jumeirah-fr","11":"holiday_type-children","12":"holiday_type-discovery","13":"holiday_type-family","14":"holiday_type-guided-tours","15":"holiday_type-short-breaks","16":"destination-uae","17":"activity_level-challenging","19":"first","20":"instock","21":"featured","22":"virtual","23":"sold-individually","24":"purchasable","25":"product-type-booking"},"yoast_head":"<!-- This site is optimized with the Yoast SEO plugin v27.5 - https:\/\/yoast.com\/product\/yoast-seo-wordpress\/ -->\n<title>Book Now | DAUPHINS ATLANTIS - RENDEZVOUS DUBAI<\/title>\n<meta name=\"description\" content=\"Dolphin Bay \u00e0 l&#039;h\u00f4tel Atlantis. Dans ce bassin de dauphins, vous ne pouvez pas seulement voir ces merveilleux mammif\u00e8res, mais aussi les toucher et interagir avec eux.\" \/>\n<meta name=\"robots\" content=\"index, follow, max-snippet:-1, max-image-preview:large, max-video-preview:-1\" \/>\n<link rel=\"canonical\" href=\"https:\/\/rendezvous-dubai.com\/fr\/produit\/atlantis-dauphins\/\" \/>\n<meta property=\"og:locale\" content=\"fr_FR\" \/>\n<meta property=\"og:type\" content=\"article\" \/>\n<meta property=\"og:title\" content=\"Book Now | DAUPHINS ATLANTIS - RENDEZVOUS DUBAI\" \/>\n<meta property=\"og:description\" content=\"Dolphin Bay \u00e0 l&#039;h\u00f4tel Atlantis. Dans ce bassin de dauphins, vous ne pouvez pas seulement voir ces merveilleux mammif\u00e8res, mais aussi les toucher et interagir avec eux.\" \/>\n<meta property=\"og:url\" content=\"https:\/\/rendezvous-dubai.com\/fr\/produit\/atlantis-dauphins\/\" \/>\n<meta property=\"og:site_name\" content=\"RENDEZVOUS DUBAI\" \/>\n<meta property=\"article:publisher\" content=\"https:\/\/www.facebook.com\/rendezvousdubai\" \/>\n<meta property=\"article:modified_time\" content=\"2024-08-17T12:21:45+00:00\" \/>\n<meta property=\"og:image\" content=\"https:\/\/rendezvous-dubai.com\/wp-content\/uploads\/2021\/10\/dolphin-bay-atlantis.jpg\" \/>\n\t<meta property=\"og:image:width\" content=\"1600\" \/>\n\t<meta property=\"og:image:height\" content=\"888\" \/>\n\t<meta property=\"og:image:type\" content=\"image\/jpeg\" \/>\n<meta name=\"twitter:card\" content=\"summary_large_image\" \/>\n<meta name=\"twitter:label1\" content=\"Est. reading time\" \/>\n\t<meta name=\"twitter:data1\" content=\"1 minute\" \/>\n<script type=\"application\/ld+json\" class=\"yoast-schema-graph\">{\"@context\":\"https:\\\/\\\/schema.org\",\"@graph\":[{\"@type\":\"WebPage\",\"@id\":\"https:\\\/\\\/rendezvous-dubai.com\\\/fr\\\/produit\\\/atlantis-dauphins\\\/\",\"url\":\"https:\\\/\\\/rendezvous-dubai.com\\\/fr\\\/produit\\\/atlantis-dauphins\\\/\",\"name\":\"Book Now | DAUPHINS ATLANTIS - RENDEZVOUS DUBAI\",\"isPartOf\":{\"@id\":\"https:\\\/\\\/rendezvous-dubai.com\\\/fr\\\/#website\"},\"primaryImageOfPage\":{\"@id\":\"https:\\\/\\\/rendezvous-dubai.com\\\/fr\\\/produit\\\/atlantis-dauphins\\\/#primaryimage\"},\"image\":{\"@id\":\"https:\\\/\\\/rendezvous-dubai.com\\\/fr\\\/produit\\\/atlantis-dauphins\\\/#primaryimage\"},\"thumbnailUrl\":\"https:\\\/\\\/rendezvous-dubai.com\\\/wp-content\\\/uploads\\\/2021\\\/10\\\/dolphin-bay-atlantis.jpg\",\"datePublished\":\"2021-10-12T15:25:08+00:00\",\"dateModified\":\"2024-08-17T12:21:45+00:00\",\"description\":\"Dolphin Bay \u00e0 l'h\u00f4tel Atlantis. Dans ce bassin de dauphins, vous ne pouvez pas seulement voir ces merveilleux mammif\u00e8res, mais aussi les toucher et interagir avec eux.\",\"breadcrumb\":{\"@id\":\"https:\\\/\\\/rendezvous-dubai.com\\\/fr\\\/produit\\\/atlantis-dauphins\\\/#breadcrumb\"},\"inLanguage\":\"fr-FR\",\"potentialAction\":[{\"@type\":\"ReadAction\",\"target\":[\"https:\\\/\\\/rendezvous-dubai.com\\\/fr\\\/produit\\\/atlantis-dauphins\\\/\"]}]},{\"@type\":\"ImageObject\",\"inLanguage\":\"fr-FR\",\"@id\":\"https:\\\/\\\/rendezvous-dubai.com\\\/fr\\\/produit\\\/atlantis-dauphins\\\/#primaryimage\",\"url\":\"https:\\\/\\\/rendezvous-dubai.com\\\/wp-content\\\/uploads\\\/2021\\\/10\\\/dolphin-bay-atlantis.jpg\",\"contentUrl\":\"https:\\\/\\\/rendezvous-dubai.com\\\/wp-content\\\/uploads\\\/2021\\\/10\\\/dolphin-bay-atlantis.jpg\",\"width\":1600,\"height\":888,\"caption\":\"Dauphins Atlantis Dubai\"},{\"@type\":\"BreadcrumbList\",\"@id\":\"https:\\\/\\\/rendezvous-dubai.com\\\/fr\\\/produit\\\/atlantis-dauphins\\\/#breadcrumb\",\"itemListElement\":[{\"@type\":\"ListItem\",\"position\":1,\"name\":\"Home\",\"item\":\"https:\\\/\\\/rendezvous-dubai.com\\\/fr\\\/\"},{\"@type\":\"ListItem\",\"position\":2,\"name\":\"Shop\",\"item\":\"https:\\\/\\\/rendezvous-dubai.com\\\/shop\\\/\"},{\"@type\":\"ListItem\",\"position\":3,\"name\":\"DAUPHINS ATLANTIS\"}]},{\"@type\":\"WebSite\",\"@id\":\"https:\\\/\\\/rendezvous-dubai.com\\\/fr\\\/#website\",\"url\":\"https:\\\/\\\/rendezvous-dubai.com\\\/fr\\\/\",\"name\":\"RENDEZVOUS DUBAI\",\"description\":\"Your Event Organizer\",\"publisher\":{\"@id\":\"https:\\\/\\\/rendezvous-dubai.com\\\/fr\\\/#organization\"},\"potentialAction\":[{\"@type\":\"SearchAction\",\"target\":{\"@type\":\"EntryPoint\",\"urlTemplate\":\"https:\\\/\\\/rendezvous-dubai.com\\\/fr\\\/?s={search_term_string}\"},\"query-input\":{\"@type\":\"PropertyValueSpecification\",\"valueRequired\":true,\"valueName\":\"search_term_string\"}}],\"inLanguage\":\"fr-FR\"},{\"@type\":\"Organization\",\"@id\":\"https:\\\/\\\/rendezvous-dubai.com\\\/fr\\\/#organization\",\"name\":\"RENDEZVOUS DUBAI\",\"url\":\"https:\\\/\\\/rendezvous-dubai.com\\\/fr\\\/\",\"logo\":{\"@type\":\"ImageObject\",\"inLanguage\":\"fr-FR\",\"@id\":\"https:\\\/\\\/rendezvous-dubai.com\\\/fr\\\/#\\\/schema\\\/logo\\\/image\\\/\",\"url\":\"https:\\\/\\\/i0.wp.com\\\/rendezvous-dubai.com\\\/wp-content\\\/uploads\\\/2020\\\/05\\\/Logo-RDV-Dubai.png?fit=1426%2C1422&ssl=1\",\"contentUrl\":\"https:\\\/\\\/i0.wp.com\\\/rendezvous-dubai.com\\\/wp-content\\\/uploads\\\/2020\\\/05\\\/Logo-RDV-Dubai.png?fit=1426%2C1422&ssl=1\",\"width\":1426,\"height\":1422,\"caption\":\"RENDEZVOUS DUBAI\"},\"image\":{\"@id\":\"https:\\\/\\\/rendezvous-dubai.com\\\/fr\\\/#\\\/schema\\\/logo\\\/image\\\/\"},\"sameAs\":[\"https:\\\/\\\/www.facebook.com\\\/rendezvousdubai\",\"https:\\\/\\\/www.instagram.com\\\/rendezvousdubai\\\/\",\"https:\\\/\\\/www.youtube.com\\\/@rendezvousdubai\"]}]}<\/script>\n<!-- \/ Yoast SEO plugin. -->","yoast_head_json":{"title":"Book Now | DAUPHINS ATLANTIS - RENDEZVOUS DUBAI","description":"Dolphin Bay \u00e0 l'h\u00f4tel Atlantis. Dans ce bassin de dauphins, vous ne pouvez pas seulement voir ces merveilleux mammif\u00e8res, mais aussi les toucher et interagir avec eux.","robots":{"index":"index","follow":"follow","max-snippet":"max-snippet:-1","max-image-preview":"max-image-preview:large","max-video-preview":"max-video-preview:-1"},"canonical":"https:\/\/rendezvous-dubai.com\/fr\/produit\/atlantis-dauphins\/","og_locale":"fr_FR","og_type":"article","og_title":"Book Now | DAUPHINS ATLANTIS - RENDEZVOUS DUBAI","og_description":"Dolphin Bay \u00e0 l'h\u00f4tel Atlantis. Dans ce bassin de dauphins, vous ne pouvez pas seulement voir ces merveilleux mammif\u00e8res, mais aussi les toucher et interagir avec eux.","og_url":"https:\/\/rendezvous-dubai.com\/fr\/produit\/atlantis-dauphins\/","og_site_name":"RENDEZVOUS DUBAI","article_publisher":"https:\/\/www.facebook.com\/rendezvousdubai","article_modified_time":"2024-08-17T12:21:45+00:00","og_image":[{"width":1600,"height":888,"url":"https:\/\/rendezvous-dubai.com\/wp-content\/uploads\/2021\/10\/dolphin-bay-atlantis.jpg","type":"image\/jpeg"}],"twitter_card":"summary_large_image","twitter_misc":{"Est. reading time":"1 minute"},"schema":{"@context":"https:\/\/schema.org","@graph":[{"@type":"WebPage","@id":"https:\/\/rendezvous-dubai.com\/fr\/produit\/atlantis-dauphins\/","url":"https:\/\/rendezvous-dubai.com\/fr\/produit\/atlantis-dauphins\/","name":"Book Now | DAUPHINS ATLANTIS - RENDEZVOUS DUBAI","isPartOf":{"@id":"https:\/\/rendezvous-dubai.com\/fr\/#website"},"primaryImageOfPage":{"@id":"https:\/\/rendezvous-dubai.com\/fr\/produit\/atlantis-dauphins\/#primaryimage"},"image":{"@id":"https:\/\/rendezvous-dubai.com\/fr\/produit\/atlantis-dauphins\/#primaryimage"},"thumbnailUrl":"https:\/\/rendezvous-dubai.com\/wp-content\/uploads\/2021\/10\/dolphin-bay-atlantis.jpg","datePublished":"2021-10-12T15:25:08+00:00","dateModified":"2024-08-17T12:21:45+00:00","description":"Dolphin Bay \u00e0 l'h\u00f4tel Atlantis. Dans ce bassin de dauphins, vous ne pouvez pas seulement voir ces merveilleux mammif\u00e8res, mais aussi les toucher et interagir avec eux.","breadcrumb":{"@id":"https:\/\/rendezvous-dubai.com\/fr\/produit\/atlantis-dauphins\/#breadcrumb"},"inLanguage":"fr-FR","potentialAction":[{"@type":"ReadAction","target":["https:\/\/rendezvous-dubai.com\/fr\/produit\/atlantis-dauphins\/"]}]},{"@type":"ImageObject","inLanguage":"fr-FR","@id":"https:\/\/rendezvous-dubai.com\/fr\/produit\/atlantis-dauphins\/#primaryimage","url":"https:\/\/rendezvous-dubai.com\/wp-content\/uploads\/2021\/10\/dolphin-bay-atlantis.jpg","contentUrl":"https:\/\/rendezvous-dubai.com\/wp-content\/uploads\/2021\/10\/dolphin-bay-atlantis.jpg","width":1600,"height":888,"caption":"Dauphins Atlantis Dubai"},{"@type":"BreadcrumbList","@id":"https:\/\/rendezvous-dubai.com\/fr\/produit\/atlantis-dauphins\/#breadcrumb","itemListElement":[{"@type":"ListItem","position":1,"name":"Home","item":"https:\/\/rendezvous-dubai.com\/fr\/"},{"@type":"ListItem","position":2,"name":"Shop","item":"https:\/\/rendezvous-dubai.com\/shop\/"},{"@type":"ListItem","position":3,"name":"DAUPHINS ATLANTIS"}]},{"@type":"WebSite","@id":"https:\/\/rendezvous-dubai.com\/fr\/#website","url":"https:\/\/rendezvous-dubai.com\/fr\/","name":"RENDEZVOUS DUBAI","description":"Your Event Organizer","publisher":{"@id":"https:\/\/rendezvous-dubai.com\/fr\/#organization"},"potentialAction":[{"@type":"SearchAction","target":{"@type":"EntryPoint","urlTemplate":"https:\/\/rendezvous-dubai.com\/fr\/?s={search_term_string}"},"query-input":{"@type":"PropertyValueSpecification","valueRequired":true,"valueName":"search_term_string"}}],"inLanguage":"fr-FR"},{"@type":"Organization","@id":"https:\/\/rendezvous-dubai.com\/fr\/#organization","name":"RENDEZVOUS DUBAI","url":"https:\/\/rendezvous-dubai.com\/fr\/","logo":{"@type":"ImageObject","inLanguage":"fr-FR","@id":"https:\/\/rendezvous-dubai.com\/fr\/#\/schema\/logo\/image\/","url":"https:\/\/i0.wp.com\/rendezvous-dubai.com\/wp-content\/uploads\/2020\/05\/Logo-RDV-Dubai.png?fit=1426%2C1422&ssl=1","contentUrl":"https:\/\/i0.wp.com\/rendezvous-dubai.com\/wp-content\/uploads\/2020\/05\/Logo-RDV-Dubai.png?fit=1426%2C1422&ssl=1","width":1426,"height":1422,"caption":"RENDEZVOUS DUBAI"},"image":{"@id":"https:\/\/rendezvous-dubai.com\/fr\/#\/schema\/logo\/image\/"},"sameAs":["https:\/\/www.facebook.com\/rendezvousdubai","https:\/\/www.instagram.com\/rendezvousdubai\/","https:\/\/www.youtube.com\/@rendezvousdubai"]}]}},"jetpack_sharing_enabled":true,"_links":{"self":[{"href":"https:\/\/rendezvous-dubai.com\/fr\/wp-json\/wp\/v2\/product\/13348","targetHints":{"allow":["GET"]}}],"collection":[{"href":"https:\/\/rendezvous-dubai.com\/fr\/wp-json\/wp\/v2\/product"}],"about":[{"href":"https:\/\/rendezvous-dubai.com\/fr\/wp-json\/wp\/v2\/types\/product"}],"replies":[{"embeddable":true,"href":"https:\/\/rendezvous-dubai.com\/fr\/wp-json\/wp\/v2\/comments?post=13348"}],"wp:featuredmedia":[{"embeddable":true,"href":"https:\/\/rendezvous-dubai.com\/fr\/wp-json\/wp\/v2\/media\/13361"}],"wp:attachment":[{"href":"https:\/\/rendezvous-dubai.com\/fr\/wp-json\/wp\/v2\/media?parent=13348"}],"wp:term":[{"taxonomy":"product_brand","embeddable":true,"href":"https:\/\/rendezvous-dubai.com\/fr\/wp-json\/wp\/v2\/product_brand?post=13348"},{"taxonomy":"product_cat","embeddable":true,"href":"https:\/\/rendezvous-dubai.com\/fr\/wp-json\/wp\/v2\/product_cat?post=13348"},{"taxonomy":"product_tag","embeddable":true,"href":"https:\/\/rendezvous-dubai.com\/fr\/wp-json\/wp\/v2\/product_tag?post=13348"}],"curies":[{"name":"wp","href":"https:\/\/api.w.org\/{rel}","templated":true}]}}