{"id":6778,"date":"2020-06-03T14:54:14","date_gmt":"2020-06-03T10:54:14","guid":{"rendered":"https:\/\/rendezvousdubai.com\/a-propos\/"},"modified":"2023-04-15T06:21:14","modified_gmt":"2023-04-15T02:21:14","slug":"a-propos","status":"publish","type":"page","link":"https:\/\/rendezvous-dubai.com\/fr\/a-propos\/","title":{"rendered":"\u00c0 propos"},"content":{"rendered":"<p>[vc_row][vc_column]<header class='content-heading'>\r\n\t\t\t\t\t\t<h2 class='main-heading'>\u00c0 propos de RENDEZVOUS DUBAI<\/h2>\r\n\t\t\t\t\t\t<div class='main-subtitle'><p>D\u00e9couvrez la magie de Duba\u00ef<\/p>\n<\/div>\r\n\t\t\t\t\t\t<div class='seperator'><\/div>\r\n\t\t\t\t\t<\/header>[vc_row_inner][vc_column_inner width=&#8221;1\/2&#8243;]<div class=\"description-text\"><h3>Les meilleurs activit\u00e9s de Dubai<\/h3><p>Bienvenue \u00e0 RENDEZVOUS DUBA\u00cf ! Nous sommes une agence de voyage leader aux Emirats Arabes Unis, offrant une gamme de produits touristiques personnalis\u00e9s pour rendre votre visite \u00e0 Duba\u00ef inoubliable.<\/p>\n<p>Nos ann\u00e9es d'exp\u00e9rience nous ont permis de ma\u00eetriser le march\u00e9 et de r\u00e9pondre aux demandes de nos clients de mani\u00e8re personnalis\u00e9e, diff\u00e9renci\u00e9e et sur-mesure. Nous avons construit des relations solides avec nos partenaires, ce qui nous permet d'offrir des exp\u00e9riences uniques et diff\u00e9renci\u00e9es \u00e0 nos clients.<\/p>\n<p>Nous sommes tr\u00e8s fiers du d\u00e9veloppement m\u00e9ticuleux de tous nos services, con\u00e7us pour garantir votre plus grande satisfaction. Notre \u00e9quipe de professionnels sp\u00e9cialis\u00e9s dans le secteur du tourisme vous servira de guides, assurant la meilleure qualit\u00e9 de service lors de votre visite aux \u00c9mirats Arabes Unis.<\/p><\/div>[\/vc_column_inner][vc_column_inner width=&#8221;1\/2&#8243;][vc_media_grid element_width=&#8221;12&#8243; grid_id=&#8221;vc_gid:1681525114187-367fef89-c85f-5&#8243; include=&#8221;12999&#8243; css=&#8221;.vc_custom_1681525271490{padding-top: 20px !important;}&#8221;][\/vc_column_inner][\/vc_row_inner][vc_row_inner][vc_column_inner width=&#8221;1\/2&#8243;][vc_media_grid element_width=&#8221;12&#8243; grid_id=&#8221;vc_gid:1681525114188-52302fad-2521-3&#8243; include=&#8221;46953&#8243; css=&#8221;.vc_custom_1681525262965{padding-top: 30px !important;}&#8221;][\/vc_column_inner][vc_column_inner width=&#8221;1\/2&#8243;]<div class=\"description-text\"><h3>Notre \u00e9quipe<\/h3><p>Chez RENDEZVOUS DUBAI, notre \u00e9quipe est compos\u00e9e de professionnels hautement exp\u00e9riment\u00e9s et passionn\u00e9s par l'offre d'exp\u00e9riences de voyage exceptionnelles. De nos conseillers en voyages \u00e0 nos guides touristiques, chaque membre de notre \u00e9quipe s'engage \u00e0 garantir \u00e0 nos clients le meilleur voyage possible \u00e0 Duba\u00ef, Abu Dhabi et Oman.<\/p>\n<p>Nous pensons que le succ\u00e8s de notre entreprise repose sur l'expertise et le d\u00e9vouement de notre \u00e9quipe. Nous sommes tr\u00e8s fiers de recruter les meilleurs professionnels de l'industrie, de leur offrir une formation et un d\u00e9veloppement continus et de favoriser une culture d'excellence qui impr\u00e8gne tous les aspects de notre entreprise. Nous nous engageons \u00e0 fournir \u00e0 nos clients le plus haut niveau de service et \u00e0 faire en sorte que leur exp\u00e9rience de voyage avec nous soit vraiment inoubliable.<\/p><\/div>[\/vc_column_inner][\/vc_row_inner][\/vc_column][\/vc_row]<\/p>\n","protected":false},"excerpt":{"rendered":"<p>[vc_row][vc_column][vc_row_inner][vc_column_inner width=&#8221;1\/2&#8243;][\/vc_column_inner][vc_column_inner width=&#8221;1\/2&#8243;][vc_media_grid element_width=&#8221;12&#8243; grid_id=&#8221;vc_gid:1681525114187-367fef89-c85f-5&#8243; include=&#8221;12999&#8243; css=&#8221;.vc_custom_1681525271490{padding-top: 20px !important;}&#8221;][\/vc_column_inner][\/vc_row_inner][vc_row_inner][vc_column_inner width=&#8221;1\/2&#8243;][vc_media_grid element_width=&#8221;12&#8243; grid_id=&#8221;vc_gid:1681525114188-52302fad-2521-3&#8243; include=&#8221;46953&#8243; css=&#8221;.vc_custom_1681525262965{padding-top: 30px !important;}&#8221;][\/vc_column_inner][vc_column_inner width=&#8221;1\/2&#8243;][\/vc_column_inner][\/vc_row_inner][\/vc_column][\/vc_row]<\/p>\n","protected":false},"author":1,"featured_media":7977,"parent":0,"menu_order":0,"comment_status":"closed","ping_status":"closed","template":"entrada_templates\/layout-visual-composer-default.php","meta":{"_joinchat":[],"footnotes":""},"class_list":["post-6778","page","type-page","status-publish","has-post-thumbnail","hentry"],"yoast_head":"<!-- This site is optimized with the Yoast SEO plugin v25.8 - https:\/\/yoast.com\/wordpress\/plugins\/seo\/ -->\n<title>\u00c0 propos - RENDEZVOUS DUBAI<\/title>\n<meta name=\"description\" content=\"Agence de tourisme sp\u00e9cialis\u00e9e dans la planification de vos vacances en famille, entre amis ou en groupe dans les plus beaux endroits de Duba\u00ef, Abu Dhabi et Oman.\" \/>\n<meta name=\"robots\" content=\"index, follow, max-snippet:-1, max-image-preview:large, max-video-preview:-1\" \/>\n<link rel=\"canonical\" href=\"https:\/\/rendezvous-dubai.com\/fr\/a-propos\/\" \/>\n<meta property=\"og:locale\" content=\"fr_FR\" \/>\n<meta property=\"og:type\" content=\"article\" \/>\n<meta property=\"og:title\" content=\"\u00c0 propos - RENDEZVOUS DUBAI\" \/>\n<meta property=\"og:description\" content=\"Agence de tourisme sp\u00e9cialis\u00e9e dans la planification de vos vacances en famille, entre amis ou en groupe dans les plus beaux endroits de Duba\u00ef, Abu Dhabi et Oman.\" \/>\n<meta property=\"og:url\" content=\"https:\/\/rendezvous-dubai.com\/fr\/a-propos\/\" \/>\n<meta property=\"og:site_name\" content=\"RENDEZVOUS DUBAI\" \/>\n<meta property=\"article:publisher\" content=\"https:\/\/www.facebook.com\/rendezvousdubai\" \/>\n<meta property=\"article:modified_time\" content=\"2023-04-15T02:21:14+00:00\" \/>\n<meta property=\"og:image\" content=\"https:\/\/rendezvous-dubai.com\/wp-content\/uploads\/2020\/02\/dubai.1574221.w740.jpeg\" \/>\n\t<meta property=\"og:image:width\" content=\"740\" \/>\n\t<meta property=\"og:image:height\" content=\"535\" \/>\n\t<meta property=\"og:image:type\" content=\"image\/jpeg\" \/>\n<meta name=\"twitter:card\" content=\"summary_large_image\" \/>\n<meta name=\"twitter:label1\" content=\"Est. reading time\" \/>\n\t<meta name=\"twitter:data1\" content=\"2 minutes\" \/>\n<script type=\"application\/ld+json\" class=\"yoast-schema-graph\">{\"@context\":\"https:\/\/schema.org\",\"@graph\":[{\"@type\":\"WebPage\",\"@id\":\"https:\/\/rendezvous-dubai.com\/fr\/a-propos\/\",\"url\":\"https:\/\/rendezvous-dubai.com\/fr\/a-propos\/\",\"name\":\"\u00c0 propos - RENDEZVOUS DUBAI\",\"isPartOf\":{\"@id\":\"https:\/\/rendezvous-dubai.com\/fr\/#website\"},\"primaryImageOfPage\":{\"@id\":\"https:\/\/rendezvous-dubai.com\/fr\/a-propos\/#primaryimage\"},\"image\":{\"@id\":\"https:\/\/rendezvous-dubai.com\/fr\/a-propos\/#primaryimage\"},\"thumbnailUrl\":\"https:\/\/rendezvous-dubai.com\/wp-content\/uploads\/2020\/02\/dubai.1574221.w740.jpeg\",\"datePublished\":\"2020-06-03T10:54:14+00:00\",\"dateModified\":\"2023-04-15T02:21:14+00:00\",\"description\":\"Agence de tourisme sp\u00e9cialis\u00e9e dans la planification de vos vacances en famille, entre amis ou en groupe dans les plus beaux endroits de Duba\u00ef, Abu Dhabi et Oman.\",\"breadcrumb\":{\"@id\":\"https:\/\/rendezvous-dubai.com\/fr\/a-propos\/#breadcrumb\"},\"inLanguage\":\"fr-FR\",\"potentialAction\":[{\"@type\":\"ReadAction\",\"target\":[\"https:\/\/rendezvous-dubai.com\/fr\/a-propos\/\"]}]},{\"@type\":\"ImageObject\",\"inLanguage\":\"fr-FR\",\"@id\":\"https:\/\/rendezvous-dubai.com\/fr\/a-propos\/#primaryimage\",\"url\":\"https:\/\/rendezvous-dubai.com\/wp-content\/uploads\/2020\/02\/dubai.1574221.w740.jpeg\",\"contentUrl\":\"https:\/\/rendezvous-dubai.com\/wp-content\/uploads\/2020\/02\/dubai.1574221.w740.jpeg\",\"width\":740,\"height\":535,\"caption\":\"DUBAI BEST ACTIVITIES\"},{\"@type\":\"BreadcrumbList\",\"@id\":\"https:\/\/rendezvous-dubai.com\/fr\/a-propos\/#breadcrumb\",\"itemListElement\":[{\"@type\":\"ListItem\",\"position\":1,\"name\":\"Home\",\"item\":\"https:\/\/rendezvous-dubai.com\/fr\/\"},{\"@type\":\"ListItem\",\"position\":2,\"name\":\"\u00c0 propos\"}]},{\"@type\":\"WebSite\",\"@id\":\"https:\/\/rendezvous-dubai.com\/fr\/#website\",\"url\":\"https:\/\/rendezvous-dubai.com\/fr\/\",\"name\":\"RENDEZVOUS DUBAI\",\"description\":\"Your Event Organizer\",\"publisher\":{\"@id\":\"https:\/\/rendezvous-dubai.com\/fr\/#organization\"},\"potentialAction\":[{\"@type\":\"SearchAction\",\"target\":{\"@type\":\"EntryPoint\",\"urlTemplate\":\"https:\/\/rendezvous-dubai.com\/fr\/?s={search_term_string}\"},\"query-input\":{\"@type\":\"PropertyValueSpecification\",\"valueRequired\":true,\"valueName\":\"search_term_string\"}}],\"inLanguage\":\"fr-FR\"},{\"@type\":\"Organization\",\"@id\":\"https:\/\/rendezvous-dubai.com\/fr\/#organization\",\"name\":\"RENDEZVOUS DUBAI\",\"url\":\"https:\/\/rendezvous-dubai.com\/fr\/\",\"logo\":{\"@type\":\"ImageObject\",\"inLanguage\":\"fr-FR\",\"@id\":\"https:\/\/rendezvous-dubai.com\/fr\/#\/schema\/logo\/image\/\",\"url\":\"https:\/\/i0.wp.com\/rendezvous-dubai.com\/wp-content\/uploads\/2020\/05\/Logo-RDV-Dubai.png?fit=1426%2C1422&ssl=1\",\"contentUrl\":\"https:\/\/i0.wp.com\/rendezvous-dubai.com\/wp-content\/uploads\/2020\/05\/Logo-RDV-Dubai.png?fit=1426%2C1422&ssl=1\",\"width\":1426,\"height\":1422,\"caption\":\"RENDEZVOUS DUBAI\"},\"image\":{\"@id\":\"https:\/\/rendezvous-dubai.com\/fr\/#\/schema\/logo\/image\/\"},\"sameAs\":[\"https:\/\/www.facebook.com\/rendezvousdubai\",\"https:\/\/www.instagram.com\/rendezvousdubai\/\",\"https:\/\/www.youtube.com\/@rendezvousdubai\"]}]}<\/script>\n<!-- \/ Yoast SEO plugin. -->","yoast_head_json":{"title":"\u00c0 propos - RENDEZVOUS DUBAI","description":"Agence de tourisme sp\u00e9cialis\u00e9e dans la planification de vos vacances en famille, entre amis ou en groupe dans les plus beaux endroits de Duba\u00ef, Abu Dhabi et Oman.","robots":{"index":"index","follow":"follow","max-snippet":"max-snippet:-1","max-image-preview":"max-image-preview:large","max-video-preview":"max-video-preview:-1"},"canonical":"https:\/\/rendezvous-dubai.com\/fr\/a-propos\/","og_locale":"fr_FR","og_type":"article","og_title":"\u00c0 propos - RENDEZVOUS DUBAI","og_description":"Agence de tourisme sp\u00e9cialis\u00e9e dans la planification de vos vacances en famille, entre amis ou en groupe dans les plus beaux endroits de Duba\u00ef, Abu Dhabi et Oman.","og_url":"https:\/\/rendezvous-dubai.com\/fr\/a-propos\/","og_site_name":"RENDEZVOUS DUBAI","article_publisher":"https:\/\/www.facebook.com\/rendezvousdubai","article_modified_time":"2023-04-15T02:21:14+00:00","og_image":[{"width":740,"height":535,"url":"https:\/\/rendezvous-dubai.com\/wp-content\/uploads\/2020\/02\/dubai.1574221.w740.jpeg","type":"image\/jpeg"}],"twitter_card":"summary_large_image","twitter_misc":{"Est. reading time":"2 minutes"},"schema":{"@context":"https:\/\/schema.org","@graph":[{"@type":"WebPage","@id":"https:\/\/rendezvous-dubai.com\/fr\/a-propos\/","url":"https:\/\/rendezvous-dubai.com\/fr\/a-propos\/","name":"\u00c0 propos - RENDEZVOUS DUBAI","isPartOf":{"@id":"https:\/\/rendezvous-dubai.com\/fr\/#website"},"primaryImageOfPage":{"@id":"https:\/\/rendezvous-dubai.com\/fr\/a-propos\/#primaryimage"},"image":{"@id":"https:\/\/rendezvous-dubai.com\/fr\/a-propos\/#primaryimage"},"thumbnailUrl":"https:\/\/rendezvous-dubai.com\/wp-content\/uploads\/2020\/02\/dubai.1574221.w740.jpeg","datePublished":"2020-06-03T10:54:14+00:00","dateModified":"2023-04-15T02:21:14+00:00","description":"Agence de tourisme sp\u00e9cialis\u00e9e dans la planification de vos vacances en famille, entre amis ou en groupe dans les plus beaux endroits de Duba\u00ef, Abu Dhabi et Oman.","breadcrumb":{"@id":"https:\/\/rendezvous-dubai.com\/fr\/a-propos\/#breadcrumb"},"inLanguage":"fr-FR","potentialAction":[{"@type":"ReadAction","target":["https:\/\/rendezvous-dubai.com\/fr\/a-propos\/"]}]},{"@type":"ImageObject","inLanguage":"fr-FR","@id":"https:\/\/rendezvous-dubai.com\/fr\/a-propos\/#primaryimage","url":"https:\/\/rendezvous-dubai.com\/wp-content\/uploads\/2020\/02\/dubai.1574221.w740.jpeg","contentUrl":"https:\/\/rendezvous-dubai.com\/wp-content\/uploads\/2020\/02\/dubai.1574221.w740.jpeg","width":740,"height":535,"caption":"DUBAI BEST ACTIVITIES"},{"@type":"BreadcrumbList","@id":"https:\/\/rendezvous-dubai.com\/fr\/a-propos\/#breadcrumb","itemListElement":[{"@type":"ListItem","position":1,"name":"Home","item":"https:\/\/rendezvous-dubai.com\/fr\/"},{"@type":"ListItem","position":2,"name":"\u00c0 propos"}]},{"@type":"WebSite","@id":"https:\/\/rendezvous-dubai.com\/fr\/#website","url":"https:\/\/rendezvous-dubai.com\/fr\/","name":"RENDEZVOUS DUBAI","description":"Your Event Organizer","publisher":{"@id":"https:\/\/rendezvous-dubai.com\/fr\/#organization"},"potentialAction":[{"@type":"SearchAction","target":{"@type":"EntryPoint","urlTemplate":"https:\/\/rendezvous-dubai.com\/fr\/?s={search_term_string}"},"query-input":{"@type":"PropertyValueSpecification","valueRequired":true,"valueName":"search_term_string"}}],"inLanguage":"fr-FR"},{"@type":"Organization","@id":"https:\/\/rendezvous-dubai.com\/fr\/#organization","name":"RENDEZVOUS DUBAI","url":"https:\/\/rendezvous-dubai.com\/fr\/","logo":{"@type":"ImageObject","inLanguage":"fr-FR","@id":"https:\/\/rendezvous-dubai.com\/fr\/#\/schema\/logo\/image\/","url":"https:\/\/i0.wp.com\/rendezvous-dubai.com\/wp-content\/uploads\/2020\/05\/Logo-RDV-Dubai.png?fit=1426%2C1422&ssl=1","contentUrl":"https:\/\/i0.wp.com\/rendezvous-dubai.com\/wp-content\/uploads\/2020\/05\/Logo-RDV-Dubai.png?fit=1426%2C1422&ssl=1","width":1426,"height":1422,"caption":"RENDEZVOUS DUBAI"},"image":{"@id":"https:\/\/rendezvous-dubai.com\/fr\/#\/schema\/logo\/image\/"},"sameAs":["https:\/\/www.facebook.com\/rendezvousdubai","https:\/\/www.instagram.com\/rendezvousdubai\/","https:\/\/www.youtube.com\/@rendezvousdubai"]}]}},"jetpack_sharing_enabled":true,"_links":{"self":[{"href":"https:\/\/rendezvous-dubai.com\/fr\/wp-json\/wp\/v2\/pages\/6778","targetHints":{"allow":["GET"]}}],"collection":[{"href":"https:\/\/rendezvous-dubai.com\/fr\/wp-json\/wp\/v2\/pages"}],"about":[{"href":"https:\/\/rendezvous-dubai.com\/fr\/wp-json\/wp\/v2\/types\/page"}],"author":[{"embeddable":true,"href":"https:\/\/rendezvous-dubai.com\/fr\/wp-json\/wp\/v2\/users\/1"}],"replies":[{"embeddable":true,"href":"https:\/\/rendezvous-dubai.com\/fr\/wp-json\/wp\/v2\/comments?post=6778"}],"version-history":[{"count":3,"href":"https:\/\/rendezvous-dubai.com\/fr\/wp-json\/wp\/v2\/pages\/6778\/revisions"}],"predecessor-version":[{"id":46964,"href":"https:\/\/rendezvous-dubai.com\/fr\/wp-json\/wp\/v2\/pages\/6778\/revisions\/46964"}],"wp:featuredmedia":[{"embeddable":true,"href":"https:\/\/rendezvous-dubai.com\/fr\/wp-json\/wp\/v2\/media\/7977"}],"wp:attachment":[{"href":"https:\/\/rendezvous-dubai.com\/fr\/wp-json\/wp\/v2\/media?parent=6778"}],"curies":[{"name":"wp","href":"https:\/\/api.w.org\/{rel}","templated":true}]}}