{"id":7068,"date":"2020-05-20T00:11:28","date_gmt":"2020-06-05T15:46:26","guid":{"rendered":"https:\/\/rendezvousdubai.com\/product\/jetski-30-min-burj\/"},"modified":"2025-08-30T19:06:19","modified_gmt":"2025-08-30T15:06:19","slug":"jetski-burj","status":"publish","type":"product","link":"https:\/\/rendezvous-dubai.com\/es\/producto\/jetski-burj\/","title":{"rendered":"JETSKI DUBAI"},"content":{"rendered":"<p>Hagamos un Tour en Moto de Agua en nuestra nueva Yamaha 1800CC, una Moto de Agua de 220 caballos de fuerza.<\/p>\n<p>Dependiendo de la opci\u00f3n que elija, viajar\u00e1 a los lugares m\u00e1s famosos de Dub\u00e1i, como el Hotel Atlantis, Burj al Arab, Sheikh Island, Marina Skyline, Bluewaters Island, donde encontrar\u00e1 la rueda m\u00e1s alta del mundo. En el camino de regreso, se detendr\u00e1 para tomar una excelente foto que muestra el horizonte del centro y el edificio m\u00e1s alto del mundo, el Burj Khalifa.<\/p>\n","protected":false},"excerpt":{"rendered":"<p>Hagamos un Tour en Moto de Agua en nuestra nueva Yamaha 1800CC, una Moto de Agua de 220 caballos de fuerza. Dependiendo de la opci\u00f3n que elija, viajar\u00e1 a los lugares m\u00e1s famosos de Dub\u00e1i, como el Hotel Atlantis, Burj al Arab, Sheikh Island, Marina Skyline, Bluewaters Island, donde encontrar\u00e1 la rueda m\u00e1s alta del [&hellip;]<\/p>\n","protected":false},"featured_media":6639,"comment_status":"open","ping_status":"closed","template":"","meta":{"_joinchat":{"message_send":"*Hello {SITE} !*\nI need more information about the {PRODUCT}..."}},"product_brand":[],"product_cat":[325],"product_tag":[230,291,257,275],"class_list":{"0":"post-7068","1":"product","2":"type-product","3":"status-publish","4":"has-post-thumbnail","6":"product_cat-agua","7":"product_tag-burj-al-arab-es","8":"product_tag-dubai-es","9":"product_tag-jetski-es","10":"product_tag-yamaha-es","11":"holiday_type-cycling","12":"holiday_type-family","13":"holiday_type-guided-tours","14":"holiday_type-short-breaks","15":"destination-uae","16":"activity_level-challenging","18":"first","19":"instock","20":"featured","21":"virtual","22":"sold-individually","23":"purchasable","24":"product-type-booking"},"yoast_head":"<!-- This site is optimized with the Yoast SEO plugin v25.8 - https:\/\/yoast.com\/wordpress\/plugins\/seo\/ -->\n<title>Book Now | JETSKI DUBAI - RENDEZVOUS DUBAI<\/title>\n<meta name=\"description\" content=\"Tome una moto de agua hasta el famoso Burj al Arab para tomar una foto. Una experiencia inolvidable en nuestra nueva Yamaha 1800CC 220 caballos de fuerza.\" \/>\n<meta name=\"robots\" content=\"index, follow, max-snippet:-1, max-image-preview:large, max-video-preview:-1\" \/>\n<link rel=\"canonical\" href=\"https:\/\/rendezvous-dubai.com\/es\/producto\/jetski-burj\/\" \/>\n<meta property=\"og:locale\" content=\"es_ES\" \/>\n<meta property=\"og:type\" content=\"article\" \/>\n<meta property=\"og:title\" content=\"Book Now | JETSKI DUBAI - RENDEZVOUS DUBAI\" \/>\n<meta property=\"og:description\" content=\"Tome una moto de agua hasta el famoso Burj al Arab para tomar una foto. Una experiencia inolvidable en nuestra nueva Yamaha 1800CC 220 caballos de fuerza.\" \/>\n<meta property=\"og:url\" content=\"https:\/\/rendezvous-dubai.com\/es\/producto\/jetski-burj\/\" \/>\n<meta property=\"og:site_name\" content=\"RENDEZVOUS DUBAI\" \/>\n<meta property=\"article:publisher\" content=\"https:\/\/www.facebook.com\/rendezvousdubai\" \/>\n<meta property=\"article:modified_time\" content=\"2025-08-30T15:06:19+00:00\" \/>\n<meta property=\"og:image\" content=\"https:\/\/rendezvous-dubai.com\/wp-content\/uploads\/2020\/05\/c7.jpg\" \/>\n\t<meta property=\"og:image:width\" content=\"669\" \/>\n\t<meta property=\"og:image:height\" content=\"446\" \/>\n\t<meta property=\"og:image:type\" content=\"image\/jpeg\" \/>\n<meta name=\"twitter:card\" content=\"summary_large_image\" \/>\n<meta name=\"twitter:label1\" content=\"Est. reading time\" \/>\n\t<meta name=\"twitter:data1\" content=\"1 minute\" \/>\n<script type=\"application\/ld+json\" class=\"yoast-schema-graph\">{\"@context\":\"https:\/\/schema.org\",\"@graph\":[{\"@type\":\"WebPage\",\"@id\":\"https:\/\/rendezvous-dubai.com\/es\/producto\/jetski-burj\/\",\"url\":\"https:\/\/rendezvous-dubai.com\/es\/producto\/jetski-burj\/\",\"name\":\"Book Now | JETSKI DUBAI - RENDEZVOUS DUBAI\",\"isPartOf\":{\"@id\":\"https:\/\/rendezvous-dubai.com\/es\/#website\"},\"primaryImageOfPage\":{\"@id\":\"https:\/\/rendezvous-dubai.com\/es\/producto\/jetski-burj\/#primaryimage\"},\"image\":{\"@id\":\"https:\/\/rendezvous-dubai.com\/es\/producto\/jetski-burj\/#primaryimage\"},\"thumbnailUrl\":\"https:\/\/rendezvous-dubai.com\/wp-content\/uploads\/2020\/05\/c7.jpg\",\"datePublished\":\"2020-06-05T15:46:26+00:00\",\"dateModified\":\"2025-08-30T15:06:19+00:00\",\"description\":\"Tome una moto de agua hasta el famoso Burj al Arab para tomar una foto. Una experiencia inolvidable en nuestra nueva Yamaha 1800CC 220 caballos de fuerza.\",\"breadcrumb\":{\"@id\":\"https:\/\/rendezvous-dubai.com\/es\/producto\/jetski-burj\/#breadcrumb\"},\"inLanguage\":\"es-ES\",\"potentialAction\":[{\"@type\":\"ReadAction\",\"target\":[\"https:\/\/rendezvous-dubai.com\/es\/producto\/jetski-burj\/\"]}]},{\"@type\":\"ImageObject\",\"inLanguage\":\"es-ES\",\"@id\":\"https:\/\/rendezvous-dubai.com\/es\/producto\/jetski-burj\/#primaryimage\",\"url\":\"https:\/\/rendezvous-dubai.com\/wp-content\/uploads\/2020\/05\/c7.jpg\",\"contentUrl\":\"https:\/\/rendezvous-dubai.com\/wp-content\/uploads\/2020\/05\/c7.jpg\",\"width\":669,\"height\":446,\"caption\":\"Jetski Dubai Atlantis\"},{\"@type\":\"BreadcrumbList\",\"@id\":\"https:\/\/rendezvous-dubai.com\/es\/producto\/jetski-burj\/#breadcrumb\",\"itemListElement\":[{\"@type\":\"ListItem\",\"position\":1,\"name\":\"Home\",\"item\":\"https:\/\/rendezvous-dubai.com\/es\/\"},{\"@type\":\"ListItem\",\"position\":2,\"name\":\"Shop\",\"item\":\"https:\/\/rendezvous-dubai.com\/shop\/\"},{\"@type\":\"ListItem\",\"position\":3,\"name\":\"JETSKI DUBAI\"}]},{\"@type\":\"WebSite\",\"@id\":\"https:\/\/rendezvous-dubai.com\/es\/#website\",\"url\":\"https:\/\/rendezvous-dubai.com\/es\/\",\"name\":\"RENDEZVOUS DUBAI\",\"description\":\"Your Event Organizer\",\"publisher\":{\"@id\":\"https:\/\/rendezvous-dubai.com\/es\/#organization\"},\"potentialAction\":[{\"@type\":\"SearchAction\",\"target\":{\"@type\":\"EntryPoint\",\"urlTemplate\":\"https:\/\/rendezvous-dubai.com\/es\/?s={search_term_string}\"},\"query-input\":{\"@type\":\"PropertyValueSpecification\",\"valueRequired\":true,\"valueName\":\"search_term_string\"}}],\"inLanguage\":\"es-ES\"},{\"@type\":\"Organization\",\"@id\":\"https:\/\/rendezvous-dubai.com\/es\/#organization\",\"name\":\"RENDEZVOUS DUBAI\",\"url\":\"https:\/\/rendezvous-dubai.com\/es\/\",\"logo\":{\"@type\":\"ImageObject\",\"inLanguage\":\"es-ES\",\"@id\":\"https:\/\/rendezvous-dubai.com\/es\/#\/schema\/logo\/image\/\",\"url\":\"https:\/\/i0.wp.com\/rendezvous-dubai.com\/wp-content\/uploads\/2020\/05\/Logo-RDV-Dubai.png?fit=1426%2C1422&ssl=1\",\"contentUrl\":\"https:\/\/i0.wp.com\/rendezvous-dubai.com\/wp-content\/uploads\/2020\/05\/Logo-RDV-Dubai.png?fit=1426%2C1422&ssl=1\",\"width\":1426,\"height\":1422,\"caption\":\"RENDEZVOUS DUBAI\"},\"image\":{\"@id\":\"https:\/\/rendezvous-dubai.com\/es\/#\/schema\/logo\/image\/\"},\"sameAs\":[\"https:\/\/www.facebook.com\/rendezvousdubai\",\"https:\/\/www.instagram.com\/rendezvousdubai\/\",\"https:\/\/www.youtube.com\/@rendezvousdubai\"]}]}<\/script>\n<!-- \/ Yoast SEO plugin. -->","yoast_head_json":{"title":"Book Now | JETSKI DUBAI - RENDEZVOUS DUBAI","description":"Tome una moto de agua hasta el famoso Burj al Arab para tomar una foto. Una experiencia inolvidable en nuestra nueva Yamaha 1800CC 220 caballos de fuerza.","robots":{"index":"index","follow":"follow","max-snippet":"max-snippet:-1","max-image-preview":"max-image-preview:large","max-video-preview":"max-video-preview:-1"},"canonical":"https:\/\/rendezvous-dubai.com\/es\/producto\/jetski-burj\/","og_locale":"es_ES","og_type":"article","og_title":"Book Now | JETSKI DUBAI - RENDEZVOUS DUBAI","og_description":"Tome una moto de agua hasta el famoso Burj al Arab para tomar una foto. Una experiencia inolvidable en nuestra nueva Yamaha 1800CC 220 caballos de fuerza.","og_url":"https:\/\/rendezvous-dubai.com\/es\/producto\/jetski-burj\/","og_site_name":"RENDEZVOUS DUBAI","article_publisher":"https:\/\/www.facebook.com\/rendezvousdubai","article_modified_time":"2025-08-30T15:06:19+00:00","og_image":[{"width":669,"height":446,"url":"https:\/\/rendezvous-dubai.com\/wp-content\/uploads\/2020\/05\/c7.jpg","type":"image\/jpeg"}],"twitter_card":"summary_large_image","twitter_misc":{"Est. reading time":"1 minute"},"schema":{"@context":"https:\/\/schema.org","@graph":[{"@type":"WebPage","@id":"https:\/\/rendezvous-dubai.com\/es\/producto\/jetski-burj\/","url":"https:\/\/rendezvous-dubai.com\/es\/producto\/jetski-burj\/","name":"Book Now | JETSKI DUBAI - RENDEZVOUS DUBAI","isPartOf":{"@id":"https:\/\/rendezvous-dubai.com\/es\/#website"},"primaryImageOfPage":{"@id":"https:\/\/rendezvous-dubai.com\/es\/producto\/jetski-burj\/#primaryimage"},"image":{"@id":"https:\/\/rendezvous-dubai.com\/es\/producto\/jetski-burj\/#primaryimage"},"thumbnailUrl":"https:\/\/rendezvous-dubai.com\/wp-content\/uploads\/2020\/05\/c7.jpg","datePublished":"2020-06-05T15:46:26+00:00","dateModified":"2025-08-30T15:06:19+00:00","description":"Tome una moto de agua hasta el famoso Burj al Arab para tomar una foto. Una experiencia inolvidable en nuestra nueva Yamaha 1800CC 220 caballos de fuerza.","breadcrumb":{"@id":"https:\/\/rendezvous-dubai.com\/es\/producto\/jetski-burj\/#breadcrumb"},"inLanguage":"es-ES","potentialAction":[{"@type":"ReadAction","target":["https:\/\/rendezvous-dubai.com\/es\/producto\/jetski-burj\/"]}]},{"@type":"ImageObject","inLanguage":"es-ES","@id":"https:\/\/rendezvous-dubai.com\/es\/producto\/jetski-burj\/#primaryimage","url":"https:\/\/rendezvous-dubai.com\/wp-content\/uploads\/2020\/05\/c7.jpg","contentUrl":"https:\/\/rendezvous-dubai.com\/wp-content\/uploads\/2020\/05\/c7.jpg","width":669,"height":446,"caption":"Jetski Dubai Atlantis"},{"@type":"BreadcrumbList","@id":"https:\/\/rendezvous-dubai.com\/es\/producto\/jetski-burj\/#breadcrumb","itemListElement":[{"@type":"ListItem","position":1,"name":"Home","item":"https:\/\/rendezvous-dubai.com\/es\/"},{"@type":"ListItem","position":2,"name":"Shop","item":"https:\/\/rendezvous-dubai.com\/shop\/"},{"@type":"ListItem","position":3,"name":"JETSKI DUBAI"}]},{"@type":"WebSite","@id":"https:\/\/rendezvous-dubai.com\/es\/#website","url":"https:\/\/rendezvous-dubai.com\/es\/","name":"RENDEZVOUS DUBAI","description":"Your Event Organizer","publisher":{"@id":"https:\/\/rendezvous-dubai.com\/es\/#organization"},"potentialAction":[{"@type":"SearchAction","target":{"@type":"EntryPoint","urlTemplate":"https:\/\/rendezvous-dubai.com\/es\/?s={search_term_string}"},"query-input":{"@type":"PropertyValueSpecification","valueRequired":true,"valueName":"search_term_string"}}],"inLanguage":"es-ES"},{"@type":"Organization","@id":"https:\/\/rendezvous-dubai.com\/es\/#organization","name":"RENDEZVOUS DUBAI","url":"https:\/\/rendezvous-dubai.com\/es\/","logo":{"@type":"ImageObject","inLanguage":"es-ES","@id":"https:\/\/rendezvous-dubai.com\/es\/#\/schema\/logo\/image\/","url":"https:\/\/i0.wp.com\/rendezvous-dubai.com\/wp-content\/uploads\/2020\/05\/Logo-RDV-Dubai.png?fit=1426%2C1422&ssl=1","contentUrl":"https:\/\/i0.wp.com\/rendezvous-dubai.com\/wp-content\/uploads\/2020\/05\/Logo-RDV-Dubai.png?fit=1426%2C1422&ssl=1","width":1426,"height":1422,"caption":"RENDEZVOUS DUBAI"},"image":{"@id":"https:\/\/rendezvous-dubai.com\/es\/#\/schema\/logo\/image\/"},"sameAs":["https:\/\/www.facebook.com\/rendezvousdubai","https:\/\/www.instagram.com\/rendezvousdubai\/","https:\/\/www.youtube.com\/@rendezvousdubai"]}]}},"jetpack_sharing_enabled":true,"_links":{"self":[{"href":"https:\/\/rendezvous-dubai.com\/es\/wp-json\/wp\/v2\/product\/7068","targetHints":{"allow":["GET"]}}],"collection":[{"href":"https:\/\/rendezvous-dubai.com\/es\/wp-json\/wp\/v2\/product"}],"about":[{"href":"https:\/\/rendezvous-dubai.com\/es\/wp-json\/wp\/v2\/types\/product"}],"replies":[{"embeddable":true,"href":"https:\/\/rendezvous-dubai.com\/es\/wp-json\/wp\/v2\/comments?post=7068"}],"wp:featuredmedia":[{"embeddable":true,"href":"https:\/\/rendezvous-dubai.com\/es\/wp-json\/wp\/v2\/media\/6639"}],"wp:attachment":[{"href":"https:\/\/rendezvous-dubai.com\/es\/wp-json\/wp\/v2\/media?parent=7068"}],"wp:term":[{"taxonomy":"product_brand","embeddable":true,"href":"https:\/\/rendezvous-dubai.com\/es\/wp-json\/wp\/v2\/product_brand?post=7068"},{"taxonomy":"product_cat","embeddable":true,"href":"https:\/\/rendezvous-dubai.com\/es\/wp-json\/wp\/v2\/product_cat?post=7068"},{"taxonomy":"product_tag","embeddable":true,"href":"https:\/\/rendezvous-dubai.com\/es\/wp-json\/wp\/v2\/product_tag?post=7068"}],"curies":[{"name":"wp","href":"https:\/\/api.w.org\/{rel}","templated":true}]}}