{"id":7064,"date":"2020-05-20T20:59:25","date_gmt":"2020-06-05T15:43:09","guid":{"rendered":"https:\/\/rendezvousdubai.com\/product\/atlantis-park\/"},"modified":"2025-08-30T19:01:09","modified_gmt":"2025-08-30T15:01:09","slug":"atlantis-waterpark","status":"publish","type":"product","link":"https:\/\/rendezvous-dubai.com\/es\/producto\/atlantis-waterpark\/","title":{"rendered":"ATLANTIS AQUAVENTURE"},"content":{"rendered":"<p>Atlantis Waterpark es el parque acu\u00e1tico m\u00e1s famoso de Dub\u00e1i. Dentro del Aquaventure podr\u00e1s disfrutar de toboganes, algunos de los cuales son muy vertiginosos. Tambi\u00e9n encontrar\u00e1s r\u00edos bravos por los que podr\u00e1s navegar. Con las boyas podr\u00e1s deslizarte por otros toboganes en familia, pareja o amigos.<\/p>\n","protected":false},"excerpt":{"rendered":"<p>Atlantis Waterpark es el parque acu\u00e1tico m\u00e1s famoso de Dub\u00e1i. Dentro del Aquaventure podr\u00e1s disfrutar de toboganes, algunos de los cuales son muy vertiginosos. Tambi\u00e9n encontrar\u00e1s r\u00edos bravos por los que podr\u00e1s navegar. Con las boyas podr\u00e1s deslizarte por otros toboganes en familia, pareja o amigos.<\/p>\n","protected":false},"featured_media":6589,"comment_status":"open","ping_status":"closed","template":"","meta":{"_joinchat":{"message_send":"*Hello {SITE} !*\nI need more information about the {PRODUCT}..."}},"product_brand":[],"product_cat":[325],"product_tag":[223,225,288,312],"class_list":{"0":"post-7064","1":"product","2":"type-product","3":"status-publish","4":"has-post-thumbnail","6":"product_cat-agua","7":"product_tag-aquaventure-es","8":"product_tag-atlantis-waterpark-es","9":"product_tag-dubai-atlantis-es","10":"product_tag-palm-jumeirah-es","11":"holiday_type-children","12":"holiday_type-discovery","13":"holiday_type-family","14":"holiday_type-short-breaks","15":"destination-uae","16":"activity_level-moderate","18":"first","19":"instock","20":"virtual","21":"sold-individually","22":"purchasable","23":"product-type-booking"},"yoast_head":"<!-- This site is optimized with the Yoast SEO plugin v25.8 - https:\/\/yoast.com\/wordpress\/plugins\/seo\/ -->\n<title>Book Now | ATLANTIS AQUAVENTURE - RENDEZVOUS DUBAI<\/title>\n<meta name=\"description\" content=\"Atlantis Waterpark es el parque acu\u00e1tico m\u00e1s famoso de Dubai, donde puedes disfrutar de toboganes, algunos de los cuales son muy vertiginosos.\" \/>\n<meta name=\"robots\" content=\"index, follow, max-snippet:-1, max-image-preview:large, max-video-preview:-1\" \/>\n<link rel=\"canonical\" href=\"https:\/\/rendezvous-dubai.com\/es\/producto\/atlantis-waterpark\/\" \/>\n<meta property=\"og:locale\" content=\"es_ES\" \/>\n<meta property=\"og:type\" content=\"article\" \/>\n<meta property=\"og:title\" content=\"Book Now | ATLANTIS AQUAVENTURE - RENDEZVOUS DUBAI\" \/>\n<meta property=\"og:description\" content=\"Atlantis Waterpark es el parque acu\u00e1tico m\u00e1s famoso de Dubai, donde puedes disfrutar de toboganes, algunos de los cuales son muy vertiginosos.\" \/>\n<meta property=\"og:url\" content=\"https:\/\/rendezvous-dubai.com\/es\/producto\/atlantis-waterpark\/\" \/>\n<meta property=\"og:site_name\" content=\"RENDEZVOUS DUBAI\" \/>\n<meta property=\"article:publisher\" content=\"https:\/\/www.facebook.com\/rendezvousdubai\" \/>\n<meta property=\"article:modified_time\" content=\"2025-08-30T15:01:09+00:00\" \/>\n<meta property=\"og:image\" content=\"https:\/\/rendezvous-dubai.com\/wp-content\/uploads\/2020\/05\/Leap_of_Faith_-_Atlantis_the_Palm_-_NS-700x572-1.jpg\" \/>\n\t<meta property=\"og:image:width\" content=\"700\" \/>\n\t<meta property=\"og:image:height\" content=\"571\" \/>\n\t<meta property=\"og:image:type\" content=\"image\/jpeg\" \/>\n<meta name=\"twitter:card\" content=\"summary_large_image\" \/>\n<meta name=\"twitter:label1\" content=\"Est. reading time\" \/>\n\t<meta name=\"twitter:data1\" content=\"1 minute\" \/>\n<script type=\"application\/ld+json\" class=\"yoast-schema-graph\">{\"@context\":\"https:\/\/schema.org\",\"@graph\":[{\"@type\":\"WebPage\",\"@id\":\"https:\/\/rendezvous-dubai.com\/es\/producto\/atlantis-waterpark\/\",\"url\":\"https:\/\/rendezvous-dubai.com\/es\/producto\/atlantis-waterpark\/\",\"name\":\"Book Now | ATLANTIS AQUAVENTURE - RENDEZVOUS DUBAI\",\"isPartOf\":{\"@id\":\"https:\/\/rendezvous-dubai.com\/es\/#website\"},\"primaryImageOfPage\":{\"@id\":\"https:\/\/rendezvous-dubai.com\/es\/producto\/atlantis-waterpark\/#primaryimage\"},\"image\":{\"@id\":\"https:\/\/rendezvous-dubai.com\/es\/producto\/atlantis-waterpark\/#primaryimage\"},\"thumbnailUrl\":\"https:\/\/rendezvous-dubai.com\/wp-content\/uploads\/2020\/05\/Leap_of_Faith_-_Atlantis_the_Palm_-_NS-700x572-1.jpg\",\"datePublished\":\"2020-06-05T15:43:09+00:00\",\"dateModified\":\"2025-08-30T15:01:09+00:00\",\"description\":\"Atlantis Waterpark es el parque acu\u00e1tico m\u00e1s famoso de Dubai, donde puedes disfrutar de toboganes, algunos de los cuales son muy vertiginosos.\",\"breadcrumb\":{\"@id\":\"https:\/\/rendezvous-dubai.com\/es\/producto\/atlantis-waterpark\/#breadcrumb\"},\"inLanguage\":\"es-ES\",\"potentialAction\":[{\"@type\":\"ReadAction\",\"target\":[\"https:\/\/rendezvous-dubai.com\/es\/producto\/atlantis-waterpark\/\"]}]},{\"@type\":\"ImageObject\",\"inLanguage\":\"es-ES\",\"@id\":\"https:\/\/rendezvous-dubai.com\/es\/producto\/atlantis-waterpark\/#primaryimage\",\"url\":\"https:\/\/rendezvous-dubai.com\/wp-content\/uploads\/2020\/05\/Leap_of_Faith_-_Atlantis_the_Palm_-_NS-700x572-1.jpg\",\"contentUrl\":\"https:\/\/rendezvous-dubai.com\/wp-content\/uploads\/2020\/05\/Leap_of_Faith_-_Atlantis_the_Palm_-_NS-700x572-1.jpg\",\"width\":700,\"height\":571,\"caption\":\"Atlantis Aquaventure Dubai\"},{\"@type\":\"BreadcrumbList\",\"@id\":\"https:\/\/rendezvous-dubai.com\/es\/producto\/atlantis-waterpark\/#breadcrumb\",\"itemListElement\":[{\"@type\":\"ListItem\",\"position\":1,\"name\":\"Home\",\"item\":\"https:\/\/rendezvous-dubai.com\/es\/\"},{\"@type\":\"ListItem\",\"position\":2,\"name\":\"Shop\",\"item\":\"https:\/\/rendezvous-dubai.com\/shop\/\"},{\"@type\":\"ListItem\",\"position\":3,\"name\":\"ATLANTIS AQUAVENTURE\"}]},{\"@type\":\"WebSite\",\"@id\":\"https:\/\/rendezvous-dubai.com\/es\/#website\",\"url\":\"https:\/\/rendezvous-dubai.com\/es\/\",\"name\":\"RENDEZVOUS DUBAI\",\"description\":\"Your Event Organizer\",\"publisher\":{\"@id\":\"https:\/\/rendezvous-dubai.com\/es\/#organization\"},\"potentialAction\":[{\"@type\":\"SearchAction\",\"target\":{\"@type\":\"EntryPoint\",\"urlTemplate\":\"https:\/\/rendezvous-dubai.com\/es\/?s={search_term_string}\"},\"query-input\":{\"@type\":\"PropertyValueSpecification\",\"valueRequired\":true,\"valueName\":\"search_term_string\"}}],\"inLanguage\":\"es-ES\"},{\"@type\":\"Organization\",\"@id\":\"https:\/\/rendezvous-dubai.com\/es\/#organization\",\"name\":\"RENDEZVOUS DUBAI\",\"url\":\"https:\/\/rendezvous-dubai.com\/es\/\",\"logo\":{\"@type\":\"ImageObject\",\"inLanguage\":\"es-ES\",\"@id\":\"https:\/\/rendezvous-dubai.com\/es\/#\/schema\/logo\/image\/\",\"url\":\"https:\/\/i0.wp.com\/rendezvous-dubai.com\/wp-content\/uploads\/2020\/05\/Logo-RDV-Dubai.png?fit=1426%2C1422&ssl=1\",\"contentUrl\":\"https:\/\/i0.wp.com\/rendezvous-dubai.com\/wp-content\/uploads\/2020\/05\/Logo-RDV-Dubai.png?fit=1426%2C1422&ssl=1\",\"width\":1426,\"height\":1422,\"caption\":\"RENDEZVOUS DUBAI\"},\"image\":{\"@id\":\"https:\/\/rendezvous-dubai.com\/es\/#\/schema\/logo\/image\/\"},\"sameAs\":[\"https:\/\/www.facebook.com\/rendezvousdubai\",\"https:\/\/www.instagram.com\/rendezvousdubai\/\",\"https:\/\/www.youtube.com\/@rendezvousdubai\"]}]}<\/script>\n<!-- \/ Yoast SEO plugin. -->","yoast_head_json":{"title":"Book Now | ATLANTIS AQUAVENTURE - RENDEZVOUS DUBAI","description":"Atlantis Waterpark es el parque acu\u00e1tico m\u00e1s famoso de Dubai, donde puedes disfrutar de toboganes, algunos de los cuales son muy vertiginosos.","robots":{"index":"index","follow":"follow","max-snippet":"max-snippet:-1","max-image-preview":"max-image-preview:large","max-video-preview":"max-video-preview:-1"},"canonical":"https:\/\/rendezvous-dubai.com\/es\/producto\/atlantis-waterpark\/","og_locale":"es_ES","og_type":"article","og_title":"Book Now | ATLANTIS AQUAVENTURE - RENDEZVOUS DUBAI","og_description":"Atlantis Waterpark es el parque acu\u00e1tico m\u00e1s famoso de Dubai, donde puedes disfrutar de toboganes, algunos de los cuales son muy vertiginosos.","og_url":"https:\/\/rendezvous-dubai.com\/es\/producto\/atlantis-waterpark\/","og_site_name":"RENDEZVOUS DUBAI","article_publisher":"https:\/\/www.facebook.com\/rendezvousdubai","article_modified_time":"2025-08-30T15:01:09+00:00","og_image":[{"width":700,"height":571,"url":"https:\/\/rendezvous-dubai.com\/wp-content\/uploads\/2020\/05\/Leap_of_Faith_-_Atlantis_the_Palm_-_NS-700x572-1.jpg","type":"image\/jpeg"}],"twitter_card":"summary_large_image","twitter_misc":{"Est. reading time":"1 minute"},"schema":{"@context":"https:\/\/schema.org","@graph":[{"@type":"WebPage","@id":"https:\/\/rendezvous-dubai.com\/es\/producto\/atlantis-waterpark\/","url":"https:\/\/rendezvous-dubai.com\/es\/producto\/atlantis-waterpark\/","name":"Book Now | ATLANTIS AQUAVENTURE - RENDEZVOUS DUBAI","isPartOf":{"@id":"https:\/\/rendezvous-dubai.com\/es\/#website"},"primaryImageOfPage":{"@id":"https:\/\/rendezvous-dubai.com\/es\/producto\/atlantis-waterpark\/#primaryimage"},"image":{"@id":"https:\/\/rendezvous-dubai.com\/es\/producto\/atlantis-waterpark\/#primaryimage"},"thumbnailUrl":"https:\/\/rendezvous-dubai.com\/wp-content\/uploads\/2020\/05\/Leap_of_Faith_-_Atlantis_the_Palm_-_NS-700x572-1.jpg","datePublished":"2020-06-05T15:43:09+00:00","dateModified":"2025-08-30T15:01:09+00:00","description":"Atlantis Waterpark es el parque acu\u00e1tico m\u00e1s famoso de Dubai, donde puedes disfrutar de toboganes, algunos de los cuales son muy vertiginosos.","breadcrumb":{"@id":"https:\/\/rendezvous-dubai.com\/es\/producto\/atlantis-waterpark\/#breadcrumb"},"inLanguage":"es-ES","potentialAction":[{"@type":"ReadAction","target":["https:\/\/rendezvous-dubai.com\/es\/producto\/atlantis-waterpark\/"]}]},{"@type":"ImageObject","inLanguage":"es-ES","@id":"https:\/\/rendezvous-dubai.com\/es\/producto\/atlantis-waterpark\/#primaryimage","url":"https:\/\/rendezvous-dubai.com\/wp-content\/uploads\/2020\/05\/Leap_of_Faith_-_Atlantis_the_Palm_-_NS-700x572-1.jpg","contentUrl":"https:\/\/rendezvous-dubai.com\/wp-content\/uploads\/2020\/05\/Leap_of_Faith_-_Atlantis_the_Palm_-_NS-700x572-1.jpg","width":700,"height":571,"caption":"Atlantis Aquaventure Dubai"},{"@type":"BreadcrumbList","@id":"https:\/\/rendezvous-dubai.com\/es\/producto\/atlantis-waterpark\/#breadcrumb","itemListElement":[{"@type":"ListItem","position":1,"name":"Home","item":"https:\/\/rendezvous-dubai.com\/es\/"},{"@type":"ListItem","position":2,"name":"Shop","item":"https:\/\/rendezvous-dubai.com\/shop\/"},{"@type":"ListItem","position":3,"name":"ATLANTIS AQUAVENTURE"}]},{"@type":"WebSite","@id":"https:\/\/rendezvous-dubai.com\/es\/#website","url":"https:\/\/rendezvous-dubai.com\/es\/","name":"RENDEZVOUS DUBAI","description":"Your Event Organizer","publisher":{"@id":"https:\/\/rendezvous-dubai.com\/es\/#organization"},"potentialAction":[{"@type":"SearchAction","target":{"@type":"EntryPoint","urlTemplate":"https:\/\/rendezvous-dubai.com\/es\/?s={search_term_string}"},"query-input":{"@type":"PropertyValueSpecification","valueRequired":true,"valueName":"search_term_string"}}],"inLanguage":"es-ES"},{"@type":"Organization","@id":"https:\/\/rendezvous-dubai.com\/es\/#organization","name":"RENDEZVOUS DUBAI","url":"https:\/\/rendezvous-dubai.com\/es\/","logo":{"@type":"ImageObject","inLanguage":"es-ES","@id":"https:\/\/rendezvous-dubai.com\/es\/#\/schema\/logo\/image\/","url":"https:\/\/i0.wp.com\/rendezvous-dubai.com\/wp-content\/uploads\/2020\/05\/Logo-RDV-Dubai.png?fit=1426%2C1422&ssl=1","contentUrl":"https:\/\/i0.wp.com\/rendezvous-dubai.com\/wp-content\/uploads\/2020\/05\/Logo-RDV-Dubai.png?fit=1426%2C1422&ssl=1","width":1426,"height":1422,"caption":"RENDEZVOUS DUBAI"},"image":{"@id":"https:\/\/rendezvous-dubai.com\/es\/#\/schema\/logo\/image\/"},"sameAs":["https:\/\/www.facebook.com\/rendezvousdubai","https:\/\/www.instagram.com\/rendezvousdubai\/","https:\/\/www.youtube.com\/@rendezvousdubai"]}]}},"jetpack_sharing_enabled":true,"_links":{"self":[{"href":"https:\/\/rendezvous-dubai.com\/es\/wp-json\/wp\/v2\/product\/7064","targetHints":{"allow":["GET"]}}],"collection":[{"href":"https:\/\/rendezvous-dubai.com\/es\/wp-json\/wp\/v2\/product"}],"about":[{"href":"https:\/\/rendezvous-dubai.com\/es\/wp-json\/wp\/v2\/types\/product"}],"replies":[{"embeddable":true,"href":"https:\/\/rendezvous-dubai.com\/es\/wp-json\/wp\/v2\/comments?post=7064"}],"wp:featuredmedia":[{"embeddable":true,"href":"https:\/\/rendezvous-dubai.com\/es\/wp-json\/wp\/v2\/media\/6589"}],"wp:attachment":[{"href":"https:\/\/rendezvous-dubai.com\/es\/wp-json\/wp\/v2\/media?parent=7064"}],"wp:term":[{"taxonomy":"product_brand","embeddable":true,"href":"https:\/\/rendezvous-dubai.com\/es\/wp-json\/wp\/v2\/product_brand?post=7064"},{"taxonomy":"product_cat","embeddable":true,"href":"https:\/\/rendezvous-dubai.com\/es\/wp-json\/wp\/v2\/product_cat?post=7064"},{"taxonomy":"product_tag","embeddable":true,"href":"https:\/\/rendezvous-dubai.com\/es\/wp-json\/wp\/v2\/product_tag?post=7064"}],"curies":[{"name":"wp","href":"https:\/\/api.w.org\/{rel}","templated":true}]}}