{"id":68949,"date":"2024-09-13T15:48:26","date_gmt":"2024-09-13T11:48:27","guid":{"rendered":"https:\/\/rendezvous-dubai.com\/?post_type=product&#038;p=68949"},"modified":"2025-08-30T21:57:20","modified_gmt":"2025-08-30T17:57:20","slug":"ferrari-488-spider-copy","status":"publish","type":"product","link":"https:\/\/rendezvous-dubai.com\/es\/producto\/ferrari-488-spider-copy\/","title":{"rendered":"VAN MERCEDES MAYBACH"},"content":{"rendered":"<p>La furgoneta Mercedes-Maybach establece un nuevo est\u00e1ndar de lujo y sofisticaci\u00f3n en el segmento de las furgonetas. Combinando la amplitud de una furgoneta, ofrece una experiencia de viaje inigualable. Para una m\u00e1xima comodidad, se proporciona un conductor profesional, que garantiza un viaje tranquilo y sin esfuerzo mientras usted se relaja con un estilo y una elegancia incomparables.<\/p>\n","protected":false},"excerpt":{"rendered":"<p>La furgoneta Mercedes-Maybach establece un nuevo est\u00e1ndar de lujo y sofisticaci\u00f3n en el segmento de las furgonetas. Combinando la amplitud de una furgoneta, ofrece una experiencia de viaje inigualable. Para una m\u00e1xima comodidad, se proporciona un conductor profesional, que garantiza un viaje tranquilo y sin esfuerzo mientras usted se relaja con un estilo y una [&hellip;]<\/p>\n","protected":false},"featured_media":68953,"comment_status":"open","ping_status":"closed","template":"","meta":{"_joinchat":{"message_send":"*Hello {SITE} !*\nI need more information about the {PRODUCT}..."}},"product_brand":[],"product_cat":[479],"product_tag":[489,488,546],"class_list":{"0":"post-68949","1":"product","2":"type-product","3":"status-publish","4":"has-post-thumbnail","6":"product_cat-coches-alquiler","7":"product_tag-dubai-car-rental-es","8":"product_tag-luxury-car-es","9":"product_tag-supercar-es","10":"activity_level-challenging","12":"first","13":"instock","14":"virtual","15":"sold-individually","16":"purchasable","17":"product-type-booking"},"yoast_head":"<!-- This site is optimized with the Yoast SEO plugin v25.8 - https:\/\/yoast.com\/wordpress\/plugins\/seo\/ -->\n<title>Book Now | VAN MERCEDES MAYBACH - RENDEZVOUS DUBAI<\/title>\n<meta name=\"description\" content=\"Descubre la esencia del lujo con nuestro servicio de alquiler de autos de lujo en Dub\u00e1i. Experimenta la emoci\u00f3n de conducir veh\u00edculos de alta gama por el impresionante paisaje urbano. Reserva ahora para un viaje inolvidable.\" \/>\n<meta name=\"robots\" content=\"index, follow, max-snippet:-1, max-image-preview:large, max-video-preview:-1\" \/>\n<link rel=\"canonical\" href=\"https:\/\/rendezvous-dubai.com\/es\/producto\/ferrari-488-spider-copy\/\" \/>\n<meta property=\"og:locale\" content=\"es_ES\" \/>\n<meta property=\"og:type\" content=\"article\" \/>\n<meta property=\"og:title\" content=\"Book Now | VAN MERCEDES MAYBACH - RENDEZVOUS DUBAI\" \/>\n<meta property=\"og:description\" content=\"Descubre la esencia del lujo con nuestro servicio de alquiler de autos de lujo en Dub\u00e1i. Experimenta la emoci\u00f3n de conducir veh\u00edculos de alta gama por el impresionante paisaje urbano. Reserva ahora para un viaje inolvidable.\" \/>\n<meta property=\"og:url\" content=\"https:\/\/rendezvous-dubai.com\/es\/producto\/ferrari-488-spider-copy\/\" \/>\n<meta property=\"og:site_name\" content=\"RENDEZVOUS DUBAI\" \/>\n<meta property=\"article:publisher\" content=\"https:\/\/www.facebook.com\/rendezvousdubai\" \/>\n<meta property=\"article:modified_time\" content=\"2025-08-30T17:57:20+00:00\" \/>\n<meta property=\"og:image\" content=\"https:\/\/rendezvous-dubai.com\/wp-content\/uploads\/2024\/09\/WhatsApp-Image-2024-09-13-at-15.45.55.jpeg\" \/>\n\t<meta property=\"og:image:width\" content=\"1280\" \/>\n\t<meta property=\"og:image:height\" content=\"960\" \/>\n\t<meta property=\"og:image:type\" content=\"image\/jpeg\" \/>\n<meta name=\"twitter:card\" content=\"summary_large_image\" \/>\n<meta name=\"twitter:label1\" content=\"Est. reading time\" \/>\n\t<meta name=\"twitter:data1\" content=\"1 minute\" \/>\n<script type=\"application\/ld+json\" class=\"yoast-schema-graph\">{\"@context\":\"https:\/\/schema.org\",\"@graph\":[{\"@type\":\"WebPage\",\"@id\":\"https:\/\/rendezvous-dubai.com\/es\/producto\/ferrari-488-spider-copy\/\",\"url\":\"https:\/\/rendezvous-dubai.com\/es\/producto\/ferrari-488-spider-copy\/\",\"name\":\"Book Now | VAN MERCEDES MAYBACH - RENDEZVOUS DUBAI\",\"isPartOf\":{\"@id\":\"https:\/\/rendezvous-dubai.com\/es\/#website\"},\"primaryImageOfPage\":{\"@id\":\"https:\/\/rendezvous-dubai.com\/es\/producto\/ferrari-488-spider-copy\/#primaryimage\"},\"image\":{\"@id\":\"https:\/\/rendezvous-dubai.com\/es\/producto\/ferrari-488-spider-copy\/#primaryimage\"},\"thumbnailUrl\":\"https:\/\/rendezvous-dubai.com\/wp-content\/uploads\/2024\/09\/WhatsApp-Image-2024-09-13-at-15.45.55.jpeg\",\"datePublished\":\"2024-09-13T11:48:27+00:00\",\"dateModified\":\"2025-08-30T17:57:20+00:00\",\"description\":\"Descubre la esencia del lujo con nuestro servicio de alquiler de autos de lujo en Dub\u00e1i. Experimenta la emoci\u00f3n de conducir veh\u00edculos de alta gama por el impresionante paisaje urbano. Reserva ahora para un viaje inolvidable.\",\"breadcrumb\":{\"@id\":\"https:\/\/rendezvous-dubai.com\/es\/producto\/ferrari-488-spider-copy\/#breadcrumb\"},\"inLanguage\":\"es-ES\",\"potentialAction\":[{\"@type\":\"ReadAction\",\"target\":[\"https:\/\/rendezvous-dubai.com\/es\/producto\/ferrari-488-spider-copy\/\"]}]},{\"@type\":\"ImageObject\",\"inLanguage\":\"es-ES\",\"@id\":\"https:\/\/rendezvous-dubai.com\/es\/producto\/ferrari-488-spider-copy\/#primaryimage\",\"url\":\"https:\/\/rendezvous-dubai.com\/wp-content\/uploads\/2024\/09\/WhatsApp-Image-2024-09-13-at-15.45.55.jpeg\",\"contentUrl\":\"https:\/\/rendezvous-dubai.com\/wp-content\/uploads\/2024\/09\/WhatsApp-Image-2024-09-13-at-15.45.55.jpeg\",\"width\":1280,\"height\":960,\"caption\":\"Van Mercedes Maybach Driver\"},{\"@type\":\"BreadcrumbList\",\"@id\":\"https:\/\/rendezvous-dubai.com\/es\/producto\/ferrari-488-spider-copy\/#breadcrumb\",\"itemListElement\":[{\"@type\":\"ListItem\",\"position\":1,\"name\":\"Home\",\"item\":\"https:\/\/rendezvous-dubai.com\/es\/\"},{\"@type\":\"ListItem\",\"position\":2,\"name\":\"Shop\",\"item\":\"https:\/\/rendezvous-dubai.com\/shop\/\"},{\"@type\":\"ListItem\",\"position\":3,\"name\":\"VAN MERCEDES MAYBACH\"}]},{\"@type\":\"WebSite\",\"@id\":\"https:\/\/rendezvous-dubai.com\/es\/#website\",\"url\":\"https:\/\/rendezvous-dubai.com\/es\/\",\"name\":\"RENDEZVOUS DUBAI\",\"description\":\"Your Event Organizer\",\"publisher\":{\"@id\":\"https:\/\/rendezvous-dubai.com\/es\/#organization\"},\"potentialAction\":[{\"@type\":\"SearchAction\",\"target\":{\"@type\":\"EntryPoint\",\"urlTemplate\":\"https:\/\/rendezvous-dubai.com\/es\/?s={search_term_string}\"},\"query-input\":{\"@type\":\"PropertyValueSpecification\",\"valueRequired\":true,\"valueName\":\"search_term_string\"}}],\"inLanguage\":\"es-ES\"},{\"@type\":\"Organization\",\"@id\":\"https:\/\/rendezvous-dubai.com\/es\/#organization\",\"name\":\"RENDEZVOUS DUBAI\",\"url\":\"https:\/\/rendezvous-dubai.com\/es\/\",\"logo\":{\"@type\":\"ImageObject\",\"inLanguage\":\"es-ES\",\"@id\":\"https:\/\/rendezvous-dubai.com\/es\/#\/schema\/logo\/image\/\",\"url\":\"https:\/\/i0.wp.com\/rendezvous-dubai.com\/wp-content\/uploads\/2020\/05\/Logo-RDV-Dubai.png?fit=1426%2C1422&ssl=1\",\"contentUrl\":\"https:\/\/i0.wp.com\/rendezvous-dubai.com\/wp-content\/uploads\/2020\/05\/Logo-RDV-Dubai.png?fit=1426%2C1422&ssl=1\",\"width\":1426,\"height\":1422,\"caption\":\"RENDEZVOUS DUBAI\"},\"image\":{\"@id\":\"https:\/\/rendezvous-dubai.com\/es\/#\/schema\/logo\/image\/\"},\"sameAs\":[\"https:\/\/www.facebook.com\/rendezvousdubai\",\"https:\/\/www.instagram.com\/rendezvousdubai\/\",\"https:\/\/www.youtube.com\/@rendezvousdubai\"]}]}<\/script>\n<!-- \/ Yoast SEO plugin. -->","yoast_head_json":{"title":"Book Now | VAN MERCEDES MAYBACH - RENDEZVOUS DUBAI","description":"Descubre la esencia del lujo con nuestro servicio de alquiler de autos de lujo en Dub\u00e1i. Experimenta la emoci\u00f3n de conducir veh\u00edculos de alta gama por el impresionante paisaje urbano. Reserva ahora para un viaje inolvidable.","robots":{"index":"index","follow":"follow","max-snippet":"max-snippet:-1","max-image-preview":"max-image-preview:large","max-video-preview":"max-video-preview:-1"},"canonical":"https:\/\/rendezvous-dubai.com\/es\/producto\/ferrari-488-spider-copy\/","og_locale":"es_ES","og_type":"article","og_title":"Book Now | VAN MERCEDES MAYBACH - RENDEZVOUS DUBAI","og_description":"Descubre la esencia del lujo con nuestro servicio de alquiler de autos de lujo en Dub\u00e1i. Experimenta la emoci\u00f3n de conducir veh\u00edculos de alta gama por el impresionante paisaje urbano. Reserva ahora para un viaje inolvidable.","og_url":"https:\/\/rendezvous-dubai.com\/es\/producto\/ferrari-488-spider-copy\/","og_site_name":"RENDEZVOUS DUBAI","article_publisher":"https:\/\/www.facebook.com\/rendezvousdubai","article_modified_time":"2025-08-30T17:57:20+00:00","og_image":[{"width":1280,"height":960,"url":"https:\/\/rendezvous-dubai.com\/wp-content\/uploads\/2024\/09\/WhatsApp-Image-2024-09-13-at-15.45.55.jpeg","type":"image\/jpeg"}],"twitter_card":"summary_large_image","twitter_misc":{"Est. reading time":"1 minute"},"schema":{"@context":"https:\/\/schema.org","@graph":[{"@type":"WebPage","@id":"https:\/\/rendezvous-dubai.com\/es\/producto\/ferrari-488-spider-copy\/","url":"https:\/\/rendezvous-dubai.com\/es\/producto\/ferrari-488-spider-copy\/","name":"Book Now | VAN MERCEDES MAYBACH - RENDEZVOUS DUBAI","isPartOf":{"@id":"https:\/\/rendezvous-dubai.com\/es\/#website"},"primaryImageOfPage":{"@id":"https:\/\/rendezvous-dubai.com\/es\/producto\/ferrari-488-spider-copy\/#primaryimage"},"image":{"@id":"https:\/\/rendezvous-dubai.com\/es\/producto\/ferrari-488-spider-copy\/#primaryimage"},"thumbnailUrl":"https:\/\/rendezvous-dubai.com\/wp-content\/uploads\/2024\/09\/WhatsApp-Image-2024-09-13-at-15.45.55.jpeg","datePublished":"2024-09-13T11:48:27+00:00","dateModified":"2025-08-30T17:57:20+00:00","description":"Descubre la esencia del lujo con nuestro servicio de alquiler de autos de lujo en Dub\u00e1i. Experimenta la emoci\u00f3n de conducir veh\u00edculos de alta gama por el impresionante paisaje urbano. Reserva ahora para un viaje inolvidable.","breadcrumb":{"@id":"https:\/\/rendezvous-dubai.com\/es\/producto\/ferrari-488-spider-copy\/#breadcrumb"},"inLanguage":"es-ES","potentialAction":[{"@type":"ReadAction","target":["https:\/\/rendezvous-dubai.com\/es\/producto\/ferrari-488-spider-copy\/"]}]},{"@type":"ImageObject","inLanguage":"es-ES","@id":"https:\/\/rendezvous-dubai.com\/es\/producto\/ferrari-488-spider-copy\/#primaryimage","url":"https:\/\/rendezvous-dubai.com\/wp-content\/uploads\/2024\/09\/WhatsApp-Image-2024-09-13-at-15.45.55.jpeg","contentUrl":"https:\/\/rendezvous-dubai.com\/wp-content\/uploads\/2024\/09\/WhatsApp-Image-2024-09-13-at-15.45.55.jpeg","width":1280,"height":960,"caption":"Van Mercedes Maybach Driver"},{"@type":"BreadcrumbList","@id":"https:\/\/rendezvous-dubai.com\/es\/producto\/ferrari-488-spider-copy\/#breadcrumb","itemListElement":[{"@type":"ListItem","position":1,"name":"Home","item":"https:\/\/rendezvous-dubai.com\/es\/"},{"@type":"ListItem","position":2,"name":"Shop","item":"https:\/\/rendezvous-dubai.com\/shop\/"},{"@type":"ListItem","position":3,"name":"VAN MERCEDES MAYBACH"}]},{"@type":"WebSite","@id":"https:\/\/rendezvous-dubai.com\/es\/#website","url":"https:\/\/rendezvous-dubai.com\/es\/","name":"RENDEZVOUS DUBAI","description":"Your Event Organizer","publisher":{"@id":"https:\/\/rendezvous-dubai.com\/es\/#organization"},"potentialAction":[{"@type":"SearchAction","target":{"@type":"EntryPoint","urlTemplate":"https:\/\/rendezvous-dubai.com\/es\/?s={search_term_string}"},"query-input":{"@type":"PropertyValueSpecification","valueRequired":true,"valueName":"search_term_string"}}],"inLanguage":"es-ES"},{"@type":"Organization","@id":"https:\/\/rendezvous-dubai.com\/es\/#organization","name":"RENDEZVOUS DUBAI","url":"https:\/\/rendezvous-dubai.com\/es\/","logo":{"@type":"ImageObject","inLanguage":"es-ES","@id":"https:\/\/rendezvous-dubai.com\/es\/#\/schema\/logo\/image\/","url":"https:\/\/i0.wp.com\/rendezvous-dubai.com\/wp-content\/uploads\/2020\/05\/Logo-RDV-Dubai.png?fit=1426%2C1422&ssl=1","contentUrl":"https:\/\/i0.wp.com\/rendezvous-dubai.com\/wp-content\/uploads\/2020\/05\/Logo-RDV-Dubai.png?fit=1426%2C1422&ssl=1","width":1426,"height":1422,"caption":"RENDEZVOUS DUBAI"},"image":{"@id":"https:\/\/rendezvous-dubai.com\/es\/#\/schema\/logo\/image\/"},"sameAs":["https:\/\/www.facebook.com\/rendezvousdubai","https:\/\/www.instagram.com\/rendezvousdubai\/","https:\/\/www.youtube.com\/@rendezvousdubai"]}]}},"jetpack_sharing_enabled":true,"_links":{"self":[{"href":"https:\/\/rendezvous-dubai.com\/es\/wp-json\/wp\/v2\/product\/68949","targetHints":{"allow":["GET"]}}],"collection":[{"href":"https:\/\/rendezvous-dubai.com\/es\/wp-json\/wp\/v2\/product"}],"about":[{"href":"https:\/\/rendezvous-dubai.com\/es\/wp-json\/wp\/v2\/types\/product"}],"replies":[{"embeddable":true,"href":"https:\/\/rendezvous-dubai.com\/es\/wp-json\/wp\/v2\/comments?post=68949"}],"wp:featuredmedia":[{"embeddable":true,"href":"https:\/\/rendezvous-dubai.com\/es\/wp-json\/wp\/v2\/media\/68953"}],"wp:attachment":[{"href":"https:\/\/rendezvous-dubai.com\/es\/wp-json\/wp\/v2\/media?parent=68949"}],"wp:term":[{"taxonomy":"product_brand","embeddable":true,"href":"https:\/\/rendezvous-dubai.com\/es\/wp-json\/wp\/v2\/product_brand?post=68949"},{"taxonomy":"product_cat","embeddable":true,"href":"https:\/\/rendezvous-dubai.com\/es\/wp-json\/wp\/v2\/product_cat?post=68949"},{"taxonomy":"product_tag","embeddable":true,"href":"https:\/\/rendezvous-dubai.com\/es\/wp-json\/wp\/v2\/product_tag?post=68949"}],"curies":[{"name":"wp","href":"https:\/\/api.w.org\/{rel}","templated":true}]}}