{"id":47780,"date":"2023-04-30T23:18:37","date_gmt":"2023-04-30T19:18:38","guid":{"rendered":"https:\/\/rendezvous-dubai.com\/?post_type=product&#038;p=47780"},"modified":"2025-08-30T21:29:14","modified_gmt":"2025-08-30T17:29:14","slug":"ferrari-world","status":"publish","type":"product","link":"https:\/\/rendezvous-dubai.com\/es\/producto\/ferrari-world\/","title":{"rendered":"FERRARI WORLD"},"content":{"rendered":"<p>\u00bfBusca una experiencia \u00fanica en un parque tem\u00e1tico? No busque m\u00e1s, visite Ferrari World, situado en el coraz\u00f3n de Abu Dhabi. Como primer y \u00fanico parque tem\u00e1tico del mundo con la marca Ferrari, ofrece una experiencia envolvente perfecta para los amantes de las emociones fuertes de todas las edades.<\/p>\n","protected":false},"excerpt":{"rendered":"<p>\u00bfBusca una experiencia \u00fanica en un parque tem\u00e1tico? No busque m\u00e1s, visite Ferrari World, situado en el coraz\u00f3n de Abu Dhabi. Como primer y \u00fanico parque tem\u00e1tico del mundo con la marca Ferrari, ofrece una experiencia envolvente perfecta para los amantes de las emociones fuertes de todas las edades.<\/p>\n","protected":false},"featured_media":47791,"comment_status":"open","ping_status":"closed","template":"","meta":{"_joinchat":{"message_send":"*Hello {SITE} !*\nI need more information about the {PRODUCT}..."}},"product_brand":[],"product_cat":[444],"product_tag":[646],"class_list":{"0":"post-47780","1":"product","2":"type-product","3":"status-publish","4":"has-post-thumbnail","6":"product_cat-billetes","7":"product_tag-ferrari-world-es","8":"activity_level-challenging","10":"first","11":"instock","12":"virtual","13":"sold-individually","14":"purchasable","15":"product-type-booking"},"yoast_head":"<!-- This site is optimized with the Yoast SEO plugin v25.8 - https:\/\/yoast.com\/wordpress\/plugins\/seo\/ -->\n<title>Book Now | FERRARI WORLD - RENDEZVOUS DUBAI<\/title>\n<meta name=\"description\" content=\"Explora las maravillas de Dub\u00e1i con nuestras entradas todo en uno. Disfruta de emocionantes atracciones en el parque de atracciones, marav\u00edllate con la fascinante vida marina en el acuario y alcanza nuevas alturas en el ic\u00f3nico Burj Khalifa. Reserva tu aventura inolvidable hoy mismo.\" \/>\n<meta name=\"robots\" content=\"index, follow, max-snippet:-1, max-image-preview:large, max-video-preview:-1\" \/>\n<link rel=\"canonical\" href=\"https:\/\/rendezvous-dubai.com\/es\/producto\/ferrari-world\/\" \/>\n<meta property=\"og:locale\" content=\"es_ES\" \/>\n<meta property=\"og:type\" content=\"article\" \/>\n<meta property=\"og:title\" content=\"Book Now | FERRARI WORLD - RENDEZVOUS DUBAI\" \/>\n<meta property=\"og:description\" content=\"Explora las maravillas de Dub\u00e1i con nuestras entradas todo en uno. Disfruta de emocionantes atracciones en el parque de atracciones, marav\u00edllate con la fascinante vida marina en el acuario y alcanza nuevas alturas en el ic\u00f3nico Burj Khalifa. Reserva tu aventura inolvidable hoy mismo.\" \/>\n<meta property=\"og:url\" content=\"https:\/\/rendezvous-dubai.com\/es\/producto\/ferrari-world\/\" \/>\n<meta property=\"og:site_name\" content=\"RENDEZVOUS DUBAI\" \/>\n<meta property=\"article:publisher\" content=\"https:\/\/www.facebook.com\/rendezvousdubai\" \/>\n<meta property=\"article:modified_time\" content=\"2025-08-30T17:29:14+00:00\" \/>\n<meta property=\"og:image\" content=\"https:\/\/rendezvous-dubai.com\/wp-content\/uploads\/2023\/04\/Ferrari-world-Rendez-vous-dubai-2.jpeg\" \/>\n\t<meta property=\"og:image:width\" content=\"1200\" \/>\n\t<meta property=\"og:image:height\" content=\"855\" \/>\n\t<meta property=\"og:image:type\" content=\"image\/jpeg\" \/>\n<meta name=\"twitter:card\" content=\"summary_large_image\" \/>\n<meta name=\"twitter:label1\" content=\"Est. reading time\" \/>\n\t<meta name=\"twitter:data1\" content=\"1 minute\" \/>\n<script type=\"application\/ld+json\" class=\"yoast-schema-graph\">{\"@context\":\"https:\/\/schema.org\",\"@graph\":[{\"@type\":\"WebPage\",\"@id\":\"https:\/\/rendezvous-dubai.com\/es\/producto\/ferrari-world\/\",\"url\":\"https:\/\/rendezvous-dubai.com\/es\/producto\/ferrari-world\/\",\"name\":\"Book Now | FERRARI WORLD - RENDEZVOUS DUBAI\",\"isPartOf\":{\"@id\":\"https:\/\/rendezvous-dubai.com\/es\/#website\"},\"primaryImageOfPage\":{\"@id\":\"https:\/\/rendezvous-dubai.com\/es\/producto\/ferrari-world\/#primaryimage\"},\"image\":{\"@id\":\"https:\/\/rendezvous-dubai.com\/es\/producto\/ferrari-world\/#primaryimage\"},\"thumbnailUrl\":\"https:\/\/rendezvous-dubai.com\/wp-content\/uploads\/2023\/04\/Ferrari-world-Rendez-vous-dubai-2.jpeg\",\"datePublished\":\"2023-04-30T19:18:38+00:00\",\"dateModified\":\"2025-08-30T17:29:14+00:00\",\"description\":\"Explora las maravillas de Dub\u00e1i con nuestras entradas todo en uno. Disfruta de emocionantes atracciones en el parque de atracciones, marav\u00edllate con la fascinante vida marina en el acuario y alcanza nuevas alturas en el ic\u00f3nico Burj Khalifa. Reserva tu aventura inolvidable hoy mismo.\",\"breadcrumb\":{\"@id\":\"https:\/\/rendezvous-dubai.com\/es\/producto\/ferrari-world\/#breadcrumb\"},\"inLanguage\":\"es-ES\",\"potentialAction\":[{\"@type\":\"ReadAction\",\"target\":[\"https:\/\/rendezvous-dubai.com\/es\/producto\/ferrari-world\/\"]}]},{\"@type\":\"ImageObject\",\"inLanguage\":\"es-ES\",\"@id\":\"https:\/\/rendezvous-dubai.com\/es\/producto\/ferrari-world\/#primaryimage\",\"url\":\"https:\/\/rendezvous-dubai.com\/wp-content\/uploads\/2023\/04\/Ferrari-world-Rendez-vous-dubai-2.jpeg\",\"contentUrl\":\"https:\/\/rendezvous-dubai.com\/wp-content\/uploads\/2023\/04\/Ferrari-world-Rendez-vous-dubai-2.jpeg\",\"width\":1200,\"height\":855,\"caption\":\"Ferrari world Rendez-vous dubai 2\"},{\"@type\":\"BreadcrumbList\",\"@id\":\"https:\/\/rendezvous-dubai.com\/es\/producto\/ferrari-world\/#breadcrumb\",\"itemListElement\":[{\"@type\":\"ListItem\",\"position\":1,\"name\":\"Home\",\"item\":\"https:\/\/rendezvous-dubai.com\/es\/\"},{\"@type\":\"ListItem\",\"position\":2,\"name\":\"Shop\",\"item\":\"https:\/\/rendezvous-dubai.com\/shop\/\"},{\"@type\":\"ListItem\",\"position\":3,\"name\":\"FERRARI WORLD\"}]},{\"@type\":\"WebSite\",\"@id\":\"https:\/\/rendezvous-dubai.com\/es\/#website\",\"url\":\"https:\/\/rendezvous-dubai.com\/es\/\",\"name\":\"RENDEZVOUS DUBAI\",\"description\":\"Your Event Organizer\",\"publisher\":{\"@id\":\"https:\/\/rendezvous-dubai.com\/es\/#organization\"},\"potentialAction\":[{\"@type\":\"SearchAction\",\"target\":{\"@type\":\"EntryPoint\",\"urlTemplate\":\"https:\/\/rendezvous-dubai.com\/es\/?s={search_term_string}\"},\"query-input\":{\"@type\":\"PropertyValueSpecification\",\"valueRequired\":true,\"valueName\":\"search_term_string\"}}],\"inLanguage\":\"es-ES\"},{\"@type\":\"Organization\",\"@id\":\"https:\/\/rendezvous-dubai.com\/es\/#organization\",\"name\":\"RENDEZVOUS DUBAI\",\"url\":\"https:\/\/rendezvous-dubai.com\/es\/\",\"logo\":{\"@type\":\"ImageObject\",\"inLanguage\":\"es-ES\",\"@id\":\"https:\/\/rendezvous-dubai.com\/es\/#\/schema\/logo\/image\/\",\"url\":\"https:\/\/i0.wp.com\/rendezvous-dubai.com\/wp-content\/uploads\/2020\/05\/Logo-RDV-Dubai.png?fit=1426%2C1422&ssl=1\",\"contentUrl\":\"https:\/\/i0.wp.com\/rendezvous-dubai.com\/wp-content\/uploads\/2020\/05\/Logo-RDV-Dubai.png?fit=1426%2C1422&ssl=1\",\"width\":1426,\"height\":1422,\"caption\":\"RENDEZVOUS DUBAI\"},\"image\":{\"@id\":\"https:\/\/rendezvous-dubai.com\/es\/#\/schema\/logo\/image\/\"},\"sameAs\":[\"https:\/\/www.facebook.com\/rendezvousdubai\",\"https:\/\/www.instagram.com\/rendezvousdubai\/\",\"https:\/\/www.youtube.com\/@rendezvousdubai\"]}]}<\/script>\n<!-- \/ Yoast SEO plugin. -->","yoast_head_json":{"title":"Book Now | FERRARI WORLD - RENDEZVOUS DUBAI","description":"Explora las maravillas de Dub\u00e1i con nuestras entradas todo en uno. Disfruta de emocionantes atracciones en el parque de atracciones, marav\u00edllate con la fascinante vida marina en el acuario y alcanza nuevas alturas en el ic\u00f3nico Burj Khalifa. Reserva tu aventura inolvidable hoy mismo.","robots":{"index":"index","follow":"follow","max-snippet":"max-snippet:-1","max-image-preview":"max-image-preview:large","max-video-preview":"max-video-preview:-1"},"canonical":"https:\/\/rendezvous-dubai.com\/es\/producto\/ferrari-world\/","og_locale":"es_ES","og_type":"article","og_title":"Book Now | FERRARI WORLD - RENDEZVOUS DUBAI","og_description":"Explora las maravillas de Dub\u00e1i con nuestras entradas todo en uno. Disfruta de emocionantes atracciones en el parque de atracciones, marav\u00edllate con la fascinante vida marina en el acuario y alcanza nuevas alturas en el ic\u00f3nico Burj Khalifa. Reserva tu aventura inolvidable hoy mismo.","og_url":"https:\/\/rendezvous-dubai.com\/es\/producto\/ferrari-world\/","og_site_name":"RENDEZVOUS DUBAI","article_publisher":"https:\/\/www.facebook.com\/rendezvousdubai","article_modified_time":"2025-08-30T17:29:14+00:00","og_image":[{"width":1200,"height":855,"url":"https:\/\/rendezvous-dubai.com\/wp-content\/uploads\/2023\/04\/Ferrari-world-Rendez-vous-dubai-2.jpeg","type":"image\/jpeg"}],"twitter_card":"summary_large_image","twitter_misc":{"Est. reading time":"1 minute"},"schema":{"@context":"https:\/\/schema.org","@graph":[{"@type":"WebPage","@id":"https:\/\/rendezvous-dubai.com\/es\/producto\/ferrari-world\/","url":"https:\/\/rendezvous-dubai.com\/es\/producto\/ferrari-world\/","name":"Book Now | FERRARI WORLD - RENDEZVOUS DUBAI","isPartOf":{"@id":"https:\/\/rendezvous-dubai.com\/es\/#website"},"primaryImageOfPage":{"@id":"https:\/\/rendezvous-dubai.com\/es\/producto\/ferrari-world\/#primaryimage"},"image":{"@id":"https:\/\/rendezvous-dubai.com\/es\/producto\/ferrari-world\/#primaryimage"},"thumbnailUrl":"https:\/\/rendezvous-dubai.com\/wp-content\/uploads\/2023\/04\/Ferrari-world-Rendez-vous-dubai-2.jpeg","datePublished":"2023-04-30T19:18:38+00:00","dateModified":"2025-08-30T17:29:14+00:00","description":"Explora las maravillas de Dub\u00e1i con nuestras entradas todo en uno. Disfruta de emocionantes atracciones en el parque de atracciones, marav\u00edllate con la fascinante vida marina en el acuario y alcanza nuevas alturas en el ic\u00f3nico Burj Khalifa. Reserva tu aventura inolvidable hoy mismo.","breadcrumb":{"@id":"https:\/\/rendezvous-dubai.com\/es\/producto\/ferrari-world\/#breadcrumb"},"inLanguage":"es-ES","potentialAction":[{"@type":"ReadAction","target":["https:\/\/rendezvous-dubai.com\/es\/producto\/ferrari-world\/"]}]},{"@type":"ImageObject","inLanguage":"es-ES","@id":"https:\/\/rendezvous-dubai.com\/es\/producto\/ferrari-world\/#primaryimage","url":"https:\/\/rendezvous-dubai.com\/wp-content\/uploads\/2023\/04\/Ferrari-world-Rendez-vous-dubai-2.jpeg","contentUrl":"https:\/\/rendezvous-dubai.com\/wp-content\/uploads\/2023\/04\/Ferrari-world-Rendez-vous-dubai-2.jpeg","width":1200,"height":855,"caption":"Ferrari world Rendez-vous dubai 2"},{"@type":"BreadcrumbList","@id":"https:\/\/rendezvous-dubai.com\/es\/producto\/ferrari-world\/#breadcrumb","itemListElement":[{"@type":"ListItem","position":1,"name":"Home","item":"https:\/\/rendezvous-dubai.com\/es\/"},{"@type":"ListItem","position":2,"name":"Shop","item":"https:\/\/rendezvous-dubai.com\/shop\/"},{"@type":"ListItem","position":3,"name":"FERRARI WORLD"}]},{"@type":"WebSite","@id":"https:\/\/rendezvous-dubai.com\/es\/#website","url":"https:\/\/rendezvous-dubai.com\/es\/","name":"RENDEZVOUS DUBAI","description":"Your Event Organizer","publisher":{"@id":"https:\/\/rendezvous-dubai.com\/es\/#organization"},"potentialAction":[{"@type":"SearchAction","target":{"@type":"EntryPoint","urlTemplate":"https:\/\/rendezvous-dubai.com\/es\/?s={search_term_string}"},"query-input":{"@type":"PropertyValueSpecification","valueRequired":true,"valueName":"search_term_string"}}],"inLanguage":"es-ES"},{"@type":"Organization","@id":"https:\/\/rendezvous-dubai.com\/es\/#organization","name":"RENDEZVOUS DUBAI","url":"https:\/\/rendezvous-dubai.com\/es\/","logo":{"@type":"ImageObject","inLanguage":"es-ES","@id":"https:\/\/rendezvous-dubai.com\/es\/#\/schema\/logo\/image\/","url":"https:\/\/i0.wp.com\/rendezvous-dubai.com\/wp-content\/uploads\/2020\/05\/Logo-RDV-Dubai.png?fit=1426%2C1422&ssl=1","contentUrl":"https:\/\/i0.wp.com\/rendezvous-dubai.com\/wp-content\/uploads\/2020\/05\/Logo-RDV-Dubai.png?fit=1426%2C1422&ssl=1","width":1426,"height":1422,"caption":"RENDEZVOUS DUBAI"},"image":{"@id":"https:\/\/rendezvous-dubai.com\/es\/#\/schema\/logo\/image\/"},"sameAs":["https:\/\/www.facebook.com\/rendezvousdubai","https:\/\/www.instagram.com\/rendezvousdubai\/","https:\/\/www.youtube.com\/@rendezvousdubai"]}]}},"jetpack_sharing_enabled":true,"_links":{"self":[{"href":"https:\/\/rendezvous-dubai.com\/es\/wp-json\/wp\/v2\/product\/47780","targetHints":{"allow":["GET"]}}],"collection":[{"href":"https:\/\/rendezvous-dubai.com\/es\/wp-json\/wp\/v2\/product"}],"about":[{"href":"https:\/\/rendezvous-dubai.com\/es\/wp-json\/wp\/v2\/types\/product"}],"replies":[{"embeddable":true,"href":"https:\/\/rendezvous-dubai.com\/es\/wp-json\/wp\/v2\/comments?post=47780"}],"wp:featuredmedia":[{"embeddable":true,"href":"https:\/\/rendezvous-dubai.com\/es\/wp-json\/wp\/v2\/media\/47791"}],"wp:attachment":[{"href":"https:\/\/rendezvous-dubai.com\/es\/wp-json\/wp\/v2\/media?parent=47780"}],"wp:term":[{"taxonomy":"product_brand","embeddable":true,"href":"https:\/\/rendezvous-dubai.com\/es\/wp-json\/wp\/v2\/product_brand?post=47780"},{"taxonomy":"product_cat","embeddable":true,"href":"https:\/\/rendezvous-dubai.com\/es\/wp-json\/wp\/v2\/product_cat?post=47780"},{"taxonomy":"product_tag","embeddable":true,"href":"https:\/\/rendezvous-dubai.com\/es\/wp-json\/wp\/v2\/product_tag?post=47780"}],"curies":[{"name":"wp","href":"https:\/\/api.w.org\/{rel}","templated":true}]}}