{"id":47691,"date":"2023-04-29T15:06:59","date_gmt":"2023-04-29T11:07:01","guid":{"rendered":"https:\/\/rendezvous-dubai.com\/?post_type=product&#038;p=47691"},"modified":"2025-08-30T21:31:16","modified_gmt":"2025-08-30T17:31:16","slug":"formula-yas-3000","status":"publish","type":"product","link":"https:\/\/rendezvous-dubai.com\/es\/producto\/formula-yas-3000\/","title":{"rendered":"FORMULA YAS 3000"},"content":{"rendered":"<p>Este coche de carreras es imprescindible, ya que es a la vez din\u00e1mico y potente. Tiene un solo asiento y caracter\u00edsticas impresionantes como un fuerte agarre, neum\u00e1ticos lisos y grandes alerones. El motor es de gran potencia y garantiza una experiencia inolvidable.<\/p>\n","protected":false},"excerpt":{"rendered":"<p>Este coche de carreras es imprescindible, ya que es a la vez din\u00e1mico y potente. Tiene un solo asiento y caracter\u00edsticas impresionantes como un fuerte agarre, neum\u00e1ticos lisos y grandes alerones. El motor es de gran potencia y garantiza una experiencia inolvidable.<\/p>\n","protected":false},"featured_media":47698,"comment_status":"open","ping_status":"closed","template":"","meta":{"_joinchat":{"message_send":"*Hello {SITE} !*\nI need more information about the {PRODUCT}..."}},"product_brand":[],"product_cat":[444],"product_tag":[],"class_list":{"0":"post-47691","1":"product","2":"type-product","3":"status-publish","4":"has-post-thumbnail","6":"product_cat-billetes","7":"activity_level-challenging","9":"first","10":"instock","11":"virtual","12":"sold-individually","13":"purchasable","14":"product-type-booking"},"yoast_head":"<!-- This site is optimized with the Yoast SEO plugin v25.8 - https:\/\/yoast.com\/wordpress\/plugins\/seo\/ -->\n<title>Book Now | FORMULA YAS 3000 - RENDEZVOUS DUBAI<\/title>\n<meta name=\"description\" content=\"Explora las maravillas de Dub\u00e1i con nuestras entradas todo en uno. Disfruta de emocionantes atracciones en el parque de atracciones, marav\u00edllate con la fascinante vida marina en el acuario y alcanza nuevas alturas en el ic\u00f3nico Burj Khalifa. Reserva tu aventura inolvidable hoy mismo.\" \/>\n<meta name=\"robots\" content=\"index, follow, max-snippet:-1, max-image-preview:large, max-video-preview:-1\" \/>\n<link rel=\"canonical\" href=\"https:\/\/rendezvous-dubai.com\/es\/producto\/formula-yas-3000\/\" \/>\n<meta property=\"og:locale\" content=\"es_ES\" \/>\n<meta property=\"og:type\" content=\"article\" \/>\n<meta property=\"og:title\" content=\"Book Now | FORMULA YAS 3000 - RENDEZVOUS DUBAI\" \/>\n<meta property=\"og:description\" content=\"Explora las maravillas de Dub\u00e1i con nuestras entradas todo en uno. Disfruta de emocionantes atracciones en el parque de atracciones, marav\u00edllate con la fascinante vida marina en el acuario y alcanza nuevas alturas en el ic\u00f3nico Burj Khalifa. Reserva tu aventura inolvidable hoy mismo.\" \/>\n<meta property=\"og:url\" content=\"https:\/\/rendezvous-dubai.com\/es\/producto\/formula-yas-3000\/\" \/>\n<meta property=\"og:site_name\" content=\"RENDEZVOUS DUBAI\" \/>\n<meta property=\"article:publisher\" content=\"https:\/\/www.facebook.com\/rendezvousdubai\" \/>\n<meta property=\"article:modified_time\" content=\"2025-08-30T17:31:16+00:00\" \/>\n<meta property=\"og:image\" content=\"https:\/\/rendezvous-dubai.com\/wp-content\/uploads\/2023\/04\/Formula-Yas-3000-Rendez-vous-dubai1-1024x430.png\" \/>\n\t<meta property=\"og:image:width\" content=\"1024\" \/>\n\t<meta property=\"og:image:height\" content=\"430\" \/>\n\t<meta property=\"og:image:type\" content=\"image\/png\" \/>\n<meta name=\"twitter:card\" content=\"summary_large_image\" \/>\n<meta name=\"twitter:label1\" content=\"Est. reading time\" \/>\n\t<meta name=\"twitter:data1\" content=\"1 minute\" \/>\n<script type=\"application\/ld+json\" class=\"yoast-schema-graph\">{\"@context\":\"https:\/\/schema.org\",\"@graph\":[{\"@type\":\"WebPage\",\"@id\":\"https:\/\/rendezvous-dubai.com\/es\/producto\/formula-yas-3000\/\",\"url\":\"https:\/\/rendezvous-dubai.com\/es\/producto\/formula-yas-3000\/\",\"name\":\"Book Now | FORMULA YAS 3000 - RENDEZVOUS DUBAI\",\"isPartOf\":{\"@id\":\"https:\/\/rendezvous-dubai.com\/es\/#website\"},\"primaryImageOfPage\":{\"@id\":\"https:\/\/rendezvous-dubai.com\/es\/producto\/formula-yas-3000\/#primaryimage\"},\"image\":{\"@id\":\"https:\/\/rendezvous-dubai.com\/es\/producto\/formula-yas-3000\/#primaryimage\"},\"thumbnailUrl\":\"https:\/\/rendezvous-dubai.com\/wp-content\/uploads\/2023\/04\/Formula-Yas-3000-Rendez-vous-dubai1.png\",\"datePublished\":\"2023-04-29T11:07:01+00:00\",\"dateModified\":\"2025-08-30T17:31:16+00:00\",\"description\":\"Explora las maravillas de Dub\u00e1i con nuestras entradas todo en uno. Disfruta de emocionantes atracciones en el parque de atracciones, marav\u00edllate con la fascinante vida marina en el acuario y alcanza nuevas alturas en el ic\u00f3nico Burj Khalifa. Reserva tu aventura inolvidable hoy mismo.\",\"breadcrumb\":{\"@id\":\"https:\/\/rendezvous-dubai.com\/es\/producto\/formula-yas-3000\/#breadcrumb\"},\"inLanguage\":\"es-ES\",\"potentialAction\":[{\"@type\":\"ReadAction\",\"target\":[\"https:\/\/rendezvous-dubai.com\/es\/producto\/formula-yas-3000\/\"]}]},{\"@type\":\"ImageObject\",\"inLanguage\":\"es-ES\",\"@id\":\"https:\/\/rendezvous-dubai.com\/es\/producto\/formula-yas-3000\/#primaryimage\",\"url\":\"https:\/\/rendezvous-dubai.com\/wp-content\/uploads\/2023\/04\/Formula-Yas-3000-Rendez-vous-dubai1.png\",\"contentUrl\":\"https:\/\/rendezvous-dubai.com\/wp-content\/uploads\/2023\/04\/Formula-Yas-3000-Rendez-vous-dubai1.png\",\"width\":2424,\"height\":1019,\"caption\":\"Formula Yas 3000 Rendez-vous dubai1\"},{\"@type\":\"BreadcrumbList\",\"@id\":\"https:\/\/rendezvous-dubai.com\/es\/producto\/formula-yas-3000\/#breadcrumb\",\"itemListElement\":[{\"@type\":\"ListItem\",\"position\":1,\"name\":\"Home\",\"item\":\"https:\/\/rendezvous-dubai.com\/es\/\"},{\"@type\":\"ListItem\",\"position\":2,\"name\":\"Shop\",\"item\":\"https:\/\/rendezvous-dubai.com\/shop\/\"},{\"@type\":\"ListItem\",\"position\":3,\"name\":\"FORMULA YAS 3000\"}]},{\"@type\":\"WebSite\",\"@id\":\"https:\/\/rendezvous-dubai.com\/es\/#website\",\"url\":\"https:\/\/rendezvous-dubai.com\/es\/\",\"name\":\"RENDEZVOUS DUBAI\",\"description\":\"Your Event Organizer\",\"publisher\":{\"@id\":\"https:\/\/rendezvous-dubai.com\/es\/#organization\"},\"potentialAction\":[{\"@type\":\"SearchAction\",\"target\":{\"@type\":\"EntryPoint\",\"urlTemplate\":\"https:\/\/rendezvous-dubai.com\/es\/?s={search_term_string}\"},\"query-input\":{\"@type\":\"PropertyValueSpecification\",\"valueRequired\":true,\"valueName\":\"search_term_string\"}}],\"inLanguage\":\"es-ES\"},{\"@type\":\"Organization\",\"@id\":\"https:\/\/rendezvous-dubai.com\/es\/#organization\",\"name\":\"RENDEZVOUS DUBAI\",\"url\":\"https:\/\/rendezvous-dubai.com\/es\/\",\"logo\":{\"@type\":\"ImageObject\",\"inLanguage\":\"es-ES\",\"@id\":\"https:\/\/rendezvous-dubai.com\/es\/#\/schema\/logo\/image\/\",\"url\":\"https:\/\/i0.wp.com\/rendezvous-dubai.com\/wp-content\/uploads\/2020\/05\/Logo-RDV-Dubai.png?fit=1426%2C1422&ssl=1\",\"contentUrl\":\"https:\/\/i0.wp.com\/rendezvous-dubai.com\/wp-content\/uploads\/2020\/05\/Logo-RDV-Dubai.png?fit=1426%2C1422&ssl=1\",\"width\":1426,\"height\":1422,\"caption\":\"RENDEZVOUS DUBAI\"},\"image\":{\"@id\":\"https:\/\/rendezvous-dubai.com\/es\/#\/schema\/logo\/image\/\"},\"sameAs\":[\"https:\/\/www.facebook.com\/rendezvousdubai\",\"https:\/\/www.instagram.com\/rendezvousdubai\/\",\"https:\/\/www.youtube.com\/@rendezvousdubai\"]}]}<\/script>\n<!-- \/ Yoast SEO plugin. -->","yoast_head_json":{"title":"Book Now | FORMULA YAS 3000 - RENDEZVOUS DUBAI","description":"Explora las maravillas de Dub\u00e1i con nuestras entradas todo en uno. Disfruta de emocionantes atracciones en el parque de atracciones, marav\u00edllate con la fascinante vida marina en el acuario y alcanza nuevas alturas en el ic\u00f3nico Burj Khalifa. Reserva tu aventura inolvidable hoy mismo.","robots":{"index":"index","follow":"follow","max-snippet":"max-snippet:-1","max-image-preview":"max-image-preview:large","max-video-preview":"max-video-preview:-1"},"canonical":"https:\/\/rendezvous-dubai.com\/es\/producto\/formula-yas-3000\/","og_locale":"es_ES","og_type":"article","og_title":"Book Now | FORMULA YAS 3000 - RENDEZVOUS DUBAI","og_description":"Explora las maravillas de Dub\u00e1i con nuestras entradas todo en uno. Disfruta de emocionantes atracciones en el parque de atracciones, marav\u00edllate con la fascinante vida marina en el acuario y alcanza nuevas alturas en el ic\u00f3nico Burj Khalifa. Reserva tu aventura inolvidable hoy mismo.","og_url":"https:\/\/rendezvous-dubai.com\/es\/producto\/formula-yas-3000\/","og_site_name":"RENDEZVOUS DUBAI","article_publisher":"https:\/\/www.facebook.com\/rendezvousdubai","article_modified_time":"2025-08-30T17:31:16+00:00","og_image":[{"width":1024,"height":430,"url":"https:\/\/rendezvous-dubai.com\/wp-content\/uploads\/2023\/04\/Formula-Yas-3000-Rendez-vous-dubai1-1024x430.png","type":"image\/png"}],"twitter_card":"summary_large_image","twitter_misc":{"Est. reading time":"1 minute"},"schema":{"@context":"https:\/\/schema.org","@graph":[{"@type":"WebPage","@id":"https:\/\/rendezvous-dubai.com\/es\/producto\/formula-yas-3000\/","url":"https:\/\/rendezvous-dubai.com\/es\/producto\/formula-yas-3000\/","name":"Book Now | FORMULA YAS 3000 - RENDEZVOUS DUBAI","isPartOf":{"@id":"https:\/\/rendezvous-dubai.com\/es\/#website"},"primaryImageOfPage":{"@id":"https:\/\/rendezvous-dubai.com\/es\/producto\/formula-yas-3000\/#primaryimage"},"image":{"@id":"https:\/\/rendezvous-dubai.com\/es\/producto\/formula-yas-3000\/#primaryimage"},"thumbnailUrl":"https:\/\/rendezvous-dubai.com\/wp-content\/uploads\/2023\/04\/Formula-Yas-3000-Rendez-vous-dubai1.png","datePublished":"2023-04-29T11:07:01+00:00","dateModified":"2025-08-30T17:31:16+00:00","description":"Explora las maravillas de Dub\u00e1i con nuestras entradas todo en uno. Disfruta de emocionantes atracciones en el parque de atracciones, marav\u00edllate con la fascinante vida marina en el acuario y alcanza nuevas alturas en el ic\u00f3nico Burj Khalifa. Reserva tu aventura inolvidable hoy mismo.","breadcrumb":{"@id":"https:\/\/rendezvous-dubai.com\/es\/producto\/formula-yas-3000\/#breadcrumb"},"inLanguage":"es-ES","potentialAction":[{"@type":"ReadAction","target":["https:\/\/rendezvous-dubai.com\/es\/producto\/formula-yas-3000\/"]}]},{"@type":"ImageObject","inLanguage":"es-ES","@id":"https:\/\/rendezvous-dubai.com\/es\/producto\/formula-yas-3000\/#primaryimage","url":"https:\/\/rendezvous-dubai.com\/wp-content\/uploads\/2023\/04\/Formula-Yas-3000-Rendez-vous-dubai1.png","contentUrl":"https:\/\/rendezvous-dubai.com\/wp-content\/uploads\/2023\/04\/Formula-Yas-3000-Rendez-vous-dubai1.png","width":2424,"height":1019,"caption":"Formula Yas 3000 Rendez-vous dubai1"},{"@type":"BreadcrumbList","@id":"https:\/\/rendezvous-dubai.com\/es\/producto\/formula-yas-3000\/#breadcrumb","itemListElement":[{"@type":"ListItem","position":1,"name":"Home","item":"https:\/\/rendezvous-dubai.com\/es\/"},{"@type":"ListItem","position":2,"name":"Shop","item":"https:\/\/rendezvous-dubai.com\/shop\/"},{"@type":"ListItem","position":3,"name":"FORMULA YAS 3000"}]},{"@type":"WebSite","@id":"https:\/\/rendezvous-dubai.com\/es\/#website","url":"https:\/\/rendezvous-dubai.com\/es\/","name":"RENDEZVOUS DUBAI","description":"Your Event Organizer","publisher":{"@id":"https:\/\/rendezvous-dubai.com\/es\/#organization"},"potentialAction":[{"@type":"SearchAction","target":{"@type":"EntryPoint","urlTemplate":"https:\/\/rendezvous-dubai.com\/es\/?s={search_term_string}"},"query-input":{"@type":"PropertyValueSpecification","valueRequired":true,"valueName":"search_term_string"}}],"inLanguage":"es-ES"},{"@type":"Organization","@id":"https:\/\/rendezvous-dubai.com\/es\/#organization","name":"RENDEZVOUS DUBAI","url":"https:\/\/rendezvous-dubai.com\/es\/","logo":{"@type":"ImageObject","inLanguage":"es-ES","@id":"https:\/\/rendezvous-dubai.com\/es\/#\/schema\/logo\/image\/","url":"https:\/\/i0.wp.com\/rendezvous-dubai.com\/wp-content\/uploads\/2020\/05\/Logo-RDV-Dubai.png?fit=1426%2C1422&ssl=1","contentUrl":"https:\/\/i0.wp.com\/rendezvous-dubai.com\/wp-content\/uploads\/2020\/05\/Logo-RDV-Dubai.png?fit=1426%2C1422&ssl=1","width":1426,"height":1422,"caption":"RENDEZVOUS DUBAI"},"image":{"@id":"https:\/\/rendezvous-dubai.com\/es\/#\/schema\/logo\/image\/"},"sameAs":["https:\/\/www.facebook.com\/rendezvousdubai","https:\/\/www.instagram.com\/rendezvousdubai\/","https:\/\/www.youtube.com\/@rendezvousdubai"]}]}},"jetpack_sharing_enabled":true,"_links":{"self":[{"href":"https:\/\/rendezvous-dubai.com\/es\/wp-json\/wp\/v2\/product\/47691","targetHints":{"allow":["GET"]}}],"collection":[{"href":"https:\/\/rendezvous-dubai.com\/es\/wp-json\/wp\/v2\/product"}],"about":[{"href":"https:\/\/rendezvous-dubai.com\/es\/wp-json\/wp\/v2\/types\/product"}],"replies":[{"embeddable":true,"href":"https:\/\/rendezvous-dubai.com\/es\/wp-json\/wp\/v2\/comments?post=47691"}],"wp:featuredmedia":[{"embeddable":true,"href":"https:\/\/rendezvous-dubai.com\/es\/wp-json\/wp\/v2\/media\/47698"}],"wp:attachment":[{"href":"https:\/\/rendezvous-dubai.com\/es\/wp-json\/wp\/v2\/media?parent=47691"}],"wp:term":[{"taxonomy":"product_brand","embeddable":true,"href":"https:\/\/rendezvous-dubai.com\/es\/wp-json\/wp\/v2\/product_brand?post=47691"},{"taxonomy":"product_cat","embeddable":true,"href":"https:\/\/rendezvous-dubai.com\/es\/wp-json\/wp\/v2\/product_cat?post=47691"},{"taxonomy":"product_tag","embeddable":true,"href":"https:\/\/rendezvous-dubai.com\/es\/wp-json\/wp\/v2\/product_tag?post=47691"}],"curies":[{"name":"wp","href":"https:\/\/api.w.org\/{rel}","templated":true}]}}