{"id":39030,"date":"2022-09-11T17:06:35","date_gmt":"2023-01-20T14:18:00","guid":{"rendered":"https:\/\/rendezvous-dubai.com\/product\/skydive-dubai-palm\/"},"modified":"2025-08-30T21:41:17","modified_gmt":"2025-08-30T17:41:17","slug":"skydive-dubai-2","status":"publish","type":"product","link":"https:\/\/rendezvous-dubai.com\/es\/producto\/skydive-dubai-2\/","title":{"rendered":"SKYDIVE DUB\u00c1I PALMA"},"content":{"rendered":"<p>Un salto en paraca\u00eddas en t\u00e1ndem es la forma m\u00e1s r\u00e1pida y f\u00e1cil de experimentar la emoci\u00f3n de la ca\u00edda libre a m\u00e1s de 120 millas por hora, mientras est\u00e1 conectado de forma segura a uno de nuestros instructores expertos y experimentados.<\/p>\n","protected":false},"excerpt":{"rendered":"<p>Un salto en paraca\u00eddas en t\u00e1ndem es la forma m\u00e1s r\u00e1pida y f\u00e1cil de experimentar la emoci\u00f3n de la ca\u00edda libre a m\u00e1s de 120 millas por hora, mientras est\u00e1 conectado de forma segura a uno de nuestros instructores expertos y experimentados.<\/p>\n","protected":false},"featured_media":26327,"comment_status":"open","ping_status":"closed","template":"","meta":{"_joinchat":[]},"product_brand":[],"product_cat":[444],"product_tag":[450,449,451,452],"class_list":{"0":"post-39030","1":"product","2":"type-product","3":"status-publish","4":"has-post-thumbnail","6":"product_cat-billetes","7":"product_tag-parachute-es","8":"product_tag-skydive-es","9":"product_tag-skydive-dubai-palm-es","10":"product_tag-skydiving-es","11":"activity_level-challenging","13":"first","14":"instock","15":"virtual","16":"sold-individually","17":"purchasable","18":"product-type-booking"},"yoast_head":"<!-- This site is optimized with the Yoast SEO plugin v25.8 - https:\/\/yoast.com\/wordpress\/plugins\/seo\/ -->\n<title>Book Now | SKYDIVE DUB\u00c1I PALMA - RENDEZVOUS DUBAI<\/title>\n<meta name=\"description\" content=\"A tandem skydive is the quickest and easiest way to experience the thrill of freefall at over 120 miles per hour, while securely harnessed to one of our experienced and accomplished instructors.You will receive photographs and our standard edited video of their experience, via email, within 48 hours of completing their skydive. The tandem package also includes medical insurance.Located within the city of Dubai, the highlight of a tandem experience at our Palm Dropzone is the stunning view of the iconic Palm Jumeirah island, the World Islands, Ain Dubai and the Burj al Arab.\" \/>\n<meta name=\"robots\" content=\"index, follow, max-snippet:-1, max-image-preview:large, max-video-preview:-1\" \/>\n<link rel=\"canonical\" href=\"https:\/\/rendezvous-dubai.com\/es\/producto\/skydive-dubai-2\/\" \/>\n<meta property=\"og:locale\" content=\"es_ES\" \/>\n<meta property=\"og:type\" content=\"article\" \/>\n<meta property=\"og:title\" content=\"Book Now | SKYDIVE DUB\u00c1I PALMA - RENDEZVOUS DUBAI\" \/>\n<meta property=\"og:description\" content=\"A tandem skydive is the quickest and easiest way to experience the thrill of freefall at over 120 miles per hour, while securely harnessed to one of our experienced and accomplished instructors.You will receive photographs and our standard edited video of their experience, via email, within 48 hours of completing their skydive. The tandem package also includes medical insurance.Located within the city of Dubai, the highlight of a tandem experience at our Palm Dropzone is the stunning view of the iconic Palm Jumeirah island, the World Islands, Ain Dubai and the Burj al Arab.\" \/>\n<meta property=\"og:url\" content=\"https:\/\/rendezvous-dubai.com\/es\/producto\/skydive-dubai-2\/\" \/>\n<meta property=\"og:site_name\" content=\"RENDEZVOUS DUBAI\" \/>\n<meta property=\"article:publisher\" content=\"https:\/\/www.facebook.com\/rendezvousdubai\" \/>\n<meta property=\"article:modified_time\" content=\"2025-08-30T17:41:17+00:00\" \/>\n<meta property=\"og:image\" content=\"https:\/\/rendezvous-dubai.com\/wp-content\/uploads\/2022\/09\/FRBs9tXWUAIYQg2.jpg\" \/>\n\t<meta property=\"og:image:width\" content=\"1200\" \/>\n\t<meta property=\"og:image:height\" content=\"900\" \/>\n\t<meta property=\"og:image:type\" content=\"image\/jpeg\" \/>\n<meta name=\"twitter:card\" content=\"summary_large_image\" \/>\n<meta name=\"twitter:label1\" content=\"Est. reading time\" \/>\n\t<meta name=\"twitter:data1\" content=\"1 minute\" \/>\n<script type=\"application\/ld+json\" class=\"yoast-schema-graph\">{\"@context\":\"https:\/\/schema.org\",\"@graph\":[{\"@type\":\"WebPage\",\"@id\":\"https:\/\/rendezvous-dubai.com\/es\/producto\/skydive-dubai-2\/\",\"url\":\"https:\/\/rendezvous-dubai.com\/es\/producto\/skydive-dubai-2\/\",\"name\":\"Book Now | SKYDIVE DUB\u00c1I PALMA - RENDEZVOUS DUBAI\",\"isPartOf\":{\"@id\":\"https:\/\/rendezvous-dubai.com\/es\/#website\"},\"primaryImageOfPage\":{\"@id\":\"https:\/\/rendezvous-dubai.com\/es\/producto\/skydive-dubai-2\/#primaryimage\"},\"image\":{\"@id\":\"https:\/\/rendezvous-dubai.com\/es\/producto\/skydive-dubai-2\/#primaryimage\"},\"thumbnailUrl\":\"https:\/\/rendezvous-dubai.com\/wp-content\/uploads\/2022\/09\/FRBs9tXWUAIYQg2.jpg\",\"datePublished\":\"2023-01-20T14:18:00+00:00\",\"dateModified\":\"2025-08-30T17:41:17+00:00\",\"description\":\"A tandem skydive is the quickest and easiest way to experience the thrill of freefall at over 120 miles per hour, while securely harnessed to one of our experienced and accomplished instructors.You will receive photographs and our standard edited video of their experience, via email, within 48 hours of completing their skydive. The tandem package also includes medical insurance.Located within the city of Dubai, the highlight of a tandem experience at our Palm Dropzone is the stunning view of the iconic Palm Jumeirah island, the World Islands, Ain Dubai and the Burj al Arab.\",\"breadcrumb\":{\"@id\":\"https:\/\/rendezvous-dubai.com\/es\/producto\/skydive-dubai-2\/#breadcrumb\"},\"inLanguage\":\"es-ES\",\"potentialAction\":[{\"@type\":\"ReadAction\",\"target\":[\"https:\/\/rendezvous-dubai.com\/es\/producto\/skydive-dubai-2\/\"]}]},{\"@type\":\"ImageObject\",\"inLanguage\":\"es-ES\",\"@id\":\"https:\/\/rendezvous-dubai.com\/es\/producto\/skydive-dubai-2\/#primaryimage\",\"url\":\"https:\/\/rendezvous-dubai.com\/wp-content\/uploads\/2022\/09\/FRBs9tXWUAIYQg2.jpg\",\"contentUrl\":\"https:\/\/rendezvous-dubai.com\/wp-content\/uploads\/2022\/09\/FRBs9tXWUAIYQg2.jpg\",\"width\":1200,\"height\":900,\"caption\":\"Skydive Dubai Palm\"},{\"@type\":\"BreadcrumbList\",\"@id\":\"https:\/\/rendezvous-dubai.com\/es\/producto\/skydive-dubai-2\/#breadcrumb\",\"itemListElement\":[{\"@type\":\"ListItem\",\"position\":1,\"name\":\"Home\",\"item\":\"https:\/\/rendezvous-dubai.com\/es\/\"},{\"@type\":\"ListItem\",\"position\":2,\"name\":\"Shop\",\"item\":\"https:\/\/rendezvous-dubai.com\/shop\/\"},{\"@type\":\"ListItem\",\"position\":3,\"name\":\"SKYDIVE DUB\u00c1I PALMA\"}]},{\"@type\":\"WebSite\",\"@id\":\"https:\/\/rendezvous-dubai.com\/es\/#website\",\"url\":\"https:\/\/rendezvous-dubai.com\/es\/\",\"name\":\"RENDEZVOUS DUBAI\",\"description\":\"Your Event Organizer\",\"publisher\":{\"@id\":\"https:\/\/rendezvous-dubai.com\/es\/#organization\"},\"potentialAction\":[{\"@type\":\"SearchAction\",\"target\":{\"@type\":\"EntryPoint\",\"urlTemplate\":\"https:\/\/rendezvous-dubai.com\/es\/?s={search_term_string}\"},\"query-input\":{\"@type\":\"PropertyValueSpecification\",\"valueRequired\":true,\"valueName\":\"search_term_string\"}}],\"inLanguage\":\"es-ES\"},{\"@type\":\"Organization\",\"@id\":\"https:\/\/rendezvous-dubai.com\/es\/#organization\",\"name\":\"RENDEZVOUS DUBAI\",\"url\":\"https:\/\/rendezvous-dubai.com\/es\/\",\"logo\":{\"@type\":\"ImageObject\",\"inLanguage\":\"es-ES\",\"@id\":\"https:\/\/rendezvous-dubai.com\/es\/#\/schema\/logo\/image\/\",\"url\":\"https:\/\/i0.wp.com\/rendezvous-dubai.com\/wp-content\/uploads\/2020\/05\/Logo-RDV-Dubai.png?fit=1426%2C1422&ssl=1\",\"contentUrl\":\"https:\/\/i0.wp.com\/rendezvous-dubai.com\/wp-content\/uploads\/2020\/05\/Logo-RDV-Dubai.png?fit=1426%2C1422&ssl=1\",\"width\":1426,\"height\":1422,\"caption\":\"RENDEZVOUS DUBAI\"},\"image\":{\"@id\":\"https:\/\/rendezvous-dubai.com\/es\/#\/schema\/logo\/image\/\"},\"sameAs\":[\"https:\/\/www.facebook.com\/rendezvousdubai\",\"https:\/\/www.instagram.com\/rendezvousdubai\/\",\"https:\/\/www.youtube.com\/@rendezvousdubai\"]}]}<\/script>\n<!-- \/ Yoast SEO plugin. -->","yoast_head_json":{"title":"Book Now | SKYDIVE DUB\u00c1I PALMA - RENDEZVOUS DUBAI","description":"A tandem skydive is the quickest and easiest way to experience the thrill of freefall at over 120 miles per hour, while securely harnessed to one of our experienced and accomplished instructors.You will receive photographs and our standard edited video of their experience, via email, within 48 hours of completing their skydive. The tandem package also includes medical insurance.Located within the city of Dubai, the highlight of a tandem experience at our Palm Dropzone is the stunning view of the iconic Palm Jumeirah island, the World Islands, Ain Dubai and the Burj al Arab.","robots":{"index":"index","follow":"follow","max-snippet":"max-snippet:-1","max-image-preview":"max-image-preview:large","max-video-preview":"max-video-preview:-1"},"canonical":"https:\/\/rendezvous-dubai.com\/es\/producto\/skydive-dubai-2\/","og_locale":"es_ES","og_type":"article","og_title":"Book Now | SKYDIVE DUB\u00c1I PALMA - RENDEZVOUS DUBAI","og_description":"A tandem skydive is the quickest and easiest way to experience the thrill of freefall at over 120 miles per hour, while securely harnessed to one of our experienced and accomplished instructors.You will receive photographs and our standard edited video of their experience, via email, within 48 hours of completing their skydive. The tandem package also includes medical insurance.Located within the city of Dubai, the highlight of a tandem experience at our Palm Dropzone is the stunning view of the iconic Palm Jumeirah island, the World Islands, Ain Dubai and the Burj al Arab.","og_url":"https:\/\/rendezvous-dubai.com\/es\/producto\/skydive-dubai-2\/","og_site_name":"RENDEZVOUS DUBAI","article_publisher":"https:\/\/www.facebook.com\/rendezvousdubai","article_modified_time":"2025-08-30T17:41:17+00:00","og_image":[{"width":1200,"height":900,"url":"https:\/\/rendezvous-dubai.com\/wp-content\/uploads\/2022\/09\/FRBs9tXWUAIYQg2.jpg","type":"image\/jpeg"}],"twitter_card":"summary_large_image","twitter_misc":{"Est. reading time":"1 minute"},"schema":{"@context":"https:\/\/schema.org","@graph":[{"@type":"WebPage","@id":"https:\/\/rendezvous-dubai.com\/es\/producto\/skydive-dubai-2\/","url":"https:\/\/rendezvous-dubai.com\/es\/producto\/skydive-dubai-2\/","name":"Book Now | SKYDIVE DUB\u00c1I PALMA - RENDEZVOUS DUBAI","isPartOf":{"@id":"https:\/\/rendezvous-dubai.com\/es\/#website"},"primaryImageOfPage":{"@id":"https:\/\/rendezvous-dubai.com\/es\/producto\/skydive-dubai-2\/#primaryimage"},"image":{"@id":"https:\/\/rendezvous-dubai.com\/es\/producto\/skydive-dubai-2\/#primaryimage"},"thumbnailUrl":"https:\/\/rendezvous-dubai.com\/wp-content\/uploads\/2022\/09\/FRBs9tXWUAIYQg2.jpg","datePublished":"2023-01-20T14:18:00+00:00","dateModified":"2025-08-30T17:41:17+00:00","description":"A tandem skydive is the quickest and easiest way to experience the thrill of freefall at over 120 miles per hour, while securely harnessed to one of our experienced and accomplished instructors.You will receive photographs and our standard edited video of their experience, via email, within 48 hours of completing their skydive. The tandem package also includes medical insurance.Located within the city of Dubai, the highlight of a tandem experience at our Palm Dropzone is the stunning view of the iconic Palm Jumeirah island, the World Islands, Ain Dubai and the Burj al Arab.","breadcrumb":{"@id":"https:\/\/rendezvous-dubai.com\/es\/producto\/skydive-dubai-2\/#breadcrumb"},"inLanguage":"es-ES","potentialAction":[{"@type":"ReadAction","target":["https:\/\/rendezvous-dubai.com\/es\/producto\/skydive-dubai-2\/"]}]},{"@type":"ImageObject","inLanguage":"es-ES","@id":"https:\/\/rendezvous-dubai.com\/es\/producto\/skydive-dubai-2\/#primaryimage","url":"https:\/\/rendezvous-dubai.com\/wp-content\/uploads\/2022\/09\/FRBs9tXWUAIYQg2.jpg","contentUrl":"https:\/\/rendezvous-dubai.com\/wp-content\/uploads\/2022\/09\/FRBs9tXWUAIYQg2.jpg","width":1200,"height":900,"caption":"Skydive Dubai Palm"},{"@type":"BreadcrumbList","@id":"https:\/\/rendezvous-dubai.com\/es\/producto\/skydive-dubai-2\/#breadcrumb","itemListElement":[{"@type":"ListItem","position":1,"name":"Home","item":"https:\/\/rendezvous-dubai.com\/es\/"},{"@type":"ListItem","position":2,"name":"Shop","item":"https:\/\/rendezvous-dubai.com\/shop\/"},{"@type":"ListItem","position":3,"name":"SKYDIVE DUB\u00c1I PALMA"}]},{"@type":"WebSite","@id":"https:\/\/rendezvous-dubai.com\/es\/#website","url":"https:\/\/rendezvous-dubai.com\/es\/","name":"RENDEZVOUS DUBAI","description":"Your Event Organizer","publisher":{"@id":"https:\/\/rendezvous-dubai.com\/es\/#organization"},"potentialAction":[{"@type":"SearchAction","target":{"@type":"EntryPoint","urlTemplate":"https:\/\/rendezvous-dubai.com\/es\/?s={search_term_string}"},"query-input":{"@type":"PropertyValueSpecification","valueRequired":true,"valueName":"search_term_string"}}],"inLanguage":"es-ES"},{"@type":"Organization","@id":"https:\/\/rendezvous-dubai.com\/es\/#organization","name":"RENDEZVOUS DUBAI","url":"https:\/\/rendezvous-dubai.com\/es\/","logo":{"@type":"ImageObject","inLanguage":"es-ES","@id":"https:\/\/rendezvous-dubai.com\/es\/#\/schema\/logo\/image\/","url":"https:\/\/i0.wp.com\/rendezvous-dubai.com\/wp-content\/uploads\/2020\/05\/Logo-RDV-Dubai.png?fit=1426%2C1422&ssl=1","contentUrl":"https:\/\/i0.wp.com\/rendezvous-dubai.com\/wp-content\/uploads\/2020\/05\/Logo-RDV-Dubai.png?fit=1426%2C1422&ssl=1","width":1426,"height":1422,"caption":"RENDEZVOUS DUBAI"},"image":{"@id":"https:\/\/rendezvous-dubai.com\/es\/#\/schema\/logo\/image\/"},"sameAs":["https:\/\/www.facebook.com\/rendezvousdubai","https:\/\/www.instagram.com\/rendezvousdubai\/","https:\/\/www.youtube.com\/@rendezvousdubai"]}]}},"jetpack_sharing_enabled":true,"_links":{"self":[{"href":"https:\/\/rendezvous-dubai.com\/es\/wp-json\/wp\/v2\/product\/39030","targetHints":{"allow":["GET"]}}],"collection":[{"href":"https:\/\/rendezvous-dubai.com\/es\/wp-json\/wp\/v2\/product"}],"about":[{"href":"https:\/\/rendezvous-dubai.com\/es\/wp-json\/wp\/v2\/types\/product"}],"replies":[{"embeddable":true,"href":"https:\/\/rendezvous-dubai.com\/es\/wp-json\/wp\/v2\/comments?post=39030"}],"wp:featuredmedia":[{"embeddable":true,"href":"https:\/\/rendezvous-dubai.com\/es\/wp-json\/wp\/v2\/media\/26327"}],"wp:attachment":[{"href":"https:\/\/rendezvous-dubai.com\/es\/wp-json\/wp\/v2\/media?parent=39030"}],"wp:term":[{"taxonomy":"product_brand","embeddable":true,"href":"https:\/\/rendezvous-dubai.com\/es\/wp-json\/wp\/v2\/product_brand?post=39030"},{"taxonomy":"product_cat","embeddable":true,"href":"https:\/\/rendezvous-dubai.com\/es\/wp-json\/wp\/v2\/product_cat?post=39030"},{"taxonomy":"product_tag","embeddable":true,"href":"https:\/\/rendezvous-dubai.com\/es\/wp-json\/wp\/v2\/product_tag?post=39030"}],"curies":[{"name":"wp","href":"https:\/\/api.w.org\/{rel}","templated":true}]}}