{"id":16213,"date":"2021-11-25T16:52:01","date_gmt":"2021-11-25T12:52:01","guid":{"rendered":"https:\/\/rendezvous-dubai.com\/?post_type=product&#038;p=16213"},"modified":"2021-11-25T18:45:47","modified_gmt":"2021-11-25T14:45:47","slug":"miel-sidr-yemen","status":"publish","type":"product","link":"https:\/\/rendezvous-dubai.com\/es\/producto\/miel-sidr-yemen\/","title":{"rendered":"MIEL SIDR YEMEN (250g)"},"content":{"rendered":"<p>La miel de Sidr Al Maliki, llamada Royal Jujube Honey, es una de las mejores mieles del mundo. Es considerada una miel excepcional y la mejor miel del mundo por algunos.<\/p>\n","protected":false},"excerpt":{"rendered":"<p>La miel de Sidr Al Maliki, llamada Royal Jujube Honey, es una de las mejores mieles del mundo. Es considerada una miel excepcional y la mejor miel del mundo por algunos. Desde un punto de vista m\u00e9dico, esta miel se utiliza principalmente para tratar problemas digestivos y ayudar a la mujer a recuperarse despu\u00e9s del parto. Reconocemos otros beneficios como:<\/p>\n<ul>\n<li>estimular el cuerpo<\/li>\n<li>prevenir la aparici\u00f3n de ciertas enfermedades<\/li>\n<li>lucha contra las enfermedades infecciosas<\/li>\n<li>luchar contra la anemia<\/li>\n<li>fortalecer el sistema inmunol\u00f3gico<\/li>\n<li>hacer que los problemas respiratorios desaparezcan<\/li>\n<li>facilitar la menstruaci\u00f3n<\/li>\n<li>recuperar la fertilidad<\/li>\n<li>recuperarse despu\u00e9s del parto<\/li>\n<li>acelerar el proceso de curaci\u00f3n posparto<\/li>\n<li>tratar problemas epid\u00e9micos (act\u00faa sobre el acn\u00e9, psoriasis, estafilococo \u00e1ureo, estr\u00edas)<\/li>\n<\/ul>\n","protected":false},"featured_media":16217,"comment_status":"open","ping_status":"closed","template":"","meta":{"_joinchat":{"message_send":"*Hello {SITE} !*\nI need more information about the {PRODUCT}..."}},"product_brand":[],"product_cat":[428],"product_tag":[435,429,430],"class_list":{"0":"post-16213","1":"product","2":"type-product","3":"status-publish","4":"has-post-thumbnail","6":"product_cat-dubai-souk","7":"product_tag-dubai-nigella-es-3","8":"product_tag-nigella-es","9":"product_tag-nigella-oil-es","10":"activity_level-challenging","12":"first","13":"instock","14":"shipping-taxable","15":"purchasable","16":"product-type-variable","17":"has-default-attributes"},"yoast_head":"<!-- This site is optimized with the Yoast SEO plugin v25.8 - https:\/\/yoast.com\/wordpress\/plugins\/seo\/ -->\n<title>MIEL SIDR YEMEN (250g) - RENDEZVOUS DUBAI<\/title>\n<meta name=\"description\" content=\"La miel de Sidr Al Maliki, llamada Royal Jujube Honey, es una de las mejores mieles del mundo. Es considerada una miel excepcional y la mejor miel del mundo por algunos.\" \/>\n<meta name=\"robots\" content=\"index, follow, max-snippet:-1, max-image-preview:large, max-video-preview:-1\" \/>\n<link rel=\"canonical\" href=\"https:\/\/rendezvous-dubai.com\/es\/producto\/miel-sidr-yemen\/\" \/>\n<meta property=\"og:locale\" content=\"es_ES\" \/>\n<meta property=\"og:type\" content=\"article\" \/>\n<meta property=\"og:title\" content=\"MIEL SIDR YEMEN (250g) - RENDEZVOUS DUBAI\" \/>\n<meta property=\"og:description\" content=\"La miel de Sidr Al Maliki, llamada Royal Jujube Honey, es una de las mejores mieles del mundo. Es considerada una miel excepcional y la mejor miel del mundo por algunos.\" \/>\n<meta property=\"og:url\" content=\"https:\/\/rendezvous-dubai.com\/es\/producto\/miel-sidr-yemen\/\" \/>\n<meta property=\"og:site_name\" content=\"RENDEZVOUS DUBAI\" \/>\n<meta property=\"article:publisher\" content=\"https:\/\/www.facebook.com\/rendezvousdubai\" \/>\n<meta property=\"article:modified_time\" content=\"2021-11-25T14:45:47+00:00\" \/>\n<meta property=\"og:image\" content=\"https:\/\/rendezvous-dubai.com\/wp-content\/uploads\/2021\/11\/Miel-sidr-yemen.png\" \/>\n\t<meta property=\"og:image:width\" content=\"589\" \/>\n\t<meta property=\"og:image:height\" content=\"602\" \/>\n\t<meta property=\"og:image:type\" content=\"image\/png\" \/>\n<meta name=\"twitter:card\" content=\"summary_large_image\" \/>\n<script type=\"application\/ld+json\" class=\"yoast-schema-graph\">{\"@context\":\"https:\/\/schema.org\",\"@graph\":[{\"@type\":\"WebPage\",\"@id\":\"https:\/\/rendezvous-dubai.com\/es\/producto\/miel-sidr-yemen\/\",\"url\":\"https:\/\/rendezvous-dubai.com\/es\/producto\/miel-sidr-yemen\/\",\"name\":\"MIEL SIDR YEMEN (250g) - RENDEZVOUS DUBAI\",\"isPartOf\":{\"@id\":\"https:\/\/rendezvous-dubai.com\/es\/#website\"},\"primaryImageOfPage\":{\"@id\":\"https:\/\/rendezvous-dubai.com\/es\/producto\/miel-sidr-yemen\/#primaryimage\"},\"image\":{\"@id\":\"https:\/\/rendezvous-dubai.com\/es\/producto\/miel-sidr-yemen\/#primaryimage\"},\"thumbnailUrl\":\"https:\/\/rendezvous-dubai.com\/wp-content\/uploads\/2021\/11\/Miel-sidr-yemen.png\",\"datePublished\":\"2021-11-25T12:52:01+00:00\",\"dateModified\":\"2021-11-25T14:45:47+00:00\",\"description\":\"La miel de Sidr Al Maliki, llamada Royal Jujube Honey, es una de las mejores mieles del mundo. Es considerada una miel excepcional y la mejor miel del mundo por algunos.\",\"breadcrumb\":{\"@id\":\"https:\/\/rendezvous-dubai.com\/es\/producto\/miel-sidr-yemen\/#breadcrumb\"},\"inLanguage\":\"es-ES\",\"potentialAction\":[{\"@type\":\"ReadAction\",\"target\":[\"https:\/\/rendezvous-dubai.com\/es\/producto\/miel-sidr-yemen\/\"]}]},{\"@type\":\"ImageObject\",\"inLanguage\":\"es-ES\",\"@id\":\"https:\/\/rendezvous-dubai.com\/es\/producto\/miel-sidr-yemen\/#primaryimage\",\"url\":\"https:\/\/rendezvous-dubai.com\/wp-content\/uploads\/2021\/11\/Miel-sidr-yemen.png\",\"contentUrl\":\"https:\/\/rendezvous-dubai.com\/wp-content\/uploads\/2021\/11\/Miel-sidr-yemen.png\",\"width\":589,\"height\":602,\"caption\":\"Honey Sidr Yemen\"},{\"@type\":\"BreadcrumbList\",\"@id\":\"https:\/\/rendezvous-dubai.com\/es\/producto\/miel-sidr-yemen\/#breadcrumb\",\"itemListElement\":[{\"@type\":\"ListItem\",\"position\":1,\"name\":\"Home\",\"item\":\"https:\/\/rendezvous-dubai.com\/es\/\"},{\"@type\":\"ListItem\",\"position\":2,\"name\":\"Shop\",\"item\":\"https:\/\/rendezvous-dubai.com\/shop\/\"},{\"@type\":\"ListItem\",\"position\":3,\"name\":\"MIEL SIDR YEMEN (250g)\"}]},{\"@type\":\"WebSite\",\"@id\":\"https:\/\/rendezvous-dubai.com\/es\/#website\",\"url\":\"https:\/\/rendezvous-dubai.com\/es\/\",\"name\":\"RENDEZVOUS DUBAI\",\"description\":\"Your Event Organizer\",\"publisher\":{\"@id\":\"https:\/\/rendezvous-dubai.com\/es\/#organization\"},\"potentialAction\":[{\"@type\":\"SearchAction\",\"target\":{\"@type\":\"EntryPoint\",\"urlTemplate\":\"https:\/\/rendezvous-dubai.com\/es\/?s={search_term_string}\"},\"query-input\":{\"@type\":\"PropertyValueSpecification\",\"valueRequired\":true,\"valueName\":\"search_term_string\"}}],\"inLanguage\":\"es-ES\"},{\"@type\":\"Organization\",\"@id\":\"https:\/\/rendezvous-dubai.com\/es\/#organization\",\"name\":\"RENDEZVOUS DUBAI\",\"url\":\"https:\/\/rendezvous-dubai.com\/es\/\",\"logo\":{\"@type\":\"ImageObject\",\"inLanguage\":\"es-ES\",\"@id\":\"https:\/\/rendezvous-dubai.com\/es\/#\/schema\/logo\/image\/\",\"url\":\"https:\/\/i0.wp.com\/rendezvous-dubai.com\/wp-content\/uploads\/2020\/05\/Logo-RDV-Dubai.png?fit=1426%2C1422&ssl=1\",\"contentUrl\":\"https:\/\/i0.wp.com\/rendezvous-dubai.com\/wp-content\/uploads\/2020\/05\/Logo-RDV-Dubai.png?fit=1426%2C1422&ssl=1\",\"width\":1426,\"height\":1422,\"caption\":\"RENDEZVOUS DUBAI\"},\"image\":{\"@id\":\"https:\/\/rendezvous-dubai.com\/es\/#\/schema\/logo\/image\/\"},\"sameAs\":[\"https:\/\/www.facebook.com\/rendezvousdubai\",\"https:\/\/www.instagram.com\/rendezvousdubai\/\",\"https:\/\/www.youtube.com\/@rendezvousdubai\"]}]}<\/script>\n<!-- \/ Yoast SEO plugin. -->","yoast_head_json":{"title":"MIEL SIDR YEMEN (250g) - RENDEZVOUS DUBAI","description":"La miel de Sidr Al Maliki, llamada Royal Jujube Honey, es una de las mejores mieles del mundo. Es considerada una miel excepcional y la mejor miel del mundo por algunos.","robots":{"index":"index","follow":"follow","max-snippet":"max-snippet:-1","max-image-preview":"max-image-preview:large","max-video-preview":"max-video-preview:-1"},"canonical":"https:\/\/rendezvous-dubai.com\/es\/producto\/miel-sidr-yemen\/","og_locale":"es_ES","og_type":"article","og_title":"MIEL SIDR YEMEN (250g) - RENDEZVOUS DUBAI","og_description":"La miel de Sidr Al Maliki, llamada Royal Jujube Honey, es una de las mejores mieles del mundo. Es considerada una miel excepcional y la mejor miel del mundo por algunos.","og_url":"https:\/\/rendezvous-dubai.com\/es\/producto\/miel-sidr-yemen\/","og_site_name":"RENDEZVOUS DUBAI","article_publisher":"https:\/\/www.facebook.com\/rendezvousdubai","article_modified_time":"2021-11-25T14:45:47+00:00","og_image":[{"width":589,"height":602,"url":"https:\/\/rendezvous-dubai.com\/wp-content\/uploads\/2021\/11\/Miel-sidr-yemen.png","type":"image\/png"}],"twitter_card":"summary_large_image","schema":{"@context":"https:\/\/schema.org","@graph":[{"@type":"WebPage","@id":"https:\/\/rendezvous-dubai.com\/es\/producto\/miel-sidr-yemen\/","url":"https:\/\/rendezvous-dubai.com\/es\/producto\/miel-sidr-yemen\/","name":"MIEL SIDR YEMEN (250g) - RENDEZVOUS DUBAI","isPartOf":{"@id":"https:\/\/rendezvous-dubai.com\/es\/#website"},"primaryImageOfPage":{"@id":"https:\/\/rendezvous-dubai.com\/es\/producto\/miel-sidr-yemen\/#primaryimage"},"image":{"@id":"https:\/\/rendezvous-dubai.com\/es\/producto\/miel-sidr-yemen\/#primaryimage"},"thumbnailUrl":"https:\/\/rendezvous-dubai.com\/wp-content\/uploads\/2021\/11\/Miel-sidr-yemen.png","datePublished":"2021-11-25T12:52:01+00:00","dateModified":"2021-11-25T14:45:47+00:00","description":"La miel de Sidr Al Maliki, llamada Royal Jujube Honey, es una de las mejores mieles del mundo. Es considerada una miel excepcional y la mejor miel del mundo por algunos.","breadcrumb":{"@id":"https:\/\/rendezvous-dubai.com\/es\/producto\/miel-sidr-yemen\/#breadcrumb"},"inLanguage":"es-ES","potentialAction":[{"@type":"ReadAction","target":["https:\/\/rendezvous-dubai.com\/es\/producto\/miel-sidr-yemen\/"]}]},{"@type":"ImageObject","inLanguage":"es-ES","@id":"https:\/\/rendezvous-dubai.com\/es\/producto\/miel-sidr-yemen\/#primaryimage","url":"https:\/\/rendezvous-dubai.com\/wp-content\/uploads\/2021\/11\/Miel-sidr-yemen.png","contentUrl":"https:\/\/rendezvous-dubai.com\/wp-content\/uploads\/2021\/11\/Miel-sidr-yemen.png","width":589,"height":602,"caption":"Honey Sidr Yemen"},{"@type":"BreadcrumbList","@id":"https:\/\/rendezvous-dubai.com\/es\/producto\/miel-sidr-yemen\/#breadcrumb","itemListElement":[{"@type":"ListItem","position":1,"name":"Home","item":"https:\/\/rendezvous-dubai.com\/es\/"},{"@type":"ListItem","position":2,"name":"Shop","item":"https:\/\/rendezvous-dubai.com\/shop\/"},{"@type":"ListItem","position":3,"name":"MIEL SIDR YEMEN (250g)"}]},{"@type":"WebSite","@id":"https:\/\/rendezvous-dubai.com\/es\/#website","url":"https:\/\/rendezvous-dubai.com\/es\/","name":"RENDEZVOUS DUBAI","description":"Your Event Organizer","publisher":{"@id":"https:\/\/rendezvous-dubai.com\/es\/#organization"},"potentialAction":[{"@type":"SearchAction","target":{"@type":"EntryPoint","urlTemplate":"https:\/\/rendezvous-dubai.com\/es\/?s={search_term_string}"},"query-input":{"@type":"PropertyValueSpecification","valueRequired":true,"valueName":"search_term_string"}}],"inLanguage":"es-ES"},{"@type":"Organization","@id":"https:\/\/rendezvous-dubai.com\/es\/#organization","name":"RENDEZVOUS DUBAI","url":"https:\/\/rendezvous-dubai.com\/es\/","logo":{"@type":"ImageObject","inLanguage":"es-ES","@id":"https:\/\/rendezvous-dubai.com\/es\/#\/schema\/logo\/image\/","url":"https:\/\/i0.wp.com\/rendezvous-dubai.com\/wp-content\/uploads\/2020\/05\/Logo-RDV-Dubai.png?fit=1426%2C1422&ssl=1","contentUrl":"https:\/\/i0.wp.com\/rendezvous-dubai.com\/wp-content\/uploads\/2020\/05\/Logo-RDV-Dubai.png?fit=1426%2C1422&ssl=1","width":1426,"height":1422,"caption":"RENDEZVOUS DUBAI"},"image":{"@id":"https:\/\/rendezvous-dubai.com\/es\/#\/schema\/logo\/image\/"},"sameAs":["https:\/\/www.facebook.com\/rendezvousdubai","https:\/\/www.instagram.com\/rendezvousdubai\/","https:\/\/www.youtube.com\/@rendezvousdubai"]}]}},"jetpack_sharing_enabled":true,"_links":{"self":[{"href":"https:\/\/rendezvous-dubai.com\/es\/wp-json\/wp\/v2\/product\/16213","targetHints":{"allow":["GET"]}}],"collection":[{"href":"https:\/\/rendezvous-dubai.com\/es\/wp-json\/wp\/v2\/product"}],"about":[{"href":"https:\/\/rendezvous-dubai.com\/es\/wp-json\/wp\/v2\/types\/product"}],"replies":[{"embeddable":true,"href":"https:\/\/rendezvous-dubai.com\/es\/wp-json\/wp\/v2\/comments?post=16213"}],"wp:featuredmedia":[{"embeddable":true,"href":"https:\/\/rendezvous-dubai.com\/es\/wp-json\/wp\/v2\/media\/16217"}],"wp:attachment":[{"href":"https:\/\/rendezvous-dubai.com\/es\/wp-json\/wp\/v2\/media?parent=16213"}],"wp:term":[{"taxonomy":"product_brand","embeddable":true,"href":"https:\/\/rendezvous-dubai.com\/es\/wp-json\/wp\/v2\/product_brand?post=16213"},{"taxonomy":"product_cat","embeddable":true,"href":"https:\/\/rendezvous-dubai.com\/es\/wp-json\/wp\/v2\/product_cat?post=16213"},{"taxonomy":"product_tag","embeddable":true,"href":"https:\/\/rendezvous-dubai.com\/es\/wp-json\/wp\/v2\/product_tag?post=16213"}],"curies":[{"name":"wp","href":"https:\/\/api.w.org\/{rel}","templated":true}]}}