{"id":6789,"date":"2020-06-03T15:12:13","date_gmt":"2020-06-03T11:12:13","guid":{"rendered":"https:\/\/rendezvousdubai.com\/contacto\/"},"modified":"2021-10-10T18:53:27","modified_gmt":"2021-10-10T14:53:27","slug":"contacto","status":"publish","type":"page","link":"https:\/\/rendezvous-dubai.com\/es\/contacto\/","title":{"rendered":"Contactar"},"content":{"rendered":"<p>[vc_row entrada_row_bgcolor=&#8221;bg-white&#8221;][vc_column]<header class='content-heading'>\r\n\t\t\t\t\t\t<h2 class='main-heading'>Ponerse en contacto<\/h2>\r\n\t\t\t\t\t\t<div class='main-subtitle'><p>Cont\u00e1ctenos por correo electr\u00f3nico, tel\u00e9fono o mediante nuestro formulario web a continuaci\u00f3n.<\/p>\n<\/div>\r\n\t\t\t\t\t\t<div class='seperator'><\/div>\r\n\t\t\t\t\t<\/header>[vc_row_inner el_class=&#8221;contact-info&#8221;][vc_column_inner width=&#8221;1\/2&#8243;]<span class=\"tel has-border \">\r\n\t\t\t\t\t\t\t\t\t<span class=\"icon-fax-big\"><\/span>\r\n\t\t\t\t\t\t\t\t\t<a href=\"tel:contact@rendezvousdubai.com\">contact@rendezvousdubai.com<\/a>\r\n\t\t\t\t\t\t\t\t<\/span>\r\n\t\t\t\t\t\t\t\t<h3>Consultas de reserva<\/h3><p>Para cualquier solicitud de reserva o cotizaci\u00f3n, para acelerar el procesamiento de la solicitud, especifique la actividad exacta, las fechas (o per\u00edodo) de la estad\u00eda, el hotel si ya se conoce y el n\u00famero de participantes (si son ni\u00f1os, su edad).<\/p>\n[\/vc_column_inner][vc_column_inner width=&#8221;1\/2&#8243;]<span class=\"tel has-border \">\r\n\t\t\t\t\t\t\t\t\t<span class=\"icon-tel\"><\/span>\r\n\t\t\t\t\t\t\t\t\t<a href=\"tel:+971529332065\">+971 52 933 20 65<\/a>\r\n\t\t\t\t\t\t\t\t<\/span>\r\n\t\t\t\t\t\t\t\t<h3>Servicio al Cliente<\/h3><p>Servicio al cliente telef\u00f3nico multiling\u00fce 7\/7 que le permite responder sus preguntas y brindarle apoyo durante su viaje.<\/p>\n[\/vc_column_inner][\/vc_row_inner][vc_row_inner el_class=&#8221;contact-info&#8221;][vc_column_inner width=&#8221;1\/2&#8243;]\n<div class=\"wpcf7 no-js\" id=\"wpcf7-f7180-o1\" lang=\"es-ES\" dir=\"ltr\" data-wpcf7-id=\"7180\">\n<div class=\"screen-reader-response\"><p role=\"status\" aria-live=\"polite\" aria-atomic=\"true\"><\/p> <ul><\/ul><\/div>\n<form action=\"\/es\/wp-json\/wp\/v2\/pages\/6789#wpcf7-f7180-o1\" method=\"post\" class=\"wpcf7-form init\" aria-label=\"Contact form\" novalidate=\"novalidate\" data-status=\"init\">\n<fieldset class=\"hidden-fields-container\"><input type=\"hidden\" name=\"_wpcf7\" value=\"7180\" \/><input type=\"hidden\" name=\"_wpcf7_version\" value=\"6.1.1\" \/><input type=\"hidden\" name=\"_wpcf7_locale\" value=\"es_ES\" \/><input type=\"hidden\" name=\"_wpcf7_unit_tag\" value=\"wpcf7-f7180-o1\" \/><input type=\"hidden\" name=\"_wpcf7_container_post\" value=\"0\" \/><input type=\"hidden\" name=\"_wpcf7_posted_data_hash\" value=\"\" \/><input type=\"hidden\" name=\"_wpcf7_recaptcha_response\" value=\"\" \/>\n<\/fieldset>\n<p><strong class=\"form-title\"><label>Nombre*<\/label><\/strong><br \/>\n<span class=\"wpcf7-form-control-wrap\" data-name=\"your-name\"><input size=\"40\" maxlength=\"400\" class=\"wpcf7-form-control wpcf7-text wpcf7-validates-as-required\" aria-required=\"true\" aria-invalid=\"false\" value=\"\" type=\"text\" name=\"your-name\" \/><\/span>\n<\/p>\n<p><strong class=\"form-title\"><label>Email*<\/label><\/strong><br \/>\n<span class=\"wpcf7-form-control-wrap\" data-name=\"your-email\"><input size=\"40\" maxlength=\"400\" class=\"wpcf7-form-control wpcf7-text wpcf7-validates-as-required\" aria-required=\"true\" aria-invalid=\"false\" value=\"\" type=\"text\" name=\"your-email\" \/><\/span>\n<\/p>\n<p><strong class=\"form-title\"><label>Tel\u00e9fono<\/label><\/strong><br \/>\n<span class=\"wpcf7-form-control-wrap\" data-name=\"tel-767\"><input size=\"40\" maxlength=\"400\" class=\"wpcf7-form-control wpcf7-tel wpcf7-text wpcf7-validates-as-tel\" aria-invalid=\"false\" value=\"\" type=\"tel\" name=\"tel-767\" \/><\/span>\n<\/p>\n<p><strong class=\"form-title\"><label>Mensaje*<\/label><\/strong><br \/>\n<span class=\"wpcf7-form-control-wrap\" data-name=\"your-message\"><textarea cols=\"40\" rows=\"10\" maxlength=\"2000\" class=\"wpcf7-form-control wpcf7-textarea wpcf7-validates-as-required\" aria-required=\"true\" aria-invalid=\"false\" name=\"your-message\"><\/textarea><\/span>\n<\/p>\n<p><input class=\"wpcf7-form-control wpcf7-submit has-spinner\" type=\"submit\" value=\"Enviar\" \/>\n<\/p><div class=\"wpcf7-response-output\" aria-hidden=\"true\"><\/div>\n<\/form>\n<\/div>\n[\/vc_column_inner][vc_column_inner width=&#8221;1\/2&#8243;]<div class=\"map-col-main map-holder height\"><iframe loading=\"lazy\" width=\"600\" height=\"550\" src=\"https:\/\/maps.google.com\/maps?hl=en&q=Dubai Marina&ie=UTF8&t=&z=13&iwloc=B&output=embed&center=true\"><\/iframe><\/div>[\/vc_column_inner][\/vc_row_inner][\/vc_column][\/vc_row]<\/p>\n","protected":false},"excerpt":{"rendered":"<p>[vc_row entrada_row_bgcolor=&#8221;bg-white&#8221;][vc_column][vc_row_inner el_class=&#8221;contact-info&#8221;][vc_column_inner width=&#8221;1\/2&#8243;][\/vc_column_inner][vc_column_inner width=&#8221;1\/2&#8243;][\/vc_column_inner][\/vc_row_inner][vc_row_inner el_class=&#8221;contact-info&#8221;][vc_column_inner width=&#8221;1\/2&#8243;][\/vc_column_inner][vc_column_inner width=&#8221;1\/2&#8243;][\/vc_column_inner][\/vc_row_inner][\/vc_column][\/vc_row]<\/p>\n","protected":false},"author":1,"featured_media":7979,"parent":0,"menu_order":0,"comment_status":"closed","ping_status":"closed","template":"entrada_templates\/contact.php","meta":{"_joinchat":[],"footnotes":""},"class_list":["post-6789","page","type-page","status-publish","has-post-thumbnail","hentry"],"yoast_head":"<!-- This site is optimized with the Yoast SEO plugin v25.8 - https:\/\/yoast.com\/wordpress\/plugins\/seo\/ -->\n<title>Contactar - RENDEZVOUS DUBAI<\/title>\n<meta name=\"description\" content=\"Agencia de turismo especializada en planificar sus vacaciones con familias, amigos o grupos en los lugares m\u00e1s bellos, como Dubai, Abu Dhabi y Om\u00e1n.\" \/>\n<meta name=\"robots\" content=\"index, follow, max-snippet:-1, max-image-preview:large, max-video-preview:-1\" \/>\n<link rel=\"canonical\" href=\"https:\/\/rendezvous-dubai.com\/es\/contacto\/\" \/>\n<meta property=\"og:locale\" content=\"es_ES\" \/>\n<meta property=\"og:type\" content=\"article\" \/>\n<meta property=\"og:title\" content=\"Contactar - RENDEZVOUS DUBAI\" \/>\n<meta property=\"og:description\" content=\"Agencia de turismo especializada en planificar sus vacaciones con familias, amigos o grupos en los lugares m\u00e1s bellos, como Dubai, Abu Dhabi y Om\u00e1n.\" \/>\n<meta property=\"og:url\" content=\"https:\/\/rendezvous-dubai.com\/es\/contacto\/\" \/>\n<meta property=\"og:site_name\" content=\"RENDEZVOUS DUBAI\" \/>\n<meta property=\"article:publisher\" content=\"https:\/\/www.facebook.com\/rendezvousdubai\" \/>\n<meta property=\"article:modified_time\" content=\"2021-10-10T14:53:27+00:00\" \/>\n<meta property=\"og:image\" content=\"https:\/\/rendezvous-dubai.com\/wp-content\/uploads\/2020\/02\/dubai.1574221.w740.jpeg\" \/>\n\t<meta property=\"og:image:width\" content=\"740\" \/>\n\t<meta property=\"og:image:height\" content=\"535\" \/>\n\t<meta property=\"og:image:type\" content=\"image\/jpeg\" \/>\n<meta name=\"twitter:card\" content=\"summary_large_image\" \/>\n<meta name=\"twitter:label1\" content=\"Est. reading time\" \/>\n\t<meta name=\"twitter:data1\" content=\"1 minute\" \/>\n<script type=\"application\/ld+json\" class=\"yoast-schema-graph\">{\"@context\":\"https:\/\/schema.org\",\"@graph\":[{\"@type\":\"WebPage\",\"@id\":\"https:\/\/rendezvous-dubai.com\/es\/contacto\/\",\"url\":\"https:\/\/rendezvous-dubai.com\/es\/contacto\/\",\"name\":\"Contactar - RENDEZVOUS DUBAI\",\"isPartOf\":{\"@id\":\"https:\/\/rendezvous-dubai.com\/es\/#website\"},\"primaryImageOfPage\":{\"@id\":\"https:\/\/rendezvous-dubai.com\/es\/contacto\/#primaryimage\"},\"image\":{\"@id\":\"https:\/\/rendezvous-dubai.com\/es\/contacto\/#primaryimage\"},\"thumbnailUrl\":\"https:\/\/rendezvous-dubai.com\/wp-content\/uploads\/2020\/02\/dubai.1574221.w740.jpeg\",\"datePublished\":\"2020-06-03T11:12:13+00:00\",\"dateModified\":\"2021-10-10T14:53:27+00:00\",\"description\":\"Agencia de turismo especializada en planificar sus vacaciones con familias, amigos o grupos en los lugares m\u00e1s bellos, como Dubai, Abu Dhabi y Om\u00e1n.\",\"breadcrumb\":{\"@id\":\"https:\/\/rendezvous-dubai.com\/es\/contacto\/#breadcrumb\"},\"inLanguage\":\"es-ES\",\"potentialAction\":[{\"@type\":\"ReadAction\",\"target\":[\"https:\/\/rendezvous-dubai.com\/es\/contacto\/\"]}]},{\"@type\":\"ImageObject\",\"inLanguage\":\"es-ES\",\"@id\":\"https:\/\/rendezvous-dubai.com\/es\/contacto\/#primaryimage\",\"url\":\"https:\/\/rendezvous-dubai.com\/wp-content\/uploads\/2020\/02\/dubai.1574221.w740.jpeg\",\"contentUrl\":\"https:\/\/rendezvous-dubai.com\/wp-content\/uploads\/2020\/02\/dubai.1574221.w740.jpeg\",\"width\":740,\"height\":535,\"caption\":\"DUBAI BEST ACTIVITIES\"},{\"@type\":\"BreadcrumbList\",\"@id\":\"https:\/\/rendezvous-dubai.com\/es\/contacto\/#breadcrumb\",\"itemListElement\":[{\"@type\":\"ListItem\",\"position\":1,\"name\":\"Home\",\"item\":\"https:\/\/rendezvous-dubai.com\/es\/\"},{\"@type\":\"ListItem\",\"position\":2,\"name\":\"Contactar\"}]},{\"@type\":\"WebSite\",\"@id\":\"https:\/\/rendezvous-dubai.com\/es\/#website\",\"url\":\"https:\/\/rendezvous-dubai.com\/es\/\",\"name\":\"RENDEZVOUS DUBAI\",\"description\":\"Your Event Organizer\",\"publisher\":{\"@id\":\"https:\/\/rendezvous-dubai.com\/es\/#organization\"},\"potentialAction\":[{\"@type\":\"SearchAction\",\"target\":{\"@type\":\"EntryPoint\",\"urlTemplate\":\"https:\/\/rendezvous-dubai.com\/es\/?s={search_term_string}\"},\"query-input\":{\"@type\":\"PropertyValueSpecification\",\"valueRequired\":true,\"valueName\":\"search_term_string\"}}],\"inLanguage\":\"es-ES\"},{\"@type\":\"Organization\",\"@id\":\"https:\/\/rendezvous-dubai.com\/es\/#organization\",\"name\":\"RENDEZVOUS DUBAI\",\"url\":\"https:\/\/rendezvous-dubai.com\/es\/\",\"logo\":{\"@type\":\"ImageObject\",\"inLanguage\":\"es-ES\",\"@id\":\"https:\/\/rendezvous-dubai.com\/es\/#\/schema\/logo\/image\/\",\"url\":\"https:\/\/i0.wp.com\/rendezvous-dubai.com\/wp-content\/uploads\/2020\/05\/Logo-RDV-Dubai.png?fit=1426%2C1422&ssl=1\",\"contentUrl\":\"https:\/\/i0.wp.com\/rendezvous-dubai.com\/wp-content\/uploads\/2020\/05\/Logo-RDV-Dubai.png?fit=1426%2C1422&ssl=1\",\"width\":1426,\"height\":1422,\"caption\":\"RENDEZVOUS DUBAI\"},\"image\":{\"@id\":\"https:\/\/rendezvous-dubai.com\/es\/#\/schema\/logo\/image\/\"},\"sameAs\":[\"https:\/\/www.facebook.com\/rendezvousdubai\",\"https:\/\/www.instagram.com\/rendezvousdubai\/\",\"https:\/\/www.youtube.com\/@rendezvousdubai\"]}]}<\/script>\n<!-- \/ Yoast SEO plugin. -->","yoast_head_json":{"title":"Contactar - RENDEZVOUS DUBAI","description":"Agencia de turismo especializada en planificar sus vacaciones con familias, amigos o grupos en los lugares m\u00e1s bellos, como Dubai, Abu Dhabi y Om\u00e1n.","robots":{"index":"index","follow":"follow","max-snippet":"max-snippet:-1","max-image-preview":"max-image-preview:large","max-video-preview":"max-video-preview:-1"},"canonical":"https:\/\/rendezvous-dubai.com\/es\/contacto\/","og_locale":"es_ES","og_type":"article","og_title":"Contactar - RENDEZVOUS DUBAI","og_description":"Agencia de turismo especializada en planificar sus vacaciones con familias, amigos o grupos en los lugares m\u00e1s bellos, como Dubai, Abu Dhabi y Om\u00e1n.","og_url":"https:\/\/rendezvous-dubai.com\/es\/contacto\/","og_site_name":"RENDEZVOUS DUBAI","article_publisher":"https:\/\/www.facebook.com\/rendezvousdubai","article_modified_time":"2021-10-10T14:53:27+00:00","og_image":[{"width":740,"height":535,"url":"https:\/\/rendezvous-dubai.com\/wp-content\/uploads\/2020\/02\/dubai.1574221.w740.jpeg","type":"image\/jpeg"}],"twitter_card":"summary_large_image","twitter_misc":{"Est. reading time":"1 minute"},"schema":{"@context":"https:\/\/schema.org","@graph":[{"@type":"WebPage","@id":"https:\/\/rendezvous-dubai.com\/es\/contacto\/","url":"https:\/\/rendezvous-dubai.com\/es\/contacto\/","name":"Contactar - RENDEZVOUS DUBAI","isPartOf":{"@id":"https:\/\/rendezvous-dubai.com\/es\/#website"},"primaryImageOfPage":{"@id":"https:\/\/rendezvous-dubai.com\/es\/contacto\/#primaryimage"},"image":{"@id":"https:\/\/rendezvous-dubai.com\/es\/contacto\/#primaryimage"},"thumbnailUrl":"https:\/\/rendezvous-dubai.com\/wp-content\/uploads\/2020\/02\/dubai.1574221.w740.jpeg","datePublished":"2020-06-03T11:12:13+00:00","dateModified":"2021-10-10T14:53:27+00:00","description":"Agencia de turismo especializada en planificar sus vacaciones con familias, amigos o grupos en los lugares m\u00e1s bellos, como Dubai, Abu Dhabi y Om\u00e1n.","breadcrumb":{"@id":"https:\/\/rendezvous-dubai.com\/es\/contacto\/#breadcrumb"},"inLanguage":"es-ES","potentialAction":[{"@type":"ReadAction","target":["https:\/\/rendezvous-dubai.com\/es\/contacto\/"]}]},{"@type":"ImageObject","inLanguage":"es-ES","@id":"https:\/\/rendezvous-dubai.com\/es\/contacto\/#primaryimage","url":"https:\/\/rendezvous-dubai.com\/wp-content\/uploads\/2020\/02\/dubai.1574221.w740.jpeg","contentUrl":"https:\/\/rendezvous-dubai.com\/wp-content\/uploads\/2020\/02\/dubai.1574221.w740.jpeg","width":740,"height":535,"caption":"DUBAI BEST ACTIVITIES"},{"@type":"BreadcrumbList","@id":"https:\/\/rendezvous-dubai.com\/es\/contacto\/#breadcrumb","itemListElement":[{"@type":"ListItem","position":1,"name":"Home","item":"https:\/\/rendezvous-dubai.com\/es\/"},{"@type":"ListItem","position":2,"name":"Contactar"}]},{"@type":"WebSite","@id":"https:\/\/rendezvous-dubai.com\/es\/#website","url":"https:\/\/rendezvous-dubai.com\/es\/","name":"RENDEZVOUS DUBAI","description":"Your Event Organizer","publisher":{"@id":"https:\/\/rendezvous-dubai.com\/es\/#organization"},"potentialAction":[{"@type":"SearchAction","target":{"@type":"EntryPoint","urlTemplate":"https:\/\/rendezvous-dubai.com\/es\/?s={search_term_string}"},"query-input":{"@type":"PropertyValueSpecification","valueRequired":true,"valueName":"search_term_string"}}],"inLanguage":"es-ES"},{"@type":"Organization","@id":"https:\/\/rendezvous-dubai.com\/es\/#organization","name":"RENDEZVOUS DUBAI","url":"https:\/\/rendezvous-dubai.com\/es\/","logo":{"@type":"ImageObject","inLanguage":"es-ES","@id":"https:\/\/rendezvous-dubai.com\/es\/#\/schema\/logo\/image\/","url":"https:\/\/i0.wp.com\/rendezvous-dubai.com\/wp-content\/uploads\/2020\/05\/Logo-RDV-Dubai.png?fit=1426%2C1422&ssl=1","contentUrl":"https:\/\/i0.wp.com\/rendezvous-dubai.com\/wp-content\/uploads\/2020\/05\/Logo-RDV-Dubai.png?fit=1426%2C1422&ssl=1","width":1426,"height":1422,"caption":"RENDEZVOUS DUBAI"},"image":{"@id":"https:\/\/rendezvous-dubai.com\/es\/#\/schema\/logo\/image\/"},"sameAs":["https:\/\/www.facebook.com\/rendezvousdubai","https:\/\/www.instagram.com\/rendezvousdubai\/","https:\/\/www.youtube.com\/@rendezvousdubai"]}]}},"jetpack_sharing_enabled":true,"_links":{"self":[{"href":"https:\/\/rendezvous-dubai.com\/es\/wp-json\/wp\/v2\/pages\/6789","targetHints":{"allow":["GET"]}}],"collection":[{"href":"https:\/\/rendezvous-dubai.com\/es\/wp-json\/wp\/v2\/pages"}],"about":[{"href":"https:\/\/rendezvous-dubai.com\/es\/wp-json\/wp\/v2\/types\/page"}],"author":[{"embeddable":true,"href":"https:\/\/rendezvous-dubai.com\/es\/wp-json\/wp\/v2\/users\/1"}],"replies":[{"embeddable":true,"href":"https:\/\/rendezvous-dubai.com\/es\/wp-json\/wp\/v2\/comments?post=6789"}],"version-history":[{"count":0,"href":"https:\/\/rendezvous-dubai.com\/es\/wp-json\/wp\/v2\/pages\/6789\/revisions"}],"wp:featuredmedia":[{"embeddable":true,"href":"https:\/\/rendezvous-dubai.com\/es\/wp-json\/wp\/v2\/media\/7979"}],"wp:attachment":[{"href":"https:\/\/rendezvous-dubai.com\/es\/wp-json\/wp\/v2\/media?parent=6789"}],"curies":[{"name":"wp","href":"https:\/\/api.w.org\/{rel}","templated":true}]}}