{"id":6786,"date":"2020-06-03T15:10:43","date_gmt":"2020-06-03T11:10:43","guid":{"rendered":"https:\/\/rendezvousdubai.com\/sobre-nosotros\/"},"modified":"2023-04-15T06:23:39","modified_gmt":"2023-04-15T02:23:39","slug":"sobre-nosotros","status":"publish","type":"page","link":"https:\/\/rendezvous-dubai.com\/es\/sobre-nosotros\/","title":{"rendered":"Sobre nosotros"},"content":{"rendered":"<p>[vc_row][vc_column]<header class='content-heading'>\r\n\t\t\t\t\t\t<h2 class='main-heading'>Sobre RENDEZVOUS DUBAI<\/h2>\r\n\t\t\t\t\t\t<div class='main-subtitle'><p>Descubre la magia de Dub\u00e1i<\/p>\n<\/div>\r\n\t\t\t\t\t\t<div class='seperator'><\/div>\r\n\t\t\t\t\t<\/header>[vc_row_inner][vc_column_inner width=&#8221;1\/2&#8243;]<div class=\"description-text\"><h3>Los mejores aventuras<\/h3><p>\u00a1Bienvenido a RENDEZVOUS DUB\u00c1I! Somos una agencia de viajes l\u00edder en los Emiratos \u00c1rabes Unidos, que ofrece una gama de productos tur\u00edsticos personalizados para que su visita a Dub\u00e1i sea inolvidable.<\/p>\n<p>Nuestros a\u00f1os de experiencia nos han permitido dominar el mercado y responder a las demandas de nuestros clientes de forma personalizada, diferenciada y a medida. Hemos construido relaciones s\u00f3lidas con nuestros socios, lo que nos permite ofrecer experiencias \u00fanicas y diferenciadas a nuestros clientes.<\/p>\n<p>Estamos muy orgullosos del meticuloso desarrollo de todos nuestros servicios, dise\u00f1ados para garantizar su m\u00e1xima satisfacci\u00f3n. Nuestro equipo de profesionales especializados en el sector tur\u00edstico le servir\u00e1 de gu\u00eda, asegur\u00e1ndole la mejor calidad de servicio durante su visita a los Emiratos \u00c1rabes Unidos.<\/p><\/div>[\/vc_column_inner][vc_column_inner width=&#8221;1\/2&#8243;][vc_media_grid element_width=&#8221;12&#8243; grid_id=&#8221;vc_gid:1681524982323-8865d51a-9f00-1&#8243; include=&#8221;13000&#8243; css=&#8221;.vc_custom_1681525382461{padding-top: 20px !important;}&#8221;][\/vc_column_inner][\/vc_row_inner][vc_row_inner][vc_column_inner width=&#8221;1\/2&#8243;][vc_media_grid element_width=&#8221;12&#8243; grid_id=&#8221;vc_gid:1681524982324-0f29fbb2-aa65-3&#8243; include=&#8221;46954&#8243; css=&#8221;.vc_custom_1681525375125{padding-top: 30px !important;}&#8221;][\/vc_column_inner][vc_column_inner width=&#8221;1\/2&#8243;]<div class=\"description-text\"><h3>Nuestro equipo<\/h3><p>En RENDEZVOUS DUBAI, nuestro equipo est\u00e1 compuesto por profesionales altamente experimentados apasionados por brindar experiencias de viaje excepcionales. Desde nuestros asesores de viajes hasta nuestros gu\u00edas tur\u00edsticos, cada miembro de nuestro equipo se compromete a garantizar que nuestros clientes tengan el mejor viaje posible a Dub\u00e1i, Abu Dabi y Om\u00e1n.<\/p>\n<p>Creemos que el \u00e9xito de nuestro negocio se basa en la experiencia y dedicaci\u00f3n de nuestro equipo. Nos enorgullece reclutar a los mejores profesionales de la industria, brind\u00e1ndoles capacitaci\u00f3n y desarrollo continuos, y fomentando una cultura de excelencia que impregna todos los aspectos de nuestro negocio. Estamos comprometidos a brindar a nuestros clientes el m\u00e1s alto nivel de servicio y garantizar que su experiencia de viaje con nosotros sea realmente inolvidable.<\/p><\/div>[\/vc_column_inner][\/vc_row_inner][\/vc_column][\/vc_row]<\/p>\n","protected":false},"excerpt":{"rendered":"<p>[vc_row][vc_column][vc_row_inner][vc_column_inner width=&#8221;1\/2&#8243;][\/vc_column_inner][vc_column_inner width=&#8221;1\/2&#8243;][vc_media_grid element_width=&#8221;12&#8243; grid_id=&#8221;vc_gid:1681524982323-8865d51a-9f00-1&#8243; include=&#8221;13000&#8243; css=&#8221;.vc_custom_1681525382461{padding-top: 20px !important;}&#8221;][\/vc_column_inner][\/vc_row_inner][vc_row_inner][vc_column_inner width=&#8221;1\/2&#8243;][vc_media_grid element_width=&#8221;12&#8243; grid_id=&#8221;vc_gid:1681524982324-0f29fbb2-aa65-3&#8243; include=&#8221;46954&#8243; css=&#8221;.vc_custom_1681525375125{padding-top: 30px !important;}&#8221;][\/vc_column_inner][vc_column_inner width=&#8221;1\/2&#8243;][\/vc_column_inner][\/vc_row_inner][\/vc_column][\/vc_row]<\/p>\n","protected":false},"author":1,"featured_media":7979,"parent":0,"menu_order":0,"comment_status":"closed","ping_status":"closed","template":"entrada_templates\/layout-visual-composer-default.php","meta":{"_joinchat":[],"footnotes":""},"class_list":["post-6786","page","type-page","status-publish","has-post-thumbnail","hentry"],"yoast_head":"<!-- This site is optimized with the Yoast SEO plugin v25.8 - https:\/\/yoast.com\/wordpress\/plugins\/seo\/ -->\n<title>Sobre nosotros - RENDEZVOUS DUBAI<\/title>\n<meta name=\"description\" content=\"Agencia de turismo especializada en planificar sus vacaciones con familias, amigos o grupos en los lugares m\u00e1s bellos, como Dubai, Abu Dhabi y Om\u00e1n.\" \/>\n<meta name=\"robots\" content=\"index, follow, max-snippet:-1, max-image-preview:large, max-video-preview:-1\" \/>\n<link rel=\"canonical\" href=\"https:\/\/rendezvous-dubai.com\/es\/sobre-nosotros\/\" \/>\n<meta property=\"og:locale\" content=\"es_ES\" \/>\n<meta property=\"og:type\" content=\"article\" \/>\n<meta property=\"og:title\" content=\"Sobre nosotros - RENDEZVOUS DUBAI\" \/>\n<meta property=\"og:description\" content=\"Agencia de turismo especializada en planificar sus vacaciones con familias, amigos o grupos en los lugares m\u00e1s bellos, como Dubai, Abu Dhabi y Om\u00e1n.\" \/>\n<meta property=\"og:url\" content=\"https:\/\/rendezvous-dubai.com\/es\/sobre-nosotros\/\" \/>\n<meta property=\"og:site_name\" content=\"RENDEZVOUS DUBAI\" \/>\n<meta property=\"article:publisher\" content=\"https:\/\/www.facebook.com\/rendezvousdubai\" \/>\n<meta property=\"article:modified_time\" content=\"2023-04-15T02:23:39+00:00\" \/>\n<meta property=\"og:image\" content=\"https:\/\/rendezvous-dubai.com\/wp-content\/uploads\/2020\/02\/dubai.1574221.w740.jpeg\" \/>\n\t<meta property=\"og:image:width\" content=\"740\" \/>\n\t<meta property=\"og:image:height\" content=\"535\" \/>\n\t<meta property=\"og:image:type\" content=\"image\/jpeg\" \/>\n<meta name=\"twitter:card\" content=\"summary_large_image\" \/>\n<meta name=\"twitter:label1\" content=\"Est. reading time\" \/>\n\t<meta name=\"twitter:data1\" content=\"2 minutes\" \/>\n<script type=\"application\/ld+json\" class=\"yoast-schema-graph\">{\"@context\":\"https:\/\/schema.org\",\"@graph\":[{\"@type\":\"WebPage\",\"@id\":\"https:\/\/rendezvous-dubai.com\/es\/sobre-nosotros\/\",\"url\":\"https:\/\/rendezvous-dubai.com\/es\/sobre-nosotros\/\",\"name\":\"Sobre nosotros - RENDEZVOUS DUBAI\",\"isPartOf\":{\"@id\":\"https:\/\/rendezvous-dubai.com\/es\/#website\"},\"primaryImageOfPage\":{\"@id\":\"https:\/\/rendezvous-dubai.com\/es\/sobre-nosotros\/#primaryimage\"},\"image\":{\"@id\":\"https:\/\/rendezvous-dubai.com\/es\/sobre-nosotros\/#primaryimage\"},\"thumbnailUrl\":\"https:\/\/rendezvous-dubai.com\/wp-content\/uploads\/2020\/02\/dubai.1574221.w740.jpeg\",\"datePublished\":\"2020-06-03T11:10:43+00:00\",\"dateModified\":\"2023-04-15T02:23:39+00:00\",\"description\":\"Agencia de turismo especializada en planificar sus vacaciones con familias, amigos o grupos en los lugares m\u00e1s bellos, como Dubai, Abu Dhabi y Om\u00e1n.\",\"breadcrumb\":{\"@id\":\"https:\/\/rendezvous-dubai.com\/es\/sobre-nosotros\/#breadcrumb\"},\"inLanguage\":\"es-ES\",\"potentialAction\":[{\"@type\":\"ReadAction\",\"target\":[\"https:\/\/rendezvous-dubai.com\/es\/sobre-nosotros\/\"]}]},{\"@type\":\"ImageObject\",\"inLanguage\":\"es-ES\",\"@id\":\"https:\/\/rendezvous-dubai.com\/es\/sobre-nosotros\/#primaryimage\",\"url\":\"https:\/\/rendezvous-dubai.com\/wp-content\/uploads\/2020\/02\/dubai.1574221.w740.jpeg\",\"contentUrl\":\"https:\/\/rendezvous-dubai.com\/wp-content\/uploads\/2020\/02\/dubai.1574221.w740.jpeg\",\"width\":740,\"height\":535,\"caption\":\"DUBAI BEST ACTIVITIES\"},{\"@type\":\"BreadcrumbList\",\"@id\":\"https:\/\/rendezvous-dubai.com\/es\/sobre-nosotros\/#breadcrumb\",\"itemListElement\":[{\"@type\":\"ListItem\",\"position\":1,\"name\":\"Home\",\"item\":\"https:\/\/rendezvous-dubai.com\/es\/\"},{\"@type\":\"ListItem\",\"position\":2,\"name\":\"Sobre nosotros\"}]},{\"@type\":\"WebSite\",\"@id\":\"https:\/\/rendezvous-dubai.com\/es\/#website\",\"url\":\"https:\/\/rendezvous-dubai.com\/es\/\",\"name\":\"RENDEZVOUS DUBAI\",\"description\":\"Your Event Organizer\",\"publisher\":{\"@id\":\"https:\/\/rendezvous-dubai.com\/es\/#organization\"},\"potentialAction\":[{\"@type\":\"SearchAction\",\"target\":{\"@type\":\"EntryPoint\",\"urlTemplate\":\"https:\/\/rendezvous-dubai.com\/es\/?s={search_term_string}\"},\"query-input\":{\"@type\":\"PropertyValueSpecification\",\"valueRequired\":true,\"valueName\":\"search_term_string\"}}],\"inLanguage\":\"es-ES\"},{\"@type\":\"Organization\",\"@id\":\"https:\/\/rendezvous-dubai.com\/es\/#organization\",\"name\":\"RENDEZVOUS DUBAI\",\"url\":\"https:\/\/rendezvous-dubai.com\/es\/\",\"logo\":{\"@type\":\"ImageObject\",\"inLanguage\":\"es-ES\",\"@id\":\"https:\/\/rendezvous-dubai.com\/es\/#\/schema\/logo\/image\/\",\"url\":\"https:\/\/i0.wp.com\/rendezvous-dubai.com\/wp-content\/uploads\/2020\/05\/Logo-RDV-Dubai.png?fit=1426%2C1422&ssl=1\",\"contentUrl\":\"https:\/\/i0.wp.com\/rendezvous-dubai.com\/wp-content\/uploads\/2020\/05\/Logo-RDV-Dubai.png?fit=1426%2C1422&ssl=1\",\"width\":1426,\"height\":1422,\"caption\":\"RENDEZVOUS DUBAI\"},\"image\":{\"@id\":\"https:\/\/rendezvous-dubai.com\/es\/#\/schema\/logo\/image\/\"},\"sameAs\":[\"https:\/\/www.facebook.com\/rendezvousdubai\",\"https:\/\/www.instagram.com\/rendezvousdubai\/\",\"https:\/\/www.youtube.com\/@rendezvousdubai\"]}]}<\/script>\n<!-- \/ Yoast SEO plugin. -->","yoast_head_json":{"title":"Sobre nosotros - RENDEZVOUS DUBAI","description":"Agencia de turismo especializada en planificar sus vacaciones con familias, amigos o grupos en los lugares m\u00e1s bellos, como Dubai, Abu Dhabi y Om\u00e1n.","robots":{"index":"index","follow":"follow","max-snippet":"max-snippet:-1","max-image-preview":"max-image-preview:large","max-video-preview":"max-video-preview:-1"},"canonical":"https:\/\/rendezvous-dubai.com\/es\/sobre-nosotros\/","og_locale":"es_ES","og_type":"article","og_title":"Sobre nosotros - RENDEZVOUS DUBAI","og_description":"Agencia de turismo especializada en planificar sus vacaciones con familias, amigos o grupos en los lugares m\u00e1s bellos, como Dubai, Abu Dhabi y Om\u00e1n.","og_url":"https:\/\/rendezvous-dubai.com\/es\/sobre-nosotros\/","og_site_name":"RENDEZVOUS DUBAI","article_publisher":"https:\/\/www.facebook.com\/rendezvousdubai","article_modified_time":"2023-04-15T02:23:39+00:00","og_image":[{"width":740,"height":535,"url":"https:\/\/rendezvous-dubai.com\/wp-content\/uploads\/2020\/02\/dubai.1574221.w740.jpeg","type":"image\/jpeg"}],"twitter_card":"summary_large_image","twitter_misc":{"Est. reading time":"2 minutes"},"schema":{"@context":"https:\/\/schema.org","@graph":[{"@type":"WebPage","@id":"https:\/\/rendezvous-dubai.com\/es\/sobre-nosotros\/","url":"https:\/\/rendezvous-dubai.com\/es\/sobre-nosotros\/","name":"Sobre nosotros - RENDEZVOUS DUBAI","isPartOf":{"@id":"https:\/\/rendezvous-dubai.com\/es\/#website"},"primaryImageOfPage":{"@id":"https:\/\/rendezvous-dubai.com\/es\/sobre-nosotros\/#primaryimage"},"image":{"@id":"https:\/\/rendezvous-dubai.com\/es\/sobre-nosotros\/#primaryimage"},"thumbnailUrl":"https:\/\/rendezvous-dubai.com\/wp-content\/uploads\/2020\/02\/dubai.1574221.w740.jpeg","datePublished":"2020-06-03T11:10:43+00:00","dateModified":"2023-04-15T02:23:39+00:00","description":"Agencia de turismo especializada en planificar sus vacaciones con familias, amigos o grupos en los lugares m\u00e1s bellos, como Dubai, Abu Dhabi y Om\u00e1n.","breadcrumb":{"@id":"https:\/\/rendezvous-dubai.com\/es\/sobre-nosotros\/#breadcrumb"},"inLanguage":"es-ES","potentialAction":[{"@type":"ReadAction","target":["https:\/\/rendezvous-dubai.com\/es\/sobre-nosotros\/"]}]},{"@type":"ImageObject","inLanguage":"es-ES","@id":"https:\/\/rendezvous-dubai.com\/es\/sobre-nosotros\/#primaryimage","url":"https:\/\/rendezvous-dubai.com\/wp-content\/uploads\/2020\/02\/dubai.1574221.w740.jpeg","contentUrl":"https:\/\/rendezvous-dubai.com\/wp-content\/uploads\/2020\/02\/dubai.1574221.w740.jpeg","width":740,"height":535,"caption":"DUBAI BEST ACTIVITIES"},{"@type":"BreadcrumbList","@id":"https:\/\/rendezvous-dubai.com\/es\/sobre-nosotros\/#breadcrumb","itemListElement":[{"@type":"ListItem","position":1,"name":"Home","item":"https:\/\/rendezvous-dubai.com\/es\/"},{"@type":"ListItem","position":2,"name":"Sobre nosotros"}]},{"@type":"WebSite","@id":"https:\/\/rendezvous-dubai.com\/es\/#website","url":"https:\/\/rendezvous-dubai.com\/es\/","name":"RENDEZVOUS DUBAI","description":"Your Event Organizer","publisher":{"@id":"https:\/\/rendezvous-dubai.com\/es\/#organization"},"potentialAction":[{"@type":"SearchAction","target":{"@type":"EntryPoint","urlTemplate":"https:\/\/rendezvous-dubai.com\/es\/?s={search_term_string}"},"query-input":{"@type":"PropertyValueSpecification","valueRequired":true,"valueName":"search_term_string"}}],"inLanguage":"es-ES"},{"@type":"Organization","@id":"https:\/\/rendezvous-dubai.com\/es\/#organization","name":"RENDEZVOUS DUBAI","url":"https:\/\/rendezvous-dubai.com\/es\/","logo":{"@type":"ImageObject","inLanguage":"es-ES","@id":"https:\/\/rendezvous-dubai.com\/es\/#\/schema\/logo\/image\/","url":"https:\/\/i0.wp.com\/rendezvous-dubai.com\/wp-content\/uploads\/2020\/05\/Logo-RDV-Dubai.png?fit=1426%2C1422&ssl=1","contentUrl":"https:\/\/i0.wp.com\/rendezvous-dubai.com\/wp-content\/uploads\/2020\/05\/Logo-RDV-Dubai.png?fit=1426%2C1422&ssl=1","width":1426,"height":1422,"caption":"RENDEZVOUS DUBAI"},"image":{"@id":"https:\/\/rendezvous-dubai.com\/es\/#\/schema\/logo\/image\/"},"sameAs":["https:\/\/www.facebook.com\/rendezvousdubai","https:\/\/www.instagram.com\/rendezvousdubai\/","https:\/\/www.youtube.com\/@rendezvousdubai"]}]}},"jetpack_sharing_enabled":true,"_links":{"self":[{"href":"https:\/\/rendezvous-dubai.com\/es\/wp-json\/wp\/v2\/pages\/6786","targetHints":{"allow":["GET"]}}],"collection":[{"href":"https:\/\/rendezvous-dubai.com\/es\/wp-json\/wp\/v2\/pages"}],"about":[{"href":"https:\/\/rendezvous-dubai.com\/es\/wp-json\/wp\/v2\/types\/page"}],"author":[{"embeddable":true,"href":"https:\/\/rendezvous-dubai.com\/es\/wp-json\/wp\/v2\/users\/1"}],"replies":[{"embeddable":true,"href":"https:\/\/rendezvous-dubai.com\/es\/wp-json\/wp\/v2\/comments?post=6786"}],"version-history":[{"count":2,"href":"https:\/\/rendezvous-dubai.com\/es\/wp-json\/wp\/v2\/pages\/6786\/revisions"}],"predecessor-version":[{"id":46966,"href":"https:\/\/rendezvous-dubai.com\/es\/wp-json\/wp\/v2\/pages\/6786\/revisions\/46966"}],"wp:featuredmedia":[{"embeddable":true,"href":"https:\/\/rendezvous-dubai.com\/es\/wp-json\/wp\/v2\/media\/7979"}],"wp:attachment":[{"href":"https:\/\/rendezvous-dubai.com\/es\/wp-json\/wp\/v2\/media?parent=6786"}],"curies":[{"name":"wp","href":"https:\/\/api.w.org\/{rel}","templated":true}]}}