{"id":6336,"date":"2020-06-02T19:15:37","date_gmt":"2020-06-02T15:15:37","guid":{"rendered":"https:\/\/rendezvousdubai.com\/tienda\/"},"modified":"2021-11-25T14:32:50","modified_gmt":"2021-11-25T10:32:50","slug":"tienda","status":"publish","type":"page","link":"https:\/\/rendezvous-dubai.com\/es\/tienda\/","title":{"rendered":"Tienda"},"content":{"rendered":"<p>Compre los mejores productos de Dubai. Agencia de turismo especializada en la organizaci\u00f3n de sus vacaciones en familia, con amigos o en grupo en los lugares m\u00e1s bellos como Dubai, Abu Dhabi y Om\u00e1n.<\/p>\n","protected":false},"excerpt":{"rendered":"<p>Compre los mejores productos de Dubai. Agencia de turismo especializada en la organizaci\u00f3n de sus vacaciones en familia, con amigos o en grupo en los lugares m\u00e1s bellos como Dubai, Abu Dhabi y Om\u00e1n.<\/p>\n","protected":false},"author":1,"featured_media":16171,"parent":0,"menu_order":0,"comment_status":"closed","ping_status":"closed","template":"","meta":{"_joinchat":[],"footnotes":""},"class_list":["post-6336","page","type-page","status-publish","has-post-thumbnail","hentry"],"yoast_head":"<!-- This site is optimized with the Yoast SEO plugin v25.8 - https:\/\/yoast.com\/wordpress\/plugins\/seo\/ -->\n<title>Tienda - RENDEZVOUS DUBAI<\/title>\n<meta name=\"description\" content=\"Compre los mejores productos de Dubai. Agencia de turismo especializada en la organizaci\u00f3n de sus vacaciones en familia, con amigos o en grupo en los lugares m\u00e1s bellos como Dubai, Abu Dhabi y Om\u00e1n.\" \/>\n<meta name=\"robots\" content=\"index, follow, max-snippet:-1, max-image-preview:large, max-video-preview:-1\" \/>\n<link rel=\"canonical\" href=\"https:\/\/rendezvous-dubai.com\/es\/tienda\/\" \/>\n<meta property=\"og:locale\" content=\"es_ES\" \/>\n<meta property=\"og:type\" content=\"article\" \/>\n<meta property=\"og:title\" content=\"Tienda - RENDEZVOUS DUBAI\" \/>\n<meta property=\"og:description\" content=\"Compre los mejores productos de Dubai. Agencia de turismo especializada en la organizaci\u00f3n de sus vacaciones en familia, con amigos o en grupo en los lugares m\u00e1s bellos como Dubai, Abu Dhabi y Om\u00e1n.\" \/>\n<meta property=\"og:url\" content=\"https:\/\/rendezvous-dubai.com\/es\/tienda\/\" \/>\n<meta property=\"og:site_name\" content=\"RENDEZVOUS DUBAI\" \/>\n<meta property=\"article:publisher\" content=\"https:\/\/www.facebook.com\/rendezvousdubai\" \/>\n<meta property=\"article:modified_time\" content=\"2021-11-25T10:32:50+00:00\" \/>\n<meta property=\"og:image\" content=\"https:\/\/rendezvous-dubai.com\/wp-content\/uploads\/2020\/05\/Dubai-Souk.jpg\" \/>\n\t<meta property=\"og:image:width\" content=\"900\" \/>\n\t<meta property=\"og:image:height\" content=\"591\" \/>\n\t<meta property=\"og:image:type\" content=\"image\/jpeg\" \/>\n<meta name=\"twitter:card\" content=\"summary_large_image\" \/>\n<script type=\"application\/ld+json\" class=\"yoast-schema-graph\">{\"@context\":\"https:\/\/schema.org\",\"@graph\":[{\"@type\":\"WebPage\",\"@id\":\"https:\/\/rendezvous-dubai.com\/es\/tienda\/\",\"url\":\"https:\/\/rendezvous-dubai.com\/es\/tienda\/\",\"name\":\"Tienda - RENDEZVOUS DUBAI\",\"isPartOf\":{\"@id\":\"https:\/\/rendezvous-dubai.com\/es\/#website\"},\"primaryImageOfPage\":{\"@id\":\"https:\/\/rendezvous-dubai.com\/es\/tienda\/#primaryimage\"},\"image\":{\"@id\":\"https:\/\/rendezvous-dubai.com\/es\/tienda\/#primaryimage\"},\"thumbnailUrl\":\"https:\/\/rendezvous-dubai.com\/wp-content\/uploads\/2020\/05\/Dubai-Souk.jpg\",\"datePublished\":\"2020-06-02T15:15:37+00:00\",\"dateModified\":\"2021-11-25T10:32:50+00:00\",\"description\":\"Compre los mejores productos de Dubai. Agencia de turismo especializada en la organizaci\u00f3n de sus vacaciones en familia, con amigos o en grupo en los lugares m\u00e1s bellos como Dubai, Abu Dhabi y Om\u00e1n.\",\"breadcrumb\":{\"@id\":\"https:\/\/rendezvous-dubai.com\/es\/tienda\/#breadcrumb\"},\"inLanguage\":\"es-ES\",\"potentialAction\":[{\"@type\":\"ReadAction\",\"target\":[\"https:\/\/rendezvous-dubai.com\/es\/tienda\/\"]}]},{\"@type\":\"ImageObject\",\"inLanguage\":\"es-ES\",\"@id\":\"https:\/\/rendezvous-dubai.com\/es\/tienda\/#primaryimage\",\"url\":\"https:\/\/rendezvous-dubai.com\/wp-content\/uploads\/2020\/05\/Dubai-Souk.jpg\",\"contentUrl\":\"https:\/\/rendezvous-dubai.com\/wp-content\/uploads\/2020\/05\/Dubai-Souk.jpg\",\"width\":900,\"height\":591,\"caption\":\"Dubai Souk\"},{\"@type\":\"BreadcrumbList\",\"@id\":\"https:\/\/rendezvous-dubai.com\/es\/tienda\/#breadcrumb\",\"itemListElement\":[{\"@type\":\"ListItem\",\"position\":1,\"name\":\"Home\",\"item\":\"https:\/\/rendezvous-dubai.com\/es\/\"},{\"@type\":\"ListItem\",\"position\":2,\"name\":\"Tienda\"}]},{\"@type\":\"WebSite\",\"@id\":\"https:\/\/rendezvous-dubai.com\/es\/#website\",\"url\":\"https:\/\/rendezvous-dubai.com\/es\/\",\"name\":\"RENDEZVOUS DUBAI\",\"description\":\"Your Event Organizer\",\"publisher\":{\"@id\":\"https:\/\/rendezvous-dubai.com\/es\/#organization\"},\"potentialAction\":[{\"@type\":\"SearchAction\",\"target\":{\"@type\":\"EntryPoint\",\"urlTemplate\":\"https:\/\/rendezvous-dubai.com\/es\/?s={search_term_string}\"},\"query-input\":{\"@type\":\"PropertyValueSpecification\",\"valueRequired\":true,\"valueName\":\"search_term_string\"}}],\"inLanguage\":\"es-ES\"},{\"@type\":\"Organization\",\"@id\":\"https:\/\/rendezvous-dubai.com\/es\/#organization\",\"name\":\"RENDEZVOUS DUBAI\",\"url\":\"https:\/\/rendezvous-dubai.com\/es\/\",\"logo\":{\"@type\":\"ImageObject\",\"inLanguage\":\"es-ES\",\"@id\":\"https:\/\/rendezvous-dubai.com\/es\/#\/schema\/logo\/image\/\",\"url\":\"https:\/\/i0.wp.com\/rendezvous-dubai.com\/wp-content\/uploads\/2020\/05\/Logo-RDV-Dubai.png?fit=1426%2C1422&ssl=1\",\"contentUrl\":\"https:\/\/i0.wp.com\/rendezvous-dubai.com\/wp-content\/uploads\/2020\/05\/Logo-RDV-Dubai.png?fit=1426%2C1422&ssl=1\",\"width\":1426,\"height\":1422,\"caption\":\"RENDEZVOUS DUBAI\"},\"image\":{\"@id\":\"https:\/\/rendezvous-dubai.com\/es\/#\/schema\/logo\/image\/\"},\"sameAs\":[\"https:\/\/www.facebook.com\/rendezvousdubai\",\"https:\/\/www.instagram.com\/rendezvousdubai\/\",\"https:\/\/www.youtube.com\/@rendezvousdubai\"]}]}<\/script>\n<!-- \/ Yoast SEO plugin. -->","yoast_head_json":{"title":"Tienda - RENDEZVOUS DUBAI","description":"Compre los mejores productos de Dubai. Agencia de turismo especializada en la organizaci\u00f3n de sus vacaciones en familia, con amigos o en grupo en los lugares m\u00e1s bellos como Dubai, Abu Dhabi y Om\u00e1n.","robots":{"index":"index","follow":"follow","max-snippet":"max-snippet:-1","max-image-preview":"max-image-preview:large","max-video-preview":"max-video-preview:-1"},"canonical":"https:\/\/rendezvous-dubai.com\/es\/tienda\/","og_locale":"es_ES","og_type":"article","og_title":"Tienda - RENDEZVOUS DUBAI","og_description":"Compre los mejores productos de Dubai. Agencia de turismo especializada en la organizaci\u00f3n de sus vacaciones en familia, con amigos o en grupo en los lugares m\u00e1s bellos como Dubai, Abu Dhabi y Om\u00e1n.","og_url":"https:\/\/rendezvous-dubai.com\/es\/tienda\/","og_site_name":"RENDEZVOUS DUBAI","article_publisher":"https:\/\/www.facebook.com\/rendezvousdubai","article_modified_time":"2021-11-25T10:32:50+00:00","og_image":[{"width":900,"height":591,"url":"https:\/\/rendezvous-dubai.com\/wp-content\/uploads\/2020\/05\/Dubai-Souk.jpg","type":"image\/jpeg"}],"twitter_card":"summary_large_image","schema":{"@context":"https:\/\/schema.org","@graph":[{"@type":"WebPage","@id":"https:\/\/rendezvous-dubai.com\/es\/tienda\/","url":"https:\/\/rendezvous-dubai.com\/es\/tienda\/","name":"Tienda - RENDEZVOUS DUBAI","isPartOf":{"@id":"https:\/\/rendezvous-dubai.com\/es\/#website"},"primaryImageOfPage":{"@id":"https:\/\/rendezvous-dubai.com\/es\/tienda\/#primaryimage"},"image":{"@id":"https:\/\/rendezvous-dubai.com\/es\/tienda\/#primaryimage"},"thumbnailUrl":"https:\/\/rendezvous-dubai.com\/wp-content\/uploads\/2020\/05\/Dubai-Souk.jpg","datePublished":"2020-06-02T15:15:37+00:00","dateModified":"2021-11-25T10:32:50+00:00","description":"Compre los mejores productos de Dubai. Agencia de turismo especializada en la organizaci\u00f3n de sus vacaciones en familia, con amigos o en grupo en los lugares m\u00e1s bellos como Dubai, Abu Dhabi y Om\u00e1n.","breadcrumb":{"@id":"https:\/\/rendezvous-dubai.com\/es\/tienda\/#breadcrumb"},"inLanguage":"es-ES","potentialAction":[{"@type":"ReadAction","target":["https:\/\/rendezvous-dubai.com\/es\/tienda\/"]}]},{"@type":"ImageObject","inLanguage":"es-ES","@id":"https:\/\/rendezvous-dubai.com\/es\/tienda\/#primaryimage","url":"https:\/\/rendezvous-dubai.com\/wp-content\/uploads\/2020\/05\/Dubai-Souk.jpg","contentUrl":"https:\/\/rendezvous-dubai.com\/wp-content\/uploads\/2020\/05\/Dubai-Souk.jpg","width":900,"height":591,"caption":"Dubai Souk"},{"@type":"BreadcrumbList","@id":"https:\/\/rendezvous-dubai.com\/es\/tienda\/#breadcrumb","itemListElement":[{"@type":"ListItem","position":1,"name":"Home","item":"https:\/\/rendezvous-dubai.com\/es\/"},{"@type":"ListItem","position":2,"name":"Tienda"}]},{"@type":"WebSite","@id":"https:\/\/rendezvous-dubai.com\/es\/#website","url":"https:\/\/rendezvous-dubai.com\/es\/","name":"RENDEZVOUS DUBAI","description":"Your Event Organizer","publisher":{"@id":"https:\/\/rendezvous-dubai.com\/es\/#organization"},"potentialAction":[{"@type":"SearchAction","target":{"@type":"EntryPoint","urlTemplate":"https:\/\/rendezvous-dubai.com\/es\/?s={search_term_string}"},"query-input":{"@type":"PropertyValueSpecification","valueRequired":true,"valueName":"search_term_string"}}],"inLanguage":"es-ES"},{"@type":"Organization","@id":"https:\/\/rendezvous-dubai.com\/es\/#organization","name":"RENDEZVOUS DUBAI","url":"https:\/\/rendezvous-dubai.com\/es\/","logo":{"@type":"ImageObject","inLanguage":"es-ES","@id":"https:\/\/rendezvous-dubai.com\/es\/#\/schema\/logo\/image\/","url":"https:\/\/i0.wp.com\/rendezvous-dubai.com\/wp-content\/uploads\/2020\/05\/Logo-RDV-Dubai.png?fit=1426%2C1422&ssl=1","contentUrl":"https:\/\/i0.wp.com\/rendezvous-dubai.com\/wp-content\/uploads\/2020\/05\/Logo-RDV-Dubai.png?fit=1426%2C1422&ssl=1","width":1426,"height":1422,"caption":"RENDEZVOUS DUBAI"},"image":{"@id":"https:\/\/rendezvous-dubai.com\/es\/#\/schema\/logo\/image\/"},"sameAs":["https:\/\/www.facebook.com\/rendezvousdubai","https:\/\/www.instagram.com\/rendezvousdubai\/","https:\/\/www.youtube.com\/@rendezvousdubai"]}]}},"jetpack_sharing_enabled":true,"_links":{"self":[{"href":"https:\/\/rendezvous-dubai.com\/es\/wp-json\/wp\/v2\/pages\/6336","targetHints":{"allow":["GET"]}}],"collection":[{"href":"https:\/\/rendezvous-dubai.com\/es\/wp-json\/wp\/v2\/pages"}],"about":[{"href":"https:\/\/rendezvous-dubai.com\/es\/wp-json\/wp\/v2\/types\/page"}],"author":[{"embeddable":true,"href":"https:\/\/rendezvous-dubai.com\/es\/wp-json\/wp\/v2\/users\/1"}],"replies":[{"embeddable":true,"href":"https:\/\/rendezvous-dubai.com\/es\/wp-json\/wp\/v2\/comments?post=6336"}],"version-history":[{"count":0,"href":"https:\/\/rendezvous-dubai.com\/es\/wp-json\/wp\/v2\/pages\/6336\/revisions"}],"wp:featuredmedia":[{"embeddable":true,"href":"https:\/\/rendezvous-dubai.com\/es\/wp-json\/wp\/v2\/media\/16171"}],"wp:attachment":[{"href":"https:\/\/rendezvous-dubai.com\/es\/wp-json\/wp\/v2\/media?parent=6336"}],"curies":[{"name":"wp","href":"https:\/\/api.w.org\/{rel}","templated":true}]}}