{"id":12330,"date":"2021-09-13T18:42:26","date_gmt":"2021-09-13T14:42:26","guid":{"rendered":"https:\/\/rendezvousdubai.com\/refund-and-cancellation-policy\/"},"modified":"2021-10-10T20:08:43","modified_gmt":"2021-10-10T16:08:43","slug":"politica-reembolso","status":"publish","type":"page","link":"https:\/\/rendezvous-dubai.com\/es\/politica-reembolso\/","title":{"rendered":"Pol\u00edtica de reembolso y cancelaci\u00f3n"},"content":{"rendered":"<h2>Pol\u00edtica de cancelaci\u00f3n<\/h2>\r\n<p>En caso de cancelaci\u00f3n con m\u00e1s de 72 horas de antelaci\u00f3n a la fecha de la actividad elegida: devoluci\u00f3n del 100% excepto aquellas actividades para las que se muestre la menci\u00f3n \u201cActividad no reembolsable\u201d antes del pago en el bot\u00f3n Pagar o A\u00f1adir al carrito.<\/p>\r\n<p>En caso de cancelaci\u00f3n entre 72 horas y 24 horas antes de la actividad: devoluci\u00f3n del 50%, excepto aquellas actividades para las que se muestre la menci\u00f3n \u201cActividad no reembolsable\u201d antes del pago en el bot\u00f3n Pagar o A\u00f1adir al carrito.<\/p>\r\n<p>En caso de cancelaci\u00f3n 24 horas o menos antes de la actividad: no hay devoluci\u00f3n.<\/p>\r\n<p>El importe total se facturar\u00e1 en caso de no presentarse y si la actividad no es honrada. No es posible ning\u00fan reembolso despu\u00e9s del evento.<\/p>\r\n<p>&nbsp;<\/p>\r\n<h2>Pol\u00edtica de reprogramaci\u00f3n<\/h2>\r\n<p>Solo se ofrece una reprogramaci\u00f3n gratuita, excepto para las actividades en las que se indique, antes del pago, que la reprogramaci\u00f3n es imposible justificada por la menci\u00f3n \u201cno canjeable\u201d. Debe ser comunicado imperativamente 48 horas como m\u00e1ximo antes de la fecha elegida de la actividad. En caso de ser necesario y en caso de m\u00faltiples solicitudes de cambio, estas acciones se facturar\u00e1n al 30% del importe de la actividad, por persona.<\/p>\r\n<p>En ausencia de una solicitud de reprogramaci\u00f3n con 48 horas de anticipaci\u00f3n, la solicitud ser\u00e1 rechazada y no se realizar\u00e1 ning\u00fan reembolso.<\/p>\r\n<p>Los programas no son cancelables por mal tiempo, solo el socio puede juzgar sobre la posibilidad de realizar una actividad por su seguridad y seg\u00fan las \u00f3rdenes recibidas por las autoridades.<\/p>\r\n<p>&nbsp;<\/p>\r\n<h2>Reembolsos<\/h2>\r\n<p>Una vez recibida su devoluci\u00f3n o cancelaci\u00f3n, le enviaremos un correo electr\u00f3nico para notificarle que hemos recibido su art\u00edculo devuelto o reserva de cancelaci\u00f3n. Tambi\u00e9n le notificaremos la aprobaci\u00f3n o el rechazo de su reembolso.<\/p>\r\n<p>Si lo aprueban, se procesar\u00e1 su reembolso y se aplicar\u00e1 un cr\u00e9dito autom\u00e1ticamente a su tarjeta de cr\u00e9dito o m\u00e9todo de pago original, dentro de una cierta cantidad de d\u00edas.<\/p>\r\n\r\n<p>&nbsp;<\/p>\r\n\r\n\r\n\r\n<h2><strong>Reembolsos tard\u00edos o faltantes<\/strong><\/h2>\r\n<p>Si a\u00fan no ha recibido un reembolso, primero revise su cuenta bancaria nuevamente.<\/p>\r\n<p>Luego, comun\u00edquese con la compa\u00f1\u00eda de su tarjeta de cr\u00e9dito, puede tomar alg\u00fan tiempo antes de que su reembolso se publique oficialmente.<\/p>\r\n<p>A continuaci\u00f3n, p\u00f3ngase en contacto con su banco. A menudo hay alg\u00fan tiempo de procesamiento antes de que se publique un reembolso.<\/p>\r\n<p>Si ha hecho todo esto y a\u00fan no ha recibido su reembolso, cont\u00e1ctenos en contact@rendezvousdubai.com.<\/p>\r\n\r\n\r\n\r\n\r\n\r\n<p>&nbsp;<\/p>\r\n\r\n\r\n\r\n\r\n\r\n<h2 class=\"wp-block-heading\">Env\u00edo y devoluciones<\/h2>\r\n<p>Para ser elegible para una devoluci\u00f3n de producto, su art\u00edculo debe estar sin usar y en las mismas condiciones en que lo recibi\u00f3. Tambi\u00e9n debe estar en el embalaje original. Varios tipos de bienes est\u00e1n exentos de devoluci\u00f3n. Los productos perecederos, como los alimentos, no se pueden devolver.<\/p>\r\n<p>Hay ciertas situaciones en las que solo se otorgan reembolsos parciales:<\/p>\r\n<ul>\r\n<li>Cualquier art\u00edculo que no est\u00e9 en su estado original, est\u00e9 da\u00f1ado o le falten piezas por razones que no se deben a nuestro error.<\/li>\r\n<li>Cualquier art\u00edculo que se devuelva m\u00e1s de 30 d\u00edas despu\u00e9s de la entrega.<\/li>\r\n<\/ul>\r\n<p>Para devolver su producto, debe enviarlo por correo a: contact@rendezvousdubai.com.<\/p>\r\n<p>Usted ser\u00e1 responsable de pagar sus propios costos de env\u00edo para devolver su art\u00edculo. Los gastos de env\u00edo no son reembolsables. Si recibe un reembolso, el costo del env\u00edo de devoluci\u00f3n se deducir\u00e1 de su reembolso.<\/p>\r\n<p>Dependiendo de d\u00f3nde viva, el tiempo que le tome al producto intercambiado llegar a usted puede variar.<\/p>\r\n<p>Si devuelve art\u00edculos m\u00e1s caros, puede considerar utilizar un servicio de env\u00edo rastreable o comprar un seguro de env\u00edo. No garantizamos que recibiremos su art\u00edculo devuelto.<\/p>\r\n\r\n\r\n\r\n<p>&nbsp;<\/p>\r\n\r\n\r\n\r\n<h2 class=\"wp-block-heading\">\u00bfNecesitas ayuda?<\/h2>\r\n\r\n\r\n\r\n<p>Cont\u00e1ctenos en contact@rendezvousdubai.com para preguntas relacionadas con reembolsos y devoluciones.<\/p>\r\n","protected":false},"excerpt":{"rendered":"<p>Pol\u00edtica de cancelaci\u00f3n En caso de cancelaci\u00f3n con m\u00e1s de 72 horas de antelaci\u00f3n a la fecha de la actividad elegida: devoluci\u00f3n del 100% excepto aquellas actividades para las que se muestre la menci\u00f3n \u201cActividad no reembolsable\u201d antes del pago en el bot\u00f3n Pagar o A\u00f1adir al carrito. En caso de cancelaci\u00f3n entre 72 horas [&hellip;]<\/p>\n","protected":false},"author":1,"featured_media":0,"parent":0,"menu_order":0,"comment_status":"closed","ping_status":"closed","template":"","meta":{"_joinchat":[],"footnotes":""},"class_list":["post-12330","page","type-page","status-publish","hentry"],"yoast_head":"<!-- This site is optimized with the Yoast SEO plugin v25.8 - https:\/\/yoast.com\/wordpress\/plugins\/seo\/ -->\n<title>Pol\u00edtica de reembolso y cancelaci\u00f3n - RENDEZVOUS DUBAI<\/title>\n<meta name=\"description\" content=\"En caso de cancelaci\u00f3n con m\u00e1s de 72 horas de antelaci\u00f3n a la fecha de la actividad elegida: devoluci\u00f3n del 100% excepto aquellas actividades para las que se muestre la menci\u00f3n \u201cActividad no reembolsable\u201d antes del pago en el bot\u00f3n Pagar o A\u00f1adir al carrito.\" \/>\n<meta name=\"robots\" content=\"index, follow, max-snippet:-1, max-image-preview:large, max-video-preview:-1\" \/>\n<link rel=\"canonical\" href=\"https:\/\/rendezvous-dubai.com\/es\/politica-reembolso\/\" \/>\n<meta property=\"og:locale\" content=\"es_ES\" \/>\n<meta property=\"og:type\" content=\"article\" \/>\n<meta property=\"og:title\" content=\"Pol\u00edtica de reembolso y cancelaci\u00f3n - RENDEZVOUS DUBAI\" \/>\n<meta property=\"og:description\" content=\"En caso de cancelaci\u00f3n con m\u00e1s de 72 horas de antelaci\u00f3n a la fecha de la actividad elegida: devoluci\u00f3n del 100% excepto aquellas actividades para las que se muestre la menci\u00f3n \u201cActividad no reembolsable\u201d antes del pago en el bot\u00f3n Pagar o A\u00f1adir al carrito.\" \/>\n<meta property=\"og:url\" content=\"https:\/\/rendezvous-dubai.com\/es\/politica-reembolso\/\" \/>\n<meta property=\"og:site_name\" content=\"RENDEZVOUS DUBAI\" \/>\n<meta property=\"article:publisher\" content=\"https:\/\/www.facebook.com\/rendezvousdubai\" \/>\n<meta property=\"article:modified_time\" content=\"2021-10-10T16:08:43+00:00\" \/>\n<meta name=\"twitter:card\" content=\"summary_large_image\" \/>\n<meta name=\"twitter:label1\" content=\"Est. reading time\" \/>\n\t<meta name=\"twitter:data1\" content=\"3 minutes\" \/>\n<script type=\"application\/ld+json\" class=\"yoast-schema-graph\">{\"@context\":\"https:\/\/schema.org\",\"@graph\":[{\"@type\":\"WebPage\",\"@id\":\"https:\/\/rendezvous-dubai.com\/es\/politica-reembolso\/\",\"url\":\"https:\/\/rendezvous-dubai.com\/es\/politica-reembolso\/\",\"name\":\"Pol\u00edtica de reembolso y cancelaci\u00f3n - RENDEZVOUS DUBAI\",\"isPartOf\":{\"@id\":\"https:\/\/rendezvous-dubai.com\/es\/#website\"},\"datePublished\":\"2021-09-13T14:42:26+00:00\",\"dateModified\":\"2021-10-10T16:08:43+00:00\",\"description\":\"En caso de cancelaci\u00f3n con m\u00e1s de 72 horas de antelaci\u00f3n a la fecha de la actividad elegida: devoluci\u00f3n del 100% excepto aquellas actividades para las que se muestre la menci\u00f3n \u201cActividad no reembolsable\u201d antes del pago en el bot\u00f3n Pagar o A\u00f1adir al carrito.\",\"breadcrumb\":{\"@id\":\"https:\/\/rendezvous-dubai.com\/es\/politica-reembolso\/#breadcrumb\"},\"inLanguage\":\"es-ES\",\"potentialAction\":[{\"@type\":\"ReadAction\",\"target\":[\"https:\/\/rendezvous-dubai.com\/es\/politica-reembolso\/\"]}]},{\"@type\":\"BreadcrumbList\",\"@id\":\"https:\/\/rendezvous-dubai.com\/es\/politica-reembolso\/#breadcrumb\",\"itemListElement\":[{\"@type\":\"ListItem\",\"position\":1,\"name\":\"Home\",\"item\":\"https:\/\/rendezvous-dubai.com\/es\/\"},{\"@type\":\"ListItem\",\"position\":2,\"name\":\"Pol\u00edtica de reembolso y cancelaci\u00f3n\"}]},{\"@type\":\"WebSite\",\"@id\":\"https:\/\/rendezvous-dubai.com\/es\/#website\",\"url\":\"https:\/\/rendezvous-dubai.com\/es\/\",\"name\":\"RENDEZVOUS DUBAI\",\"description\":\"Your Event Organizer\",\"publisher\":{\"@id\":\"https:\/\/rendezvous-dubai.com\/es\/#organization\"},\"potentialAction\":[{\"@type\":\"SearchAction\",\"target\":{\"@type\":\"EntryPoint\",\"urlTemplate\":\"https:\/\/rendezvous-dubai.com\/es\/?s={search_term_string}\"},\"query-input\":{\"@type\":\"PropertyValueSpecification\",\"valueRequired\":true,\"valueName\":\"search_term_string\"}}],\"inLanguage\":\"es-ES\"},{\"@type\":\"Organization\",\"@id\":\"https:\/\/rendezvous-dubai.com\/es\/#organization\",\"name\":\"RENDEZVOUS DUBAI\",\"url\":\"https:\/\/rendezvous-dubai.com\/es\/\",\"logo\":{\"@type\":\"ImageObject\",\"inLanguage\":\"es-ES\",\"@id\":\"https:\/\/rendezvous-dubai.com\/es\/#\/schema\/logo\/image\/\",\"url\":\"https:\/\/i0.wp.com\/rendezvous-dubai.com\/wp-content\/uploads\/2020\/05\/Logo-RDV-Dubai.png?fit=1426%2C1422&ssl=1\",\"contentUrl\":\"https:\/\/i0.wp.com\/rendezvous-dubai.com\/wp-content\/uploads\/2020\/05\/Logo-RDV-Dubai.png?fit=1426%2C1422&ssl=1\",\"width\":1426,\"height\":1422,\"caption\":\"RENDEZVOUS DUBAI\"},\"image\":{\"@id\":\"https:\/\/rendezvous-dubai.com\/es\/#\/schema\/logo\/image\/\"},\"sameAs\":[\"https:\/\/www.facebook.com\/rendezvousdubai\",\"https:\/\/www.instagram.com\/rendezvousdubai\/\",\"https:\/\/www.youtube.com\/@rendezvousdubai\"]}]}<\/script>\n<!-- \/ Yoast SEO plugin. -->","yoast_head_json":{"title":"Pol\u00edtica de reembolso y cancelaci\u00f3n - RENDEZVOUS DUBAI","description":"En caso de cancelaci\u00f3n con m\u00e1s de 72 horas de antelaci\u00f3n a la fecha de la actividad elegida: devoluci\u00f3n del 100% excepto aquellas actividades para las que se muestre la menci\u00f3n \u201cActividad no reembolsable\u201d antes del pago en el bot\u00f3n Pagar o A\u00f1adir al carrito.","robots":{"index":"index","follow":"follow","max-snippet":"max-snippet:-1","max-image-preview":"max-image-preview:large","max-video-preview":"max-video-preview:-1"},"canonical":"https:\/\/rendezvous-dubai.com\/es\/politica-reembolso\/","og_locale":"es_ES","og_type":"article","og_title":"Pol\u00edtica de reembolso y cancelaci\u00f3n - RENDEZVOUS DUBAI","og_description":"En caso de cancelaci\u00f3n con m\u00e1s de 72 horas de antelaci\u00f3n a la fecha de la actividad elegida: devoluci\u00f3n del 100% excepto aquellas actividades para las que se muestre la menci\u00f3n \u201cActividad no reembolsable\u201d antes del pago en el bot\u00f3n Pagar o A\u00f1adir al carrito.","og_url":"https:\/\/rendezvous-dubai.com\/es\/politica-reembolso\/","og_site_name":"RENDEZVOUS DUBAI","article_publisher":"https:\/\/www.facebook.com\/rendezvousdubai","article_modified_time":"2021-10-10T16:08:43+00:00","twitter_card":"summary_large_image","twitter_misc":{"Est. reading time":"3 minutes"},"schema":{"@context":"https:\/\/schema.org","@graph":[{"@type":"WebPage","@id":"https:\/\/rendezvous-dubai.com\/es\/politica-reembolso\/","url":"https:\/\/rendezvous-dubai.com\/es\/politica-reembolso\/","name":"Pol\u00edtica de reembolso y cancelaci\u00f3n - RENDEZVOUS DUBAI","isPartOf":{"@id":"https:\/\/rendezvous-dubai.com\/es\/#website"},"datePublished":"2021-09-13T14:42:26+00:00","dateModified":"2021-10-10T16:08:43+00:00","description":"En caso de cancelaci\u00f3n con m\u00e1s de 72 horas de antelaci\u00f3n a la fecha de la actividad elegida: devoluci\u00f3n del 100% excepto aquellas actividades para las que se muestre la menci\u00f3n \u201cActividad no reembolsable\u201d antes del pago en el bot\u00f3n Pagar o A\u00f1adir al carrito.","breadcrumb":{"@id":"https:\/\/rendezvous-dubai.com\/es\/politica-reembolso\/#breadcrumb"},"inLanguage":"es-ES","potentialAction":[{"@type":"ReadAction","target":["https:\/\/rendezvous-dubai.com\/es\/politica-reembolso\/"]}]},{"@type":"BreadcrumbList","@id":"https:\/\/rendezvous-dubai.com\/es\/politica-reembolso\/#breadcrumb","itemListElement":[{"@type":"ListItem","position":1,"name":"Home","item":"https:\/\/rendezvous-dubai.com\/es\/"},{"@type":"ListItem","position":2,"name":"Pol\u00edtica de reembolso y cancelaci\u00f3n"}]},{"@type":"WebSite","@id":"https:\/\/rendezvous-dubai.com\/es\/#website","url":"https:\/\/rendezvous-dubai.com\/es\/","name":"RENDEZVOUS DUBAI","description":"Your Event Organizer","publisher":{"@id":"https:\/\/rendezvous-dubai.com\/es\/#organization"},"potentialAction":[{"@type":"SearchAction","target":{"@type":"EntryPoint","urlTemplate":"https:\/\/rendezvous-dubai.com\/es\/?s={search_term_string}"},"query-input":{"@type":"PropertyValueSpecification","valueRequired":true,"valueName":"search_term_string"}}],"inLanguage":"es-ES"},{"@type":"Organization","@id":"https:\/\/rendezvous-dubai.com\/es\/#organization","name":"RENDEZVOUS DUBAI","url":"https:\/\/rendezvous-dubai.com\/es\/","logo":{"@type":"ImageObject","inLanguage":"es-ES","@id":"https:\/\/rendezvous-dubai.com\/es\/#\/schema\/logo\/image\/","url":"https:\/\/i0.wp.com\/rendezvous-dubai.com\/wp-content\/uploads\/2020\/05\/Logo-RDV-Dubai.png?fit=1426%2C1422&ssl=1","contentUrl":"https:\/\/i0.wp.com\/rendezvous-dubai.com\/wp-content\/uploads\/2020\/05\/Logo-RDV-Dubai.png?fit=1426%2C1422&ssl=1","width":1426,"height":1422,"caption":"RENDEZVOUS DUBAI"},"image":{"@id":"https:\/\/rendezvous-dubai.com\/es\/#\/schema\/logo\/image\/"},"sameAs":["https:\/\/www.facebook.com\/rendezvousdubai","https:\/\/www.instagram.com\/rendezvousdubai\/","https:\/\/www.youtube.com\/@rendezvousdubai"]}]}},"jetpack_sharing_enabled":true,"_links":{"self":[{"href":"https:\/\/rendezvous-dubai.com\/es\/wp-json\/wp\/v2\/pages\/12330","targetHints":{"allow":["GET"]}}],"collection":[{"href":"https:\/\/rendezvous-dubai.com\/es\/wp-json\/wp\/v2\/pages"}],"about":[{"href":"https:\/\/rendezvous-dubai.com\/es\/wp-json\/wp\/v2\/types\/page"}],"author":[{"embeddable":true,"href":"https:\/\/rendezvous-dubai.com\/es\/wp-json\/wp\/v2\/users\/1"}],"replies":[{"embeddable":true,"href":"https:\/\/rendezvous-dubai.com\/es\/wp-json\/wp\/v2\/comments?post=12330"}],"version-history":[{"count":0,"href":"https:\/\/rendezvous-dubai.com\/es\/wp-json\/wp\/v2\/pages\/12330\/revisions"}],"wp:attachment":[{"href":"https:\/\/rendezvous-dubai.com\/es\/wp-json\/wp\/v2\/media?parent=12330"}],"curies":[{"name":"wp","href":"https:\/\/api.w.org\/{rel}","templated":true}]}}