{"id":12313,"date":"2021-09-13T18:17:42","date_gmt":"2021-09-13T14:17:42","guid":{"rendered":"https:\/\/rendezvousdubai.com\/terminos-y-condiciones\/"},"modified":"2021-10-10T20:11:07","modified_gmt":"2021-10-10T16:11:07","slug":"terminos-y-condiciones","status":"publish","type":"page","link":"https:\/\/rendezvous-dubai.com\/es\/terminos-y-condiciones\/","title":{"rendered":"T\u00e9rminos y condiciones"},"content":{"rendered":"\r\n<p>&nbsp;<\/p>\r\n<h2>AVISO LEGAL<\/h2>\r\n<p>De acuerdo con lo dispuesto en los art\u00edculos 6-III y 19 de la Ley n \u00b0 2004-575 de 21 de junio de 2004 de Confianza en la Econom\u00eda Digital, conocida como L.C.E.N., los usuarios y visitantes del sitio web de RENDEZVOUS DUBAI est\u00e1n informados del presente aviso legal.<\/p>\r\n<p>Se puede acceder al sitio web de RENDEZVOUS DUBAI en la siguiente direcci\u00f3n: https:\/\/rendezvousdubai.com (en lo sucesivo, &#8220;el Sitio&#8221;). El acceso y uso del Sitio est\u00e1n sujetos al presente \u201cAviso legal\u201d que se detalla a continuaci\u00f3n, as\u00ed como a las leyes y \/ o regulaciones aplicables.<\/p>\r\n<p>La conexi\u00f3n, uso y acceso a este Sitio implican la aceptaci\u00f3n plena y sin reservas por parte del usuario de Internet de todas las disposiciones de estos Avisos Legales.<\/p>\r\n<p>&nbsp;<\/p>\r\n<h2>INFORMACI\u00d3N LEGAL<\/h2>\r\n<p>De conformidad con el art\u00edculo 6 de la Ley No. 2004-575 de 21 de junio de 2004 de confianza en la econom\u00eda digital, este art\u00edculo especifica la identidad de los distintos actores en el contexto de su implementaci\u00f3n y seguimiento.<\/p>\r\n<p>El sitio web de RENDEZVOUS DUBAI tiene su domicilio social en la siguiente direcci\u00f3n: Business Center SPC UAE, y est\u00e1 registrado en el siguiente n\u00famero: 300725.<\/p>\r\n<p>Direcci\u00f3n de correo electr\u00f3nico: contact@rendezvousdubai.com<\/p>\r\n<p>El sitio web de RENDEZVOUS DUBAI est\u00e1 alojado en OVH SAS, cuya oficina central se encuentra en la siguiente direcci\u00f3n: 2 rue Kellermann &#8211; 59100 Roubaix.<\/p>\r\n<p>Se consideran usuarios todos los usuarios de Internet que navegan, leen, visualizan y utilizan el sitio RENDEZVOUS DUBAI.<\/p>\r\n<p>&nbsp;<\/p>\r\n<h2>ACCESIBILIDAD<\/h2>\r\n<p>Se consideran usuarios todos los usuarios de Internet que navegan, leen, visualizan y utilizan el sitio RENDEZVOUS DUBAI.<\/p>\r\n<p>Si el acceso al Sitio no es posible, el Sitio se compromete a hacer todo lo posible para restaurar el acceso. El Sitio no se hace responsable de ning\u00fan da\u00f1o, cualquiera que sea su naturaleza, que resulte de su indisponibilidad.<\/p>\r\n<p>&nbsp;<\/p>\r\n<h2>INFORMACI\u00d3N PERSONAL<\/h2>\r\n<p>Se informa al Cliente de la normativa relativa a la comunicaci\u00f3n de marketing, la ley de 21 de junio de 2014 de confianza en la Econom\u00eda Digital, la Ley de Protecci\u00f3n de Datos del 06 de agosto de 2004 as\u00ed como el Reglamento General de Protecci\u00f3n de Datos (RGPD: n \u00b0 2016-679 ).<\/p>\r\n<h5><strong>RESPONSABLE DE LA RECOPILACI\u00d3N DE DATOS PERSONALES<\/strong><\/h5>\r\n<p>Como responsable del tratamiento de los datos que recaba, RENDEZVOUS DUBAI se compromete a respetar el marco de las disposiciones legales vigentes. En particular, corresponde al Cliente establecer los prop\u00f3sitos de su procesamiento de datos, proporcionar a sus clientes potenciales y clientes, a partir de la recopilaci\u00f3n de sus consentimientos, una informaci\u00f3n completa sobre el procesamiento de sus datos personales y mantener un registro del procesamiento en conformidad con la realidad.<\/p>\r\n<p>Siempre que RENDEZVOUS DUBAI procesa Datos personales, RENDEZVOUS DUBAI toma todas las medidas razonables para garantizar que los Datos personales sean precisos y relevantes para los fines para los que RENDEZVOUS DUBAI los procesa.<\/p>\r\n<h5>FINALIDAD DE LOS DATOS RECOPILADOS<\/h5>\r\n<p>Es probable que RENDEZVOUS DUBAI procese todos o parte de los datos:<\/p>\r\n<ul>\r\n<li>para permitir la navegaci\u00f3n en el Sitio y la gesti\u00f3n y trazabilidad de los servicios solicitados por el usuario: datos de conexi\u00f3n y uso del Sitio, facturaci\u00f3n, historial de pedidos, etc.<\/li>\r\n<li>para prevenir y luchar contra el fraude inform\u00e1tico (spam, pirater\u00eda &#8230;): hardware utilizado para la navegaci\u00f3n, direcci\u00f3n IP, contrase\u00f1a (hash);<\/li>\r\n<li>para mejorar la navegaci\u00f3n en el Sitio: datos de conexi\u00f3n y uso;<\/li>\r\n<li>para realizar encuestas de satisfacci\u00f3n opcionales en la direcci\u00f3n de correo electr\u00f3nico;<\/li>\r\n<li>y para realizar campa\u00f1as de comunicaci\u00f3n (sms, email): n\u00famero de tel\u00e9fono, direcci\u00f3n de correo electr\u00f3nico.<\/li>\r\n<\/ul>\r\n<p>RENDEZVOUS DUBAI no comercializa sus datos personales, por lo que solo se utilizan por necesidad o con fines estad\u00edsticos y anal\u00edticos.<\/p>\r\n<h5>DERECHO DE ACCESO, RECTIFICACI\u00d3N Y OPOSICI\u00d3N<\/h5>\r\n<p>De acuerdo con la normativa europea vigente, los Usuarios de RENDEZVOUS DUBAI tienen los siguientes derechos:<\/p>\r\n<ul>\r\n<li>derecho de acceso (art\u00edculo 15 RGPD) y rectificaci\u00f3n (art\u00edculo 16 RGPD), actualizaci\u00f3n, integridad de los datos de los Usuarios derecho de bloqueo o supresi\u00f3n de los datos personales de los Usuarios (art\u00edculo 17 RGPD), cuando sean inexactos, incompletos, ambiguos, desactualizados, o cuya recopilaci\u00f3n, uso, comunicaci\u00f3n o almacenamiento est\u00e9 prohibido;<\/li>\r\n<li>derecho a retirar el consentimiento en cualquier momento (art\u00edculo 13-2c GDPCR);<\/li>\r\n<li>derecho a limitar el procesamiento de los datos de los Usuarios (art\u00edculo 18 RGPD);<\/li>\r\n<li>derecho a oponerse al tratamiento de los datos de los Usuarios (art\u00edculo 21 RGPD);<\/li>\r\n<li>el derecho a la portabilidad de los datos facilitados por los Usuarios, cuando estos datos sean objeto de tratamiento automatizado en base a su consentimiento o en un contrato (art\u00edculo 20 RGPD);<\/li>\r\n<li>y el derecho a definir el destino de los datos de los Usuarios tras su fallecimiento y a elegir a qui\u00e9n tendr\u00e1 que comunicar (o no) RENDEZVOUS DUBAI sus datos a un tercero que previamente habr\u00e1 designado.<\/li>\r\n<\/ul>\r\n<p>Tan pronto como RENDEZVOUS DUBAI tenga conocimiento de la muerte de un Usuario y en ausencia de instrucciones de \u00e9l, RENDEZVOUS DUBAI se compromete a destruir sus datos, salvo que su conservaci\u00f3n sea necesaria a efectos probatorios o para cumplir con una obligaci\u00f3n legal.<\/p>\r\n<p>Las solicitudes de eliminaci\u00f3n de Datos Personales estar\u00e1n sujetas a las obligaciones impuestas a RENDEZVOUS DUBAI por ley, en particular con respecto a la conservaci\u00f3n o archivo de documentos.<\/p>\r\n<h5>NO DIVULGACI\u00d3N DE DATOS PERSONALES<\/h5>\r\n<p>RENDEZVOUS DUBAI tiene prohibido procesar, alojar o transferir la Informaci\u00f3n recopilada sobre sus Clientes a un pa\u00eds fuera o reconocido como &#8220;inadecuado&#8221; sin previo aviso al Cliente. No obstante, RENDEZVOUS DUBAI sigue siendo libre de elegir a sus subcontratistas t\u00e9cnicos y comerciales siempre que presenten garant\u00edas suficientes con respecto a los requisitos del Reglamento General de Protecci\u00f3n de Datos (RGPD: n \u00b0 2016-679).<\/p>\r\n<p>RENDEZVOUS DUBAI se compromete a tomar todas las precauciones necesarias para preservar la seguridad de la Informaci\u00f3n y, en particular, que no se comunique a personas no autorizadas. Sin embargo, si se informa a RENDEZVOUS DUBAI de un incidente que afecte la integridad o la confidencialidad de la Informaci\u00f3n del Cliente, RENDEZVOUS DUBAI informar\u00e1 al Cliente lo antes posible y comunicar\u00e1 las medidas correctivas adoptadas. Adem\u00e1s, RENDEZVOUS DUBAI no recopila ning\u00fan &#8220;dato sensible&#8221;.<\/p>\r\n<p>Los Datos Personales del Usuario pueden ser procesados por las subsidiarias y subcontratistas (proveedores de servicios) de RENDEZVOUS DUBAI, exclusivamente para lograr los prop\u00f3sitos de esta pol\u00edtica.<\/p>\r\n<p>Dentro de los l\u00edmites de sus respectivas atribuciones y para las finalidades antes mencionadas, las principales personas susceptibles de tener acceso a los datos de los Usuarios de RENDEZVOUS DUBAI son principalmente los agentes de nuestro servicio de atenci\u00f3n al cliente.<\/p>\r\n<h5>TIPOS DE DATOS RECOPILADOS<\/h5>\r\n<p>En cuanto a los usuarios del sitio RENDEZVOUS DUBAI, recopilamos los siguientes datos que son esenciales para el funcionamiento del servicio, y que se conservar\u00e1n durante un per\u00edodo m\u00e1ximo de 24 meses despu\u00e9s de la finalizaci\u00f3n de la relaci\u00f3n contractual:<\/p>\r\n<p>Registro: nombre, direcci\u00f3n, tel\u00e9fono de contacto, correo electr\u00f3nico, contrase\u00f1a<\/p>\r\n<p>Los datos de pago son gestionados por nuestro socio externo seguro.<\/p>\r\n<p>RENDEZVOUS DUBAI tambi\u00e9n recopila informaci\u00f3n que ayuda a mejorar la experiencia del usuario y brinda consejos contextualizados: IP, dispositivo, navegador.<\/p>\r\n<p>Estos datos se conservan durante un per\u00edodo m\u00e1ximo de 24 meses a partir de la finalizaci\u00f3n de la relaci\u00f3n contractual.<\/p>\r\n<p>&nbsp;<\/p>\r\n<h2><span class=\"tab-title\">POL\u00cdTICA DE COOKIES<\/span><\/h2>\r\n<p>El sitio web de RENDEZVOUS DUBAI puede utilizar t\u00e9cnicas de &#8220;cookies&#8221; para procesar estad\u00edsticas e informaci\u00f3n de tr\u00e1fico, para facilitar la navegaci\u00f3n y mejorar el servicio para la comodidad del Usuario.<\/p>\r\n<p>De acuerdo con la legislaci\u00f3n europea, el sitio web de RENDEZVOUS DUBAI ha actualizado su pol\u00edtica de privacidad en materia de cookies. El Usuario es libre de aceptar o rechazar las cookies de todos los sitios web modificando los par\u00e1metros de su navegador web.<\/p>\r\n<p>&nbsp;<\/p>\r\n<h2>LEY APLICABLE Y JURISDICCI\u00d3N<\/h2>\r\n<p>Este Aviso Legal se regir\u00e1 por las leyes de los Emiratos \u00c1rabes Unidos. En caso de disputa y en ausencia de un acuerdo amistoso, la disputa se llevar\u00e1 ante los tribunales emirat\u00edes &#8211; Tribunal DIFC de acuerdo con las reglas de jurisdicci\u00f3n vigentes.<\/p>\r\n<p>\r\n\r\n<\/p>\r\n<p>&nbsp;<\/p>\r\n<h2>NECESITAS AYUDA ?<\/h2>\r\n<p>\r\n\r\n<\/p>\r\n<p>Cont\u00e1ctenos en contact@rendezvousdubai.com si tiene preguntas.<\/p>\r\n<p><\/p>","protected":false},"excerpt":{"rendered":"<p>&nbsp; AVISO LEGAL De acuerdo con lo dispuesto en los art\u00edculos 6-III y 19 de la Ley n \u00b0 2004-575 de 21 de junio de 2004 de Confianza en la Econom\u00eda Digital, conocida como L.C.E.N., los usuarios y visitantes del sitio web de RENDEZVOUS DUBAI est\u00e1n informados del presente aviso legal. Se puede acceder al [&hellip;]<\/p>\n","protected":false},"author":1,"featured_media":0,"parent":0,"menu_order":0,"comment_status":"closed","ping_status":"closed","template":"","meta":{"_joinchat":[],"footnotes":""},"class_list":["post-12313","page","type-page","status-publish","hentry"],"yoast_head":"<!-- This site is optimized with the Yoast SEO plugin v25.8 - https:\/\/yoast.com\/wordpress\/plugins\/seo\/ -->\n<title>T\u00e9rminos y condiciones - RENDEZVOUS DUBAI<\/title>\n<meta name=\"description\" content=\"Se puede acceder al sitio web de RENDEZVOUS DUBAI en la siguiente direcci\u00f3n: https:\/\/rendezvousdubai.com (en lo sucesivo, \u00abel Sitio\u00bb). El acceso y uso del Sitio est\u00e1n sujetos al presente \u201cAviso legal\u201d que se detalla a continuaci\u00f3n, as\u00ed como a las leyes y \/ o regulaciones aplicables.\" \/>\n<meta name=\"robots\" content=\"index, follow, max-snippet:-1, max-image-preview:large, max-video-preview:-1\" \/>\n<link rel=\"canonical\" href=\"https:\/\/rendezvous-dubai.com\/es\/terminos-y-condiciones\/\" \/>\n<meta property=\"og:locale\" content=\"es_ES\" \/>\n<meta property=\"og:type\" content=\"article\" \/>\n<meta property=\"og:title\" content=\"T\u00e9rminos y condiciones - RENDEZVOUS DUBAI\" \/>\n<meta property=\"og:description\" content=\"Se puede acceder al sitio web de RENDEZVOUS DUBAI en la siguiente direcci\u00f3n: https:\/\/rendezvousdubai.com (en lo sucesivo, \u00abel Sitio\u00bb). El acceso y uso del Sitio est\u00e1n sujetos al presente \u201cAviso legal\u201d que se detalla a continuaci\u00f3n, as\u00ed como a las leyes y \/ o regulaciones aplicables.\" \/>\n<meta property=\"og:url\" content=\"https:\/\/rendezvous-dubai.com\/es\/terminos-y-condiciones\/\" \/>\n<meta property=\"og:site_name\" content=\"RENDEZVOUS DUBAI\" \/>\n<meta property=\"article:publisher\" content=\"https:\/\/www.facebook.com\/rendezvousdubai\" \/>\n<meta property=\"article:modified_time\" content=\"2021-10-10T16:11:07+00:00\" \/>\n<meta name=\"twitter:card\" content=\"summary_large_image\" \/>\n<meta name=\"twitter:label1\" content=\"Est. reading time\" \/>\n\t<meta name=\"twitter:data1\" content=\"7 minutes\" \/>\n<script type=\"application\/ld+json\" class=\"yoast-schema-graph\">{\"@context\":\"https:\/\/schema.org\",\"@graph\":[{\"@type\":\"WebPage\",\"@id\":\"https:\/\/rendezvous-dubai.com\/es\/terminos-y-condiciones\/\",\"url\":\"https:\/\/rendezvous-dubai.com\/es\/terminos-y-condiciones\/\",\"name\":\"T\u00e9rminos y condiciones - RENDEZVOUS DUBAI\",\"isPartOf\":{\"@id\":\"https:\/\/rendezvous-dubai.com\/es\/#website\"},\"datePublished\":\"2021-09-13T14:17:42+00:00\",\"dateModified\":\"2021-10-10T16:11:07+00:00\",\"description\":\"Se puede acceder al sitio web de RENDEZVOUS DUBAI en la siguiente direcci\u00f3n: https:\/\/rendezvousdubai.com (en lo sucesivo, \u00abel Sitio\u00bb). El acceso y uso del Sitio est\u00e1n sujetos al presente \u201cAviso legal\u201d que se detalla a continuaci\u00f3n, as\u00ed como a las leyes y \/ o regulaciones aplicables.\",\"breadcrumb\":{\"@id\":\"https:\/\/rendezvous-dubai.com\/es\/terminos-y-condiciones\/#breadcrumb\"},\"inLanguage\":\"es-ES\",\"potentialAction\":[{\"@type\":\"ReadAction\",\"target\":[\"https:\/\/rendezvous-dubai.com\/es\/terminos-y-condiciones\/\"]}]},{\"@type\":\"BreadcrumbList\",\"@id\":\"https:\/\/rendezvous-dubai.com\/es\/terminos-y-condiciones\/#breadcrumb\",\"itemListElement\":[{\"@type\":\"ListItem\",\"position\":1,\"name\":\"Home\",\"item\":\"https:\/\/rendezvous-dubai.com\/es\/\"},{\"@type\":\"ListItem\",\"position\":2,\"name\":\"T\u00e9rminos y condiciones\"}]},{\"@type\":\"WebSite\",\"@id\":\"https:\/\/rendezvous-dubai.com\/es\/#website\",\"url\":\"https:\/\/rendezvous-dubai.com\/es\/\",\"name\":\"RENDEZVOUS DUBAI\",\"description\":\"Your Event Organizer\",\"publisher\":{\"@id\":\"https:\/\/rendezvous-dubai.com\/es\/#organization\"},\"potentialAction\":[{\"@type\":\"SearchAction\",\"target\":{\"@type\":\"EntryPoint\",\"urlTemplate\":\"https:\/\/rendezvous-dubai.com\/es\/?s={search_term_string}\"},\"query-input\":{\"@type\":\"PropertyValueSpecification\",\"valueRequired\":true,\"valueName\":\"search_term_string\"}}],\"inLanguage\":\"es-ES\"},{\"@type\":\"Organization\",\"@id\":\"https:\/\/rendezvous-dubai.com\/es\/#organization\",\"name\":\"RENDEZVOUS DUBAI\",\"url\":\"https:\/\/rendezvous-dubai.com\/es\/\",\"logo\":{\"@type\":\"ImageObject\",\"inLanguage\":\"es-ES\",\"@id\":\"https:\/\/rendezvous-dubai.com\/es\/#\/schema\/logo\/image\/\",\"url\":\"https:\/\/i0.wp.com\/rendezvous-dubai.com\/wp-content\/uploads\/2020\/05\/Logo-RDV-Dubai.png?fit=1426%2C1422&ssl=1\",\"contentUrl\":\"https:\/\/i0.wp.com\/rendezvous-dubai.com\/wp-content\/uploads\/2020\/05\/Logo-RDV-Dubai.png?fit=1426%2C1422&ssl=1\",\"width\":1426,\"height\":1422,\"caption\":\"RENDEZVOUS DUBAI\"},\"image\":{\"@id\":\"https:\/\/rendezvous-dubai.com\/es\/#\/schema\/logo\/image\/\"},\"sameAs\":[\"https:\/\/www.facebook.com\/rendezvousdubai\",\"https:\/\/www.instagram.com\/rendezvousdubai\/\",\"https:\/\/www.youtube.com\/@rendezvousdubai\"]}]}<\/script>\n<!-- \/ Yoast SEO plugin. -->","yoast_head_json":{"title":"T\u00e9rminos y condiciones - RENDEZVOUS DUBAI","description":"Se puede acceder al sitio web de RENDEZVOUS DUBAI en la siguiente direcci\u00f3n: https:\/\/rendezvousdubai.com (en lo sucesivo, \u00abel Sitio\u00bb). El acceso y uso del Sitio est\u00e1n sujetos al presente \u201cAviso legal\u201d que se detalla a continuaci\u00f3n, as\u00ed como a las leyes y \/ o regulaciones aplicables.","robots":{"index":"index","follow":"follow","max-snippet":"max-snippet:-1","max-image-preview":"max-image-preview:large","max-video-preview":"max-video-preview:-1"},"canonical":"https:\/\/rendezvous-dubai.com\/es\/terminos-y-condiciones\/","og_locale":"es_ES","og_type":"article","og_title":"T\u00e9rminos y condiciones - RENDEZVOUS DUBAI","og_description":"Se puede acceder al sitio web de RENDEZVOUS DUBAI en la siguiente direcci\u00f3n: https:\/\/rendezvousdubai.com (en lo sucesivo, \u00abel Sitio\u00bb). El acceso y uso del Sitio est\u00e1n sujetos al presente \u201cAviso legal\u201d que se detalla a continuaci\u00f3n, as\u00ed como a las leyes y \/ o regulaciones aplicables.","og_url":"https:\/\/rendezvous-dubai.com\/es\/terminos-y-condiciones\/","og_site_name":"RENDEZVOUS DUBAI","article_publisher":"https:\/\/www.facebook.com\/rendezvousdubai","article_modified_time":"2021-10-10T16:11:07+00:00","twitter_card":"summary_large_image","twitter_misc":{"Est. reading time":"7 minutes"},"schema":{"@context":"https:\/\/schema.org","@graph":[{"@type":"WebPage","@id":"https:\/\/rendezvous-dubai.com\/es\/terminos-y-condiciones\/","url":"https:\/\/rendezvous-dubai.com\/es\/terminos-y-condiciones\/","name":"T\u00e9rminos y condiciones - RENDEZVOUS DUBAI","isPartOf":{"@id":"https:\/\/rendezvous-dubai.com\/es\/#website"},"datePublished":"2021-09-13T14:17:42+00:00","dateModified":"2021-10-10T16:11:07+00:00","description":"Se puede acceder al sitio web de RENDEZVOUS DUBAI en la siguiente direcci\u00f3n: https:\/\/rendezvousdubai.com (en lo sucesivo, \u00abel Sitio\u00bb). El acceso y uso del Sitio est\u00e1n sujetos al presente \u201cAviso legal\u201d que se detalla a continuaci\u00f3n, as\u00ed como a las leyes y \/ o regulaciones aplicables.","breadcrumb":{"@id":"https:\/\/rendezvous-dubai.com\/es\/terminos-y-condiciones\/#breadcrumb"},"inLanguage":"es-ES","potentialAction":[{"@type":"ReadAction","target":["https:\/\/rendezvous-dubai.com\/es\/terminos-y-condiciones\/"]}]},{"@type":"BreadcrumbList","@id":"https:\/\/rendezvous-dubai.com\/es\/terminos-y-condiciones\/#breadcrumb","itemListElement":[{"@type":"ListItem","position":1,"name":"Home","item":"https:\/\/rendezvous-dubai.com\/es\/"},{"@type":"ListItem","position":2,"name":"T\u00e9rminos y condiciones"}]},{"@type":"WebSite","@id":"https:\/\/rendezvous-dubai.com\/es\/#website","url":"https:\/\/rendezvous-dubai.com\/es\/","name":"RENDEZVOUS DUBAI","description":"Your Event Organizer","publisher":{"@id":"https:\/\/rendezvous-dubai.com\/es\/#organization"},"potentialAction":[{"@type":"SearchAction","target":{"@type":"EntryPoint","urlTemplate":"https:\/\/rendezvous-dubai.com\/es\/?s={search_term_string}"},"query-input":{"@type":"PropertyValueSpecification","valueRequired":true,"valueName":"search_term_string"}}],"inLanguage":"es-ES"},{"@type":"Organization","@id":"https:\/\/rendezvous-dubai.com\/es\/#organization","name":"RENDEZVOUS DUBAI","url":"https:\/\/rendezvous-dubai.com\/es\/","logo":{"@type":"ImageObject","inLanguage":"es-ES","@id":"https:\/\/rendezvous-dubai.com\/es\/#\/schema\/logo\/image\/","url":"https:\/\/i0.wp.com\/rendezvous-dubai.com\/wp-content\/uploads\/2020\/05\/Logo-RDV-Dubai.png?fit=1426%2C1422&ssl=1","contentUrl":"https:\/\/i0.wp.com\/rendezvous-dubai.com\/wp-content\/uploads\/2020\/05\/Logo-RDV-Dubai.png?fit=1426%2C1422&ssl=1","width":1426,"height":1422,"caption":"RENDEZVOUS DUBAI"},"image":{"@id":"https:\/\/rendezvous-dubai.com\/es\/#\/schema\/logo\/image\/"},"sameAs":["https:\/\/www.facebook.com\/rendezvousdubai","https:\/\/www.instagram.com\/rendezvousdubai\/","https:\/\/www.youtube.com\/@rendezvousdubai"]}]}},"jetpack_sharing_enabled":true,"_links":{"self":[{"href":"https:\/\/rendezvous-dubai.com\/es\/wp-json\/wp\/v2\/pages\/12313","targetHints":{"allow":["GET"]}}],"collection":[{"href":"https:\/\/rendezvous-dubai.com\/es\/wp-json\/wp\/v2\/pages"}],"about":[{"href":"https:\/\/rendezvous-dubai.com\/es\/wp-json\/wp\/v2\/types\/page"}],"author":[{"embeddable":true,"href":"https:\/\/rendezvous-dubai.com\/es\/wp-json\/wp\/v2\/users\/1"}],"replies":[{"embeddable":true,"href":"https:\/\/rendezvous-dubai.com\/es\/wp-json\/wp\/v2\/comments?post=12313"}],"version-history":[{"count":0,"href":"https:\/\/rendezvous-dubai.com\/es\/wp-json\/wp\/v2\/pages\/12313\/revisions"}],"wp:attachment":[{"href":"https:\/\/rendezvous-dubai.com\/es\/wp-json\/wp\/v2\/media?parent=12313"}],"curies":[{"name":"wp","href":"https:\/\/api.w.org\/{rel}","templated":true}]}}